{"id":18882,"date":"2022-04-21T20:43:33","date_gmt":"2022-04-21T17:43:33","guid":{"rendered":"https:\/\/sachviet.eu\/shop\/kon-va-aki\/"},"modified":"2025-04-24T12:28:53","modified_gmt":"2025-04-24T09:28:53","slug":"kon-va-aki","status":"publish","type":"product","link":"https:\/\/sachviet.eu\/en\/shop\/kon-va-aki\/","title":{"rendered":"Kon V\u00e0 Aki"},"content":{"rendered":"<p>Cu\u1ed1n ehon Nh\u1eadt B\u1ea3n Kon v\u00e0 Aki c\u1ee7a t\u00e1c gi\u1ea3 Hayashi Akiko k\u1ec3 v\u1ec1 t\u00ecnh b\u1ea1n c\u1ee7a ch\u00fa c\u00e1o b\u1eb1ng b\u00f4ng t\u00ean l\u00e0 Kon v\u1edbi ng\u01b0\u1eddi b\u1ea1n nh\u1ecf c\u1ee7a m\u00ecnh.<\/p>\n<p>Kon \u0111\u01b0\u1ee3c b\u00e0 g\u1eedi t\u1eeb th\u1ecb tr\u1ea5n C\u1ed3n C\u00e1t \u0111\u1ebfn l\u00e0m b\u1ea1n v\u1edbi em b\u00e9 m\u1edbi sinh t\u00ean l\u00e0 Aki. Ng\u00e0y qua ng\u00e0y, khi Aki ng\u00e0y m\u1ed9t l\u1edbn l\u00ean th\u00ec Kon c\u0169ng d\u1ea7n d\u1ea7n tr\u1edf n\u00ean c\u0169 k\u0129. Th\u1ebf r\u1ed3i, v\u00e0o m\u1ed9t ng\u00e0y n\u1ecd, c\u00e1nh tay c\u1ee7a Kon b\u1ecb b\u1ee5c ch\u1ec9. Kon \u0111\u00e3 quy\u1ebft \u0111\u1ecbnh tr\u1edf v\u1ec1 v\u1edbi b\u00e0 \u0111\u1ec3 nh\u1edd b\u00e0 s\u1eeda l\u1ea1i. V\u00e0 hai b\u1ea1n \u0111\u00e3 quy\u1ebft \u0111\u1ecbnh m\u1ed9t chuy\u1ebfn \u0111i \u0111\u1ebfn nh\u00e0 c\u1ee7a b\u00e0, nh\u1edd b\u00e0 s\u1eeda l\u1ea1i Kon. \u0110\u1ed1i v\u1edbi Kon v\u00e0 Aki th\u00ec \u0111\u00e2y l\u00e0 m\u1ed9t chuy\u1ebfn \u0111i v\u1edbi nhi\u1ec1u th\u1eed th\u00e1ch v\u00e0 g\u1eb7p kh\u00f4ng \u00edt nh\u1eefng hi\u1ec3m nguy, li\u1ec7u cu\u1ed1i c\u00f9ng hai b\u1ea1n nh\u1ecf c\u00f3 t\u00ecm \u0111\u01b0\u1ee3c \u0111\u1ebfn nh\u00e0 b\u00e0 v\u00e0 Kon c\u00f3 \u0111\u01b0\u1ee3c s\u1eeda l\u1ea1i hay kh\u00f4ng? C\u00e1c b\u00e9 h\u00e3y c\u00f9ng d\u00f5i theo c\u00e2u chuy\u1ec7n c\u1ee7a Kon v\u00e0 Aki nh\u00e9.<\/p>\n","protected":false},"excerpt":{"rendered":"<p>Cu\u1ed1n ehon Nh\u1eadt B\u1ea3n Kon v\u00e0 Aki c\u1ee7a t\u00e1c gi\u1ea3 Hayashi Akiko k\u1ec3 v\u1ec1 t\u00ecnh b\u1ea1n c\u1ee7a ch\u00fa c\u00e1o b\u1eb1ng b\u00f4ng t\u00ean l\u00e0 Kon v\u1edbi ng\u01b0\u1eddi b\u1ea1n nh\u1ecf c\u1ee7a m\u00ecnh.<\/p>\n<p>Kon \u0111\u01b0\u1ee3c b\u00e0 g\u1eedi t\u1eeb th\u1ecb tr\u1ea5n C\u1ed3n C\u00e1t \u0111\u1ebfn l\u00e0m b\u1ea1n v\u1edbi em b\u00e9 m\u1edbi sinh t\u00ean l\u00e0 Aki. Ng\u00e0y qua ng\u00e0y, khi Aki ng\u00e0y m\u1ed9t l\u1edbn l\u00ean th\u00ec Kon c\u0169ng d\u1ea7n d\u1ea7n tr\u1edf n\u00ean c\u0169 k\u0129. Th\u1ebf r\u1ed3i, v\u00e0o m\u1ed9t ng\u00e0y n\u1ecd, c\u00e1nh tay c\u1ee7a Kon b\u1ecb b\u1ee5c ch\u1ec9. Kon \u0111\u00e3 quy\u1ebft \u0111\u1ecbnh tr\u1edf v\u1ec1 v\u1edbi b\u00e0 \u0111\u1ec3 nh\u1edd b\u00e0 s\u1eeda l\u1ea1i. V\u00e0 hai b\u1ea1n \u0111\u00e3 quy\u1ebft \u0111\u1ecbnh m\u1ed9t chuy\u1ebfn \u0111i \u0111\u1ebfn nh\u00e0 c\u1ee7a b\u00e0, nh\u1edd b\u00e0 s\u1eeda l\u1ea1i Kon. \u0110\u1ed1i v\u1edbi Kon v\u00e0 Aki th\u00ec \u0111\u00e2y l\u00e0 m\u1ed9t chuy\u1ebfn \u0111i v\u1edbi nhi\u1ec1u th\u1eed th\u00e1ch v\u00e0 g\u1eb7p kh\u00f4ng \u00edt nh\u1eefng hi\u1ec3m nguy, li\u1ec7u cu\u1ed1i c\u00f9ng hai b\u1ea1n nh\u1ecf c\u00f3 t\u00ecm \u0111\u01b0\u1ee3c \u0111\u1ebfn nh\u00e0 b\u00e0 v\u00e0 Kon c\u00f3 \u0111\u01b0\u1ee3c s\u1eeda l\u1ea1i hay kh\u00f4ng? C\u00e1c b\u00e9 h\u00e3y c\u00f9ng d\u00f5i theo c\u00e2u chuy\u1ec7n c\u1ee7a Kon v\u00e0 Aki nh\u00e9.<\/p>\n","protected":false},"featured_media":18881,"template":"","meta":{"_acf_changed":false},"product_brand":[],"product_cat":[24,25,17],"product_tag":[],"class_list":{"0":"post-18882","1":"product","2":"type-product","3":"status-publish","4":"has-post-thumbnail","6":"product_cat-nha-tre-mau-giao-0-tuoi-6-tuoi","7":"product_cat-nhi-dong-6-tuoi-12-tuoi","8":"product_cat-sach-danh-cho-cac-be","10":"first","11":"instock","12":"taxable","13":"shipping-taxable","14":"purchasable","15":"product-type-simple"},"supplier_id":null,"supplier_sku":"","barcode":null,"atum_controlled":true,"out_stock_date":null,"out_stock_threshold":null,"inheritable":false,"inbound_stock":0,"stock_on_hold":0,"sold_today":0,"sales_last_days":0,"reserved_stock":0,"customer_returns":0,"warehouse_damage":0,"lost_in_post":0,"other_logs":0,"out_stock_days":0,"lost_sales":0,"has_location":false,"update_date":"2026-01-28T23:11:28","atum_locations":[],"atum_stock_status":"instock","restock_status":false,"low_stock_amount":"","sales_update_date":"2026-01-28T23:11:28","calc_backorders":null,"acf":{"publisher":{"ID":1453,"post_author":"1","post_date":"2021-02-17 01:11:32","post_date_gmt":"2021-02-16 23:11:32","post_content":"<!-- wp:flatsome\/uxbuilder -->\n<h1 style=\"text-align: center;\"><strong>Qu\u1ea3ng V\u0103n<\/strong><\/h1>\n[row]\n\n[col span=\"6\" span__sm=\"12\"]\n\n[ux_image id=\"1552\" image_size=\"medium\"]\n\n\n[\/col]\n[col span=\"6\" span__sm=\"12\"]\n\n<p><strong>Quangvanbooks<\/strong><br \/>Qu\u1ea3ng V\u0103n l\u00e0 t\u1ed5 h\u1ee3p xu\u1ea5t b\u1ea3n, gi\u00e1o d\u1ee5c v\u00e0 nh\u01b0\u1ee3ng quy\u1ec1n h\u00e0ng \u0111\u1ea7u trong ng\u00e0nh c\u00f4ng nghi\u1ec7p s\u00e1ng t\u1ea1o v\u1edbi c\u00e1c th\u01b0\u01a1ng hi\u1ec7u nh\u00e1nh:<\/p>\n<p>Quangvanbooks - Th\u01b0\u01a1ng hi\u1ec7u s\u00e1ch v\u0103n h\u00f3a gi\u00e1o d\u1ee5c v\u00e0 v\u0103n h\u00f3a gi\u1ea3i tr\u00ed<br \/>Ehomebooks - Th\u01b0\u01a1ng hi\u1ec7u s\u00e1ch gi\u00e1o d\u1ee5c gia \u0111\u00ecnh<br \/>Sakurabooks - Th\u01b0\u01a1ng hi\u1ec7u s\u00e1ch Nh\u1eadt B\u1ea3n<br \/>IPERbooks - Th\u01b0\u01a1ng hi\u1ec7u s\u00e1ch gi\u00e1o d\u1ee5c nh\u00e0 tr\u01b0\u1eddng<br \/>IPER - Vi\u1ec7n nghi\u00ean c\u1ee9u xu\u1ea5t b\u1ea3n v\u00e0 gi\u00e1o d\u1ee5c IPER<\/p>\n<p><strong>T\u1ea7m nh\u00ecn<\/strong><br \/>Tr\u1edf th\u00e0nh th\u01b0\u01a1ng hi\u1ec7u s\u00e1ch v\u0103n h\u00f3a gi\u00e1o d\u1ee5c v\u00e0 v\u0103n h\u00f3a gi\u1ea3i tr\u00ed t\u1ed1t nh\u1ea5t v\u00e0 \u0111a d\u1ea1ng nh\u1ea5t Vi\u1ec7t Nam.<\/p>\n<p><br \/><strong>S\u1ee9 m\u1ec7nh<\/strong><br \/>Mang \u0111\u1ebfn nh\u1eefng cu\u1ed1n s\u00e1ch v\u0103n h\u00f3a gi\u00e1o d\u1ee5c v\u00e0 v\u0103n h\u00f3a gi\u1ea3i tr\u00ed \u0111\u1ebfn v\u1edbi \u0111\u1ed9c gi\u1ea3 Vi\u1ec7t Nam v\u00e0 th\u1ebf gi\u1edbi nh\u1eb1m gi\u00fap \u0111\u1ed9c gi\u1ea3 ph\u00e1t tri\u1ec3n b\u1ea3n th\u00e2n, gi\u00e1o d\u1ee5c, gi\u1ea3i tr\u00ed v\u00e0 khai s\u00e1ng nh\u1eb1m x\u00e2y d\u1ef1ng x\u00e3 h\u1ed9i th\u1ecbnh v\u01b0\u1ee3ng, h\u1ea1nh ph\u00fac.<\/p>\n<p><strong>Gi\u00e1 tr\u1ecb c\u1ed1t l\u00f5i<\/strong><\/p>\n<p>S\u00e1ng t\u1ea1o - Linh ho\u1ea1t - H\u1ee3p t\u00e1c - Ch\u00ednh tr\u1ef1c - Nhi\u1ec7t huy\u1ebft - C\u00e2n b\u1eb1ng - H\u1ea1nh ph\u00fac<\/p>\n\n[\/col]\n\n[\/row]\n\n<!-- \/wp:flatsome\/uxbuilder -->","post_title":"Qu\u1ea3ng V\u0103n","post_excerpt":"","post_status":"publish","comment_status":"closed","ping_status":"closed","post_password":"","post_name":"quang-van","to_ping":"","pinged":"","post_modified":"2021-02-17 01:26:44","post_modified_gmt":"2021-02-16 23:26:44","post_content_filtered":"","post_parent":0,"guid":"https:\/\/sachviet.eu\/nha-phat-hanh\/quang-van\/","menu_order":0,"post_type":"publisher","post_mime_type":"","comment_count":"0","filter":"raw"}},"_links":{"self":[{"href":"https:\/\/sachviet.eu\/en\/wp-json\/wp\/v2\/product\/18882","targetHints":{"allow":["GET"]}}],"collection":[{"href":"https:\/\/sachviet.eu\/en\/wp-json\/wp\/v2\/product"}],"about":[{"href":"https:\/\/sachviet.eu\/en\/wp-json\/wp\/v2\/types\/product"}],"wp:featuredmedia":[{"embeddable":true,"href":"https:\/\/sachviet.eu\/en\/wp-json\/wp\/v2\/media\/18881"}],"wp:attachment":[{"href":"https:\/\/sachviet.eu\/en\/wp-json\/wp\/v2\/media?parent=18882"}],"wp:term":[{"taxonomy":"product_brand","embeddable":true,"href":"https:\/\/sachviet.eu\/en\/wp-json\/wp\/v2\/product_brand?post=18882"},{"taxonomy":"product_cat","embeddable":true,"href":"https:\/\/sachviet.eu\/en\/wp-json\/wp\/v2\/product_cat?post=18882"},{"taxonomy":"product_tag","embeddable":true,"href":"https:\/\/sachviet.eu\/en\/wp-json\/wp\/v2\/product_tag?post=18882"}],"curies":[{"name":"wp","href":"https:\/\/api.w.org\/{rel}","templated":true}]}}