{"id":18880,"date":"2022-04-21T20:43:28","date_gmt":"2022-04-21T17:43:28","guid":{"rendered":"https:\/\/sachviet.eu\/shop\/chu-oc-sen-nho-sach-boi-cung-cho-be-0-3-tuoi\/"},"modified":"2023-07-14T23:14:59","modified_gmt":"2023-07-14T20:14:59","slug":"chu-oc-sen-nho-sach-boi-cung-cho-be-0-3-tuoi","status":"publish","type":"product","link":"https:\/\/sachviet.eu\/en\/shop\/chu-oc-sen-nho-sach-boi-cung-cho-be-0-3-tuoi\/","title":{"rendered":"CH\u00da \u1ed0C S\u00caN NH\u1ece &#8211; S\u00e1ch B\u1ed3i C\u1ee9ng Cho B\u00e9 0-3 Tu\u1ed5i"},"content":{"rendered":"<p>Trong giai \u0111o\u1ea1n 0 &#8211; 3 tu\u1ed5i, c\u00e1c em b\u00e9 c\u00f3 c\u00e1ch \u201ckh\u00e1m ph\u00e1\u201d s\u00e1ch r\u1ea5t \u0111\u1eb7c bi\u1ec7t. Con th\u00edch nhai, c\u1eafn th\u1eadm ch\u00ed l\u00e0 x\u00e9 bay nh\u1eefng cu\u1ed1n s\u00e1ch m\u00e0 con c\u00f3 trong tay. \u0110\u00e2y l\u00e0 \u0111i\u1ec1u ho\u00e0n to\u00e0n b\u00ecnh th\u01b0\u1eddng trong giai \u0111o\u1ea1n con b\u1eaft \u0111\u1ea7u l\u00e0m quen v\u1edbi s\u00e1ch. Vi\u1ec7c c\u1ee7a ba m\u1eb9 l\u00e0 n\u00ean l\u1ef1a ch\u1ecdn cho c\u00e1c b\u1ea1n nh\u1ecf m\u1ed9t cu\u1ed1n s\u00e1ch ph\u00f9 h\u1ee3p, v\u1eeba c\u00f3 n\u1ed9i dung h\u1ea5p d\u1eabn, \u0111\u1ecdc l\u00ean con th\u1ea5y th\u00edch th\u00fa ngay, v\u1eeba c\u00f3 ch\u1ea5t l\u01b0\u1ee3ng gi\u1ea5y in b\u1ec1n \u0111\u1eb9p, ch\u1eafc ch\u1eafn nh\u01b0ng c\u0169ng c\u1ea7n \u0111\u1ea3m b\u1ea3o s\u1ef1 nh\u1eb9 nh\u00e0ng, an to\u00e0n cho con.<\/p>\n<p>\ufe0f V\u1eady n\u00ean h\u00f4m nay Lionbooks xin ph\u00e9p \u0111\u01b0\u1ee3c gi\u1edbi thi\u1ec7u t\u1edbi ba m\u1eb9 v\u00e0 c\u00e1c b\u1ea1n nh\u1ecf cu\u1ed1n s\u00e1ch B\u1ed2I C\u1ee8NG si\u00eau x\u1ecbn m\u1ecbn m\u1edbi \u0111\u01b0\u1ee3c c\u1eadp nh\u1eadt t\u1ea1i t\u1ee7 s\u00e1ch S\u01b0 T\u1eed B\u00e9: cu\u1ed1n s\u00e1ch th\u01a1 cho b\u00e9 0 &#8211; 3 tu\u1ed5i \u201cCH\u00da \u1ed0C S\u00caN NH\u1ece\u201d.<\/p>\n<p>S\u00e1ch \u0111\u01b0\u1ee3c thi\u1ebft k\u1ebf v\u1edbi k\u00edch th\u01b0\u1edbc size vu\u00f4ng 19cm v\u1eeba v\u1eb7n v\u1edbi tay c\u1ea7m c\u1ee7a c\u00e1c em b\u00e9. T\u1ea5t c\u1ea3 c\u00e1c trang \u0111\u1ec1u l\u00e0 b\u1ed3i c\u1ee9ng d\u00e0y d\u1eb7n, ph\u00f9 h\u1ee3p v\u1edbi thao t\u00e1c l\u1eadt m\u1edf c\u00f2n ch\u01b0a th\u00e0nh th\u1ea1o c\u1ee7a c\u00e1c b\u1ea1n nh\u1ecf. V\u1edbi \u201cCh\u00fa \u1ed0c s\u00ean nh\u1ecf\u201d, c\u00e1c em b\u00e9 s\u1ebd c\u00f3 tr\u1ea3i nghi\u1ec7m \u0111\u1ecdc s\u00e1ch t\u1ed1t nh\u1ea5t ngay t\u1eeb nh\u1eefng n\u0103m th\u00e1ng \u0111\u1ea7u \u0111\u1eddi.<br \/>\nS\u00e1ch \u0111\u01b0\u1ee3c vi\u1ebft d\u01b0\u1edbi d\u1ea1ng th\u01a1 5 ch\u1eef d\u1ec5 \u0111\u1ecdc, d\u1ec5 nh\u1edb. C\u00e1ch gieo v\u1ea7n m\u01b0\u1ee3t m\u00e0, t\u1eeb l\u00e1y \u0111\u01b0\u1ee3c l\u1ef1a ch\u1ecdn gi\u00e0u t\u00ednh t\u01b0\u1ee3ng h\u00ecnh, t\u01b0\u1ee3ng thanh gi\u00fap vi\u1ec7c \u0111\u1ecdc s\u00e1ch c\u1ee7a con th\u00eam th\u00fa v\u1ecb<\/p>\n","protected":false},"excerpt":{"rendered":"<p>Trong giai \u0111o\u1ea1n 0 &#8211; 3 tu\u1ed5i, c\u00e1c em b\u00e9 c\u00f3 c\u00e1ch \u201ckh\u00e1m ph\u00e1\u201d s\u00e1ch r\u1ea5t \u0111\u1eb7c bi\u1ec7t. Con th\u00edch nhai, c\u1eafn th\u1eadm ch\u00ed l\u00e0 x\u00e9 bay nh\u1eefng cu\u1ed1n s\u00e1ch m\u00e0 con c\u00f3 trong tay. \u0110\u00e2y l\u00e0 \u0111i\u1ec1u ho\u00e0n to\u00e0n b\u00ecnh th\u01b0\u1eddng trong giai \u0111o\u1ea1n con b\u1eaft \u0111\u1ea7u l\u00e0m quen v\u1edbi s\u00e1ch. Vi\u1ec7c c\u1ee7a ba m\u1eb9 l\u00e0 n\u00ean l\u1ef1a ch\u1ecdn cho c\u00e1c b\u1ea1n nh\u1ecf m\u1ed9t cu\u1ed1n s\u00e1ch ph\u00f9 h\u1ee3p, v\u1eeba c\u00f3 n\u1ed9i dung h\u1ea5p d\u1eabn, \u0111\u1ecdc l\u00ean con th\u1ea5y th\u00edch th\u00fa ngay, v\u1eeba c\u00f3 ch\u1ea5t l\u01b0\u1ee3ng gi\u1ea5y in b\u1ec1n \u0111\u1eb9p, ch\u1eafc ch\u1eafn nh\u01b0ng c\u0169ng c\u1ea7n \u0111\u1ea3m b\u1ea3o s\u1ef1 nh\u1eb9 nh\u00e0ng, an to\u00e0n cho con.<\/p>\n<p>\ufe0f V\u1eady n\u00ean h\u00f4m nay Lionbooks xin ph\u00e9p \u0111\u01b0\u1ee3c gi\u1edbi thi\u1ec7u t\u1edbi ba m\u1eb9 v\u00e0 c\u00e1c b\u1ea1n nh\u1ecf cu\u1ed1n s\u00e1ch B\u1ed2I C\u1ee8NG si\u00eau x\u1ecbn m\u1ecbn m\u1edbi \u0111\u01b0\u1ee3c c\u1eadp nh\u1eadt t\u1ea1i t\u1ee7 s\u00e1ch S\u01b0 T\u1eed B\u00e9: cu\u1ed1n s\u00e1ch th\u01a1 cho b\u00e9 0 &#8211; 3 tu\u1ed5i \u201cCH\u00da \u1ed0C S\u00caN NH\u1ece\u201d.<\/p>\n<p>S\u00e1ch \u0111\u01b0\u1ee3c thi\u1ebft k\u1ebf v\u1edbi k\u00edch th\u01b0\u1edbc size vu\u00f4ng 19cm v\u1eeba v\u1eb7n v\u1edbi tay c\u1ea7m c\u1ee7a c\u00e1c em b\u00e9. T\u1ea5t c\u1ea3 c\u00e1c trang \u0111\u1ec1u l\u00e0 b\u1ed3i c\u1ee9ng d\u00e0y d\u1eb7n, ph\u00f9 h\u1ee3p v\u1edbi thao t\u00e1c l\u1eadt m\u1edf c\u00f2n ch\u01b0a th\u00e0nh th\u1ea1o c\u1ee7a c\u00e1c b\u1ea1n nh\u1ecf. V\u1edbi \u201cCh\u00fa \u1ed0c s\u00ean nh\u1ecf\u201d, c\u00e1c em b\u00e9 s\u1ebd c\u00f3 tr\u1ea3i nghi\u1ec7m \u0111\u1ecdc s\u00e1ch t\u1ed1t nh\u1ea5t ngay t\u1eeb nh\u1eefng n\u0103m th\u00e1ng \u0111\u1ea7u \u0111\u1eddi.<br \/>\nS\u00e1ch \u0111\u01b0\u1ee3c vi\u1ebft d\u01b0\u1edbi d\u1ea1ng th\u01a1 5 ch\u1eef d\u1ec5 \u0111\u1ecdc, d\u1ec5 nh\u1edb. C\u00e1ch gieo v\u1ea7n m\u01b0\u1ee3t m\u00e0, t\u1eeb l\u00e1y \u0111\u01b0\u1ee3c l\u1ef1a ch\u1ecdn gi\u00e0u t\u00ednh t\u01b0\u1ee3ng h\u00ecnh, t\u01b0\u1ee3ng thanh gi\u00fap vi\u1ec7c \u0111\u1ecdc s\u00e1ch c\u1ee7a con th\u00eam th\u00fa v\u1ecb<\/p>\n","protected":false},"featured_media":18879,"template":"","meta":{"_acf_changed":false},"product_brand":[],"product_cat":[24,17],"product_tag":[],"class_list":{"0":"post-18880","1":"product","2":"type-product","3":"status-publish","4":"has-post-thumbnail","6":"product_cat-nha-tre-mau-giao-0-tuoi-6-tuoi","7":"product_cat-sach-danh-cho-cac-be","9":"first","10":"outofstock","11":"taxable","12":"shipping-taxable","13":"purchasable","14":"product-type-simple"},"supplier_id":null,"supplier_sku":"","barcode":null,"atum_controlled":true,"out_stock_date":"2023-07-14 20:14:59","out_stock_threshold":null,"inheritable":false,"inbound_stock":0,"stock_on_hold":0,"sold_today":0,"sales_last_days":0,"reserved_stock":0,"customer_returns":0,"warehouse_damage":0,"lost_in_post":0,"other_logs":0,"out_stock_days":929,"lost_sales":0,"has_location":false,"update_date":"2026-01-28T23:11:06","atum_locations":[],"atum_stock_status":"outofstock","restock_status":false,"low_stock_amount":"","sales_update_date":"2026-01-28T23:11:06","calc_backorders":null,"acf":{"publisher":{"ID":15270,"post_author":"1","post_date":"2021-08-04 15:01:56","post_date_gmt":"2021-08-04 12:01:56","post_content":"","post_title":"Lionbooks","post_excerpt":"","post_status":"publish","comment_status":"closed","ping_status":"closed","post_password":"","post_name":"lionbooks","to_ping":"","pinged":"","post_modified":"2021-08-04 15:01:56","post_modified_gmt":"2021-08-04 12:01:56","post_content_filtered":"","post_parent":0,"guid":"https:\/\/sachviet.eu\/nha-phat-hanh\/lionbooks\/","menu_order":0,"post_type":"publisher","post_mime_type":"","comment_count":"0","filter":"raw"}},"_links":{"self":[{"href":"https:\/\/sachviet.eu\/en\/wp-json\/wp\/v2\/product\/18880","targetHints":{"allow":["GET"]}}],"collection":[{"href":"https:\/\/sachviet.eu\/en\/wp-json\/wp\/v2\/product"}],"about":[{"href":"https:\/\/sachviet.eu\/en\/wp-json\/wp\/v2\/types\/product"}],"wp:featuredmedia":[{"embeddable":true,"href":"https:\/\/sachviet.eu\/en\/wp-json\/wp\/v2\/media\/18879"}],"wp:attachment":[{"href":"https:\/\/sachviet.eu\/en\/wp-json\/wp\/v2\/media?parent=18880"}],"wp:term":[{"taxonomy":"product_brand","embeddable":true,"href":"https:\/\/sachviet.eu\/en\/wp-json\/wp\/v2\/product_brand?post=18880"},{"taxonomy":"product_cat","embeddable":true,"href":"https:\/\/sachviet.eu\/en\/wp-json\/wp\/v2\/product_cat?post=18880"},{"taxonomy":"product_tag","embeddable":true,"href":"https:\/\/sachviet.eu\/en\/wp-json\/wp\/v2\/product_tag?post=18880"}],"curies":[{"name":"wp","href":"https:\/\/api.w.org\/{rel}","templated":true}]}}