{"id":18874,"date":"2022-04-21T20:43:04","date_gmt":"2022-04-21T17:43:04","guid":{"rendered":"https:\/\/sachviet.eu\/shop\/ehon-con-tu-ngu-mot-minh-duoc-roi\/"},"modified":"2023-06-12T21:20:34","modified_gmt":"2023-06-12T18:20:34","slug":"ehon-con-tu-ngu-mot-minh-duoc-roi","status":"publish","type":"product","link":"https:\/\/sachviet.eu\/en\/shop\/ehon-con-tu-ngu-mot-minh-duoc-roi\/","title":{"rendered":"Ehon &#8211; Con T\u1ef1 Ng\u1ee7 M\u1ed9t M\u00ecnh \u0110\u01b0\u1ee3c R\u1ed3i"},"content":{"rendered":"<p>EHON NH\u1eacT B\u1ea2N KHUY\u1ebeN KH\u00cdCH B\u00c9 T\u1ef0 L\u1eacP<\/p>\n<p>C\u00e1c b\u1eadc cha m\u1eb9 \u0111ang \u0111au \u0111\u1ea7u ch\u01b0a ngh\u0129 ra c\u00e1ch n\u00e0o \u0111\u1ec3 t\u00e1ch \u0111\u1ee9a con 5-6 tu\u1ed5i c\u1ee7a m\u00ecnh ng\u1ee7 ri\u00eang? C\u00e1c c\u1eadu b\u00e9 c\u00f4 b\u00e9 \u0111\u00e3 th\u00edch c\u00f3 m\u1ed9t kh\u00f4ng gian ri\u00eang nh\u01b0 ng\u01b0\u1eddi l\u1edbn m\u00e0 v\u1eabn c\u00f2n e ng\u1ea1i, s\u1ee3 s\u1ec7t? V\u1eady th\u00ec cu\u1ed1n ehon Nh\u1eadt B\u1ea3n Con t\u1ef1 ng\u1ee7 m\u1ed9t m\u00ecnh \u0111\u01b0\u1ee3c r\u1ed3i! nh\u1ea5t \u0111\u1ecbnh l\u00e0 cu\u1ed1n s\u00e1ch d\u00e0nh cho gia \u0111\u00ecnh b\u1ea1n!<\/p>\n<p>\u201cC\u00f4 b\u00e9 Sakurako \u0111\u00e3 l\u1edbn h\u01a1n tr\u01b0\u1edbc r\u1ea5t nhi\u1ec1u. B\u00e2y gi\u1edd b\u00e9 \u0111\u00e3 c\u00f3 th\u1ec3 t\u1ef1 thay qu\u1ea7n \u00e1o \u0111\u01b0\u1ee3c r\u1ed3i \u0111\u1ea5y, tuy h\u01a1i m\u1ea5t th\u1eddi gian m\u1ed9t ch\u00fat th\u00f4i. B\u00e9 r\u1ea5t t\u1ef1 l\u1eadp. M\u1ed9t ng\u00e0y n\u1ecd b\u00e9 n\u00f3i v\u1edbi m\u1eb9: \u201cCon s\u1ebd t\u1ef1 ng\u1ee7 m\u1ed9t m\u00ecnh\u201d. M\u1eb9 lo l\u1eafng h\u1ecfi: \u201cCon c\u00f3 ch\u1eafc kh\u00f4ng?\u201d Sakurako g\u1eadt \u0111\u1ea7u \u0111\u1ea7y qu\u1ea3 quy\u1ebft\u2026\u201d<br \/>\nCu\u1ed1n truy\u1ec7n tranh v\u1edbi nh\u1eefng l\u1eddi d\u1ec5 th\u01b0\u01a1ng, \u1ea5m \u00e1p c\u1ee7a Akiyo Kimi c\u00f9ng nh\u1eefng h\u00ecnh v\u1ebd m\u1ec1m m\u1ea1i, t\u01b0\u01a1i s\u00e1ng c\u1ee7a Kako Hasegawa th\u1ef1c s\u1ef1 l\u00e0 m\u1ed9t ng\u01b0\u1eddi b\u1ea1n c\u1ea7n thi\u1ebft trong h\u00e0nh tr\u00ecnh t\u1ef1 l\u1eadp \u2013 t\u1ef1 l\u1edbn kh\u00f4n c\u1ee7a c\u00e1c b\u00e9.<\/p>\n","protected":false},"excerpt":{"rendered":"<p>EHON NH\u1eacT B\u1ea2N KHUY\u1ebeN KH\u00cdCH B\u00c9 T\u1ef0 L\u1eacP<\/p>\n<p>C\u00e1c b\u1eadc cha m\u1eb9 \u0111ang \u0111au \u0111\u1ea7u ch\u01b0a ngh\u0129 ra c\u00e1ch n\u00e0o \u0111\u1ec3 t\u00e1ch \u0111\u1ee9a con 5-6 tu\u1ed5i c\u1ee7a m\u00ecnh ng\u1ee7 ri\u00eang? C\u00e1c c\u1eadu b\u00e9 c\u00f4 b\u00e9 \u0111\u00e3 th\u00edch c\u00f3 m\u1ed9t kh\u00f4ng gian ri\u00eang nh\u01b0 ng\u01b0\u1eddi l\u1edbn m\u00e0 v\u1eabn c\u00f2n e ng\u1ea1i, s\u1ee3 s\u1ec7t? V\u1eady th\u00ec cu\u1ed1n ehon Nh\u1eadt B\u1ea3n Con t\u1ef1 ng\u1ee7 m\u1ed9t m\u00ecnh \u0111\u01b0\u1ee3c r\u1ed3i! nh\u1ea5t \u0111\u1ecbnh l\u00e0 cu\u1ed1n s\u00e1ch d\u00e0nh cho gia \u0111\u00ecnh b\u1ea1n!<\/p>\n<p>\u201cC\u00f4 b\u00e9 Sakurako \u0111\u00e3 l\u1edbn h\u01a1n tr\u01b0\u1edbc r\u1ea5t nhi\u1ec1u. B\u00e2y gi\u1edd b\u00e9 \u0111\u00e3 c\u00f3 th\u1ec3 t\u1ef1 thay qu\u1ea7n \u00e1o \u0111\u01b0\u1ee3c r\u1ed3i \u0111\u1ea5y, tuy h\u01a1i m\u1ea5t th\u1eddi gian m\u1ed9t ch\u00fat th\u00f4i. B\u00e9 r\u1ea5t t\u1ef1 l\u1eadp. M\u1ed9t ng\u00e0y n\u1ecd b\u00e9 n\u00f3i v\u1edbi m\u1eb9: \u201cCon s\u1ebd t\u1ef1 ng\u1ee7 m\u1ed9t m\u00ecnh\u201d. M\u1eb9 lo l\u1eafng h\u1ecfi: \u201cCon c\u00f3 ch\u1eafc kh\u00f4ng?\u201d Sakurako g\u1eadt \u0111\u1ea7u \u0111\u1ea7y qu\u1ea3 quy\u1ebft\u2026\u201d<br \/>\nCu\u1ed1n truy\u1ec7n tranh v\u1edbi nh\u1eefng l\u1eddi d\u1ec5 th\u01b0\u01a1ng, \u1ea5m \u00e1p c\u1ee7a Akiyo Kimi c\u00f9ng nh\u1eefng h\u00ecnh v\u1ebd m\u1ec1m m\u1ea1i, t\u01b0\u01a1i s\u00e1ng c\u1ee7a Kako Hasegawa th\u1ef1c s\u1ef1 l\u00e0 m\u1ed9t ng\u01b0\u1eddi b\u1ea1n c\u1ea7n thi\u1ebft trong h\u00e0nh tr\u00ecnh t\u1ef1 l\u1eadp \u2013 t\u1ef1 l\u1edbn kh\u00f4n c\u1ee7a c\u00e1c b\u00e9.<\/p>\n","protected":false},"featured_media":18873,"template":"","meta":{"_acf_changed":false},"product_brand":[],"product_cat":[24,25,17],"product_tag":[],"class_list":{"0":"post-18874","1":"product","2":"type-product","3":"status-publish","4":"has-post-thumbnail","6":"product_cat-nha-tre-mau-giao-0-tuoi-6-tuoi","7":"product_cat-nhi-dong-6-tuoi-12-tuoi","8":"product_cat-sach-danh-cho-cac-be","10":"first","11":"outofstock","12":"taxable","13":"shipping-taxable","14":"purchasable","15":"product-type-simple"},"supplier_id":null,"supplier_sku":"","barcode":null,"atum_controlled":true,"out_stock_date":"2023-06-12 18:20:34","out_stock_threshold":null,"inheritable":false,"inbound_stock":0,"stock_on_hold":0,"sold_today":0,"sales_last_days":0,"reserved_stock":0,"customer_returns":0,"warehouse_damage":0,"lost_in_post":0,"other_logs":0,"out_stock_days":961,"lost_sales":0,"has_location":true,"update_date":"2026-01-28T23:11:06","atum_locations":[{"id":32,"name":"Helsinki","slug":"helsinki"}],"atum_stock_status":"outofstock","restock_status":false,"low_stock_amount":"","sales_update_date":"2026-01-28T23:11:06","calc_backorders":null,"acf":{"publisher":{"ID":5988,"post_author":"1","post_date":"2021-03-14 02:36:31","post_date_gmt":"2021-03-14 00:36:31","post_content":"","post_title":"Ph\u1ee5 N\u1eef","post_excerpt":"","post_status":"publish","comment_status":"closed","ping_status":"closed","post_password":"","post_name":"phu-nu","to_ping":"","pinged":"","post_modified":"2021-03-14 02:36:31","post_modified_gmt":"2021-03-14 00:36:31","post_content_filtered":"","post_parent":0,"guid":"https:\/\/sachviet.eu\/blog\/nha-phat-hanh\/phu-nu\/","menu_order":0,"post_type":"publisher","post_mime_type":"","comment_count":"0","filter":"raw"}},"_links":{"self":[{"href":"https:\/\/sachviet.eu\/en\/wp-json\/wp\/v2\/product\/18874","targetHints":{"allow":["GET"]}}],"collection":[{"href":"https:\/\/sachviet.eu\/en\/wp-json\/wp\/v2\/product"}],"about":[{"href":"https:\/\/sachviet.eu\/en\/wp-json\/wp\/v2\/types\/product"}],"wp:featuredmedia":[{"embeddable":true,"href":"https:\/\/sachviet.eu\/en\/wp-json\/wp\/v2\/media\/18873"}],"wp:attachment":[{"href":"https:\/\/sachviet.eu\/en\/wp-json\/wp\/v2\/media?parent=18874"}],"wp:term":[{"taxonomy":"product_brand","embeddable":true,"href":"https:\/\/sachviet.eu\/en\/wp-json\/wp\/v2\/product_brand?post=18874"},{"taxonomy":"product_cat","embeddable":true,"href":"https:\/\/sachviet.eu\/en\/wp-json\/wp\/v2\/product_cat?post=18874"},{"taxonomy":"product_tag","embeddable":true,"href":"https:\/\/sachviet.eu\/en\/wp-json\/wp\/v2\/product_tag?post=18874"}],"curies":[{"name":"wp","href":"https:\/\/api.w.org\/{rel}","templated":true}]}}