{"id":18854,"date":"2022-04-21T20:42:13","date_gmt":"2022-04-21T17:42:13","guid":{"rendered":"https:\/\/sachviet.eu\/shop\/combo-dong-dao-tho-truyen-tiem-thuc-cho-be-tap-noi-tap-doc\/"},"modified":"2022-12-19T14:57:34","modified_gmt":"2022-12-19T12:57:34","slug":"combo-dong-dao-tho-truyen-tiem-thuc-cho-be-tap-noi-tap-doc","status":"publish","type":"product","link":"https:\/\/sachviet.eu\/en\/shop\/combo-dong-dao-tho-truyen-tiem-thuc-cho-be-tap-noi-tap-doc\/","title":{"rendered":"Combo \u0111\u1ed3ng dao, th\u01a1, truy\u1ec7n ti\u1ec1m th\u1ee9c cho b\u00e9 t\u1eadp n\u00f3i t\u1eadp \u0111\u1ecdc"},"content":{"rendered":"<p>* Ti\u1ec1m th\u1ee9c gi\u1ed1ng nh\u01b0 ph\u1ea7n ch\u00ecm c\u1ee7a t\u1ea3ng b\u0103ng ch\u00ecm \u0111i\u1ec1u khi\u1ec3n &amp; chi\u1ebfm 90% t\u01b0 duy c\u1ee7a b\u1ea1n.<\/p>\n<p>* TI\u1ec0M TH\u1ee8C c\u00f3 m\u1ed9t s\u1ee9c m\u1ea1nh phi th\u01b0\u1eddng x\u1eed l\u00fd h\u00e0ng t\u1ef7 th\u00f4ng tin tr\u00ean ng\u00e0y, l\u00e0 tr\u00ed nh\u1edb d\u00e0i h\u1ea1<\/p>\n<p>* \u0110\u1ecdc s\u00e1ch l\u00e0 th\u00f3i quen t\u1ed1t b\u1ed1 m\u1eb9 n\u00ean h\u00ecnh th\u00e0nh cho tr\u1ebb nh\u1ecf<\/p>\n<p>* Ti\u1ec1m th\u1ee9c th\u00edch nh\u1eefng g\u00ec \u0111\u1eb9p \u0111\u1ebd, th\u00edch m\u00e0u s\u1eafc, th\u00edch \u00e2m thanh, h\u00ecnh \u1ea3nh sinh \u0111\u1ed9ng<\/p>\n<p>* B\u1ed1 m\u1eb9 n\u00ean \u0111\u1ecdc cho con theo c\u00e1c b\u01b0\u1edbc:<\/p>\n<p>1. \u0110\u1ecdc cho con to\u00e0n b\u1ed9 b\u00e0i \u0111\u1ed3ng dao v\u00e0 nh\u1edb ch\u1ec9 v\u00e0o t\u1eebng ch\u1eef, t\u1eebng h\u00ecnh<\/p>\n<p>2. \u0110\u1ecdc cho con to\u00e0n b\u1ed9 b\u00e0i \u0111\u1ed3ng dao nh\u01b0ng b\u1ecf l\u1eedng ch\u1ed7 c\u00f3 h\u00ecnh \u0111\u1ec3 b\u00e9 t\u1ef1 \u0111i\u1ec1n v\u00e0o<\/p>\n<p>3. \u0110\u1ec3 b\u00e9 t\u1ef1 \u0111\u1ecdc, b\u1ed1 m\u1eb9 s\u1ebd ng\u1ea1c nhi\u00ean v\u00ec b\u00e9 ghi nh\u1edb r\u1ea5t nhanh \u0110\u1ec3 t\u00e1c \u0111\u1ed9ng v\u00e0o ti\u1ec1m th\u1ee9c c\u1ee7a c\u00e1c con, gi\u00fap c\u00e1c con y\u00eau s\u00e1ch, h\u1ee9ng th\u00fa m\u1ed7i khi \u0111\u1ecdc s\u00e1ch, k\u00edch th\u00edch n\u00e3o b\u1ed9, t\u0103ng kh\u1ea3 n\u0103ng s\u00e1ng t\u1ea1o, tr\u00ed nh\u1edb v\u00e0 h\u00ecnh thanh nh\u00e2n c\u00e1ch t\u1ed1<\/p>\n","protected":false},"excerpt":{"rendered":"<p>* Ti\u1ec1m th\u1ee9c gi\u1ed1ng nh\u01b0 ph\u1ea7n ch\u00ecm c\u1ee7a t\u1ea3ng b\u0103ng ch\u00ecm \u0111i\u1ec1u khi\u1ec3n &amp; chi\u1ebfm 90% t\u01b0 duy c\u1ee7a b\u1ea1n.<\/p>\n<p>* TI\u1ec0M TH\u1ee8C c\u00f3 m\u1ed9t s\u1ee9c m\u1ea1nh phi th\u01b0\u1eddng x\u1eed l\u00fd h\u00e0ng t\u1ef7 th\u00f4ng tin tr\u00ean ng\u00e0y, l\u00e0 tr\u00ed nh\u1edb d\u00e0i h\u1ea1<\/p>\n<p>* \u0110\u1ecdc s\u00e1ch l\u00e0 th\u00f3i quen t\u1ed1t b\u1ed1 m\u1eb9 n\u00ean h\u00ecnh th\u00e0nh cho tr\u1ebb nh\u1ecf<\/p>\n<p>* Ti\u1ec1m th\u1ee9c th\u00edch nh\u1eefng g\u00ec \u0111\u1eb9p \u0111\u1ebd, th\u00edch m\u00e0u s\u1eafc, th\u00edch \u00e2m thanh, h\u00ecnh \u1ea3nh sinh \u0111\u1ed9ng<\/p>\n<p>* B\u1ed1 m\u1eb9 n\u00ean \u0111\u1ecdc cho con theo c\u00e1c b\u01b0\u1edbc:<\/p>\n<p>1. \u0110\u1ecdc cho con to\u00e0n b\u1ed9 b\u00e0i \u0111\u1ed3ng dao v\u00e0 nh\u1edb ch\u1ec9 v\u00e0o t\u1eebng ch\u1eef, t\u1eebng h\u00ecnh<\/p>\n<p>2. \u0110\u1ecdc cho con to\u00e0n b\u1ed9 b\u00e0i \u0111\u1ed3ng dao nh\u01b0ng b\u1ecf l\u1eedng ch\u1ed7 c\u00f3 h\u00ecnh \u0111\u1ec3 b\u00e9 t\u1ef1 \u0111i\u1ec1n v\u00e0o<\/p>\n<p>3. \u0110\u1ec3 b\u00e9 t\u1ef1 \u0111\u1ecdc, b\u1ed1 m\u1eb9 s\u1ebd ng\u1ea1c nhi\u00ean v\u00ec b\u00e9 ghi nh\u1edb r\u1ea5t nhanh \u0110\u1ec3 t\u00e1c \u0111\u1ed9ng v\u00e0o ti\u1ec1m th\u1ee9c c\u1ee7a c\u00e1c con, gi\u00fap c\u00e1c con y\u00eau s\u00e1ch, h\u1ee9ng th\u00fa m\u1ed7i khi \u0111\u1ecdc s\u00e1ch, k\u00edch th\u00edch n\u00e3o b\u1ed9, t\u0103ng kh\u1ea3 n\u0103ng s\u00e1ng t\u1ea1o, tr\u00ed nh\u1edb v\u00e0 h\u00ecnh thanh nh\u00e2n c\u00e1ch t\u1ed1<\/p>\n","protected":false},"featured_media":18853,"template":"","meta":{"_acf_changed":false},"product_brand":[],"product_cat":[24,17],"product_tag":[],"class_list":{"0":"post-18854","1":"product","2":"type-product","3":"status-publish","4":"has-post-thumbnail","6":"product_cat-nha-tre-mau-giao-0-tuoi-6-tuoi","7":"product_cat-sach-danh-cho-cac-be","9":"first","10":"outofstock","11":"taxable","12":"shipping-taxable","13":"purchasable","14":"product-type-simple"},"supplier_id":null,"supplier_sku":"","barcode":null,"atum_controlled":true,"out_stock_date":"2022-12-19 12:57:34","out_stock_threshold":null,"inheritable":false,"inbound_stock":0,"stock_on_hold":0,"sold_today":0,"sales_last_days":0,"reserved_stock":0,"customer_returns":0,"warehouse_damage":0,"lost_in_post":0,"other_logs":0,"out_stock_days":1136,"lost_sales":0,"has_location":false,"update_date":"2026-01-28T23:11:06","atum_locations":[{"id":32,"name":"Helsinki","slug":"helsinki"}],"atum_stock_status":"outofstock","restock_status":false,"low_stock_amount":"","sales_update_date":"2026-01-28T23:11:06","calc_backorders":null,"acf":{"publisher":{"ID":18852,"post_author":"1","post_date":"2022-04-21 20:42:10","post_date_gmt":"2022-04-21 17:42:10","post_content":"","post_title":"Bachabooks","post_excerpt":"","post_status":"publish","comment_status":"closed","ping_status":"closed","post_password":"","post_name":"bachabooks","to_ping":"","pinged":"","post_modified":"2022-04-21 20:42:10","post_modified_gmt":"2022-04-21 17:42:10","post_content_filtered":"","post_parent":0,"guid":"https:\/\/sachviet.eu\/nha-phat-hanh\/bachabooks\/","menu_order":0,"post_type":"publisher","post_mime_type":"","comment_count":"0","filter":"raw"}},"_links":{"self":[{"href":"https:\/\/sachviet.eu\/en\/wp-json\/wp\/v2\/product\/18854","targetHints":{"allow":["GET"]}}],"collection":[{"href":"https:\/\/sachviet.eu\/en\/wp-json\/wp\/v2\/product"}],"about":[{"href":"https:\/\/sachviet.eu\/en\/wp-json\/wp\/v2\/types\/product"}],"wp:featuredmedia":[{"embeddable":true,"href":"https:\/\/sachviet.eu\/en\/wp-json\/wp\/v2\/media\/18853"}],"wp:attachment":[{"href":"https:\/\/sachviet.eu\/en\/wp-json\/wp\/v2\/media?parent=18854"}],"wp:term":[{"taxonomy":"product_brand","embeddable":true,"href":"https:\/\/sachviet.eu\/en\/wp-json\/wp\/v2\/product_brand?post=18854"},{"taxonomy":"product_cat","embeddable":true,"href":"https:\/\/sachviet.eu\/en\/wp-json\/wp\/v2\/product_cat?post=18854"},{"taxonomy":"product_tag","embeddable":true,"href":"https:\/\/sachviet.eu\/en\/wp-json\/wp\/v2\/product_tag?post=18854"}],"curies":[{"name":"wp","href":"https:\/\/api.w.org\/{rel}","templated":true}]}}