{"id":18839,"date":"2022-04-21T20:41:33","date_gmt":"2022-04-21T17:41:33","guid":{"rendered":"https:\/\/sachviet.eu\/shop\/huu-chau-ha-tu-doc-to-du-binh\/"},"modified":"2022-12-19T14:57:37","modified_gmt":"2022-12-19T12:57:37","slug":"huu-chau-ha-tu-doc-to-du-binh","status":"publish","type":"product","link":"https:\/\/sachviet.eu\/en\/shop\/huu-chau-ha-tu-doc-to-du-binh\/","title":{"rendered":"H\u1eefu Ch\u00e2u H\u00e0 Tu \u0110\u1ed9c ( T\u00f4 Du B\u00ednh )"},"content":{"rendered":"<p>\u0110oan M\u1ed9c H\u1ed3i Xu\u00e2n t\u1eebng l\u00e0 m\u1ed9t c\u00f4ng t\u1eed th\u1ebf gia, sau bi\u1ebfn c\u1ed1 gia \u0111\u00ecnh tr\u1edf th\u00e0nh Tr\u01b0\u1edfng l\u00e3o c\u1ee7a Ma Gi\u00e1o. Trong m\u1ed9t l\u1ea7n giao tranh, \u0110oan M\u1ed9c H\u1ed3i Xu\u00e2n v\u00f4 t\u00ecnh b\u1ecb tr\u1ecdng th\u01b0\u01a1ng r\u1ed3i r\u01a1i v\u00e0o tay l\u0169 bu\u00f4n ng\u01b0\u1eddi, cu\u1ed1i c\u00f9ng l\u01b0u l\u1ea1c tr\u1edf th\u00e0nh th\u01b0 \u0111\u1ed3ng c\u1ee7a C\u01a1 Thanh Lan. V\u00e0 c\u0169ng \u1edf n\u01a1i \u0111\u00e2y, \u0110oan M\u1ed9c H\u1ed3i Xu\u00e2n \u0111\u00e3 g\u1eb7p g\u1ee1 C\u01a1 Di\u1ec7u Hoa.<\/p>\n<p>Th\u00e2n l\u00e0 cao th\u1ee7 \u0111\u1ec7 nh\u1ea5t T\u00e2y Kh\u01b0\u01a1ng, C\u01a1 Di\u1ec7u Hoa lu\u00f4n b\u1ea3o v\u1ec7 \u0110oan M\u1ed9c trong ph\u1ea1m vi c\u1ee7a m\u00ecnh, l\u00fac n\u00e0o c\u0169ng ch\u00f2ng gh\u1eb9o nh\u01b0 th\u1eadt nh\u01b0 gi\u1ea3, dung m\u1ea1o ph\u00f3ng t\u00fang, \u201cdi\u1ec5m l\u1ec7\u201d, khi\u1ebfn cho \u0110oan M\u1ed9c r\u1ea5t kh\u00f3 n\u1eafm b\u1eaft \u0111\u01b0\u1ee3c con ng\u01b0\u1eddi th\u1eadt c\u1ee7a nam nh\u00e2n sau l\u1edbp h\u00f3a trang d\u00e0y c\u1ed9 Y\u00eau di\u1ec5m l\u00e0 h\u1eafn, thanh l\u1ec7 l\u00e0 h\u1eafn, ng\u1ea3 ng\u1edbn l\u00e0 h\u1eafn, s\u00e2u \u0111\u1eadm l\u00e0 h\u1eafn, b\u00e1 \u0111\u1ea1o l\u00e0 h\u1eafn, d\u1ecbu d\u00e0ng l\u00e0 h\u1eafn, xa hoa ch\u1ea3i chu\u1ed1t l\u00e0 h\u1eafn, nh\u00e3 nh\u1eb7n thanh tao c\u0169ng l\u00e0 h\u1eafn\u2026 m\u1ed9t nam nh\u00e2n ph\u1ee9c t\u1ea1p nh\u01b0 v\u1eady, nh\u01b0ng c\u0169ng gi\u1ea3n \u0111\u01a1n nh\u01b0 v\u1eady.<\/p>\n<p>Nh\u00e2n s\u0129 giang h\u1ed3 b\u1ecb cu\u1ed1n v\u00e0o v\u00f2ng xo\u00e1y tranh \u0111o\u1ea1t quy\u1ec1n l\u1ef1c c\u1ee7a tri\u1ec1u \u0111\u00ecnh. Li\u1ec7u \u0110oan M\u1ed9c H\u1ed3i Xu\u00e2n c\u00f3 gi\u1ea3i \u0111\u01b0\u1ee3c b\u00e0i to\u00e1n t\u1ea1i Th\u00e1nh Nguy\u1ec7t Gi\u00e1o? Li\u1ec7u \u0110oan M\u1ed9c H\u1ed3i Xu\u00e2n c\u00f3 gi\u1ea3i \u0111\u01b0\u1ee3c b\u00e0i to\u00e1n kh\u00f3 h\u01a1n l\u00e0 C\u01a1 Di\u1ec7u Hoa?<\/p>\n","protected":false},"excerpt":{"rendered":"<p>\u0110oan M\u1ed9c H\u1ed3i Xu\u00e2n t\u1eebng l\u00e0 m\u1ed9t c\u00f4ng t\u1eed th\u1ebf gia, sau bi\u1ebfn c\u1ed1 gia \u0111\u00ecnh tr\u1edf th\u00e0nh Tr\u01b0\u1edfng l\u00e3o c\u1ee7a Ma Gi\u00e1o. Trong m\u1ed9t l\u1ea7n giao tranh, \u0110oan M\u1ed9c H\u1ed3i Xu\u00e2n v\u00f4 t\u00ecnh b\u1ecb tr\u1ecdng th\u01b0\u01a1ng r\u1ed3i r\u01a1i v\u00e0o tay l\u0169 bu\u00f4n ng\u01b0\u1eddi, cu\u1ed1i c\u00f9ng l\u01b0u l\u1ea1c tr\u1edf th\u00e0nh th\u01b0 \u0111\u1ed3ng c\u1ee7a C\u01a1 Thanh Lan. V\u00e0 c\u0169ng \u1edf n\u01a1i \u0111\u00e2y, \u0110oan M\u1ed9c H\u1ed3i Xu\u00e2n \u0111\u00e3 g\u1eb7p g\u1ee1 C\u01a1 Di\u1ec7u Hoa.<\/p>\n<p>Th\u00e2n l\u00e0 cao th\u1ee7 \u0111\u1ec7 nh\u1ea5t T\u00e2y Kh\u01b0\u01a1ng, C\u01a1 Di\u1ec7u Hoa lu\u00f4n b\u1ea3o v\u1ec7 \u0110oan M\u1ed9c trong ph\u1ea1m vi c\u1ee7a m\u00ecnh, l\u00fac n\u00e0o c\u0169ng ch\u00f2ng gh\u1eb9o nh\u01b0 th\u1eadt nh\u01b0 gi\u1ea3, dung m\u1ea1o ph\u00f3ng t\u00fang, \u201cdi\u1ec5m l\u1ec7\u201d, khi\u1ebfn cho \u0110oan M\u1ed9c r\u1ea5t kh\u00f3 n\u1eafm b\u1eaft \u0111\u01b0\u1ee3c con ng\u01b0\u1eddi th\u1eadt c\u1ee7a nam nh\u00e2n sau l\u1edbp h\u00f3a trang d\u00e0y c\u1ed9 Y\u00eau di\u1ec5m l\u00e0 h\u1eafn, thanh l\u1ec7 l\u00e0 h\u1eafn, ng\u1ea3 ng\u1edbn l\u00e0 h\u1eafn, s\u00e2u \u0111\u1eadm l\u00e0 h\u1eafn, b\u00e1 \u0111\u1ea1o l\u00e0 h\u1eafn, d\u1ecbu d\u00e0ng l\u00e0 h\u1eafn, xa hoa ch\u1ea3i chu\u1ed1t l\u00e0 h\u1eafn, nh\u00e3 nh\u1eb7n thanh tao c\u0169ng l\u00e0 h\u1eafn\u2026 m\u1ed9t nam nh\u00e2n ph\u1ee9c t\u1ea1p nh\u01b0 v\u1eady, nh\u01b0ng c\u0169ng gi\u1ea3n \u0111\u01a1n nh\u01b0 v\u1eady.<\/p>\n<p>Nh\u00e2n s\u0129 giang h\u1ed3 b\u1ecb cu\u1ed1n v\u00e0o v\u00f2ng xo\u00e1y tranh \u0111o\u1ea1t quy\u1ec1n l\u1ef1c c\u1ee7a tri\u1ec1u \u0111\u00ecnh. Li\u1ec7u \u0110oan M\u1ed9c H\u1ed3i Xu\u00e2n c\u00f3 gi\u1ea3i \u0111\u01b0\u1ee3c b\u00e0i to\u00e1n t\u1ea1i Th\u00e1nh Nguy\u1ec7t Gi\u00e1o? Li\u1ec7u \u0110oan M\u1ed9c H\u1ed3i Xu\u00e2n c\u00f3 gi\u1ea3i \u0111\u01b0\u1ee3c b\u00e0i to\u00e1n kh\u00f3 h\u01a1n l\u00e0 C\u01a1 Di\u1ec7u Hoa?<\/p>\n","protected":false},"featured_media":18838,"template":"","meta":{"_acf_changed":false},"product_brand":[],"product_cat":[73,15],"product_tag":[],"class_list":{"0":"post-18839","1":"product","2":"type-product","3":"status-publish","4":"has-post-thumbnail","6":"product_cat-dam-my-ngon-tinh","7":"product_cat-sach-danh-cho-nguoi-lon","9":"first","10":"outofstock","11":"taxable","12":"shipping-taxable","13":"purchasable","14":"product-type-simple"},"supplier_id":null,"supplier_sku":"","barcode":null,"atum_controlled":true,"out_stock_date":"2022-12-19 12:57:37","out_stock_threshold":null,"inheritable":false,"inbound_stock":0,"stock_on_hold":0,"sold_today":0,"sales_last_days":0,"reserved_stock":0,"customer_returns":0,"warehouse_damage":0,"lost_in_post":0,"other_logs":0,"out_stock_days":1136,"lost_sales":0,"has_location":false,"update_date":"2026-01-28T23:11:05","atum_locations":[{"id":32,"name":"Helsinki","slug":"helsinki"}],"atum_stock_status":"outofstock","restock_status":false,"low_stock_amount":"","sales_update_date":"2026-01-28T23:11:05","calc_backorders":null,"acf":{"publisher":{"ID":1785,"post_author":"1","post_date":"2021-02-17 01:54:46","post_date_gmt":"2021-02-16 23:54:46","post_content":"<!-- wp:flatsome\/uxbuilder -->\n<h1 style=\"text-align: center;\"><strong>AZ VIETNAM<\/strong><\/h1>\n[row]\n\n[col span=\"8\" span__sm=\"12\"]\n\n<p>Th\u00e0nh l\u1eadp n\u0103m: 2015<br \/>V\u1ed1n \u0111\u1ea7u t\u01b0: 4,000,000,000 \u0111\u1ed3ng<br \/><strong>L\u0129nh v\u1ef1c:<\/strong><br \/>- Xu\u1ea5t b\u1ea3n v\u00e0 ph\u00e1t h\u00e0nh v\u0103n h\u00f3a ph\u1ea9m<br \/>- Cung c\u1ea5p v\u0103n h\u00f3a ph\u1ea9m, c\u00e1c s\u1ea3n ph\u1ea9m cho in \u1ea5n, trang thi\u1ebft b\u1ecb cho c\u00e1c th\u01b0 vi\u1ec7n v\u00e0 trung t\u00e2m s\u00e1ch tr\u00ean c\u1ea3 n\u01b0\u1edbc.<br \/>- Th\u1eddi trang v\u00e0 c\u00e1c s\u1ea3n ph\u1ea9m li\u00ean quan \u0111\u1ebfn l\u0129nh v\u1ef1c th\u1eddi trang<br \/>- Xu\u1ea5t nh\u1eadp kh\u1ea9u c\u00e1c s\u1ea3n ph\u1ea9m v\u0103n h\u00f3a<\/p>\n<p><strong>Quy m\u00f4:<\/strong> 60 nh\u00e2n vi\u00ean<br \/>Kh\u1edfi ngu\u1ed3n c\u1ee7a AZ Vi\u1ec7t Nam ng\u00e0y nay l\u00e0 C\u00f4ng ty TNHH Trung t\u00e2m S\u00e1ch v\u00e0 Thi\u1ebft b\u1ecb Th\u01b0 vi\u1ec7n, v\u1edbi ho\u1ea1t \u0111\u1ed9ng \u0111\u1ea7u ti\u00ean l\u00e0 cung c\u1ea5p s\u00e1ch, trang thi\u1ebft b\u1ecb, v\u0103n h\u00f3a ph\u1ea9m cho c\u00e1c th\u01b0 vi\u1ec7n v\u00e0 trung t\u00e2m s\u00e1ch tr\u00ean c\u1ea3 n\u01b0\u1edbc. T\u1eeb cu\u1ed1i n\u0103m 2010 \u0111\u1ebfn nay, ch\u00fang t\u00f4i \u0111\u00e3 kh\u00f4ng ng\u1eebng n\u1ed7 l\u1ef1c khai ph\u00e1 v\u00e0 ph\u00e1t tri\u1ec3n c\u00e1c d\u00f2ng s\u1ea3n ph\u1ea9m m\u1edbi v\u1edbi 8 th\u01b0\u01a1ng hi\u1ec7u uy t\u00edn. \u0110\u1ec3 \u0111\u00e1p \u1ee9ng nhu c\u1ea7u ph\u00e1t tri\u1ec3n ng\u00e0y m\u1ed9t l\u1edbn m\u1ea1nh v\u00e0 t\u1eadp h\u1ee3p c\u00e1c th\u01b0\u01a1ng hi\u1ec7u \u0111\u00e3 \u0111\u01b0\u1ee3c ch\u00fang t\u00f4i x\u00e2y d\u1ef1ng, 2015 C\u00f4ng ty TNHH AZ Vi\u1ec7t Nam \u0111\u00e3 ra \u0111\u1eddi v\u1edbi s\u1ee9 m\u1ec7nh mang \u0111\u1ebfn nhi\u1ec1u h\u01a1n n\u1eefa nh\u1eefng gi\u00e1 tr\u1ecb tinh th\u1ea7n, tri th\u1ee9c ti\u00ean ti\u1ebfn cho ng\u01b0\u1eddi ti\u00eau d\u00f9ng b\u1eb1ng vi\u1ec7c cung c\u1ea5p nh\u1eefng s\u1ea3n ph\u1ea9m c\u00f3 ch\u1ea5t l\u01b0\u1ee3ng.<\/p>\n\n[\/col]\n[col span=\"4\" span__sm=\"12\"]\n\n[ux_image id=\"1836\" image_size=\"medium\"]\n\n\n[\/col]\n\n[\/row]\n\n<!-- \/wp:flatsome\/uxbuilder -->","post_title":"AZ Vi\u1ec7t Nam","post_excerpt":"","post_status":"publish","comment_status":"closed","ping_status":"closed","post_password":"","post_name":"az-viet-nam","to_ping":"","pinged":"","post_modified":"2021-02-17 22:07:10","post_modified_gmt":"2021-02-17 20:07:10","post_content_filtered":"","post_parent":0,"guid":"https:\/\/sachviet.eu\/nha-phat-hanh\/az-viet-nam\/","menu_order":0,"post_type":"publisher","post_mime_type":"","comment_count":"0","filter":"raw"}},"_links":{"self":[{"href":"https:\/\/sachviet.eu\/en\/wp-json\/wp\/v2\/product\/18839","targetHints":{"allow":["GET"]}}],"collection":[{"href":"https:\/\/sachviet.eu\/en\/wp-json\/wp\/v2\/product"}],"about":[{"href":"https:\/\/sachviet.eu\/en\/wp-json\/wp\/v2\/types\/product"}],"wp:featuredmedia":[{"embeddable":true,"href":"https:\/\/sachviet.eu\/en\/wp-json\/wp\/v2\/media\/18838"}],"wp:attachment":[{"href":"https:\/\/sachviet.eu\/en\/wp-json\/wp\/v2\/media?parent=18839"}],"wp:term":[{"taxonomy":"product_brand","embeddable":true,"href":"https:\/\/sachviet.eu\/en\/wp-json\/wp\/v2\/product_brand?post=18839"},{"taxonomy":"product_cat","embeddable":true,"href":"https:\/\/sachviet.eu\/en\/wp-json\/wp\/v2\/product_cat?post=18839"},{"taxonomy":"product_tag","embeddable":true,"href":"https:\/\/sachviet.eu\/en\/wp-json\/wp\/v2\/product_tag?post=18839"}],"curies":[{"name":"wp","href":"https:\/\/api.w.org\/{rel}","templated":true}]}}