{"id":18833,"date":"2022-04-21T20:41:12","date_gmt":"2022-04-21T17:41:12","guid":{"rendered":"https:\/\/sachviet.eu\/shop\/sach-ehon-bi-mat-su-ky-dieu-cua-co-the-bo-4-cuon\/"},"modified":"2023-05-20T18:11:22","modified_gmt":"2023-05-20T15:11:22","slug":"sach-ehon-bi-mat-su-ky-dieu-cua-co-the-bo-4-cuon","status":"publish","type":"product","link":"https:\/\/sachviet.eu\/en\/shop\/sach-ehon-bi-mat-su-ky-dieu-cua-co-the-bo-4-cuon\/","title":{"rendered":"S\u00e1ch Ehon &#8211; B\u00ed m\u1eadt s\u1ef1 k\u1ef3 di\u1ec7u c\u1ee7a c\u01a1 th\u1ec3 (b\u1ed9 4 cu\u1ed1n)"},"content":{"rendered":"<p>S\u00e1ch Ehon &#8211; B\u00ed m\u1eadt s\u1ef1 k\u1ef3 di\u1ec7u c\u1ee7a c\u01a1 th\u1ec3 (b\u1ed9 4 cu\u1ed1n)<\/p>\n<p>\u0110\u1ec1 t\u00e0i kh\u00e1m ph\u00e1 b\u1ea3n th\u00e2n d\u00e0nh cho c\u00e1c b\u00e9 hi\u1ec7n nay c\u00f3 r\u1ea5t nhi\u1ec1u d\u1ea1ng, ki\u1ec3u v\u00e0 ki\u1ebfn th\u1ee9c kh\u00e1c nhau. M\u1ee5c \u0111\u00edch c\u0169ng \u0111\u1ec3 b\u00e9 hi\u1ec3u \u0111\u01b0\u1ee3c c\u01a1 th\u1ec3 c\u1ee7a m\u00ecnh nh\u01b0 th\u1ebf n\u00e0o v\u00e0 gi\u1ea3i \u0111\u00e1p \u0111\u01b0\u1ee3c v\u1ea1n c\u00e2u h\u1ecfi t\u1ea1i sao c\u1ee7a c\u00e1c b\u00e9. V\u00e0 ki\u1ebfn th\u1ee9c \u0111\u00fang lu\u00f4n \u0111i chung v\u1edbi s\u1ef1 r\u00f5 r\u00e0ng v\u00e0 ch\u00ednh x\u00e1c c\u1ee7a khoa h\u1ecdc. \u0110\u01b0\u01a1ng nhi\u00ean s\u1ebd k\u00e9m th\u00fa v\u1ecb \u0111i n\u1ebfu nh\u01b0 h\u00ecnh \u1ea3nh v\u00e0 c\u00e2u t\u1eeb kh\u00f4ng mang l\u1ea1i cho c\u00e1c b\u00e9 s\u1ef1 th\u00edch th\u00fa, h\u00e0i h\u01b0\u1edbc v\u00e0 nh\u1eb9 nh\u00e0ng.<\/p>\n<p>B\u1ed9 s\u00e1ch \u201cS\u1ef1 k\u1ef3 di\u1ec7u c\u1ee7a c\u01a1 th\u1ec3\u201d n\u1eb1m trong t\u1ee7 s\u00e1ch Children&#8217;s books \u2013 Ehon c\u1ee7a Thaihabooks, v\u1edbi m\u1ee5c \u0111\u00edch nu\u00f4i d\u01b0\u1ee1ng t\u00e2m h\u1ed3n v\u00e0 n\u00e2ng cao ki\u1ebfn th\u1ee9c cho b\u00e9.<\/p>\n<p>B\u1ed9 4 cu\u1ed1n s\u00e1ch \u0111\u01b0\u1ee3c mang t\u00ean: B\u00ed m\u1eadt c\u1ee7a chi\u1ec1u cao, B\u00ed m\u1eadt c\u1ee7a th\u00e2n nhi\u1ec7t, B\u00ed m\u1eadt c\u1ee7a tr\u00e1i tim, B\u00ed m\u1eadt chuy\u1ec7n \u0111i \u1ecb<\/p>\n","protected":false},"excerpt":{"rendered":"<p>S\u00e1ch Ehon &#8211; B\u00ed m\u1eadt s\u1ef1 k\u1ef3 di\u1ec7u c\u1ee7a c\u01a1 th\u1ec3 (b\u1ed9 4 cu\u1ed1n)<\/p>\n<p>\u0110\u1ec1 t\u00e0i kh\u00e1m ph\u00e1 b\u1ea3n th\u00e2n d\u00e0nh cho c\u00e1c b\u00e9 hi\u1ec7n nay c\u00f3 r\u1ea5t nhi\u1ec1u d\u1ea1ng, ki\u1ec3u v\u00e0 ki\u1ebfn th\u1ee9c kh\u00e1c nhau. M\u1ee5c \u0111\u00edch c\u0169ng \u0111\u1ec3 b\u00e9 hi\u1ec3u \u0111\u01b0\u1ee3c c\u01a1 th\u1ec3 c\u1ee7a m\u00ecnh nh\u01b0 th\u1ebf n\u00e0o v\u00e0 gi\u1ea3i \u0111\u00e1p \u0111\u01b0\u1ee3c v\u1ea1n c\u00e2u h\u1ecfi t\u1ea1i sao c\u1ee7a c\u00e1c b\u00e9. V\u00e0 ki\u1ebfn th\u1ee9c \u0111\u00fang lu\u00f4n \u0111i chung v\u1edbi s\u1ef1 r\u00f5 r\u00e0ng v\u00e0 ch\u00ednh x\u00e1c c\u1ee7a khoa h\u1ecdc. \u0110\u01b0\u01a1ng nhi\u00ean s\u1ebd k\u00e9m th\u00fa v\u1ecb \u0111i n\u1ebfu nh\u01b0 h\u00ecnh \u1ea3nh v\u00e0 c\u00e2u t\u1eeb kh\u00f4ng mang l\u1ea1i cho c\u00e1c b\u00e9 s\u1ef1 th\u00edch th\u00fa, h\u00e0i h\u01b0\u1edbc v\u00e0 nh\u1eb9 nh\u00e0ng.<\/p>\n<p>B\u1ed9 s\u00e1ch \u201cS\u1ef1 k\u1ef3 di\u1ec7u c\u1ee7a c\u01a1 th\u1ec3\u201d n\u1eb1m trong t\u1ee7 s\u00e1ch Children&#8217;s books \u2013 Ehon c\u1ee7a Thaihabooks, v\u1edbi m\u1ee5c \u0111\u00edch nu\u00f4i d\u01b0\u1ee1ng t\u00e2m h\u1ed3n v\u00e0 n\u00e2ng cao ki\u1ebfn th\u1ee9c cho b\u00e9.<\/p>\n<p>B\u1ed9 4 cu\u1ed1n s\u00e1ch \u0111\u01b0\u1ee3c mang t\u00ean: B\u00ed m\u1eadt c\u1ee7a chi\u1ec1u cao, B\u00ed m\u1eadt c\u1ee7a th\u00e2n nhi\u1ec7t, B\u00ed m\u1eadt c\u1ee7a tr\u00e1i tim, B\u00ed m\u1eadt chuy\u1ec7n \u0111i \u1ecb<\/p>\n","protected":false},"featured_media":18832,"template":"","meta":{"_acf_changed":false},"product_brand":[],"product_cat":[24,25,17],"product_tag":[],"class_list":{"0":"post-18833","1":"product","2":"type-product","3":"status-publish","4":"has-post-thumbnail","6":"product_cat-nha-tre-mau-giao-0-tuoi-6-tuoi","7":"product_cat-nhi-dong-6-tuoi-12-tuoi","8":"product_cat-sach-danh-cho-cac-be","10":"first","11":"outofstock","12":"taxable","13":"shipping-taxable","14":"purchasable","15":"product-type-simple"},"supplier_id":null,"supplier_sku":"","barcode":null,"atum_controlled":true,"out_stock_date":null,"out_stock_threshold":null,"inheritable":false,"inbound_stock":0,"stock_on_hold":0,"sold_today":0,"sales_last_days":0,"reserved_stock":0,"customer_returns":0,"warehouse_damage":0,"lost_in_post":0,"other_logs":0,"out_stock_days":0,"lost_sales":0,"has_location":true,"update_date":"2026-01-28T23:11:05","atum_locations":[{"id":32,"name":"Helsinki","slug":"helsinki"}],"atum_stock_status":"outofstock","restock_status":false,"low_stock_amount":"","sales_update_date":"2026-01-28T23:11:05","calc_backorders":null,"acf":{"publisher":{"ID":1474,"post_author":"1","post_date":"2021-02-17 01:12:51","post_date_gmt":"2021-02-16 23:12:51","post_content":"","post_title":"Th\u00e1i H\u00e0","post_excerpt":"","post_status":"publish","comment_status":"closed","ping_status":"closed","post_password":"","post_name":"thai-ha","to_ping":"","pinged":"","post_modified":"2021-02-17 01:12:51","post_modified_gmt":"2021-02-16 23:12:51","post_content_filtered":"","post_parent":0,"guid":"https:\/\/sachviet.eu\/nha-phat-hanh\/thai-ha\/","menu_order":0,"post_type":"publisher","post_mime_type":"","comment_count":"0","filter":"raw"}},"_links":{"self":[{"href":"https:\/\/sachviet.eu\/en\/wp-json\/wp\/v2\/product\/18833","targetHints":{"allow":["GET"]}}],"collection":[{"href":"https:\/\/sachviet.eu\/en\/wp-json\/wp\/v2\/product"}],"about":[{"href":"https:\/\/sachviet.eu\/en\/wp-json\/wp\/v2\/types\/product"}],"wp:featuredmedia":[{"embeddable":true,"href":"https:\/\/sachviet.eu\/en\/wp-json\/wp\/v2\/media\/18832"}],"wp:attachment":[{"href":"https:\/\/sachviet.eu\/en\/wp-json\/wp\/v2\/media?parent=18833"}],"wp:term":[{"taxonomy":"product_brand","embeddable":true,"href":"https:\/\/sachviet.eu\/en\/wp-json\/wp\/v2\/product_brand?post=18833"},{"taxonomy":"product_cat","embeddable":true,"href":"https:\/\/sachviet.eu\/en\/wp-json\/wp\/v2\/product_cat?post=18833"},{"taxonomy":"product_tag","embeddable":true,"href":"https:\/\/sachviet.eu\/en\/wp-json\/wp\/v2\/product_tag?post=18833"}],"curies":[{"name":"wp","href":"https:\/\/api.w.org\/{rel}","templated":true}]}}