{"id":18831,"date":"2022-04-21T20:41:06","date_gmt":"2022-04-21T17:41:06","guid":{"rendered":"https:\/\/sachviet.eu\/shop\/truyen-ke-truoc-khi-ngu-cho-be-cuon-chim-se-toc-xu\/"},"modified":"2022-12-19T14:57:38","modified_gmt":"2022-12-19T12:57:38","slug":"truyen-ke-truoc-khi-ngu-cho-be-cuon-chim-se-toc-xu","status":"publish","type":"product","link":"https:\/\/sachviet.eu\/en\/shop\/truyen-ke-truoc-khi-ngu-cho-be-cuon-chim-se-toc-xu\/","title":{"rendered":"Truy\u1ec7n K\u1ec3 Tr\u01b0\u1edbc Khi Ng\u1ee7 Cho B\u00e9 &#8211; Cu\u1ed1n Chim S\u1ebb T\u00f3c X\u00f9"},"content":{"rendered":"<p>M\u1ed9t cu\u1ed1n s\u00e1ch kh\u00f4ng c\u00f3 qu\u00e1 nhi\u1ec1u n\u00fat th\u1eaft m\u1edf hay nh\u1eefng b\u00e0i h\u1ecdc s\u00e2u s\u1eafc, to l\u1edbn. Ch\u1ec9 \u0111\u01a1n gi\u1ea3n l\u00e0 m\u1ed9t c\u00e2u chuy\u1ec7n k\u1ec3 nh\u1eb9 nh\u00e0ng, trong s\u00e1ng v\u1ec1 m\u1ed9t b\u1ea1n nh\u1ecf t\u1ed1t b\u1ee5ng, bi\u1ebft chia s\u1ebb, s\u1eb5n s\u00e0ng th\u1ea3 b\u1ea1n chim nh\u1ecf quay tr\u1edf v\u1ec1 thi\u00ean nhi\u00ean m\u00e0 kh\u00f4ng mu\u1ed1n gi\u1eef l\u1ea1i \u0111\u1ec3 l\u00e0m vui cho ri\u00eang m\u00ecnh.<\/p>\n<p>V\u1eady m\u1edbi th\u1ea5y, t\u00e2m h\u1ed3n con tr\u1ebb th\u1eadt k\u1ef3 di\u1ec7u thay, n\u00f3 th\u1ed5i m\u1ed9t l\u00e0n gi\u00f3 trong tr\u1ebbo v\u00e0o cu\u1ed9c s\u1ed1ng th\u01b0\u1eddng ng\u00e0y, l\u00e0n gi\u00f3 v\u1ec1 s\u1ef1 bao dung, t\u1ed1t b\u1ee5ng v\u00e0 bi\u1ebft tr\u00e2n tr\u1ecdng s\u1ef1 kh\u00e1c bi\u1ec7t c\u1ee7a m\u1ecdi ng\u01b0\u1eddi.<\/p>\n<p>V\u1edbi m\u1ed7i cu\u1ed1n s\u00e1ch &#8220;Chim s\u1ebb t\u00f3c x\u00f9&#8221; \u0111\u1ebfn tay c\u00e1c em b\u00e9, LIONBOOKS xin g\u1eedi t\u1eb7ng \u0111\u1ed9c gi\u1ea3 nh\u00ed v\u00e0 c\u00e1c ba m\u1eb9 m\u1ed9t t\u1ea5m thi\u1ec7p xinh x\u1eafn, \u0111\u01b0\u1ee3c thi\u1ebft k\u1ebf l\u1ea5y c\u1ea3m h\u1ee9ng t\u1eeb b\u1ed1i c\u1ea3nh \u0110\u00e0 L\u1ea1t si\u00eau m\u1ed9ng m\u01a1 t\u1eeb trang s\u00e1ch, c\u1ef1c ph\u00f9 h\u1ee3p \u0111\u1ec3 g\u1eedi g\u1eafm nh\u1eefng l\u1eddi y\u00eau th\u01b0\u01a1ng \u0111\u00f3 \u1ea1!<\/p>\n<p>Hi\u1ec3u h\u01a1n v\u1ec1 truy\u1ec7n \u0111\u1ecdc tr\u01b0\u1edbc gi\u1edd \u0111i ng\u1ee7<br \/>\nBa m\u1eb9 ch\u00fang ta \u0111\u1ec1u bi\u1ebft, m\u1ed9t gi\u1ea5c ng\u1ee7 th\u1eadt l\u00e0 ngon, th\u1eadt l\u00e0 say c\u00f3 \u00fd ngh\u0129a quan tr\u1ecdng nh\u01b0 th\u1ebf n\u00e0o v\u1edbi c\u00e1c b\u1ea1n nh\u1ecf, n\u00f3 gi\u00fap c\u00e1c b\u1ea1n nh\u1ecf t\u0103ng s\u1ee9c \u0111\u1ec1 kh\u00e1ng, cao l\u1edbn nhanh h\u01a1n v\u00e0 \u0111\u1eb7c bi\u1ec7t l\u00e0 tinh th\u1ea7n v\u00e0 c\u1ea3m x\u00fac lu\u00f4n vui v\u1ebb, d\u1ec5 ch\u1ecbu.<\/p>\n<p>Gi\u1edd \u0111\u1ecdc s\u00e1ch tr\u01b0\u1edbc khi \u0111i ng\u1ee7 l\u00e0 m\u1ed9t trong nh\u1eefng b\u01b0\u1edbc quan tr\u1ecdng \u0111\u01b0\u1ee3c c\u00e1c chuy\u00ean gia nhi khoa v\u00e0 c\u00e1c nh\u00e0 t\u00e2m l\u00fd h\u1ecdc lu\u00f4n khuy\u1ebfn kh\u00edch ba m\u1eb9 chia s\u1ebb c\u00f9ng con. \u0110\u1ec3 c\u00f3 m\u1ed9t gi\u1edd \u0111\u1ecdc s\u00e1ch \u0111i ng\u1ee7 khi\u1ebfn c\u00e1c b\u00e9 say s\u01b0a, lim dim v\u00e0 d\u1ec5 d\u00e0ng ch\u00ecm v\u00e0o gi\u1ea5c ng\u1ee7 ngon \u00eam th\u00ec nh\u1eefng cu\u1ed1n s\u00e1ch \u0111\u1ecdc tr\u01b0\u1edbc gi\u1edd \u0111i ng\u1ee7 l\u00e0 kh\u00f4ng th\u1ec3 thi\u1ebfu \u0111\u00fang kh\u00f4ng c\u00e1c ba m\u1eb9 ?<\/p>\n<p>B\u00ean c\u1ea1nh \u0111\u00f3, theo nghi\u00ean c\u1ee9u khoa h\u1ecdc, khi con ti\u1ebfp nh\u1eadn nh\u1eefng l\u1eddi th\u1ee7 th\u1ec9 l\u00fac ch\u00fang v\u1eeba ng\u1ee7, nh\u1eefng l\u1eddi t\u00e2m t\u00ecnh n\u00e0y d\u1ec5 d\u00e0ng \u0111i v\u00e0o ti\u1ec1m th\u1ee9c c\u1ee7a con, d\u1ea7n d\u1ea7n con s\u1ebd ghi nh\u1edb v\u00e0 kh\u1eafc s\u00e2u v\u00e0 g\u00f3p ph\u1ea7n x\u00e2y d\u1ef1ng t\u00ednh c\u00e1ch, t\u01b0 duy c\u1ee7a tr\u1ebb.<\/p>\n<p>&#8220;Chim s\u1ebb t\u00f3c x\u00f9&#8221; v\u00e0 &#8220;R\u1eebng xanh r\u00ec r\u00e0o&#8221; l\u00e0 2 cu\u1ed1n s\u00e1ch c\u1ef1c k\u00ec ph\u00f9 h\u1ee3p \u0111\u1ec3 \u0111\u1ecdc tr\u01b0\u1edbc gi\u1edd \u0111i ng\u1ee7. V\u1edbi c\u1ed1t truy\u1ec7n nh\u1eb9 nh\u00e0ng, nh\u00e2n v\u1eadt c\u1ef1c d\u1ec5 th\u01b0\u01a1ng v\u00e0 l\u1ed1i k\u1ec3 chuy\u1ec7n \u00eam \u00e1i, d\u1ecbu d\u00e0ng, t\u1ea1o n\u00ean nh\u1ecbp \u0111i\u1ec7u du d\u01b0\u01a1ng, hai cu\u1ed1n s\u00e1ch n\u00e0y c\u00f3 th\u1ec3 coi l\u00e0 &#8220;th\u1ea7n ch\u00fa&#8221; gi\u00fap b\u1ed1 m\u1eb9 d\u1ed7 b\u00e9 ng\u1ee7 ngon m\u1ed9t c\u00e1ch d\u1ec5 d\u00e0ng v\u00e0 th\u01b0 gi\u00e3n.<\/p>\n","protected":false},"excerpt":{"rendered":"<p>M\u1ed9t cu\u1ed1n s\u00e1ch kh\u00f4ng c\u00f3 qu\u00e1 nhi\u1ec1u n\u00fat th\u1eaft m\u1edf hay nh\u1eefng b\u00e0i h\u1ecdc s\u00e2u s\u1eafc, to l\u1edbn. Ch\u1ec9 \u0111\u01a1n gi\u1ea3n l\u00e0 m\u1ed9t c\u00e2u chuy\u1ec7n k\u1ec3 nh\u1eb9 nh\u00e0ng, trong s\u00e1ng v\u1ec1 m\u1ed9t b\u1ea1n nh\u1ecf t\u1ed1t b\u1ee5ng, bi\u1ebft chia s\u1ebb, s\u1eb5n s\u00e0ng th\u1ea3 b\u1ea1n chim nh\u1ecf quay tr\u1edf v\u1ec1 thi\u00ean nhi\u00ean m\u00e0 kh\u00f4ng mu\u1ed1n gi\u1eef l\u1ea1i \u0111\u1ec3 l\u00e0m vui cho ri\u00eang m\u00ecnh.<\/p>\n<p>V\u1eady m\u1edbi th\u1ea5y, t\u00e2m h\u1ed3n con tr\u1ebb th\u1eadt k\u1ef3 di\u1ec7u thay, n\u00f3 th\u1ed5i m\u1ed9t l\u00e0n gi\u00f3 trong tr\u1ebbo v\u00e0o cu\u1ed9c s\u1ed1ng th\u01b0\u1eddng ng\u00e0y, l\u00e0n gi\u00f3 v\u1ec1 s\u1ef1 bao dung, t\u1ed1t b\u1ee5ng v\u00e0 bi\u1ebft tr\u00e2n tr\u1ecdng s\u1ef1 kh\u00e1c bi\u1ec7t c\u1ee7a m\u1ecdi ng\u01b0\u1eddi.<\/p>\n<p>V\u1edbi m\u1ed7i cu\u1ed1n s\u00e1ch &#8220;Chim s\u1ebb t\u00f3c x\u00f9&#8221; \u0111\u1ebfn tay c\u00e1c em b\u00e9, LIONBOOKS xin g\u1eedi t\u1eb7ng \u0111\u1ed9c gi\u1ea3 nh\u00ed v\u00e0 c\u00e1c ba m\u1eb9 m\u1ed9t t\u1ea5m thi\u1ec7p xinh x\u1eafn, \u0111\u01b0\u1ee3c thi\u1ebft k\u1ebf l\u1ea5y c\u1ea3m h\u1ee9ng t\u1eeb b\u1ed1i c\u1ea3nh \u0110\u00e0 L\u1ea1t si\u00eau m\u1ed9ng m\u01a1 t\u1eeb trang s\u00e1ch, c\u1ef1c ph\u00f9 h\u1ee3p \u0111\u1ec3 g\u1eedi g\u1eafm nh\u1eefng l\u1eddi y\u00eau th\u01b0\u01a1ng \u0111\u00f3 \u1ea1!<\/p>\n<p>Hi\u1ec3u h\u01a1n v\u1ec1 truy\u1ec7n \u0111\u1ecdc tr\u01b0\u1edbc gi\u1edd \u0111i ng\u1ee7<br \/>\nBa m\u1eb9 ch\u00fang ta \u0111\u1ec1u bi\u1ebft, m\u1ed9t gi\u1ea5c ng\u1ee7 th\u1eadt l\u00e0 ngon, th\u1eadt l\u00e0 say c\u00f3 \u00fd ngh\u0129a quan tr\u1ecdng nh\u01b0 th\u1ebf n\u00e0o v\u1edbi c\u00e1c b\u1ea1n nh\u1ecf, n\u00f3 gi\u00fap c\u00e1c b\u1ea1n nh\u1ecf t\u0103ng s\u1ee9c \u0111\u1ec1 kh\u00e1ng, cao l\u1edbn nhanh h\u01a1n v\u00e0 \u0111\u1eb7c bi\u1ec7t l\u00e0 tinh th\u1ea7n v\u00e0 c\u1ea3m x\u00fac lu\u00f4n vui v\u1ebb, d\u1ec5 ch\u1ecbu.<\/p>\n<p>Gi\u1edd \u0111\u1ecdc s\u00e1ch tr\u01b0\u1edbc khi \u0111i ng\u1ee7 l\u00e0 m\u1ed9t trong nh\u1eefng b\u01b0\u1edbc quan tr\u1ecdng \u0111\u01b0\u1ee3c c\u00e1c chuy\u00ean gia nhi khoa v\u00e0 c\u00e1c nh\u00e0 t\u00e2m l\u00fd h\u1ecdc lu\u00f4n khuy\u1ebfn kh\u00edch ba m\u1eb9 chia s\u1ebb c\u00f9ng con. \u0110\u1ec3 c\u00f3 m\u1ed9t gi\u1edd \u0111\u1ecdc s\u00e1ch \u0111i ng\u1ee7 khi\u1ebfn c\u00e1c b\u00e9 say s\u01b0a, lim dim v\u00e0 d\u1ec5 d\u00e0ng ch\u00ecm v\u00e0o gi\u1ea5c ng\u1ee7 ngon \u00eam th\u00ec nh\u1eefng cu\u1ed1n s\u00e1ch \u0111\u1ecdc tr\u01b0\u1edbc gi\u1edd \u0111i ng\u1ee7 l\u00e0 kh\u00f4ng th\u1ec3 thi\u1ebfu \u0111\u00fang kh\u00f4ng c\u00e1c ba m\u1eb9 ?<\/p>\n<p>B\u00ean c\u1ea1nh \u0111\u00f3, theo nghi\u00ean c\u1ee9u khoa h\u1ecdc, khi con ti\u1ebfp nh\u1eadn nh\u1eefng l\u1eddi th\u1ee7 th\u1ec9 l\u00fac ch\u00fang v\u1eeba ng\u1ee7, nh\u1eefng l\u1eddi t\u00e2m t\u00ecnh n\u00e0y d\u1ec5 d\u00e0ng \u0111i v\u00e0o ti\u1ec1m th\u1ee9c c\u1ee7a con, d\u1ea7n d\u1ea7n con s\u1ebd ghi nh\u1edb v\u00e0 kh\u1eafc s\u00e2u v\u00e0 g\u00f3p ph\u1ea7n x\u00e2y d\u1ef1ng t\u00ednh c\u00e1ch, t\u01b0 duy c\u1ee7a tr\u1ebb.<\/p>\n<p>&#8220;Chim s\u1ebb t\u00f3c x\u00f9&#8221; v\u00e0 &#8220;R\u1eebng xanh r\u00ec r\u00e0o&#8221; l\u00e0 2 cu\u1ed1n s\u00e1ch c\u1ef1c k\u00ec ph\u00f9 h\u1ee3p \u0111\u1ec3 \u0111\u1ecdc tr\u01b0\u1edbc gi\u1edd \u0111i ng\u1ee7. V\u1edbi c\u1ed1t truy\u1ec7n nh\u1eb9 nh\u00e0ng, nh\u00e2n v\u1eadt c\u1ef1c d\u1ec5 th\u01b0\u01a1ng v\u00e0 l\u1ed1i k\u1ec3 chuy\u1ec7n \u00eam \u00e1i, d\u1ecbu d\u00e0ng, t\u1ea1o n\u00ean nh\u1ecbp \u0111i\u1ec7u du d\u01b0\u01a1ng, hai cu\u1ed1n s\u00e1ch n\u00e0y c\u00f3 th\u1ec3 coi l\u00e0 &#8220;th\u1ea7n ch\u00fa&#8221; gi\u00fap b\u1ed1 m\u1eb9 d\u1ed7 b\u00e9 ng\u1ee7 ngon m\u1ed9t c\u00e1ch d\u1ec5 d\u00e0ng v\u00e0 th\u01b0 gi\u00e3n.<\/p>\n","protected":false},"featured_media":18830,"template":"","meta":{"_acf_changed":false},"product_brand":[],"product_cat":[24,25,17],"product_tag":[],"class_list":{"0":"post-18831","1":"product","2":"type-product","3":"status-publish","4":"has-post-thumbnail","6":"product_cat-nha-tre-mau-giao-0-tuoi-6-tuoi","7":"product_cat-nhi-dong-6-tuoi-12-tuoi","8":"product_cat-sach-danh-cho-cac-be","10":"first","11":"outofstock","12":"taxable","13":"shipping-taxable","14":"purchasable","15":"product-type-simple"},"supplier_id":null,"supplier_sku":"","barcode":null,"atum_controlled":true,"out_stock_date":"2022-12-19 12:57:38","out_stock_threshold":null,"inheritable":false,"inbound_stock":0,"stock_on_hold":0,"sold_today":0,"sales_last_days":0,"reserved_stock":0,"customer_returns":0,"warehouse_damage":0,"lost_in_post":0,"other_logs":0,"out_stock_days":1136,"lost_sales":0,"has_location":false,"update_date":"2026-01-28T23:11:05","atum_locations":[{"id":32,"name":"Helsinki","slug":"helsinki"}],"atum_stock_status":"outofstock","restock_status":false,"low_stock_amount":"","sales_update_date":"2026-01-28T23:11:05","calc_backorders":null,"acf":{"publisher":{"ID":15270,"post_author":"1","post_date":"2021-08-04 15:01:56","post_date_gmt":"2021-08-04 12:01:56","post_content":"","post_title":"Lionbooks","post_excerpt":"","post_status":"publish","comment_status":"closed","ping_status":"closed","post_password":"","post_name":"lionbooks","to_ping":"","pinged":"","post_modified":"2021-08-04 15:01:56","post_modified_gmt":"2021-08-04 12:01:56","post_content_filtered":"","post_parent":0,"guid":"https:\/\/sachviet.eu\/nha-phat-hanh\/lionbooks\/","menu_order":0,"post_type":"publisher","post_mime_type":"","comment_count":"0","filter":"raw"}},"_links":{"self":[{"href":"https:\/\/sachviet.eu\/en\/wp-json\/wp\/v2\/product\/18831","targetHints":{"allow":["GET"]}}],"collection":[{"href":"https:\/\/sachviet.eu\/en\/wp-json\/wp\/v2\/product"}],"about":[{"href":"https:\/\/sachviet.eu\/en\/wp-json\/wp\/v2\/types\/product"}],"wp:featuredmedia":[{"embeddable":true,"href":"https:\/\/sachviet.eu\/en\/wp-json\/wp\/v2\/media\/18830"}],"wp:attachment":[{"href":"https:\/\/sachviet.eu\/en\/wp-json\/wp\/v2\/media?parent=18831"}],"wp:term":[{"taxonomy":"product_brand","embeddable":true,"href":"https:\/\/sachviet.eu\/en\/wp-json\/wp\/v2\/product_brand?post=18831"},{"taxonomy":"product_cat","embeddable":true,"href":"https:\/\/sachviet.eu\/en\/wp-json\/wp\/v2\/product_cat?post=18831"},{"taxonomy":"product_tag","embeddable":true,"href":"https:\/\/sachviet.eu\/en\/wp-json\/wp\/v2\/product_tag?post=18831"}],"curies":[{"name":"wp","href":"https:\/\/api.w.org\/{rel}","templated":true}]}}