{"id":18825,"date":"2022-04-21T20:40:44","date_gmt":"2022-04-21T17:40:44","guid":{"rendered":"https:\/\/sachviet.eu\/shop\/combo-bo-10-cuon-cau-chuyen-nho-bai-hoc-lon\/"},"modified":"2023-03-08T12:01:23","modified_gmt":"2023-03-08T10:01:23","slug":"combo-bo-10-cuon-cau-chuyen-nho-bai-hoc-lon","status":"publish","type":"product","link":"https:\/\/sachviet.eu\/en\/shop\/combo-bo-10-cuon-cau-chuyen-nho-bai-hoc-lon\/","title":{"rendered":"Combo B\u1ed9 10 Cu\u1ed1n: C\u00e2u Chuy\u1ec7n Nh\u1ecf, B\u00e0i H\u1ecdc L\u1edbn"},"content":{"rendered":"<p>Khi b\u00e9 b\u1eaft \u0111\u1ea7u \u0111i m\u1eabu gi\u00e1o c\u0169ng l\u00e0 l\u00fac b\u00e9 r\u1ea5t h\u00e0o h\u1ee9ng kh\u00e1m ph\u00e1, t\u00ecm hi\u1ec3u m\u1ecdi th\u1ee9 quanh m\u00ecnh. V\u00e0 b\u1ed1 m\u1eb9 bi\u1ebft kh\u00f4ng, \u00f4 t\u00f4 l\u00e0 m\u1ed9t trong c\u00e1c ch\u1ee7 \u0111\u1ec1 m\u00e0 c\u00e1c b\u00e9 r\u1ea5t th\u00edch.<\/p>\n<p>Th\u1ebf gi\u1edbi \u00f4 t\u00f4 lu\u00f4n chi\u1ebfm \u0111\u01b0\u1ee3c t\u00ecnh c\u1ea3m y\u00eau m\u1ebfn c\u1ee7a c\u00e1c b\u1ea1n nh\u1ecf. B\u1eb1ng ch\u1ee9ng l\u00e0 khi \u0111i ra ngo\u00e0i \u0111\u01b0\u1eddng, b\u00e9 th\u01b0\u1eddng ng\u1ea1c nhi\u00ean, ph\u1ea5n kh\u00edch khi nh\u00ecn th\u1ea5y nh\u1eefng chi\u1ebfc \u00f4t\u00f4 v\u1edbi \u0111\u1ee7 c\u00e1c m\u00e0u s\u1eafc xanh, \u0111\u1ecf, t\u00edm, v\u00e0ng v\u00e0 \u0111\u1eb7t ra h\u00e0ng lo\u1ea1t c\u00e2u h\u1ecfi nh\u01b0: \u201cM\u1eb9 \u01a1i! Sao l\u1ea1i g\u1ecdi l\u00e0 xe c\u1ee9u th\u01b0\u01a1ng? Xe c\u1ee9u th\u01b0\u01a1ng d\u00f9ng \u0111\u1ec3 l\u00e0m g\u00ec? hay \u201cBa \u01a1i! Sao xe c\u1ee9u h\u1ecfa l\u1ea1i c\u00f3 m\u00e0u \u0111\u1ecf v\u00e0 c\u00f2i h\u00fa vang?<\/p>\n<p>Kh\u00f4ng ch\u1ec9 l\u00e0 nh\u1eefng chi\u1ebfc xe g\u1ea7n g\u0169i v\u00e0 quan tr\u1ecdng v\u1edbi cu\u1ed9c s\u1ed1ng c\u1ee7a ch\u00fang ta, nh\u1eefng c\u00e2u chuy\u1ec7n trong b\u1ed9 s\u00e1ch C\u00c2U CHUY\u1ec6N NH\u1ece, B\u00c0I H\u1eccC L\u1edaN v\u1ec1 CH\u1ee6 \u0110\u1ec0 \u00d4 T\u00d4 s\u1ebd khi\u1ebfn c\u00e1c b\u00e9 bi\u1ebft y\u00eau th\u01b0\u01a1ng, chia s\u1ebb, bi\u1ebft \u01a1n v\u1edbi nh\u1eefng b\u1ea1n xe \u0111\u00e1ng y\u00eau.<\/p>\n<p>B\u1ed9 s\u00e1ch g\u1ed3m 10 cu\u1ed1n:<\/p>\n<p>Xe bus \u0111\u00e1ng y\u00eau<br \/>\nXe c\u1ea3nh s\u00e1t nghi\u00eam kh\u1eafc<br \/>\nXe ch\u1edf h\u00e0ng nhi\u1ec7t t\u00ecnh<br \/>\nXe con h\u0103ng h\u00e1i<br \/>\nXe c\u1ee9u h\u1ecfa d\u0169ng c\u1ea3m<br \/>\nXe c\u1ee9u th\u01b0\u01a1ng nhanh nh\u1eb9n<br \/>\nXe v\u1ec7 sinh m\u00f4i tr\u01b0\u1eddng th\u00e2n thi\u1ec7n<br \/>\nXe taxi t\u1ed1t b\u1ee5ng<br \/>\nXe t\u01b0\u1edbi n\u01b0\u1edbc vui t\u00ednh<br \/>\nXe bus nh\u1ecf nhanh tr\u00ed<br \/>\nM\u1ed7i cu\u1ed1n s\u00e1ch gi\u1edbi thi\u1ec7u v\u1ec1 m\u1ed9t lo\u1ea1i xe chuy\u00ean d\u1ee5ng, \u0111\u01b0\u1ee3c nh\u00e2n c\u00e1ch h\u00f3a gi\u1ed1ng nh\u01b0 con ng\u01b0\u1eddi, gi\u00fap b\u00e9 hi\u1ec3u \u0111\u1eb7c t\u00ednh ri\u00eang c\u0169ng nh\u01b0 ph\u00e2n bi\u1ec7t \u0111\u01b0\u1ee3c c\u00e1c lo\u1ea1i xe nh\u01b0 xe c\u1ee9u th\u01b0\u01a1ng, c\u1ee9u h\u1ecfa, c\u1ea3nh s\u00e1t, xe v\u1ec7 sinh m\u00f4i tr\u01b0\u1eddng, xe t\u01b0\u1edbi n\u01b0\u1edbc, taxi, xe bu\u00fdt, xe con, xe ch\u1edf h\u00e0\u1eeb \u0111\u00f3 b\u00e9 c\u00f3 th\u1ec3 hi\u1ec3u \u0111\u01b0\u1ee3c trong tr\u01b0\u1eddng h\u1ee3p n\u00e0o th\u00ec ph\u1ea3i s\u1eed d\u1ee5ng ph\u01b0\u01a1ng ti\u1ec7n g\u00ec.<\/p>\n<p>Kh\u00f4ng \u0111\u01a1n gi\u1ea3n ch\u1ec9 l\u00e0 c\u00e2u chuy\u1ec7n nh\u1ecf v\u1ec1 nh\u1eefng chi\u1ebfc xe chuy\u00ean d\u1ee5ng, m\u00e0 \u1ea9n s\u00e2u trong \u0111\u00f3 l\u00e0 nh\u1eefng b\u00e0i h\u1ecdc l\u1edbn lao, gi\u00fap b\u00e9 ph\u00e1t tri\u1ec3n l\u00e0nh m\u1ea1nh v\u1ec1 c\u1ea3 t\u00e2m h\u1ed3n v\u00e0 tr\u00ed tu\u1ec7, trang b\u1ecb th\u00eam nh\u1eefng ki\u1ebfn th\u1ee9c, k\u1ef9 n\u0103ng s\u1ed1ng c\u1ea7n thi\u1ebft \u0111\u1ec3 b\u00e9 s\u1ed1ng h\u00f2a \u0111\u1ed3ng, c\u01b0 x\u1eed t\u1ed1t v\u1edbi b\u1ea1n b\u00e8, bi\u1ebft quan t\u00e2m gi\u00fap \u0111\u1ee1 nh\u1eefng ng\u01b0\u1eddi xung quanh.<\/p>\n<p>B\u1ed9 truy\u1ec7n \u0111\u1eb7c bi\u1ec7t ph\u00f9 h\u1ee3p v\u1edbi c\u00e1c b\u00e9 m\u1ea7m non t\u1eeb 2-6 tu\u1ed5i<\/p>\n","protected":false},"excerpt":{"rendered":"<p>Khi b\u00e9 b\u1eaft \u0111\u1ea7u \u0111i m\u1eabu gi\u00e1o c\u0169ng l\u00e0 l\u00fac b\u00e9 r\u1ea5t h\u00e0o h\u1ee9ng kh\u00e1m ph\u00e1, t\u00ecm hi\u1ec3u m\u1ecdi th\u1ee9 quanh m\u00ecnh. V\u00e0 b\u1ed1 m\u1eb9 bi\u1ebft kh\u00f4ng, \u00f4 t\u00f4 l\u00e0 m\u1ed9t trong c\u00e1c ch\u1ee7 \u0111\u1ec1 m\u00e0 c\u00e1c b\u00e9 r\u1ea5t th\u00edch.<\/p>\n<p>Th\u1ebf gi\u1edbi \u00f4 t\u00f4 lu\u00f4n chi\u1ebfm \u0111\u01b0\u1ee3c t\u00ecnh c\u1ea3m y\u00eau m\u1ebfn c\u1ee7a c\u00e1c b\u1ea1n nh\u1ecf. B\u1eb1ng ch\u1ee9ng l\u00e0 khi \u0111i ra ngo\u00e0i \u0111\u01b0\u1eddng, b\u00e9 th\u01b0\u1eddng ng\u1ea1c nhi\u00ean, ph\u1ea5n kh\u00edch khi nh\u00ecn th\u1ea5y nh\u1eefng chi\u1ebfc \u00f4t\u00f4 v\u1edbi \u0111\u1ee7 c\u00e1c m\u00e0u s\u1eafc xanh, \u0111\u1ecf, t\u00edm, v\u00e0ng v\u00e0 \u0111\u1eb7t ra h\u00e0ng lo\u1ea1t c\u00e2u h\u1ecfi nh\u01b0: \u201cM\u1eb9 \u01a1i! Sao l\u1ea1i g\u1ecdi l\u00e0 xe c\u1ee9u th\u01b0\u01a1ng? Xe c\u1ee9u th\u01b0\u01a1ng d\u00f9ng \u0111\u1ec3 l\u00e0m g\u00ec? hay \u201cBa \u01a1i! Sao xe c\u1ee9u h\u1ecfa l\u1ea1i c\u00f3 m\u00e0u \u0111\u1ecf v\u00e0 c\u00f2i h\u00fa vang?<\/p>\n<p>Kh\u00f4ng ch\u1ec9 l\u00e0 nh\u1eefng chi\u1ebfc xe g\u1ea7n g\u0169i v\u00e0 quan tr\u1ecdng v\u1edbi cu\u1ed9c s\u1ed1ng c\u1ee7a ch\u00fang ta, nh\u1eefng c\u00e2u chuy\u1ec7n trong b\u1ed9 s\u00e1ch C\u00c2U CHUY\u1ec6N NH\u1ece, B\u00c0I H\u1eccC L\u1edaN v\u1ec1 CH\u1ee6 \u0110\u1ec0 \u00d4 T\u00d4 s\u1ebd khi\u1ebfn c\u00e1c b\u00e9 bi\u1ebft y\u00eau th\u01b0\u01a1ng, chia s\u1ebb, bi\u1ebft \u01a1n v\u1edbi nh\u1eefng b\u1ea1n xe \u0111\u00e1ng y\u00eau.<\/p>\n<p>B\u1ed9 s\u00e1ch g\u1ed3m 10 cu\u1ed1n:<\/p>\n<p>Xe bus \u0111\u00e1ng y\u00eau<br \/>\nXe c\u1ea3nh s\u00e1t nghi\u00eam kh\u1eafc<br \/>\nXe ch\u1edf h\u00e0ng nhi\u1ec7t t\u00ecnh<br \/>\nXe con h\u0103ng h\u00e1i<br \/>\nXe c\u1ee9u h\u1ecfa d\u0169ng c\u1ea3m<br \/>\nXe c\u1ee9u th\u01b0\u01a1ng nhanh nh\u1eb9n<br \/>\nXe v\u1ec7 sinh m\u00f4i tr\u01b0\u1eddng th\u00e2n thi\u1ec7n<br \/>\nXe taxi t\u1ed1t b\u1ee5ng<br \/>\nXe t\u01b0\u1edbi n\u01b0\u1edbc vui t\u00ednh<br \/>\nXe bus nh\u1ecf nhanh tr\u00ed<br \/>\nM\u1ed7i cu\u1ed1n s\u00e1ch gi\u1edbi thi\u1ec7u v\u1ec1 m\u1ed9t lo\u1ea1i xe chuy\u00ean d\u1ee5ng, \u0111\u01b0\u1ee3c nh\u00e2n c\u00e1ch h\u00f3a gi\u1ed1ng nh\u01b0 con ng\u01b0\u1eddi, gi\u00fap b\u00e9 hi\u1ec3u \u0111\u1eb7c t\u00ednh ri\u00eang c\u0169ng nh\u01b0 ph\u00e2n bi\u1ec7t \u0111\u01b0\u1ee3c c\u00e1c lo\u1ea1i xe nh\u01b0 xe c\u1ee9u th\u01b0\u01a1ng, c\u1ee9u h\u1ecfa, c\u1ea3nh s\u00e1t, xe v\u1ec7 sinh m\u00f4i tr\u01b0\u1eddng, xe t\u01b0\u1edbi n\u01b0\u1edbc, taxi, xe bu\u00fdt, xe con, xe ch\u1edf h\u00e0\u1eeb \u0111\u00f3 b\u00e9 c\u00f3 th\u1ec3 hi\u1ec3u \u0111\u01b0\u1ee3c trong tr\u01b0\u1eddng h\u1ee3p n\u00e0o th\u00ec ph\u1ea3i s\u1eed d\u1ee5ng ph\u01b0\u01a1ng ti\u1ec7n g\u00ec.<\/p>\n<p>Kh\u00f4ng \u0111\u01a1n gi\u1ea3n ch\u1ec9 l\u00e0 c\u00e2u chuy\u1ec7n nh\u1ecf v\u1ec1 nh\u1eefng chi\u1ebfc xe chuy\u00ean d\u1ee5ng, m\u00e0 \u1ea9n s\u00e2u trong \u0111\u00f3 l\u00e0 nh\u1eefng b\u00e0i h\u1ecdc l\u1edbn lao, gi\u00fap b\u00e9 ph\u00e1t tri\u1ec3n l\u00e0nh m\u1ea1nh v\u1ec1 c\u1ea3 t\u00e2m h\u1ed3n v\u00e0 tr\u00ed tu\u1ec7, trang b\u1ecb th\u00eam nh\u1eefng ki\u1ebfn th\u1ee9c, k\u1ef9 n\u0103ng s\u1ed1ng c\u1ea7n thi\u1ebft \u0111\u1ec3 b\u00e9 s\u1ed1ng h\u00f2a \u0111\u1ed3ng, c\u01b0 x\u1eed t\u1ed1t v\u1edbi b\u1ea1n b\u00e8, bi\u1ebft quan t\u00e2m gi\u00fap \u0111\u1ee1 nh\u1eefng ng\u01b0\u1eddi xung quanh.<\/p>\n<p>B\u1ed9 truy\u1ec7n \u0111\u1eb7c bi\u1ec7t ph\u00f9 h\u1ee3p v\u1edbi c\u00e1c b\u00e9 m\u1ea7m non t\u1eeb 2-6 tu\u1ed5i<\/p>\n","protected":false},"featured_media":18824,"template":"","meta":{"_acf_changed":false},"product_brand":[],"product_cat":[24,25,17],"product_tag":[],"class_list":{"0":"post-18825","1":"product","2":"type-product","3":"status-publish","4":"has-post-thumbnail","6":"product_cat-nha-tre-mau-giao-0-tuoi-6-tuoi","7":"product_cat-nhi-dong-6-tuoi-12-tuoi","8":"product_cat-sach-danh-cho-cac-be","10":"first","11":"outofstock","12":"taxable","13":"shipping-taxable","14":"purchasable","15":"product-type-simple"},"supplier_id":null,"supplier_sku":"","barcode":null,"atum_controlled":true,"out_stock_date":"2023-03-08 10:01:23","out_stock_threshold":null,"inheritable":false,"inbound_stock":0,"stock_on_hold":0,"sold_today":0,"sales_last_days":0,"reserved_stock":0,"customer_returns":0,"warehouse_damage":0,"lost_in_post":0,"other_logs":0,"out_stock_days":1057,"lost_sales":0,"has_location":true,"update_date":"2026-01-28T23:11:05","atum_locations":[{"id":32,"name":"Helsinki","slug":"helsinki"}],"atum_stock_status":"outofstock","restock_status":false,"low_stock_amount":"","sales_update_date":"2026-01-28T23:11:05","calc_backorders":null,"acf":{"publisher":{"ID":16394,"post_author":"1","post_date":"2021-12-26 17:28:32","post_date_gmt":"2021-12-26 15:28:32","post_content":"","post_title":"Pingbooks","post_excerpt":"","post_status":"publish","comment_status":"closed","ping_status":"closed","post_password":"","post_name":"pingbooks","to_ping":"","pinged":"","post_modified":"2021-12-26 17:28:32","post_modified_gmt":"2021-12-26 15:28:32","post_content_filtered":"","post_parent":0,"guid":"https:\/\/sachviet.eu\/nha-phat-hanh\/pingbooks\/","menu_order":0,"post_type":"publisher","post_mime_type":"","comment_count":"0","filter":"raw"}},"_links":{"self":[{"href":"https:\/\/sachviet.eu\/en\/wp-json\/wp\/v2\/product\/18825","targetHints":{"allow":["GET"]}}],"collection":[{"href":"https:\/\/sachviet.eu\/en\/wp-json\/wp\/v2\/product"}],"about":[{"href":"https:\/\/sachviet.eu\/en\/wp-json\/wp\/v2\/types\/product"}],"wp:featuredmedia":[{"embeddable":true,"href":"https:\/\/sachviet.eu\/en\/wp-json\/wp\/v2\/media\/18824"}],"wp:attachment":[{"href":"https:\/\/sachviet.eu\/en\/wp-json\/wp\/v2\/media?parent=18825"}],"wp:term":[{"taxonomy":"product_brand","embeddable":true,"href":"https:\/\/sachviet.eu\/en\/wp-json\/wp\/v2\/product_brand?post=18825"},{"taxonomy":"product_cat","embeddable":true,"href":"https:\/\/sachviet.eu\/en\/wp-json\/wp\/v2\/product_cat?post=18825"},{"taxonomy":"product_tag","embeddable":true,"href":"https:\/\/sachviet.eu\/en\/wp-json\/wp\/v2\/product_tag?post=18825"}],"curies":[{"name":"wp","href":"https:\/\/api.w.org\/{rel}","templated":true}]}}