{"id":18823,"date":"2022-04-21T20:40:39","date_gmt":"2022-04-21T17:40:39","guid":{"rendered":"https:\/\/sachviet.eu\/shop\/ai-day-som-an-ban-ki-niem-100-nam-ngay-sinh-nha-van-vo-quang\/"},"modified":"2022-12-19T14:57:40","modified_gmt":"2022-12-19T12:57:40","slug":"ai-day-som-an-ban-ki-niem-100-nam-ngay-sinh-nha-van-vo-quang","status":"publish","type":"product","link":"https:\/\/sachviet.eu\/en\/shop\/ai-day-som-an-ban-ki-niem-100-nam-ngay-sinh-nha-van-vo-quang\/","title":{"rendered":"Ai D\u1eady S\u1edbm &#8211; \u1ea4n B\u1ea3n K\u1ec9 Ni\u1ec7m 100 N\u0103m Ng\u00e0y Sinh Nh\u00e0 V\u0103n V\u00f5 Qu\u1ea3ng"},"content":{"rendered":"<p>\u201c- C\u1ed1c c\u1ed1c c\u1ed1c!\/- Ai g\u1ecdi \u0111\u00f3\/- T\u00f4i l\u00e0 Th\u1ecf\/ &#8211; N\u1ebfu l\u00e0 Th\u1ecf\/ Cho xem tai.<\/p>\n<p>&#8211; C\u1ed1c c\u1ed1c c\u1ed1c!\/- Ai g\u1ecdi \u0111\u00f3\/ &#8211; T\u00f4i l\u00e0 Nai\/- Th\u1eadt l\u00e0 Nai\/Cho xem g\u1ea1c.\u201d<\/p>\n<p>Nhi\u1ec1u th\u1ebf h\u1ec7 thi\u1ebfu nhi Vi\u1ec7t Nam \u0111\u00e3 thu\u1ed9c nh\u1eefng c\u00e2u th\u01a1 n\u00e0y n\u1eb1m l\u00f2ng t\u1eeb thu\u1edf \u00ea a t\u1eadp n\u00f3i, nhi\u1ec1u ng\u01b0\u1eddi c\u00f2n ngh\u0129 \u0111\u00f3 l\u00e0 \u0111\u1ed3ng dao tr\u01b0\u1edbc khi bi\u1ebft t\u00e1c gi\u1ea3 c\u1ee7a n\u00f3 l\u00e0 nh\u00e0 th\u01a1 V\u00f5 Qu\u1ea3ng.<\/p>\n<p>Trong t\u1eadp th\u01a1 n\u00e0y, c\u00e1c em s\u1ebd du h\u00e0nh c\u00f9ng nh\u1eefng \u201cM\u1ea7m Non\u201d, \u201cCh\u1ecb Ch\u1ed5i Tre\u201d, \u201cAnh \u0110om \u0110\u00f3m\u201d, \u201cCh\u00fa voi con\u201d, \u201cAnh N\u1eafng s\u1edbm\u201d\u2026 \u0111\u1ec3 \u201cC\u00f9ng vui ch\u01a1i\u201d, \u201cM\u1eddi v\u00e0o\u201d v\u00e0 h\u00e1o h\u1ee9c kh\u00e1m ph\u00e1 th\u1ebf gi\u1edbi khi \u201cC\u1ea3 \u0111\u1ea5t tr\u1eddi\/ \u0110ang ch\u1edd \u0111\u00f3n\u201d nh\u1eefng \u201cAi d\u1eady s\u1edbm\u201d ch\u00e0o b\u00ecnh minh \u0111ang t\u1edbi\u2026<\/p>\n<p>Gi\u1ea3n d\u1ecb, ng\u1ed9 ngh\u0129nh v\u00e0 vui t\u01b0\u01a1i, v\u1edbi nhi\u1ec1u th\u1ebf h\u1ec7 b\u1ea1n \u0111\u1ecdc Vi\u1ec7t Nam, nh\u1eefng b\u00e0i th\u01a1 c\u1ee7a V\u00f5 Qu\u1ea3ng \u0111\u00e3 tr\u1edf th\u00e0nh k\u1ec9 v\u1eadt tr\u00e2n qu\u00fd \u0111\u01b0\u1ee3c l\u01b0u gi\u1eef n\u01a1i k\u00ed \u1ee9c tu\u1ed5i th\u01a1.<\/p>\n<p>T\u1eadp th\u01a1 \u201cAi d\u1eady s\u1edbm\u201d \u1ea5n b\u1ea3n k\u1ec9 ni\u1ec7m 100 n\u0103m ng\u00e0y sinh nh\u00e0 v\u0103n V\u00f5 Qu\u1ea3ng tuy\u1ec3n ch\u1ecdn nh\u1eefng b\u00e0i th\u01a1 \u0111\u01b0\u1ee3c l\u01b0u nh\u1edb nh\u1ea5t c\u1ee7a nh\u00e0 v\u0103n V\u00f5 Qu\u1ea3ng vi\u1ebft cho thi\u1ebfu nhi.<\/p>\n<p>T\u1eadp th\u01a1 \u0111\u01b0\u1ee3c in m\u00e0u to\u00e0n b\u1ed9 v\u1edbi nh\u1eefng tranh minh h\u1ecda \u0111\u1ea7y c\u1ea3m x\u00fac c\u1ee7a h\u1ecda s\u0129 Chu Linh Ho\u00e0ng. Thi\u00ean nhi\u00ean r\u1ef1c r\u1ee1 s\u1eafc m\u00e0u v\u00e0 th\u1ebf gi\u1edbi lo\u00e0i v\u1eadt s\u1ed1ng \u0111\u1ed9ng trong th\u01a1 V\u00f5 Qu\u1ea3ng m\u1ed9t l\u1ea7n n\u1eefa l\u1ea1i \u0111\u01b0\u1ee3c hi\u1ec3n hi\u1ec7n trong nh\u1eefng b\u1ee9c tranh \u0111\u01b0\u1ee3c trau chu\u1ed1t t\u1eebng n\u00e9t v\u1ebd.<\/p>\n<p>\u201cAi d\u1eady s\u1edbm\u201d &#8211; t\u1eadp th\u01a1 thi\u1ebfu nhi c\u1ee7a nh\u00e0 v\u0103n V\u00f5 Qu\u1ea3ng x\u1ee9ng \u0111\u00e1ng n\u1eb1m tr\u00ean gi\u00e1 s\u00e1ch c\u1ee7a m\u1ed7i gia \u0111\u00ecnh, m\u1ed7i l\u1edbp h\u1ecdc!<\/p>\n<p>V\u00f5 Qu\u1ea3ng l\u00e0 m\u1ed9t trong nh\u1eefng t\u00e1c gi\u1ea3 \u0111\u01b0\u1ee3c y\u00eau m\u1ebfn c\u1ee7a v\u0103n h\u1ecdc Vi\u1ec7t Nam n\u00f3i chung v\u00e0 v\u0103n h\u1ecdc thi\u1ebfu nhi n\u00f3i ri\u00eang. V\u1edbi T\u1ea3ng s\u00e1ng, Qu\u00ea n\u1ed9i, G\u00e0 M\u00e1i Hoa, Anh \u0110om \u0110\u00f3m, Ai d\u1eady s\u1edb nh\u1eefng trang v\u0103n, c\u00e2u th\u01a1, truy\u1ec7n k\u1ec3 c\u1ee7a \u00f4ng \u0111\u00e3 tr\u1edf n\u00ean th\u00e2n thu\u1ed9c, kh\u00f4ng ch\u1ec9 v\u1edbi tr\u1ebb em m\u00e0 v\u1edbi nhi\u1ec1u l\u1ee9a tu\u1ed5i, nhi\u1ec1u th\u1ebf h\u1ec7 su\u1ed1t m\u1ea5y ch\u1ee5c n\u0103m qua.<\/p>\n","protected":false},"excerpt":{"rendered":"<p>\u201c- C\u1ed1c c\u1ed1c c\u1ed1c!\/- Ai g\u1ecdi \u0111\u00f3\/- T\u00f4i l\u00e0 Th\u1ecf\/ &#8211; N\u1ebfu l\u00e0 Th\u1ecf\/ Cho xem tai.<\/p>\n<p>&#8211; C\u1ed1c c\u1ed1c c\u1ed1c!\/- Ai g\u1ecdi \u0111\u00f3\/ &#8211; T\u00f4i l\u00e0 Nai\/- Th\u1eadt l\u00e0 Nai\/Cho xem g\u1ea1c.\u201d<\/p>\n<p>Nhi\u1ec1u th\u1ebf h\u1ec7 thi\u1ebfu nhi Vi\u1ec7t Nam \u0111\u00e3 thu\u1ed9c nh\u1eefng c\u00e2u th\u01a1 n\u00e0y n\u1eb1m l\u00f2ng t\u1eeb thu\u1edf \u00ea a t\u1eadp n\u00f3i, nhi\u1ec1u ng\u01b0\u1eddi c\u00f2n ngh\u0129 \u0111\u00f3 l\u00e0 \u0111\u1ed3ng dao tr\u01b0\u1edbc khi bi\u1ebft t\u00e1c gi\u1ea3 c\u1ee7a n\u00f3 l\u00e0 nh\u00e0 th\u01a1 V\u00f5 Qu\u1ea3ng.<\/p>\n<p>Trong t\u1eadp th\u01a1 n\u00e0y, c\u00e1c em s\u1ebd du h\u00e0nh c\u00f9ng nh\u1eefng \u201cM\u1ea7m Non\u201d, \u201cCh\u1ecb Ch\u1ed5i Tre\u201d, \u201cAnh \u0110om \u0110\u00f3m\u201d, \u201cCh\u00fa voi con\u201d, \u201cAnh N\u1eafng s\u1edbm\u201d\u2026 \u0111\u1ec3 \u201cC\u00f9ng vui ch\u01a1i\u201d, \u201cM\u1eddi v\u00e0o\u201d v\u00e0 h\u00e1o h\u1ee9c kh\u00e1m ph\u00e1 th\u1ebf gi\u1edbi khi \u201cC\u1ea3 \u0111\u1ea5t tr\u1eddi\/ \u0110ang ch\u1edd \u0111\u00f3n\u201d nh\u1eefng \u201cAi d\u1eady s\u1edbm\u201d ch\u00e0o b\u00ecnh minh \u0111ang t\u1edbi\u2026<\/p>\n<p>Gi\u1ea3n d\u1ecb, ng\u1ed9 ngh\u0129nh v\u00e0 vui t\u01b0\u01a1i, v\u1edbi nhi\u1ec1u th\u1ebf h\u1ec7 b\u1ea1n \u0111\u1ecdc Vi\u1ec7t Nam, nh\u1eefng b\u00e0i th\u01a1 c\u1ee7a V\u00f5 Qu\u1ea3ng \u0111\u00e3 tr\u1edf th\u00e0nh k\u1ec9 v\u1eadt tr\u00e2n qu\u00fd \u0111\u01b0\u1ee3c l\u01b0u gi\u1eef n\u01a1i k\u00ed \u1ee9c tu\u1ed5i th\u01a1.<\/p>\n<p>T\u1eadp th\u01a1 \u201cAi d\u1eady s\u1edbm\u201d \u1ea5n b\u1ea3n k\u1ec9 ni\u1ec7m 100 n\u0103m ng\u00e0y sinh nh\u00e0 v\u0103n V\u00f5 Qu\u1ea3ng tuy\u1ec3n ch\u1ecdn nh\u1eefng b\u00e0i th\u01a1 \u0111\u01b0\u1ee3c l\u01b0u nh\u1edb nh\u1ea5t c\u1ee7a nh\u00e0 v\u0103n V\u00f5 Qu\u1ea3ng vi\u1ebft cho thi\u1ebfu nhi.<\/p>\n<p>T\u1eadp th\u01a1 \u0111\u01b0\u1ee3c in m\u00e0u to\u00e0n b\u1ed9 v\u1edbi nh\u1eefng tranh minh h\u1ecda \u0111\u1ea7y c\u1ea3m x\u00fac c\u1ee7a h\u1ecda s\u0129 Chu Linh Ho\u00e0ng. Thi\u00ean nhi\u00ean r\u1ef1c r\u1ee1 s\u1eafc m\u00e0u v\u00e0 th\u1ebf gi\u1edbi lo\u00e0i v\u1eadt s\u1ed1ng \u0111\u1ed9ng trong th\u01a1 V\u00f5 Qu\u1ea3ng m\u1ed9t l\u1ea7n n\u1eefa l\u1ea1i \u0111\u01b0\u1ee3c hi\u1ec3n hi\u1ec7n trong nh\u1eefng b\u1ee9c tranh \u0111\u01b0\u1ee3c trau chu\u1ed1t t\u1eebng n\u00e9t v\u1ebd.<\/p>\n<p>\u201cAi d\u1eady s\u1edbm\u201d &#8211; t\u1eadp th\u01a1 thi\u1ebfu nhi c\u1ee7a nh\u00e0 v\u0103n V\u00f5 Qu\u1ea3ng x\u1ee9ng \u0111\u00e1ng n\u1eb1m tr\u00ean gi\u00e1 s\u00e1ch c\u1ee7a m\u1ed7i gia \u0111\u00ecnh, m\u1ed7i l\u1edbp h\u1ecdc!<\/p>\n<p>V\u00f5 Qu\u1ea3ng l\u00e0 m\u1ed9t trong nh\u1eefng t\u00e1c gi\u1ea3 \u0111\u01b0\u1ee3c y\u00eau m\u1ebfn c\u1ee7a v\u0103n h\u1ecdc Vi\u1ec7t Nam n\u00f3i chung v\u00e0 v\u0103n h\u1ecdc thi\u1ebfu nhi n\u00f3i ri\u00eang. V\u1edbi T\u1ea3ng s\u00e1ng, Qu\u00ea n\u1ed9i, G\u00e0 M\u00e1i Hoa, Anh \u0110om \u0110\u00f3m, Ai d\u1eady s\u1edb nh\u1eefng trang v\u0103n, c\u00e2u th\u01a1, truy\u1ec7n k\u1ec3 c\u1ee7a \u00f4ng \u0111\u00e3 tr\u1edf n\u00ean th\u00e2n thu\u1ed9c, kh\u00f4ng ch\u1ec9 v\u1edbi tr\u1ebb em m\u00e0 v\u1edbi nhi\u1ec1u l\u1ee9a tu\u1ed5i, nhi\u1ec1u th\u1ebf h\u1ec7 su\u1ed1t m\u1ea5y ch\u1ee5c n\u0103m qua.<\/p>\n","protected":false},"featured_media":18822,"template":"","meta":{"_acf_changed":false},"product_brand":[],"product_cat":[24,25,17],"product_tag":[],"class_list":{"0":"post-18823","1":"product","2":"type-product","3":"status-publish","4":"has-post-thumbnail","6":"product_cat-nha-tre-mau-giao-0-tuoi-6-tuoi","7":"product_cat-nhi-dong-6-tuoi-12-tuoi","8":"product_cat-sach-danh-cho-cac-be","10":"first","11":"outofstock","12":"taxable","13":"shipping-taxable","14":"purchasable","15":"product-type-simple"},"supplier_id":null,"supplier_sku":"","barcode":null,"atum_controlled":true,"out_stock_date":"2022-12-19 12:57:40","out_stock_threshold":null,"inheritable":false,"inbound_stock":0,"stock_on_hold":0,"sold_today":0,"sales_last_days":0,"reserved_stock":0,"customer_returns":0,"warehouse_damage":0,"lost_in_post":0,"other_logs":0,"out_stock_days":1136,"lost_sales":0,"has_location":false,"update_date":"2026-01-28T23:11:05","atum_locations":[{"id":32,"name":"Helsinki","slug":"helsinki"}],"atum_stock_status":"outofstock","restock_status":false,"low_stock_amount":"","sales_update_date":"2026-01-28T23:11:05","calc_backorders":null,"acf":{"publisher":{"ID":1454,"post_author":"1","post_date":"2021-02-17 01:11:34","post_date_gmt":"2021-02-16 23:11:34","post_content":"<!-- wp:flatsome\/uxbuilder -->\n<h1 style=\"text-align: center;\"><strong>Kim \u0110\u1ed3ng<\/strong><\/h1>\n[row]\n\n[col span=\"3\" span__sm=\"12\"]\n\n[ux_image id=\"1534\" image_size=\"medium\"]\n\n\n[\/col]\n[col span=\"9\" span__sm=\"12\"]\n\n<p>Nh\u00e0 xu\u1ea5t b\u1ea3n Kim \u0110\u1ed3ng tr\u1ef1c thu\u1ed9c Trung \u01b0\u01a1ng \u0110o\u00e0n TNCS H\u1ed3 Ch\u00ed Minh l\u00e0 Nh\u00e0 xu\u1ea5t b\u1ea3n t\u1ed5ng h\u1ee3p c\u00f3 ch\u1ee9c n\u0103ng xu\u1ea5t b\u1ea3n s\u00e1ch v\u00e0 v\u0103n h\u00f3a ph\u1ea9m ph\u1ee5c v\u1ee5 thi\u1ebfu nhi v\u00e0 c\u00e1c b\u1eadc ph\u1ee5 huynh trong c\u1ea3 n\u01b0\u1edbc, qu\u1ea3ng b\u00e1 v\u00e0 gi\u1edbi thi\u1ec7u v\u0103n h\u00f3a Vi\u1ec7t Nam ra th\u1ebf gi\u1edbi.<br \/>Nh\u00e0 xu\u1ea5t b\u1ea3n c\u00f3 nhi\u1ec7m v\u1ee5 t\u1ed5 ch\u1ee9c b\u1ea3n th\u1ea3o, bi\u00ean so\u1ea1n, bi\u00ean d\u1ecbch, xu\u1ea5t b\u1ea3n v\u00e0 ph\u00e1t h\u00e0nh c\u00e1c xu\u1ea5t b\u1ea3n ph\u1ea9m c\u00f3 n\u1ed9i dung: gi\u00e1o d\u1ee5c truy\u1ec1n th\u1ed1ng d\u00e2n t\u1ed9c, gi\u00e1o d\u1ee5c v\u1ec1 tri th\u1ee9c, ki\u1ebfn th\u1ee9c\u2026 tr\u00ean c\u00e1c l\u0129nh v\u1ef1c v\u0103n h\u1ecdc, ngh\u1ec7 thu\u1eadt, khoa h\u1ecdc k\u1ef9 thu\u1eadt nh\u1eb1m cung c\u1ea5p cho c\u00e1c em thi\u1ebfu nhi c\u0169ng nh\u01b0 c\u00e1c b\u1eadc ph\u1ee5 huynh c\u00e1c ki\u1ebfn th\u1ee9c c\u1ea7n thi\u1ebft trong cu\u1ed9c s\u1ed1ng, nh\u1eefng tinh hoa c\u1ee7a tri th\u1ee9c nh\u00e2n lo\u1ea1i nh\u1eb1m g\u00f3p ph\u1ea7n gi\u00e1o d\u1ee5c v\u00e0 h\u00ecnh th\u00e0nh nh\u00e2n c\u00e1ch th\u1ebf h\u1ec7 tr\u1ebb.<br \/>\u0110\u1ed1i t\u01b0\u1ee3ng ph\u1ee5c v\u1ee5 c\u1ee7a Nh\u00e0 xu\u1ea5t b\u1ea3n l\u00e0 c\u00e1c em t\u1eeb tu\u1ed5i nh\u00e0 tr\u1ebb m\u1eabu gi\u00e1o (1 \u0111\u1ebfn 5 tu\u1ed5i), nhi \u0111\u1ed3ng (6 \u0111\u1ebfn 9 tu\u1ed5i), thi\u1ebfu ni\u00ean (10 \u0111\u1ebfn 15 tu\u1ed5i) \u0111\u1ebfn c\u00e1c em tu\u1ed5i m\u1edbi l\u1edbn (16 \u0111\u1ebfn 18 tu\u1ed5i) v\u00e0 c\u00e1c b\u1eadc ph\u1ee5 huynh.<\/p>\n\n[\/col]\n\n[\/row]\n\n<!-- \/wp:flatsome\/uxbuilder -->","post_title":"Kim \u0110\u1ed3ng","post_excerpt":"","post_status":"publish","comment_status":"closed","ping_status":"closed","post_password":"","post_name":"kim-dong","to_ping":"","pinged":"","post_modified":"2021-02-17 01:31:56","post_modified_gmt":"2021-02-16 23:31:56","post_content_filtered":"","post_parent":0,"guid":"https:\/\/sachviet.eu\/nha-phat-hanh\/kim-dong\/","menu_order":0,"post_type":"publisher","post_mime_type":"","comment_count":"0","filter":"raw"}},"_links":{"self":[{"href":"https:\/\/sachviet.eu\/en\/wp-json\/wp\/v2\/product\/18823","targetHints":{"allow":["GET"]}}],"collection":[{"href":"https:\/\/sachviet.eu\/en\/wp-json\/wp\/v2\/product"}],"about":[{"href":"https:\/\/sachviet.eu\/en\/wp-json\/wp\/v2\/types\/product"}],"wp:featuredmedia":[{"embeddable":true,"href":"https:\/\/sachviet.eu\/en\/wp-json\/wp\/v2\/media\/18822"}],"wp:attachment":[{"href":"https:\/\/sachviet.eu\/en\/wp-json\/wp\/v2\/media?parent=18823"}],"wp:term":[{"taxonomy":"product_brand","embeddable":true,"href":"https:\/\/sachviet.eu\/en\/wp-json\/wp\/v2\/product_brand?post=18823"},{"taxonomy":"product_cat","embeddable":true,"href":"https:\/\/sachviet.eu\/en\/wp-json\/wp\/v2\/product_cat?post=18823"},{"taxonomy":"product_tag","embeddable":true,"href":"https:\/\/sachviet.eu\/en\/wp-json\/wp\/v2\/product_tag?post=18823"}],"curies":[{"name":"wp","href":"https:\/\/api.w.org\/{rel}","templated":true}]}}