{"id":18819,"date":"2022-04-21T20:40:28","date_gmt":"2022-04-21T17:40:28","guid":{"rendered":"https:\/\/sachviet.eu\/shop\/nhung-loai-vat-ki-la-nhat-qua-dat\/"},"modified":"2022-12-19T14:57:42","modified_gmt":"2022-12-19T12:57:42","slug":"nhung-loai-vat-ki-la-nhat-qua-dat","status":"publish","type":"product","link":"https:\/\/sachviet.eu\/en\/shop\/nhung-loai-vat-ki-la-nhat-qua-dat\/","title":{"rendered":"Nh\u1eefng Lo\u00e0i V\u1eadt K\u00ec L\u1ea1 Nh\u1ea5t Qu\u1ea3 \u0110\u1ea5t"},"content":{"rendered":"<p>B\u1ea1n c\u00f3 ngh\u0129 r\u1eb1ng m\u00ecnh bi\u1ebft t\u1ea5t c\u1ea3, ho\u1eb7c \u00edt nh\u1ea5t t\u1eebng nh\u00ecn th\u1ea5y qua tranh \u1ea3nh, t\u1ea5t c\u1ea3 c\u00e1c lo\u00e0i v\u1eadt tr\u00ean Tr\u00e1i \u0110\u1ea5t?<\/p>\n<p>N\u1ebfu c\u00e2u tr\u1ea3 l\u1eddi l\u00e0 m\u1ed9t ti\u1ebfng \u201cc\u00f3\u201d \u0111\u1ea7y d\u00f5ng d\u1ea1c th\u00ec khoan \u0111\u00e3, c\u00f3 \u0111\u1ebfn g\u1ea7n hai tri\u1ec7u lo\u00e0i v\u1eadt t\u1eebng \u0111\u01b0\u1ee3c t\u00ecm th\u1ea5y \u0111\u1ea5y! M\u1ed9t con s\u1ed1 kh\u1ed5ng l\u1ed3! Trong s\u1ed1 \u0111\u00f3, c\u00f3 nh\u1eefng lo\u00e0i v\u1edbi h\u00ecnh d\u00e1ng ho\u1eb7c \u0111\u1eb7c t\u00ednh v\u00f4 c\u00f9ng k\u00ec l\u1ea1, th\u1eadm ch\u00ed k\u00ec qu\u00e1i, v\u01b0\u1ee3t kh\u1ecfi s\u1ee9c t\u01b0\u1edfng t\u01b0\u1ee3ng c\u1ee7a ch\u00fang ta.<\/p>\n<p>B\u1ea1n \u0111\u00e3 nghe v\u1ec1 ch\u00fa th\u1eb1n l\u1eb1n v\u1edbi l\u1edbp gai nh\u1ecdn quanh m\u00ecnh, t\u1ef1 v\u1ec7 b\u1eb1ng c\u00e1ch b\u1eafn m\u00e1u t\u1eeb m\u1eaft?<\/p>\n<p>Hay ch\u00fa \u1ebfch v\u1edbi l\u1edbp da trong su\u1ed1t nh\u01b0 th\u1ee7y tinh, c\u00f3 th\u1ec3 nh\u00ecn th\u1ea5y c\u1ea3 n\u1ed9i t\u1ea1ng?<\/p>\n<p>Hay \u201cg\u1ea5u n\u01b0\u1edbc b\u1ea5t t\u1eed\u201d, lo\u00e0i v\u1eadt c\u00f3 th\u1ec3 s\u1ed1ng \u1edf nh\u1eefng n\u01a1i c\u1ef1c l\u1ea1nh \u0111\u1ebfn c\u1ef1c n\u00f3ng, \u00e1p su\u1ea5t cao g\u1ea5p s\u00e1u l\u1ea7n \u0111\u00e1y bi\u1ec3n, th\u1eadm ch\u00ed ngo\u00e0i\u2026 kh\u00f4ng gian v\u0169 tr\u1ee5?<\/p>\n<p>T\u1eeb r\u1eebng r\u1eadm b\u1ea1t ng\u00e0n \u0111\u1ebfn \u0111\u00e1y bi\u1ec3n s\u00e2u, t\u1eeb hoang m\u1ea1c kh\u00f4 c\u1eb1n \u0111\u1ebfn v\u00f9ng n\u00fai tuy\u1ebft ph\u1ee7, 30 lo\u00e0i v\u1eadt trong quy\u1ec3n s\u00e1ch n\u00e0y s\u1ebd khi\u1ebfn b\u1ea1n kinh ng\u1ea1c v\u1edbi s\u1ee9c s\u00e1ng t\u1ea1o c\u1ee7a m\u1eb9 t\u1ef1 nhi\u00ean v\u00e0 x\u1ee9ng \u0111\u00e1ng v\u1edbi t\u00ean g\u1ecdi Nh\u1eefng lo\u00e0i v\u1eadt k\u00ec l\u1ea1 nh\u1ea5t qu\u1ea3 \u0111\u1ea5t.<\/p>\n<p>M\u1ed7i c\u00e2u chuy\u1ec7n \u0111\u1ec1u \u0111\u01b0\u1ee3c minh h\u1ecda b\u1eb1ng c\u00e1c tranh v\u1ebd sinh \u0111\u1ed9ng, \u0111\u1ea7y m\u00e0u s\u1eafc, k\u00e8m theo c\u00e1c \u00f4 th\u00f4ng tin th\u00fa v\u1ecb.<\/p>\n<p>Quy\u1ec3n s\u00e1ch ch\u1eafc ch\u1eafn s\u1ebd \u0111\u00e1nh \u0111\u1ed9ng \u0111\u1ebfn tr\u00ed t\u00f2 m\u00f2, kh\u01a1i g\u1ee3i h\u1ee9ng kh\u1edfi kh\u00e1m ph\u00e1 c\u1ee7a \u0111\u1ed9c gi\u1ea3 v\u1ec1 th\u1ebf gi\u1edbi t\u1ef1 nhi\u00ean k\u00ec di\u1ec7u v\u1ed1n c\u00f2n nhi\u1ec1u b\u00ed \u1ea9n ngo\u00e0i kia.<\/p>\n","protected":false},"excerpt":{"rendered":"<p>B\u1ea1n c\u00f3 ngh\u0129 r\u1eb1ng m\u00ecnh bi\u1ebft t\u1ea5t c\u1ea3, ho\u1eb7c \u00edt nh\u1ea5t t\u1eebng nh\u00ecn th\u1ea5y qua tranh \u1ea3nh, t\u1ea5t c\u1ea3 c\u00e1c lo\u00e0i v\u1eadt tr\u00ean Tr\u00e1i \u0110\u1ea5t?<\/p>\n<p>N\u1ebfu c\u00e2u tr\u1ea3 l\u1eddi l\u00e0 m\u1ed9t ti\u1ebfng \u201cc\u00f3\u201d \u0111\u1ea7y d\u00f5ng d\u1ea1c th\u00ec khoan \u0111\u00e3, c\u00f3 \u0111\u1ebfn g\u1ea7n hai tri\u1ec7u lo\u00e0i v\u1eadt t\u1eebng \u0111\u01b0\u1ee3c t\u00ecm th\u1ea5y \u0111\u1ea5y! M\u1ed9t con s\u1ed1 kh\u1ed5ng l\u1ed3! Trong s\u1ed1 \u0111\u00f3, c\u00f3 nh\u1eefng lo\u00e0i v\u1edbi h\u00ecnh d\u00e1ng ho\u1eb7c \u0111\u1eb7c t\u00ednh v\u00f4 c\u00f9ng k\u00ec l\u1ea1, th\u1eadm ch\u00ed k\u00ec qu\u00e1i, v\u01b0\u1ee3t kh\u1ecfi s\u1ee9c t\u01b0\u1edfng t\u01b0\u1ee3ng c\u1ee7a ch\u00fang ta.<\/p>\n<p>B\u1ea1n \u0111\u00e3 nghe v\u1ec1 ch\u00fa th\u1eb1n l\u1eb1n v\u1edbi l\u1edbp gai nh\u1ecdn quanh m\u00ecnh, t\u1ef1 v\u1ec7 b\u1eb1ng c\u00e1ch b\u1eafn m\u00e1u t\u1eeb m\u1eaft?<\/p>\n<p>Hay ch\u00fa \u1ebfch v\u1edbi l\u1edbp da trong su\u1ed1t nh\u01b0 th\u1ee7y tinh, c\u00f3 th\u1ec3 nh\u00ecn th\u1ea5y c\u1ea3 n\u1ed9i t\u1ea1ng?<\/p>\n<p>Hay \u201cg\u1ea5u n\u01b0\u1edbc b\u1ea5t t\u1eed\u201d, lo\u00e0i v\u1eadt c\u00f3 th\u1ec3 s\u1ed1ng \u1edf nh\u1eefng n\u01a1i c\u1ef1c l\u1ea1nh \u0111\u1ebfn c\u1ef1c n\u00f3ng, \u00e1p su\u1ea5t cao g\u1ea5p s\u00e1u l\u1ea7n \u0111\u00e1y bi\u1ec3n, th\u1eadm ch\u00ed ngo\u00e0i\u2026 kh\u00f4ng gian v\u0169 tr\u1ee5?<\/p>\n<p>T\u1eeb r\u1eebng r\u1eadm b\u1ea1t ng\u00e0n \u0111\u1ebfn \u0111\u00e1y bi\u1ec3n s\u00e2u, t\u1eeb hoang m\u1ea1c kh\u00f4 c\u1eb1n \u0111\u1ebfn v\u00f9ng n\u00fai tuy\u1ebft ph\u1ee7, 30 lo\u00e0i v\u1eadt trong quy\u1ec3n s\u00e1ch n\u00e0y s\u1ebd khi\u1ebfn b\u1ea1n kinh ng\u1ea1c v\u1edbi s\u1ee9c s\u00e1ng t\u1ea1o c\u1ee7a m\u1eb9 t\u1ef1 nhi\u00ean v\u00e0 x\u1ee9ng \u0111\u00e1ng v\u1edbi t\u00ean g\u1ecdi Nh\u1eefng lo\u00e0i v\u1eadt k\u00ec l\u1ea1 nh\u1ea5t qu\u1ea3 \u0111\u1ea5t.<\/p>\n<p>M\u1ed7i c\u00e2u chuy\u1ec7n \u0111\u1ec1u \u0111\u01b0\u1ee3c minh h\u1ecda b\u1eb1ng c\u00e1c tranh v\u1ebd sinh \u0111\u1ed9ng, \u0111\u1ea7y m\u00e0u s\u1eafc, k\u00e8m theo c\u00e1c \u00f4 th\u00f4ng tin th\u00fa v\u1ecb.<\/p>\n<p>Quy\u1ec3n s\u00e1ch ch\u1eafc ch\u1eafn s\u1ebd \u0111\u00e1nh \u0111\u1ed9ng \u0111\u1ebfn tr\u00ed t\u00f2 m\u00f2, kh\u01a1i g\u1ee3i h\u1ee9ng kh\u1edfi kh\u00e1m ph\u00e1 c\u1ee7a \u0111\u1ed9c gi\u1ea3 v\u1ec1 th\u1ebf gi\u1edbi t\u1ef1 nhi\u00ean k\u00ec di\u1ec7u v\u1ed1n c\u00f2n nhi\u1ec1u b\u00ed \u1ea9n ngo\u00e0i kia.<\/p>\n","protected":false},"featured_media":18818,"template":"","meta":{"_acf_changed":false},"product_brand":[],"product_cat":[25,17],"product_tag":[],"class_list":{"0":"post-18819","1":"product","2":"type-product","3":"status-publish","4":"has-post-thumbnail","6":"product_cat-nhi-dong-6-tuoi-12-tuoi","7":"product_cat-sach-danh-cho-cac-be","9":"first","10":"outofstock","11":"taxable","12":"shipping-taxable","13":"purchasable","14":"product-type-simple"},"supplier_id":null,"supplier_sku":"","barcode":null,"atum_controlled":true,"out_stock_date":"2022-12-19 12:57:42","out_stock_threshold":null,"inheritable":false,"inbound_stock":0,"stock_on_hold":0,"sold_today":0,"sales_last_days":0,"reserved_stock":0,"customer_returns":0,"warehouse_damage":0,"lost_in_post":0,"other_logs":0,"out_stock_days":1136,"lost_sales":0,"has_location":false,"update_date":"2026-01-28T23:11:05","atum_locations":[{"id":32,"name":"Helsinki","slug":"helsinki"}],"atum_stock_status":"outofstock","restock_status":false,"low_stock_amount":"","sales_update_date":"2026-01-28T23:11:05","calc_backorders":null,"acf":{"publisher":{"ID":1454,"post_author":"1","post_date":"2021-02-17 01:11:34","post_date_gmt":"2021-02-16 23:11:34","post_content":"<!-- wp:flatsome\/uxbuilder -->\n<h1 style=\"text-align: center;\"><strong>Kim \u0110\u1ed3ng<\/strong><\/h1>\n[row]\n\n[col span=\"3\" span__sm=\"12\"]\n\n[ux_image id=\"1534\" image_size=\"medium\"]\n\n\n[\/col]\n[col span=\"9\" span__sm=\"12\"]\n\n<p>Nh\u00e0 xu\u1ea5t b\u1ea3n Kim \u0110\u1ed3ng tr\u1ef1c thu\u1ed9c Trung \u01b0\u01a1ng \u0110o\u00e0n TNCS H\u1ed3 Ch\u00ed Minh l\u00e0 Nh\u00e0 xu\u1ea5t b\u1ea3n t\u1ed5ng h\u1ee3p c\u00f3 ch\u1ee9c n\u0103ng xu\u1ea5t b\u1ea3n s\u00e1ch v\u00e0 v\u0103n h\u00f3a ph\u1ea9m ph\u1ee5c v\u1ee5 thi\u1ebfu nhi v\u00e0 c\u00e1c b\u1eadc ph\u1ee5 huynh trong c\u1ea3 n\u01b0\u1edbc, qu\u1ea3ng b\u00e1 v\u00e0 gi\u1edbi thi\u1ec7u v\u0103n h\u00f3a Vi\u1ec7t Nam ra th\u1ebf gi\u1edbi.<br \/>Nh\u00e0 xu\u1ea5t b\u1ea3n c\u00f3 nhi\u1ec7m v\u1ee5 t\u1ed5 ch\u1ee9c b\u1ea3n th\u1ea3o, bi\u00ean so\u1ea1n, bi\u00ean d\u1ecbch, xu\u1ea5t b\u1ea3n v\u00e0 ph\u00e1t h\u00e0nh c\u00e1c xu\u1ea5t b\u1ea3n ph\u1ea9m c\u00f3 n\u1ed9i dung: gi\u00e1o d\u1ee5c truy\u1ec1n th\u1ed1ng d\u00e2n t\u1ed9c, gi\u00e1o d\u1ee5c v\u1ec1 tri th\u1ee9c, ki\u1ebfn th\u1ee9c\u2026 tr\u00ean c\u00e1c l\u0129nh v\u1ef1c v\u0103n h\u1ecdc, ngh\u1ec7 thu\u1eadt, khoa h\u1ecdc k\u1ef9 thu\u1eadt nh\u1eb1m cung c\u1ea5p cho c\u00e1c em thi\u1ebfu nhi c\u0169ng nh\u01b0 c\u00e1c b\u1eadc ph\u1ee5 huynh c\u00e1c ki\u1ebfn th\u1ee9c c\u1ea7n thi\u1ebft trong cu\u1ed9c s\u1ed1ng, nh\u1eefng tinh hoa c\u1ee7a tri th\u1ee9c nh\u00e2n lo\u1ea1i nh\u1eb1m g\u00f3p ph\u1ea7n gi\u00e1o d\u1ee5c v\u00e0 h\u00ecnh th\u00e0nh nh\u00e2n c\u00e1ch th\u1ebf h\u1ec7 tr\u1ebb.<br \/>\u0110\u1ed1i t\u01b0\u1ee3ng ph\u1ee5c v\u1ee5 c\u1ee7a Nh\u00e0 xu\u1ea5t b\u1ea3n l\u00e0 c\u00e1c em t\u1eeb tu\u1ed5i nh\u00e0 tr\u1ebb m\u1eabu gi\u00e1o (1 \u0111\u1ebfn 5 tu\u1ed5i), nhi \u0111\u1ed3ng (6 \u0111\u1ebfn 9 tu\u1ed5i), thi\u1ebfu ni\u00ean (10 \u0111\u1ebfn 15 tu\u1ed5i) \u0111\u1ebfn c\u00e1c em tu\u1ed5i m\u1edbi l\u1edbn (16 \u0111\u1ebfn 18 tu\u1ed5i) v\u00e0 c\u00e1c b\u1eadc ph\u1ee5 huynh.<\/p>\n\n[\/col]\n\n[\/row]\n\n<!-- \/wp:flatsome\/uxbuilder -->","post_title":"Kim \u0110\u1ed3ng","post_excerpt":"","post_status":"publish","comment_status":"closed","ping_status":"closed","post_password":"","post_name":"kim-dong","to_ping":"","pinged":"","post_modified":"2021-02-17 01:31:56","post_modified_gmt":"2021-02-16 23:31:56","post_content_filtered":"","post_parent":0,"guid":"https:\/\/sachviet.eu\/nha-phat-hanh\/kim-dong\/","menu_order":0,"post_type":"publisher","post_mime_type":"","comment_count":"0","filter":"raw"}},"_links":{"self":[{"href":"https:\/\/sachviet.eu\/en\/wp-json\/wp\/v2\/product\/18819","targetHints":{"allow":["GET"]}}],"collection":[{"href":"https:\/\/sachviet.eu\/en\/wp-json\/wp\/v2\/product"}],"about":[{"href":"https:\/\/sachviet.eu\/en\/wp-json\/wp\/v2\/types\/product"}],"wp:featuredmedia":[{"embeddable":true,"href":"https:\/\/sachviet.eu\/en\/wp-json\/wp\/v2\/media\/18818"}],"wp:attachment":[{"href":"https:\/\/sachviet.eu\/en\/wp-json\/wp\/v2\/media?parent=18819"}],"wp:term":[{"taxonomy":"product_brand","embeddable":true,"href":"https:\/\/sachviet.eu\/en\/wp-json\/wp\/v2\/product_brand?post=18819"},{"taxonomy":"product_cat","embeddable":true,"href":"https:\/\/sachviet.eu\/en\/wp-json\/wp\/v2\/product_cat?post=18819"},{"taxonomy":"product_tag","embeddable":true,"href":"https:\/\/sachviet.eu\/en\/wp-json\/wp\/v2\/product_tag?post=18819"}],"curies":[{"name":"wp","href":"https:\/\/api.w.org\/{rel}","templated":true}]}}