{"id":18817,"date":"2022-04-21T20:40:22","date_gmt":"2022-04-21T17:40:22","guid":{"rendered":"https:\/\/sachviet.eu\/shop\/mauri-va-long-than-tron-bo-2-tap\/"},"modified":"2022-12-19T14:57:43","modified_gmt":"2022-12-19T12:57:43","slug":"mauri-va-long-than-tron-bo-2-tap","status":"publish","type":"product","link":"https:\/\/sachviet.eu\/en\/shop\/mauri-va-long-than-tron-bo-2-tap\/","title":{"rendered":"Mauri V\u00e0 Long Th\u1ea7n (Tr\u1ecdn B\u1ed9 2 T\u1eadp)"},"content":{"rendered":"<p>Mauri v\u00e0 Long th\u1ea7n tr\u1ecdn b\u1ed9 hai t\u1eadp:<\/p>\n<p>\u201cTrong m\u1ed9t th\u1eddi \u0111\u1ea1i n\u01a1i m\u00e0 nh\u1eefng v\u1ecb th\u1ea7n v\u1edbi s\u1ee9c m\u1ea1nh to\u00e0n n\u0103ng \u0111i ngao du kh\u1eafp ch\u1ed1n \u0111\u1ec3 l\u00e0m cho \u0111\u1ea5t \u0111ai th\u00eam ph\u00ec nhi\u00eau. M\u1ed9t ng\u00e0y n\u1ecd, ch\u00e0ng thi\u1ebfu ni\u00ean Mauri \u0111\u00e3 \u0111\u01b0\u1ee3c ch\u1ecdn l\u00e0m v\u1eadt hi\u1ebfn t\u1ebf cho r\u1ed3ng th\u1ea7n \u0111\u1ebfn th\u0103m ng\u00f4i l\u00e0ng c\u1ee7a c\u1eadu.<\/p>\n<p>Ngay khi v\u1eeba g\u1eb7p Mauri, th\u1ea7n \u0111\u00e3 n\u00f3i nh\u1eefng c\u00e2u ki\u1ec3u nh\u01b0: \u201cC\u1eadu b\u00e9 th\u1eadt l\u00e0 d\u0169ng c\u1ea3m v\u00e0 \u0111\u00e1ng y\u00eau l\u00e0m sao.\u201d Hay \u201cCh\u1eafc ch\u1eafn ta s\u1ebd kh\u00f4ng bao gi\u1edd cho ph\u00e9p b\u1ea5t c\u1ee9 ng\u01b0\u1eddi con trai n\u00e0o \u0111\u1ed9ng v\u00e0o Mauri.\u201d<\/p>\n<p>M\u1ed9t cu\u1ed1n BL ng\u1ecdt ng\u00e0o v\u00e0 h\u00e0i h\u01b0\u1edbc \u0111\u01b0\u1ee3c vi\u1ebft l\u00ean b\u1edfi nh\u1eefng \u201cv\u1ecb th\u1ea7n lang thang\u201d v\u00e0 con ng\u01b0\u1eddi th\u1eb3ng th\u1eafn nh\u01b0ng kh\u00f4ng k\u00e9m ph\u1ea7n \u0111\u00e1ng y\u00eau.\u201d<\/p>\n","protected":false},"excerpt":{"rendered":"<p>Mauri v\u00e0 Long th\u1ea7n tr\u1ecdn b\u1ed9 hai t\u1eadp:<\/p>\n<p>\u201cTrong m\u1ed9t th\u1eddi \u0111\u1ea1i n\u01a1i m\u00e0 nh\u1eefng v\u1ecb th\u1ea7n v\u1edbi s\u1ee9c m\u1ea1nh to\u00e0n n\u0103ng \u0111i ngao du kh\u1eafp ch\u1ed1n \u0111\u1ec3 l\u00e0m cho \u0111\u1ea5t \u0111ai th\u00eam ph\u00ec nhi\u00eau. M\u1ed9t ng\u00e0y n\u1ecd, ch\u00e0ng thi\u1ebfu ni\u00ean Mauri \u0111\u00e3 \u0111\u01b0\u1ee3c ch\u1ecdn l\u00e0m v\u1eadt hi\u1ebfn t\u1ebf cho r\u1ed3ng th\u1ea7n \u0111\u1ebfn th\u0103m ng\u00f4i l\u00e0ng c\u1ee7a c\u1eadu.<\/p>\n<p>Ngay khi v\u1eeba g\u1eb7p Mauri, th\u1ea7n \u0111\u00e3 n\u00f3i nh\u1eefng c\u00e2u ki\u1ec3u nh\u01b0: \u201cC\u1eadu b\u00e9 th\u1eadt l\u00e0 d\u0169ng c\u1ea3m v\u00e0 \u0111\u00e1ng y\u00eau l\u00e0m sao.\u201d Hay \u201cCh\u1eafc ch\u1eafn ta s\u1ebd kh\u00f4ng bao gi\u1edd cho ph\u00e9p b\u1ea5t c\u1ee9 ng\u01b0\u1eddi con trai n\u00e0o \u0111\u1ed9ng v\u00e0o Mauri.\u201d<\/p>\n<p>M\u1ed9t cu\u1ed1n BL ng\u1ecdt ng\u00e0o v\u00e0 h\u00e0i h\u01b0\u1edbc \u0111\u01b0\u1ee3c vi\u1ebft l\u00ean b\u1edfi nh\u1eefng \u201cv\u1ecb th\u1ea7n lang thang\u201d v\u00e0 con ng\u01b0\u1eddi th\u1eb3ng th\u1eafn nh\u01b0ng kh\u00f4ng k\u00e9m ph\u1ea7n \u0111\u00e1ng y\u00eau.\u201d<\/p>\n","protected":false},"featured_media":18814,"template":"","meta":{"_acf_changed":false},"product_brand":[],"product_cat":[73,29,15],"product_tag":[],"class_list":{"0":"post-18817","1":"product","2":"type-product","3":"status-publish","4":"has-post-thumbnail","6":"product_cat-dam-my-ngon-tinh","7":"product_cat-manga-comics","8":"product_cat-sach-danh-cho-nguoi-lon","10":"first","11":"outofstock","12":"taxable","13":"shipping-taxable","14":"purchasable","15":"product-type-simple"},"supplier_id":null,"supplier_sku":"","barcode":null,"atum_controlled":true,"out_stock_date":"2022-12-19 12:57:43","out_stock_threshold":null,"inheritable":false,"inbound_stock":0,"stock_on_hold":0,"sold_today":0,"sales_last_days":0,"reserved_stock":0,"customer_returns":0,"warehouse_damage":0,"lost_in_post":0,"other_logs":0,"out_stock_days":1136,"lost_sales":0,"has_location":false,"update_date":"2026-01-28T23:11:05","atum_locations":[{"id":32,"name":"Helsinki","slug":"helsinki"}],"atum_stock_status":"outofstock","restock_status":false,"low_stock_amount":"","sales_update_date":"2026-01-28T23:11:05","calc_backorders":null,"acf":{"publisher":{"ID":18813,"post_author":"1","post_date":"2022-04-21 20:40:15","post_date_gmt":"2022-04-21 17:40:15","post_content":"","post_title":"Hcomic","post_excerpt":"","post_status":"publish","comment_status":"closed","ping_status":"closed","post_password":"","post_name":"hcomic","to_ping":"","pinged":"","post_modified":"2022-04-21 20:40:15","post_modified_gmt":"2022-04-21 17:40:15","post_content_filtered":"","post_parent":0,"guid":"https:\/\/sachviet.eu\/nha-phat-hanh\/hcomic\/","menu_order":0,"post_type":"publisher","post_mime_type":"","comment_count":"0","filter":"raw"}},"_links":{"self":[{"href":"https:\/\/sachviet.eu\/en\/wp-json\/wp\/v2\/product\/18817","targetHints":{"allow":["GET"]}}],"collection":[{"href":"https:\/\/sachviet.eu\/en\/wp-json\/wp\/v2\/product"}],"about":[{"href":"https:\/\/sachviet.eu\/en\/wp-json\/wp\/v2\/types\/product"}],"wp:featuredmedia":[{"embeddable":true,"href":"https:\/\/sachviet.eu\/en\/wp-json\/wp\/v2\/media\/18814"}],"wp:attachment":[{"href":"https:\/\/sachviet.eu\/en\/wp-json\/wp\/v2\/media?parent=18817"}],"wp:term":[{"taxonomy":"product_brand","embeddable":true,"href":"https:\/\/sachviet.eu\/en\/wp-json\/wp\/v2\/product_brand?post=18817"},{"taxonomy":"product_cat","embeddable":true,"href":"https:\/\/sachviet.eu\/en\/wp-json\/wp\/v2\/product_cat?post=18817"},{"taxonomy":"product_tag","embeddable":true,"href":"https:\/\/sachviet.eu\/en\/wp-json\/wp\/v2\/product_tag?post=18817"}],"curies":[{"name":"wp","href":"https:\/\/api.w.org\/{rel}","templated":true}]}}