{"id":18812,"date":"2022-04-21T20:40:11","date_gmt":"2022-04-21T17:40:11","guid":{"rendered":"https:\/\/sachviet.eu\/shop\/toai-ngoc-dau-chau-tap-12\/"},"modified":"2022-12-19T14:57:44","modified_gmt":"2022-12-19T12:57:44","slug":"toai-ngoc-dau-chau-tap-12","status":"publish","type":"product","link":"https:\/\/sachviet.eu\/en\/shop\/toai-ngoc-dau-chau-tap-12\/","title":{"rendered":"To\u00e1i Ng\u1ecdc \u0110\u1ea7u Ch\u00e2u &#8211; T\u1eadp 1+2"},"content":{"rendered":"<p>\u0110inh H\u00e1n B\u1ea1ch xu\u1ea5t th\u00e2n trong m\u1ed9t gia \u0111\u00ecnh c\u00f3 truy\u1ec1n th\u1ed1ng ch\u1ea1m kh\u1eafc ng\u1ecdc th\u1ea1ch l\u00e2u \u0111\u1eddi, b\u1ea3n th\u00e2n anh c\u00f3 t\u00e0i n\u0103ng tr\u00e1c tuy\u1ec7t, phong th\u00e1i ki\u00eau h\u00e3nh ng\u00f4ng cu\u1ed3ng, coi th\u01b0\u1eddng t\u1ea5t c\u1ea3 nh\u1eefng g\u00ec th\u00f4 s\u01a1, t\u1ea1m b\u1ee3. M\u1ed9t ng\u00e0y n\u1ecd, cha anh \u0111\u00e3 nh\u1eadn nu\u00f4i m\u1ed9t c\u1eadu thi\u1ebfu ni\u00ean \u0111\u1ebfn t\u1eeb m\u1ea3nh \u0111\u1ea5t ph\u01b0\u01a1ng Nam xa x\u00f4i v\u00e0 nh\u1eadn c\u1eadu l\u00e0m h\u1ecdc tr\u00f2.<\/p>\n<p>Th\u1ebf l\u00e0 t\u1eeb \u0111\u00f3, \u0110inh H\u00e1n B\u1ea1ch v\u00e0 K\u1ef7 Th\u1eadn Ng\u1eef &#8211; m\u1ed9t c\u1eb7p \u0111\u00f4i oan gia b\u1eaft bu\u1ed9c ph\u1ea3i s\u1ed1ng chung \u0111\u01b0\u1edbi m\u1ed9t m\u00e1i nh\u00e0, m\u1ed9t ng\u01b0\u1eddi ki\u00eau ng\u1ea1o ch\u1eb3ng h\u1ec1 che gi\u1ea5u, m\u1ed9t ng\u01b0\u1eddi ki\u00eau ng\u1ea1o m\u00e0 kh\u00f4ng th\u1ec3 hi\u1ec7n ra ngo\u00e0i. T\u1eeb nh\u1eefng ng\u1edd v\u1ef1c, ng\u1ed9 nh\u1eadn v\u00e0 ng\u1ea5m ng\u1ea7m ganh \u0111ua cao th\u1ea5p ban \u0111\u1ea7u, h\u1ecd \u0111\u00e3 d\u1ea7n d\u1ea7n c\u1ea3m ph\u1ee5c t\u00e0i n\u0103ng c\u1ee7a \u0111\u1ed1i ph\u01b0\u01a1ng v\u00e0 ch\u1eb3ng hay t\u1eeb l\u00fac n\u00e0o, trong tr\u00e1i tim \u0111\u00e3 kh\u00f4ng th\u1ec3 ch\u1ee9a th\u00eam m\u1ed9t ai kh\u00e1c n\u1eefa.<\/p>\n","protected":false},"excerpt":{"rendered":"<p>\u0110inh H\u00e1n B\u1ea1ch xu\u1ea5t th\u00e2n trong m\u1ed9t gia \u0111\u00ecnh c\u00f3 truy\u1ec1n th\u1ed1ng ch\u1ea1m kh\u1eafc ng\u1ecdc th\u1ea1ch l\u00e2u \u0111\u1eddi, b\u1ea3n th\u00e2n anh c\u00f3 t\u00e0i n\u0103ng tr\u00e1c tuy\u1ec7t, phong th\u00e1i ki\u00eau h\u00e3nh ng\u00f4ng cu\u1ed3ng, coi th\u01b0\u1eddng t\u1ea5t c\u1ea3 nh\u1eefng g\u00ec th\u00f4 s\u01a1, t\u1ea1m b\u1ee3. M\u1ed9t ng\u00e0y n\u1ecd, cha anh \u0111\u00e3 nh\u1eadn nu\u00f4i m\u1ed9t c\u1eadu thi\u1ebfu ni\u00ean \u0111\u1ebfn t\u1eeb m\u1ea3nh \u0111\u1ea5t ph\u01b0\u01a1ng Nam xa x\u00f4i v\u00e0 nh\u1eadn c\u1eadu l\u00e0m h\u1ecdc tr\u00f2.<\/p>\n<p>Th\u1ebf l\u00e0 t\u1eeb \u0111\u00f3, \u0110inh H\u00e1n B\u1ea1ch v\u00e0 K\u1ef7 Th\u1eadn Ng\u1eef &#8211; m\u1ed9t c\u1eb7p \u0111\u00f4i oan gia b\u1eaft bu\u1ed9c ph\u1ea3i s\u1ed1ng chung \u0111\u01b0\u1edbi m\u1ed9t m\u00e1i nh\u00e0, m\u1ed9t ng\u01b0\u1eddi ki\u00eau ng\u1ea1o ch\u1eb3ng h\u1ec1 che gi\u1ea5u, m\u1ed9t ng\u01b0\u1eddi ki\u00eau ng\u1ea1o m\u00e0 kh\u00f4ng th\u1ec3 hi\u1ec7n ra ngo\u00e0i. T\u1eeb nh\u1eefng ng\u1edd v\u1ef1c, ng\u1ed9 nh\u1eadn v\u00e0 ng\u1ea5m ng\u1ea7m ganh \u0111ua cao th\u1ea5p ban \u0111\u1ea7u, h\u1ecd \u0111\u00e3 d\u1ea7n d\u1ea7n c\u1ea3m ph\u1ee5c t\u00e0i n\u0103ng c\u1ee7a \u0111\u1ed1i ph\u01b0\u01a1ng v\u00e0 ch\u1eb3ng hay t\u1eeb l\u00fac n\u00e0o, trong tr\u00e1i tim \u0111\u00e3 kh\u00f4ng th\u1ec3 ch\u1ee9a th\u00eam m\u1ed9t ai kh\u00e1c n\u1eefa.<\/p>\n","protected":false},"featured_media":18811,"template":"","meta":{"_acf_changed":false},"product_brand":[],"product_cat":[73,15],"product_tag":[],"class_list":{"0":"post-18812","1":"product","2":"type-product","3":"status-publish","4":"has-post-thumbnail","6":"product_cat-dam-my-ngon-tinh","7":"product_cat-sach-danh-cho-nguoi-lon","9":"first","10":"outofstock","11":"taxable","12":"shipping-taxable","13":"purchasable","14":"product-type-simple"},"supplier_id":null,"supplier_sku":"","barcode":null,"atum_controlled":true,"out_stock_date":"2022-12-19 12:57:44","out_stock_threshold":null,"inheritable":false,"inbound_stock":0,"stock_on_hold":0,"sold_today":0,"sales_last_days":0,"reserved_stock":0,"customer_returns":0,"warehouse_damage":0,"lost_in_post":0,"other_logs":0,"out_stock_days":1136,"lost_sales":0,"has_location":false,"update_date":"2026-01-28T23:11:05","atum_locations":[{"id":32,"name":"Helsinki","slug":"helsinki"}],"atum_stock_status":"outofstock","restock_status":false,"low_stock_amount":"","sales_update_date":"2026-01-28T23:11:05","calc_backorders":null,"acf":{"publisher":{"ID":17676,"post_author":"1","post_date":"2022-04-04 17:29:33","post_date_gmt":"2022-04-04 14:29:33","post_content":"","post_title":"Meibooks","post_excerpt":"","post_status":"publish","comment_status":"closed","ping_status":"closed","post_password":"","post_name":"meibooks","to_ping":"","pinged":"","post_modified":"2022-04-04 17:29:33","post_modified_gmt":"2022-04-04 14:29:33","post_content_filtered":"","post_parent":0,"guid":"https:\/\/sachviet.eu\/nha-phat-hanh\/meibooks\/","menu_order":0,"post_type":"publisher","post_mime_type":"","comment_count":"0","filter":"raw"}},"_links":{"self":[{"href":"https:\/\/sachviet.eu\/en\/wp-json\/wp\/v2\/product\/18812","targetHints":{"allow":["GET"]}}],"collection":[{"href":"https:\/\/sachviet.eu\/en\/wp-json\/wp\/v2\/product"}],"about":[{"href":"https:\/\/sachviet.eu\/en\/wp-json\/wp\/v2\/types\/product"}],"wp:featuredmedia":[{"embeddable":true,"href":"https:\/\/sachviet.eu\/en\/wp-json\/wp\/v2\/media\/18811"}],"wp:attachment":[{"href":"https:\/\/sachviet.eu\/en\/wp-json\/wp\/v2\/media?parent=18812"}],"wp:term":[{"taxonomy":"product_brand","embeddable":true,"href":"https:\/\/sachviet.eu\/en\/wp-json\/wp\/v2\/product_brand?post=18812"},{"taxonomy":"product_cat","embeddable":true,"href":"https:\/\/sachviet.eu\/en\/wp-json\/wp\/v2\/product_cat?post=18812"},{"taxonomy":"product_tag","embeddable":true,"href":"https:\/\/sachviet.eu\/en\/wp-json\/wp\/v2\/product_tag?post=18812"}],"curies":[{"name":"wp","href":"https:\/\/api.w.org\/{rel}","templated":true}]}}