{"id":18810,"date":"2022-04-21T20:40:04","date_gmt":"2022-04-21T17:40:04","guid":{"rendered":"https:\/\/sachviet.eu\/shop\/con-trai-may-anh-choi-game-dinh-qua-di\/"},"modified":"2022-12-19T14:57:44","modified_gmt":"2022-12-19T12:57:44","slug":"con-trai-may-anh-choi-game-dinh-qua-di","status":"publish","type":"product","link":"https:\/\/sachviet.eu\/en\/shop\/con-trai-may-anh-choi-game-dinh-qua-di\/","title":{"rendered":"Con Trai M\u1ea5y Anh Ch\u01a1i Game \u0110\u1ec9nh Qu\u00e1 \u0110i"},"content":{"rendered":"<p>L\u0103ng M\u00f4ng &#8211; m\u1ed9t c\u1eadu sinh vi\u00ean n\u0103m nh\u1ea5t &#8211; c\u00f3 m\u1ed9t \u0111\u1eb7c \u0111i\u1ec3m m\u00e0 h\u1ea7u h\u1ebft \u0111\u00e1m con trai \u0111\u1ec1u c\u00f3: M\u00ea game. Game c\u1eadu ch\u01a1i l\u00e0 Truy\u1ec1n Thuy\u1ebft Tinh H\u00e0, nickname l\u00e0 Lemon (Qu\u1ea3 chanh). Trong game, L\u0103ng M\u00f4ng n\u1ed5i ti\u1ebfng nh\u1edd thu\u1ed9c t\u00ednh \u0111\u1ed9c m\u1ed3m \u0111\u1ed9c mi\u1ec7ng, b\u1ea5t k\u1ef3 ai b\u1ecb c\u1eadu \u0111\u00e1nh b\u1ea1i \u0111\u1ec1u \u0111\u01b0\u1ee3c t\u1eb7ng k\u00e8m m\u1ed9t ph\u1ea7n \u201cl\u1eddi b\u1ed1 d\u1eb7n tr\u01b0\u1edbc l\u00fac con \u0111i\u201d. Nh\u1edd \u201cl\u1eddi nh\u1eafn nh\u1ee7 \u00e2n c\u1ea7n\u201d n\u00e0y m\u00e0 B\u1ed1 Chanh vang danh kh\u1eafp ch\u1ed1n g\u1ea7n xa.<br \/>\nTrong m\u1ed9t tr\u1eadn \u0111\u1ea5u \u0111\u01b0\u1ee3c h\u1ec7 th\u1ed1ng gh\u00e9p c\u1eb7p ng\u1eabu nhi\u00ean, b\u1ed1 Chanh v\u00f4 t\u00ecnh ch\u1ea1m tr\u00e1n Mangosteen &#8211; m\u1ed9t game th\u1ee7 ki\u00eam streamer \u0111\u01b0\u1ee3c giang h\u1ed3 x\u01b0ng t\u1ee5ng l\u00e0 Mang Th\u1ea7n. K\u1ebft qu\u1ea3, c\u1eadu thua th\u1ea3m h\u1ea1i. Tr\u01b0\u1edbc khi k\u1ebft th\u00fac tr\u1eadn \u0111\u1ea5u, L\u0103ng M\u00f4ng \u0111\u00e3 b\u1ecf l\u1ea1i c\u00e2u n\u00f3i n\u1ed5i ti\u1ebfng xuy\u00ean su\u1ed1t c\u1ea3 b\u1ed9 truy\u1ec7n: \u201cCon trai m\u1ea5y anh ch\u01a1i game \u0111\u1ec9nh qu\u00e1 \u0111i~\u201d.<\/p>\n<p>T\u1eeb \u0111\u00f3, oan gia gi\u1eefa hai ng\u01b0\u1eddi b\u1eaft \u0111\u1ea7u.<\/p>\n","protected":false},"excerpt":{"rendered":"<p>L\u0103ng M\u00f4ng &#8211; m\u1ed9t c\u1eadu sinh vi\u00ean n\u0103m nh\u1ea5t &#8211; c\u00f3 m\u1ed9t \u0111\u1eb7c \u0111i\u1ec3m m\u00e0 h\u1ea7u h\u1ebft \u0111\u00e1m con trai \u0111\u1ec1u c\u00f3: M\u00ea game. Game c\u1eadu ch\u01a1i l\u00e0 Truy\u1ec1n Thuy\u1ebft Tinh H\u00e0, nickname l\u00e0 Lemon (Qu\u1ea3 chanh). Trong game, L\u0103ng M\u00f4ng n\u1ed5i ti\u1ebfng nh\u1edd thu\u1ed9c t\u00ednh \u0111\u1ed9c m\u1ed3m \u0111\u1ed9c mi\u1ec7ng, b\u1ea5t k\u1ef3 ai b\u1ecb c\u1eadu \u0111\u00e1nh b\u1ea1i \u0111\u1ec1u \u0111\u01b0\u1ee3c t\u1eb7ng k\u00e8m m\u1ed9t ph\u1ea7n \u201cl\u1eddi b\u1ed1 d\u1eb7n tr\u01b0\u1edbc l\u00fac con \u0111i\u201d. Nh\u1edd \u201cl\u1eddi nh\u1eafn nh\u1ee7 \u00e2n c\u1ea7n\u201d n\u00e0y m\u00e0 B\u1ed1 Chanh vang danh kh\u1eafp ch\u1ed1n g\u1ea7n xa.<br \/>\nTrong m\u1ed9t tr\u1eadn \u0111\u1ea5u \u0111\u01b0\u1ee3c h\u1ec7 th\u1ed1ng gh\u00e9p c\u1eb7p ng\u1eabu nhi\u00ean, b\u1ed1 Chanh v\u00f4 t\u00ecnh ch\u1ea1m tr\u00e1n Mangosteen &#8211; m\u1ed9t game th\u1ee7 ki\u00eam streamer \u0111\u01b0\u1ee3c giang h\u1ed3 x\u01b0ng t\u1ee5ng l\u00e0 Mang Th\u1ea7n. K\u1ebft qu\u1ea3, c\u1eadu thua th\u1ea3m h\u1ea1i. Tr\u01b0\u1edbc khi k\u1ebft th\u00fac tr\u1eadn \u0111\u1ea5u, L\u0103ng M\u00f4ng \u0111\u00e3 b\u1ecf l\u1ea1i c\u00e2u n\u00f3i n\u1ed5i ti\u1ebfng xuy\u00ean su\u1ed1t c\u1ea3 b\u1ed9 truy\u1ec7n: \u201cCon trai m\u1ea5y anh ch\u01a1i game \u0111\u1ec9nh qu\u00e1 \u0111i~\u201d.<\/p>\n<p>T\u1eeb \u0111\u00f3, oan gia gi\u1eefa hai ng\u01b0\u1eddi b\u1eaft \u0111\u1ea7u.<\/p>\n","protected":false},"featured_media":18809,"template":"","meta":{"_acf_changed":false},"product_brand":[],"product_cat":[73,15],"product_tag":[],"class_list":{"0":"post-18810","1":"product","2":"type-product","3":"status-publish","4":"has-post-thumbnail","6":"product_cat-dam-my-ngon-tinh","7":"product_cat-sach-danh-cho-nguoi-lon","9":"first","10":"outofstock","11":"taxable","12":"shipping-taxable","13":"purchasable","14":"product-type-simple"},"supplier_id":null,"supplier_sku":"","barcode":null,"atum_controlled":true,"out_stock_date":"2022-12-19 12:57:44","out_stock_threshold":null,"inheritable":false,"inbound_stock":0,"stock_on_hold":0,"sold_today":0,"sales_last_days":0,"reserved_stock":0,"customer_returns":0,"warehouse_damage":0,"lost_in_post":0,"other_logs":0,"out_stock_days":1136,"lost_sales":0,"has_location":false,"update_date":"2026-01-28T23:11:05","atum_locations":[{"id":32,"name":"Helsinki","slug":"helsinki"}],"atum_stock_status":"outofstock","restock_status":false,"low_stock_amount":"","sales_update_date":"2026-01-28T23:11:05","calc_backorders":null,"acf":{"publisher":{"ID":17676,"post_author":"1","post_date":"2022-04-04 17:29:33","post_date_gmt":"2022-04-04 14:29:33","post_content":"","post_title":"Meibooks","post_excerpt":"","post_status":"publish","comment_status":"closed","ping_status":"closed","post_password":"","post_name":"meibooks","to_ping":"","pinged":"","post_modified":"2022-04-04 17:29:33","post_modified_gmt":"2022-04-04 14:29:33","post_content_filtered":"","post_parent":0,"guid":"https:\/\/sachviet.eu\/nha-phat-hanh\/meibooks\/","menu_order":0,"post_type":"publisher","post_mime_type":"","comment_count":"0","filter":"raw"}},"_links":{"self":[{"href":"https:\/\/sachviet.eu\/en\/wp-json\/wp\/v2\/product\/18810","targetHints":{"allow":["GET"]}}],"collection":[{"href":"https:\/\/sachviet.eu\/en\/wp-json\/wp\/v2\/product"}],"about":[{"href":"https:\/\/sachviet.eu\/en\/wp-json\/wp\/v2\/types\/product"}],"wp:featuredmedia":[{"embeddable":true,"href":"https:\/\/sachviet.eu\/en\/wp-json\/wp\/v2\/media\/18809"}],"wp:attachment":[{"href":"https:\/\/sachviet.eu\/en\/wp-json\/wp\/v2\/media?parent=18810"}],"wp:term":[{"taxonomy":"product_brand","embeddable":true,"href":"https:\/\/sachviet.eu\/en\/wp-json\/wp\/v2\/product_brand?post=18810"},{"taxonomy":"product_cat","embeddable":true,"href":"https:\/\/sachviet.eu\/en\/wp-json\/wp\/v2\/product_cat?post=18810"},{"taxonomy":"product_tag","embeddable":true,"href":"https:\/\/sachviet.eu\/en\/wp-json\/wp\/v2\/product_tag?post=18810"}],"curies":[{"name":"wp","href":"https:\/\/api.w.org\/{rel}","templated":true}]}}