{"id":18808,"date":"2022-04-21T20:39:55","date_gmt":"2022-04-21T17:39:55","guid":{"rendered":"https:\/\/sachviet.eu\/shop\/tram-dung-vo-dinh-tron-bo-5-tap\/"},"modified":"2022-12-19T14:57:45","modified_gmt":"2022-12-19T12:57:45","slug":"tram-dung-vo-dinh-tron-bo-5-tap","status":"publish","type":"product","link":"https:\/\/sachviet.eu\/en\/shop\/tram-dung-vo-dinh-tron-bo-5-tap\/","title":{"rendered":"Tr\u1ea1m D\u1eebng V\u00f4 \u0110\u1ecbnh (Tr\u1ecdn B\u1ed9 5 T\u1eadp)"},"content":{"rendered":"<p>Do quy\u1ec1n n\u0103ng c\u1ee7a m\u1ed9t \u201cb\u00e1u v\u1eadt\u201d k\u00ec l\u1ea1, hai ch\u00e0ng trai tr\u1ebb l\u00e0 Yoruma v\u00e0 Sayatoki v\u1ed1n ch\u1eb3ng th\u00e2n quen bu\u1ed9c ph\u1ea3i b\u00ean nhau kh\u00f4ng r\u1eddi. T\u00ednh c\u00e1ch tr\u00e1i ng\u01b0\u1ee3c, l\u1ea1i l\u1eafm m\u00e2u thu\u1eabn ho\u1ea1nh h\u1ecde x\u1ea3y ra khi\u1ebfn c\u1ea3 hai c\u00e0ng mong mau \u0111\u01b0\u1ee3c gi\u1ea3i ph\u00f3ng. Do \u0111\u00f3 h\u1ecd l\u00ean \u0111\u01b0\u1eddng \u0111\u1ebfn h\u00f2n \u0111\u1ea3o Kikiri, n\u01a1i \u0111\u1ed3n c\u00f3 ngh\u1ec7 nh\u00e2n bi\u1ebft c\u00e1ch th\u00e1o b\u00e1u v\u1eadt. Ch\u1eb7ng \u0111\u01b0\u1eddng \u0111\u00f3 tuy gian nan v\u1ea5t v\u1ea3 nh\u01b0ng m\u1ed7i ng\u01b0\u1eddi h\u1ecd g\u1eb7p, m\u1ed7i vi\u1ec7c h\u1ecd l\u00e0m \u0111\u1ec1u mang \u00fd ngh\u0129a nh\u1ea5t \u0111\u1ecbnh m\u00e0 ph\u1ea3i v\u1ec1 sau h\u1ecd ng\u1eabm l\u1ea1i m\u1edbi th\u1ea5y. H\u01a1n h\u1ebft, hai anh ch\u00e0ng oan gia b\u00ean nhau, b\u1ec1 ngo\u00e0i d\u1eedng d\u01b0ng nh\u01b0ng t\u1ef1 l\u00fac n\u00e0o \u0111\u00e3 \u00e2m th\u1ea7m quan t\u00e2m g\u1eafn b\u00f3. \u0110\u1ec3 gi\u1eefa h\u1ecd n\u1ea3y sinh m\u1ed9t t\u00ecnh b\u1ea1n kh\u00e1c th\u01b0\u1eddng, v\u01b0\u1ee3t qua nh\u1eefng \u00e1m \u1ea3nh th\u1eb3m s\u00e2u b\u00ean trong m\u1ed7i ng\u01b0\u1eddi, ti\u1ebfn t\u1edbi m\u1ed9t \u0111\u1ecba h\u1ea1t \u201cv\u00f4 \u0111\u1ecbnh\u201d nh\u01b0ng c\u00f3 th\u1ec3 l\u00e0 \u201cm\u00e3i m\u00e3i\u201d.<\/p>\n<p>\u0110\u00e2y l\u00e0 c\u00e2u chuy\u1ec7n v\u1ec1 t\u00ecnh b\u1ea1n v\u00e0 c\u00f2n h\u01a1n th\u1ebf. Th\u1ee9 g\u1eafn k\u1ebft \u0111\u00f4i b\u00ean l\u00e0 \u201cb\u00e1u v\u1eadt\u201d nh\u01b0ng c\u1ea3 hai \u0111\u1ec1u mu\u1ed1n th\u00e1o ra. \u0110\u1ec3 r\u1ed3i khi s\u1eafp kh\u00f4ng c\u00f2n th\u1ee9 r\u00e0ng bu\u1ed9c h\u1eefu h\u00ecnh \u1ea5y, gi\u1eefa h\u1ecd l\u1ea1i h\u00ecnh th\u00e0nh m\u1ed9t \u0111i\u1ec1u tr\u00e2n qu\u00fd c\u00f2n h\u01a1n c\u1ea3 \u201cb\u00e1u v\u1eadt\u201d.<\/p>\n<p>Hai ho\u00e0n c\u1ea3nh song h\u00e0nh tr\u00ean c\u00f9ng m\u1ed9t ch\u1eb7ng \u0111\u01b0\u1eddng. H\u1ecd \u0111i t\u00ecm m\u1ed9t tr\u1ea1m d\u1eebng, nh\u01b0ng khi \u0111\u00e3 c\u00f3 b\u1ea1n \u0111\u1ed3ng h\u00e0nh, ph\u1ea3i ch\u0103ng \u0111i\u1ec1u h\u1ecd s\u1eb5n s\u00e0ng \u0111\u00f3n nh\u1eadn v\u00e0 c\u0169ng ch\u1edd mong ch\u00ednh l\u00e0 m\u1ed9t Tr\u1ea1m d\u1eebng v\u00f4 \u0111\u1ecbnh.<\/p>\n","protected":false},"excerpt":{"rendered":"<p>Do quy\u1ec1n n\u0103ng c\u1ee7a m\u1ed9t \u201cb\u00e1u v\u1eadt\u201d k\u00ec l\u1ea1, hai ch\u00e0ng trai tr\u1ebb l\u00e0 Yoruma v\u00e0 Sayatoki v\u1ed1n ch\u1eb3ng th\u00e2n quen bu\u1ed9c ph\u1ea3i b\u00ean nhau kh\u00f4ng r\u1eddi. T\u00ednh c\u00e1ch tr\u00e1i ng\u01b0\u1ee3c, l\u1ea1i l\u1eafm m\u00e2u thu\u1eabn ho\u1ea1nh h\u1ecde x\u1ea3y ra khi\u1ebfn c\u1ea3 hai c\u00e0ng mong mau \u0111\u01b0\u1ee3c gi\u1ea3i ph\u00f3ng. Do \u0111\u00f3 h\u1ecd l\u00ean \u0111\u01b0\u1eddng \u0111\u1ebfn h\u00f2n \u0111\u1ea3o Kikiri, n\u01a1i \u0111\u1ed3n c\u00f3 ngh\u1ec7 nh\u00e2n bi\u1ebft c\u00e1ch th\u00e1o b\u00e1u v\u1eadt. Ch\u1eb7ng \u0111\u01b0\u1eddng \u0111\u00f3 tuy gian nan v\u1ea5t v\u1ea3 nh\u01b0ng m\u1ed7i ng\u01b0\u1eddi h\u1ecd g\u1eb7p, m\u1ed7i vi\u1ec7c h\u1ecd l\u00e0m \u0111\u1ec1u mang \u00fd ngh\u0129a nh\u1ea5t \u0111\u1ecbnh m\u00e0 ph\u1ea3i v\u1ec1 sau h\u1ecd ng\u1eabm l\u1ea1i m\u1edbi th\u1ea5y. H\u01a1n h\u1ebft, hai anh ch\u00e0ng oan gia b\u00ean nhau, b\u1ec1 ngo\u00e0i d\u1eedng d\u01b0ng nh\u01b0ng t\u1ef1 l\u00fac n\u00e0o \u0111\u00e3 \u00e2m th\u1ea7m quan t\u00e2m g\u1eafn b\u00f3. \u0110\u1ec3 gi\u1eefa h\u1ecd n\u1ea3y sinh m\u1ed9t t\u00ecnh b\u1ea1n kh\u00e1c th\u01b0\u1eddng, v\u01b0\u1ee3t qua nh\u1eefng \u00e1m \u1ea3nh th\u1eb3m s\u00e2u b\u00ean trong m\u1ed7i ng\u01b0\u1eddi, ti\u1ebfn t\u1edbi m\u1ed9t \u0111\u1ecba h\u1ea1t \u201cv\u00f4 \u0111\u1ecbnh\u201d nh\u01b0ng c\u00f3 th\u1ec3 l\u00e0 \u201cm\u00e3i m\u00e3i\u201d.<\/p>\n<p>\u0110\u00e2y l\u00e0 c\u00e2u chuy\u1ec7n v\u1ec1 t\u00ecnh b\u1ea1n v\u00e0 c\u00f2n h\u01a1n th\u1ebf. Th\u1ee9 g\u1eafn k\u1ebft \u0111\u00f4i b\u00ean l\u00e0 \u201cb\u00e1u v\u1eadt\u201d nh\u01b0ng c\u1ea3 hai \u0111\u1ec1u mu\u1ed1n th\u00e1o ra. \u0110\u1ec3 r\u1ed3i khi s\u1eafp kh\u00f4ng c\u00f2n th\u1ee9 r\u00e0ng bu\u1ed9c h\u1eefu h\u00ecnh \u1ea5y, gi\u1eefa h\u1ecd l\u1ea1i h\u00ecnh th\u00e0nh m\u1ed9t \u0111i\u1ec1u tr\u00e2n qu\u00fd c\u00f2n h\u01a1n c\u1ea3 \u201cb\u00e1u v\u1eadt\u201d.<\/p>\n<p>Hai ho\u00e0n c\u1ea3nh song h\u00e0nh tr\u00ean c\u00f9ng m\u1ed9t ch\u1eb7ng \u0111\u01b0\u1eddng. H\u1ecd \u0111i t\u00ecm m\u1ed9t tr\u1ea1m d\u1eebng, nh\u01b0ng khi \u0111\u00e3 c\u00f3 b\u1ea1n \u0111\u1ed3ng h\u00e0nh, ph\u1ea3i ch\u0103ng \u0111i\u1ec1u h\u1ecd s\u1eb5n s\u00e0ng \u0111\u00f3n nh\u1eadn v\u00e0 c\u0169ng ch\u1edd mong ch\u00ednh l\u00e0 m\u1ed9t Tr\u1ea1m d\u1eebng v\u00f4 \u0111\u1ecbnh.<\/p>\n","protected":false},"featured_media":18807,"template":"","meta":{"_acf_changed":false},"product_brand":[],"product_cat":[73,29,15],"product_tag":[],"class_list":{"0":"post-18808","1":"product","2":"type-product","3":"status-publish","4":"has-post-thumbnail","6":"product_cat-dam-my-ngon-tinh","7":"product_cat-manga-comics","8":"product_cat-sach-danh-cho-nguoi-lon","10":"first","11":"outofstock","12":"taxable","13":"shipping-taxable","14":"purchasable","15":"product-type-simple"},"supplier_id":null,"supplier_sku":"","barcode":null,"atum_controlled":true,"out_stock_date":"2022-12-19 12:57:45","out_stock_threshold":null,"inheritable":false,"inbound_stock":0,"stock_on_hold":0,"sold_today":0,"sales_last_days":0,"reserved_stock":0,"customer_returns":0,"warehouse_damage":0,"lost_in_post":0,"other_logs":0,"out_stock_days":1136,"lost_sales":0,"has_location":false,"update_date":"2026-01-28T23:11:05","atum_locations":[{"id":32,"name":"Helsinki","slug":"helsinki"}],"atum_stock_status":"outofstock","restock_status":false,"low_stock_amount":"","sales_update_date":"2026-01-28T23:11:05","calc_backorders":null,"acf":{"publisher":{"ID":17676,"post_author":"1","post_date":"2022-04-04 17:29:33","post_date_gmt":"2022-04-04 14:29:33","post_content":"","post_title":"Meibooks","post_excerpt":"","post_status":"publish","comment_status":"closed","ping_status":"closed","post_password":"","post_name":"meibooks","to_ping":"","pinged":"","post_modified":"2022-04-04 17:29:33","post_modified_gmt":"2022-04-04 14:29:33","post_content_filtered":"","post_parent":0,"guid":"https:\/\/sachviet.eu\/nha-phat-hanh\/meibooks\/","menu_order":0,"post_type":"publisher","post_mime_type":"","comment_count":"0","filter":"raw"}},"_links":{"self":[{"href":"https:\/\/sachviet.eu\/en\/wp-json\/wp\/v2\/product\/18808","targetHints":{"allow":["GET"]}}],"collection":[{"href":"https:\/\/sachviet.eu\/en\/wp-json\/wp\/v2\/product"}],"about":[{"href":"https:\/\/sachviet.eu\/en\/wp-json\/wp\/v2\/types\/product"}],"wp:featuredmedia":[{"embeddable":true,"href":"https:\/\/sachviet.eu\/en\/wp-json\/wp\/v2\/media\/18807"}],"wp:attachment":[{"href":"https:\/\/sachviet.eu\/en\/wp-json\/wp\/v2\/media?parent=18808"}],"wp:term":[{"taxonomy":"product_brand","embeddable":true,"href":"https:\/\/sachviet.eu\/en\/wp-json\/wp\/v2\/product_brand?post=18808"},{"taxonomy":"product_cat","embeddable":true,"href":"https:\/\/sachviet.eu\/en\/wp-json\/wp\/v2\/product_cat?post=18808"},{"taxonomy":"product_tag","embeddable":true,"href":"https:\/\/sachviet.eu\/en\/wp-json\/wp\/v2\/product_tag?post=18808"}],"curies":[{"name":"wp","href":"https:\/\/api.w.org\/{rel}","templated":true}]}}