{"id":18806,"date":"2022-04-21T20:39:49","date_gmt":"2022-04-21T17:39:49","guid":{"rendered":"https:\/\/sachviet.eu\/shop\/toi-di-tim-toi\/"},"modified":"2022-12-19T14:57:46","modified_gmt":"2022-12-19T12:57:46","slug":"toi-di-tim-toi","status":"publish","type":"product","link":"https:\/\/sachviet.eu\/en\/shop\/toi-di-tim-toi\/","title":{"rendered":"T\u00f4i \u0110i T\u00ecm T\u00f4i"},"content":{"rendered":"<p>T\u00f4i \u0111i t\u00ecm t\u00f4i &#8211; nh\u1eefng c\u00e2u chuy\u1ec7n lan man, nh\u1eefng suy ngh\u0129 di gan, nh\u1eefng con \u0111\u01b0\u1eddng \u0111\u00e3 \u0111\u1ebfn ch\u01b0a \u0111i, nh\u1eefng b\u00e0i h\u1ecdc v\u1ee1 ra nh\u1edd t\u00e9 s\u1ea5p m\u1eb7t tr\u00ean \u0111\u01b0\u1eddng \u0111\u1eddi g\u1eadp gh\u1ec1nh, b\u1ea5t \u0111\u1ecbnh.<\/p>\n<p>S\u00e1ch ch\u1ea3 c\u00f3 c\u1ea5u tr\u00fac, th\u1ee9 t\u1ef1 x\u1ebfp h\u00e0ng ng\u0103n n\u1eafp hay v\u0103n ch\u01b0\u01a1ng theo khu\u00f4n kh\u1ed5 g\u00ec. Ai n\u00f3i, c\u1ee9 ph\u1ea3i x\u1ebfp h\u00e0ng theo tr\u1eadt t\u1ef1 ng\u01b0\u1eddi \u0111\u1eddi s\u1eafp x\u1ebfp? Ai n\u00f3i, c\u1ee9 ph\u1ea3i l\u00ean chu\u1ed3ng xu\u1ed1ng chu\u1ed3ng nh\u01b0 g\u00e0 c\u00f4ng nghi\u1ec7p? H\u1ed3i x\u01b0a, m\u1ed9t c\u00e1i khu\u00f4n d\u1eadp m\u1ed9t ph\u00e1t ra ch\u00edn ch\u1ee5c tri\u1ec7u s\u1ea3n ph\u1ea9m. Gi\u1edd, in 3D c\u00e1 nh\u00e2n h\u00f3a theo thi\u1ebft k\u1ebf r\u1ed3i nha.<br \/>\nCho n\u00ean, sao kh\u00f4ng t\u1ea1o ra th\u1ee9 g\u00ec \u0111\u00f3 m\u1edbi? Sao kh\u00f4ng ph\u1ea3i l\u00e0 follow your heart \u2013 \u0111i theo nh\u1ecbp \u0111\u1eadp r\u1ea5t \u01b0 l\u00e0 wabi-sabi \u2013 kh\u00f4ng ho\u00e0n h\u1ea3o m\u1ed9t c\u00e1ch v\u00f4 c\u00f9ng ho\u00e0n h\u1ea3o, \u0111\u1ec3 t\u00ecm th\u1ea5y \u00fd ngh\u0129a v\u00e0 s\u1ef1 y\u00ean b\u00ecnh trong h\u00e0nh tr\u00ecnh ti\u1ebfn t\u1edbi b\u1eb1ng c\u00e1ch tr\u1edf v\u1ec1?<\/p>\n","protected":false},"excerpt":{"rendered":"<p>T\u00f4i \u0111i t\u00ecm t\u00f4i &#8211; nh\u1eefng c\u00e2u chuy\u1ec7n lan man, nh\u1eefng suy ngh\u0129 di gan, nh\u1eefng con \u0111\u01b0\u1eddng \u0111\u00e3 \u0111\u1ebfn ch\u01b0a \u0111i, nh\u1eefng b\u00e0i h\u1ecdc v\u1ee1 ra nh\u1edd t\u00e9 s\u1ea5p m\u1eb7t tr\u00ean \u0111\u01b0\u1eddng \u0111\u1eddi g\u1eadp gh\u1ec1nh, b\u1ea5t \u0111\u1ecbnh.<\/p>\n<p>S\u00e1ch ch\u1ea3 c\u00f3 c\u1ea5u tr\u00fac, th\u1ee9 t\u1ef1 x\u1ebfp h\u00e0ng ng\u0103n n\u1eafp hay v\u0103n ch\u01b0\u01a1ng theo khu\u00f4n kh\u1ed5 g\u00ec. Ai n\u00f3i, c\u1ee9 ph\u1ea3i x\u1ebfp h\u00e0ng theo tr\u1eadt t\u1ef1 ng\u01b0\u1eddi \u0111\u1eddi s\u1eafp x\u1ebfp? Ai n\u00f3i, c\u1ee9 ph\u1ea3i l\u00ean chu\u1ed3ng xu\u1ed1ng chu\u1ed3ng nh\u01b0 g\u00e0 c\u00f4ng nghi\u1ec7p? H\u1ed3i x\u01b0a, m\u1ed9t c\u00e1i khu\u00f4n d\u1eadp m\u1ed9t ph\u00e1t ra ch\u00edn ch\u1ee5c tri\u1ec7u s\u1ea3n ph\u1ea9m. Gi\u1edd, in 3D c\u00e1 nh\u00e2n h\u00f3a theo thi\u1ebft k\u1ebf r\u1ed3i nha.<br \/>\nCho n\u00ean, sao kh\u00f4ng t\u1ea1o ra th\u1ee9 g\u00ec \u0111\u00f3 m\u1edbi? Sao kh\u00f4ng ph\u1ea3i l\u00e0 follow your heart \u2013 \u0111i theo nh\u1ecbp \u0111\u1eadp r\u1ea5t \u01b0 l\u00e0 wabi-sabi \u2013 kh\u00f4ng ho\u00e0n h\u1ea3o m\u1ed9t c\u00e1ch v\u00f4 c\u00f9ng ho\u00e0n h\u1ea3o, \u0111\u1ec3 t\u00ecm th\u1ea5y \u00fd ngh\u0129a v\u00e0 s\u1ef1 y\u00ean b\u00ecnh trong h\u00e0nh tr\u00ecnh ti\u1ebfn t\u1edbi b\u1eb1ng c\u00e1ch tr\u1edf v\u1ec1?<\/p>\n","protected":false},"featured_media":18805,"template":"","meta":{"_acf_changed":false},"product_brand":[],"product_cat":[15,45],"product_tag":[],"class_list":{"0":"post-18806","1":"product","2":"type-product","3":"status-publish","4":"has-post-thumbnail","6":"product_cat-sach-danh-cho-nguoi-lon","7":"product_cat-tieu-thuyet","9":"first","10":"outofstock","11":"taxable","12":"shipping-taxable","13":"purchasable","14":"product-type-simple"},"supplier_id":null,"supplier_sku":"","barcode":null,"atum_controlled":true,"out_stock_date":"2022-12-19 12:57:46","out_stock_threshold":null,"inheritable":false,"inbound_stock":0,"stock_on_hold":0,"sold_today":0,"sales_last_days":0,"reserved_stock":0,"customer_returns":0,"warehouse_damage":0,"lost_in_post":0,"other_logs":0,"out_stock_days":1136,"lost_sales":0,"has_location":false,"update_date":"2026-01-28T23:11:05","atum_locations":[{"id":32,"name":"Helsinki","slug":"helsinki"}],"atum_stock_status":"outofstock","restock_status":false,"low_stock_amount":"","sales_update_date":"2026-01-28T23:11:05","calc_backorders":null,"acf":{"publisher":{"ID":9871,"post_author":"1","post_date":"2021-06-02 17:52:59","post_date_gmt":"2021-06-02 14:52:59","post_content":"","post_title":"Saigon Books","post_excerpt":"","post_status":"publish","comment_status":"closed","ping_status":"closed","post_password":"","post_name":"saigon-books","to_ping":"","pinged":"","post_modified":"2021-06-02 17:52:59","post_modified_gmt":"2021-06-02 14:52:59","post_content_filtered":"","post_parent":0,"guid":"https:\/\/sachviet.eu\/nha-phat-hanh\/saigon-books\/","menu_order":0,"post_type":"publisher","post_mime_type":"","comment_count":"0","filter":"raw"}},"_links":{"self":[{"href":"https:\/\/sachviet.eu\/en\/wp-json\/wp\/v2\/product\/18806","targetHints":{"allow":["GET"]}}],"collection":[{"href":"https:\/\/sachviet.eu\/en\/wp-json\/wp\/v2\/product"}],"about":[{"href":"https:\/\/sachviet.eu\/en\/wp-json\/wp\/v2\/types\/product"}],"wp:featuredmedia":[{"embeddable":true,"href":"https:\/\/sachviet.eu\/en\/wp-json\/wp\/v2\/media\/18805"}],"wp:attachment":[{"href":"https:\/\/sachviet.eu\/en\/wp-json\/wp\/v2\/media?parent=18806"}],"wp:term":[{"taxonomy":"product_brand","embeddable":true,"href":"https:\/\/sachviet.eu\/en\/wp-json\/wp\/v2\/product_brand?post=18806"},{"taxonomy":"product_cat","embeddable":true,"href":"https:\/\/sachviet.eu\/en\/wp-json\/wp\/v2\/product_cat?post=18806"},{"taxonomy":"product_tag","embeddable":true,"href":"https:\/\/sachviet.eu\/en\/wp-json\/wp\/v2\/product_tag?post=18806"}],"curies":[{"name":"wp","href":"https:\/\/api.w.org\/{rel}","templated":true}]}}