{"id":18804,"date":"2022-04-21T20:39:43","date_gmt":"2022-04-21T17:39:43","guid":{"rendered":"https:\/\/sachviet.eu\/shop\/tro-choi-trung-phuc-sinh-tap-1\/"},"modified":"2022-12-19T14:57:46","modified_gmt":"2022-12-19T12:57:46","slug":"tro-choi-trung-phuc-sinh-tap-1","status":"publish","type":"product","link":"https:\/\/sachviet.eu\/en\/shop\/tro-choi-trung-phuc-sinh-tap-1\/","title":{"rendered":"Tr\u00f2 Ch\u01a1i Tr\u1ee9ng Ph\u1ee5c Sinh &#8211; T\u1eadp 1"},"content":{"rendered":"<p>TR\u00d2 CH\u01a0I TR\u1ee8NG PH\u1ee4 SINH (T\u1eacP 1) \u2013 B\u1ea0C M\u1ed8 B\u0102NG LU\u00c2N<\/p>\n<p>L\u00e2m Gi\u00e1c l\u00e0 m\u1ed9t sinh vi\u00ean \u0111\u1ea1i h\u1ecdc b\u00ecnh th\u01b0\u1eddng nh\u01b0 bao ng\u01b0\u1eddi, b\u1ed7ng m\u1ed9t bu\u1ed5i t\u1ed1i n\u1ecd, c\u1eadu gi\u1eadt m\u00ecnh nh\u1eadn ra m\u00ecnh \u0111\u00e3 b\u1ecb k\u00e9o v\u00e0o m\u1ed9t tr\u00f2 ch\u01a1i kinh ho\u00e0ng. T\u1ea5t c\u1ea3 m\u1ecdi ng\u01b0\u1eddi xung quanh \u0111\u1ec1u tr\u1edf th\u00e0nh x\u00e1c s\u1ed1ng, h\u01a1i th\u1edf c\u1ee7a c\u00e1i ch\u1ebft b\u1ee7a v\u00e2y kh\u1eafp ng\u00f4i tr\u01b0\u1eddng. Gi\u1eefa l\u00fac hi\u1ec3m nguy \u1ea5y, L\u00e2m Gi\u00e1c \u0111\u00e3 g\u1eb7p \u0111\u01b0\u1ee3c T\u1ed1ng H\u00e0n Ch\u01b0\u01a1ng. Ng\u01b0\u1eddi thanh ni\u00ean l\u1ea1nh l\u00f9ng, \u0111i\u1ec1m t\u0129nh v\u00e0 th\u00f4ng minh \u0111\u00f3 \u0111\u00e3 c\u1ee9u m\u1ea1ng c\u1eadu, gi\u00fap c\u1eadu l\u1ea5y l\u1ea1i s\u1ef1 b\u00ecnh t\u0129nh v\u00e0 t\u1ec9nh t\u00e1o \u0111\u1ed1i di\u1ec7n v\u1edbi c\u01a1n \u00e1c m\u1ed9ng ch\u00e2n th\u1eadt n\u00e0y.<\/p>\n<p>13 con ng\u01b0\u1eddi nh\u1eadn \u0111\u01b0\u1ee3c qu\u1ea3 tr\u1ee9ng Ph\u1ee5c Sinh t\u1eeb m\u1ed9t c\u00f4 g\u00e1i k\u1ef3 l\u1ea1 trong c\u0103ng tin ng\u00e0y h\u00f4m \u1ea5y \u0111\u00e3 v\u00f4 t\u00ecnh tr\u1edf th\u00e0nh 13 ng\u01b0\u1eddi ch\u01a1i trong tr\u00f2 ch\u01a1i ch\u1ebft ch\u00f3c n\u00e0y. \u1ede n\u01a1i \u0111\u00e2y li\u1ec7u c\u00f3 \u00e1nh s\u00e1ng c\u1ee7a hi v\u1ecdng? Hay ch\u1ec9 to\u00e0n nh\u1eefng toan t\u00ednh, \u00e2m m\u01b0u, l\u1ecdc l\u1eeba v\u00e0 v\u1ecb k\u1ef7? Ai l\u00e0 Judas &#8211; k\u1ebb ph\u1ea3n b\u1ed9i? Ph\u1ea3i l\u00e0m sao \u0111\u1ec3 tho\u00e1t \u0111\u01b0\u1ee3c kh\u1ecfi tr\u00f2 ch\u01a1i t\u00e0n \u00e1c n\u00e0y, ph\u1ea3i l\u00e0m sao \u0111\u1ec3 c\u00f9ng nhau s\u1ed1ng s\u00f3t?<br \/>\nB\u00ecnh minh, ch\u00ednh l\u00e0 hi v\u1ecdng.<\/p>\n<p>M\u1ed9t s\u1ed1 tr\u00edch \u0111o\u1ea1n n\u1ed5i b\u1eadt<\/p>\n<p>N\u1ebfu nh\u01b0 L\u00e2m Gi\u00e1c ch\u1ebft \u0111i, d\u00f9ng thi th\u1ec3 c\u1ee7a c\u1eadu \u0111\u1ec3 thu h\u00fat \u0111\u00e1m x\u00e1c s\u1ed1ng, T\u1ed1ng H\u00e0n Ch\u01b0\u01a1ng ho\u00e0n to\u00e0n c\u00f3 th\u1ec3 thong th\u1ea3 \u0111i t\u1edbi ch\u1ed7 \u1ed1ng v\u1eafc-xin b\u1ecb r\u01a1i. K\u1ebf ho\u1ea1ch n\u00e0y kh\u00f4ng ch\u1ec9 an to\u00e0n m\u00e0 c\u00f2n ch\u1eafc ch\u1eafn, l\u1ea1i r\u1ea5t d\u1ec5 th\u1ef1c hi\u1ec7n n\u1eefa, ch\u1ec9 c\u1ea7n b\u00e2y gi\u1edd anh vung tay cho L\u00e2m Gi\u00e1c m\u1ed9t dao l\u00e0 coi nh\u01b0 \u0111\u00e3 th\u00e0nh c\u00f4ng \u0111\u01b0\u1ee3c h\u01a1n n\u1eeda.<\/p>\n<p>Nh\u01b0ng anh l\u1ea1i t\u1eeb b\u1ecf, t\u1eeb b\u1ecf c\u00e1ch l\u00e0m c\u00f3 kh\u1ea3 n\u0103ng th\u00e0nh c\u00f4ng cao nh\u1ea5t \u1ea5y, \u0111\u1ec3 \u0111\u00e1nh c\u01b0\u1ee3c v\u1edbi m\u1ed9t kh\u1ea3 n\u0103ng ch\u01b0a th\u1ec3 n\u1eafm ch\u1eafc.<br \/>\n\u0110\u01b0a ra m\u1ed9t l\u1ef1a ch\u1ecdn \u0111i ng\u01b0\u1ee3c l\u1ea1i l\u00fd tr\u00ed, \u0111\u00e1nh c\u01b0\u1ee3c v\u1edbi m\u1ed9t k\u1ebft qu\u1ea3 kh\u00f4ng th\u1ec3 d\u1ef1 \u0111o\u00e1n tr\u01b0\u1edbc, t\u1ea5t c\u1ea3 nh\u1eefng \u0111i\u1ec1u n\u00e0y ch\u1ec9 c\u00f3 th\u1ec3 l\u00e0 v\u00ec&#8230;<\/p>\n","protected":false},"excerpt":{"rendered":"<p>TR\u00d2 CH\u01a0I TR\u1ee8NG PH\u1ee4 SINH (T\u1eacP 1) \u2013 B\u1ea0C M\u1ed8 B\u0102NG LU\u00c2N<\/p>\n<p>L\u00e2m Gi\u00e1c l\u00e0 m\u1ed9t sinh vi\u00ean \u0111\u1ea1i h\u1ecdc b\u00ecnh th\u01b0\u1eddng nh\u01b0 bao ng\u01b0\u1eddi, b\u1ed7ng m\u1ed9t bu\u1ed5i t\u1ed1i n\u1ecd, c\u1eadu gi\u1eadt m\u00ecnh nh\u1eadn ra m\u00ecnh \u0111\u00e3 b\u1ecb k\u00e9o v\u00e0o m\u1ed9t tr\u00f2 ch\u01a1i kinh ho\u00e0ng. T\u1ea5t c\u1ea3 m\u1ecdi ng\u01b0\u1eddi xung quanh \u0111\u1ec1u tr\u1edf th\u00e0nh x\u00e1c s\u1ed1ng, h\u01a1i th\u1edf c\u1ee7a c\u00e1i ch\u1ebft b\u1ee7a v\u00e2y kh\u1eafp ng\u00f4i tr\u01b0\u1eddng. Gi\u1eefa l\u00fac hi\u1ec3m nguy \u1ea5y, L\u00e2m Gi\u00e1c \u0111\u00e3 g\u1eb7p \u0111\u01b0\u1ee3c T\u1ed1ng H\u00e0n Ch\u01b0\u01a1ng. Ng\u01b0\u1eddi thanh ni\u00ean l\u1ea1nh l\u00f9ng, \u0111i\u1ec1m t\u0129nh v\u00e0 th\u00f4ng minh \u0111\u00f3 \u0111\u00e3 c\u1ee9u m\u1ea1ng c\u1eadu, gi\u00fap c\u1eadu l\u1ea5y l\u1ea1i s\u1ef1 b\u00ecnh t\u0129nh v\u00e0 t\u1ec9nh t\u00e1o \u0111\u1ed1i di\u1ec7n v\u1edbi c\u01a1n \u00e1c m\u1ed9ng ch\u00e2n th\u1eadt n\u00e0y.<\/p>\n<p>13 con ng\u01b0\u1eddi nh\u1eadn \u0111\u01b0\u1ee3c qu\u1ea3 tr\u1ee9ng Ph\u1ee5c Sinh t\u1eeb m\u1ed9t c\u00f4 g\u00e1i k\u1ef3 l\u1ea1 trong c\u0103ng tin ng\u00e0y h\u00f4m \u1ea5y \u0111\u00e3 v\u00f4 t\u00ecnh tr\u1edf th\u00e0nh 13 ng\u01b0\u1eddi ch\u01a1i trong tr\u00f2 ch\u01a1i ch\u1ebft ch\u00f3c n\u00e0y. \u1ede n\u01a1i \u0111\u00e2y li\u1ec7u c\u00f3 \u00e1nh s\u00e1ng c\u1ee7a hi v\u1ecdng? Hay ch\u1ec9 to\u00e0n nh\u1eefng toan t\u00ednh, \u00e2m m\u01b0u, l\u1ecdc l\u1eeba v\u00e0 v\u1ecb k\u1ef7? Ai l\u00e0 Judas &#8211; k\u1ebb ph\u1ea3n b\u1ed9i? Ph\u1ea3i l\u00e0m sao \u0111\u1ec3 tho\u00e1t \u0111\u01b0\u1ee3c kh\u1ecfi tr\u00f2 ch\u01a1i t\u00e0n \u00e1c n\u00e0y, ph\u1ea3i l\u00e0m sao \u0111\u1ec3 c\u00f9ng nhau s\u1ed1ng s\u00f3t?<br \/>\nB\u00ecnh minh, ch\u00ednh l\u00e0 hi v\u1ecdng.<\/p>\n<p>M\u1ed9t s\u1ed1 tr\u00edch \u0111o\u1ea1n n\u1ed5i b\u1eadt<\/p>\n<p>N\u1ebfu nh\u01b0 L\u00e2m Gi\u00e1c ch\u1ebft \u0111i, d\u00f9ng thi th\u1ec3 c\u1ee7a c\u1eadu \u0111\u1ec3 thu h\u00fat \u0111\u00e1m x\u00e1c s\u1ed1ng, T\u1ed1ng H\u00e0n Ch\u01b0\u01a1ng ho\u00e0n to\u00e0n c\u00f3 th\u1ec3 thong th\u1ea3 \u0111i t\u1edbi ch\u1ed7 \u1ed1ng v\u1eafc-xin b\u1ecb r\u01a1i. K\u1ebf ho\u1ea1ch n\u00e0y kh\u00f4ng ch\u1ec9 an to\u00e0n m\u00e0 c\u00f2n ch\u1eafc ch\u1eafn, l\u1ea1i r\u1ea5t d\u1ec5 th\u1ef1c hi\u1ec7n n\u1eefa, ch\u1ec9 c\u1ea7n b\u00e2y gi\u1edd anh vung tay cho L\u00e2m Gi\u00e1c m\u1ed9t dao l\u00e0 coi nh\u01b0 \u0111\u00e3 th\u00e0nh c\u00f4ng \u0111\u01b0\u1ee3c h\u01a1n n\u1eeda.<\/p>\n<p>Nh\u01b0ng anh l\u1ea1i t\u1eeb b\u1ecf, t\u1eeb b\u1ecf c\u00e1ch l\u00e0m c\u00f3 kh\u1ea3 n\u0103ng th\u00e0nh c\u00f4ng cao nh\u1ea5t \u1ea5y, \u0111\u1ec3 \u0111\u00e1nh c\u01b0\u1ee3c v\u1edbi m\u1ed9t kh\u1ea3 n\u0103ng ch\u01b0a th\u1ec3 n\u1eafm ch\u1eafc.<br \/>\n\u0110\u01b0a ra m\u1ed9t l\u1ef1a ch\u1ecdn \u0111i ng\u01b0\u1ee3c l\u1ea1i l\u00fd tr\u00ed, \u0111\u00e1nh c\u01b0\u1ee3c v\u1edbi m\u1ed9t k\u1ebft qu\u1ea3 kh\u00f4ng th\u1ec3 d\u1ef1 \u0111o\u00e1n tr\u01b0\u1edbc, t\u1ea5t c\u1ea3 nh\u1eefng \u0111i\u1ec1u n\u00e0y ch\u1ec9 c\u00f3 th\u1ec3 l\u00e0 v\u00ec&#8230;<\/p>\n","protected":false},"featured_media":18802,"template":"","meta":{"_acf_changed":false},"product_brand":[],"product_cat":[73,15],"product_tag":[],"class_list":{"0":"post-18804","1":"product","2":"type-product","3":"status-publish","4":"has-post-thumbnail","6":"product_cat-dam-my-ngon-tinh","7":"product_cat-sach-danh-cho-nguoi-lon","9":"first","10":"outofstock","11":"taxable","12":"shipping-taxable","13":"purchasable","14":"product-type-simple"},"supplier_id":null,"supplier_sku":"","barcode":null,"atum_controlled":true,"out_stock_date":"2022-12-19 12:57:46","out_stock_threshold":null,"inheritable":false,"inbound_stock":0,"stock_on_hold":0,"sold_today":0,"sales_last_days":0,"reserved_stock":0,"customer_returns":0,"warehouse_damage":0,"lost_in_post":0,"other_logs":0,"out_stock_days":1136,"lost_sales":0,"has_location":false,"update_date":"2026-01-28T23:11:05","atum_locations":[{"id":32,"name":"Helsinki","slug":"helsinki"}],"atum_stock_status":"outofstock","restock_status":false,"low_stock_amount":"","sales_update_date":"2026-01-28T23:11:05","calc_backorders":null,"acf":{"publisher":{"ID":17676,"post_author":"1","post_date":"2022-04-04 17:29:33","post_date_gmt":"2022-04-04 14:29:33","post_content":"","post_title":"Meibooks","post_excerpt":"","post_status":"publish","comment_status":"closed","ping_status":"closed","post_password":"","post_name":"meibooks","to_ping":"","pinged":"","post_modified":"2022-04-04 17:29:33","post_modified_gmt":"2022-04-04 14:29:33","post_content_filtered":"","post_parent":0,"guid":"https:\/\/sachviet.eu\/nha-phat-hanh\/meibooks\/","menu_order":0,"post_type":"publisher","post_mime_type":"","comment_count":"0","filter":"raw"}},"_links":{"self":[{"href":"https:\/\/sachviet.eu\/en\/wp-json\/wp\/v2\/product\/18804","targetHints":{"allow":["GET"]}}],"collection":[{"href":"https:\/\/sachviet.eu\/en\/wp-json\/wp\/v2\/product"}],"about":[{"href":"https:\/\/sachviet.eu\/en\/wp-json\/wp\/v2\/types\/product"}],"wp:featuredmedia":[{"embeddable":true,"href":"https:\/\/sachviet.eu\/en\/wp-json\/wp\/v2\/media\/18802"}],"wp:attachment":[{"href":"https:\/\/sachviet.eu\/en\/wp-json\/wp\/v2\/media?parent=18804"}],"wp:term":[{"taxonomy":"product_brand","embeddable":true,"href":"https:\/\/sachviet.eu\/en\/wp-json\/wp\/v2\/product_brand?post=18804"},{"taxonomy":"product_cat","embeddable":true,"href":"https:\/\/sachviet.eu\/en\/wp-json\/wp\/v2\/product_cat?post=18804"},{"taxonomy":"product_tag","embeddable":true,"href":"https:\/\/sachviet.eu\/en\/wp-json\/wp\/v2\/product_tag?post=18804"}],"curies":[{"name":"wp","href":"https:\/\/api.w.org\/{rel}","templated":true}]}}