{"id":18801,"date":"2022-04-21T20:39:35","date_gmt":"2022-04-21T17:39:35","guid":{"rendered":"https:\/\/sachviet.eu\/shop\/khau-thi-tam-phi\/"},"modified":"2022-12-19T14:57:46","modified_gmt":"2022-12-19T12:57:46","slug":"khau-thi-tam-phi","status":"publish","type":"product","link":"https:\/\/sachviet.eu\/en\/shop\/khau-thi-tam-phi\/","title":{"rendered":"Kh\u1ea9u Th\u1ecb T\u00e2m Phi"},"content":{"rendered":"<p>KH\u1ea8U TH\u1eca T\u00c2M PHI \u2013 KH\u1ed0N \u1ef6 NGUY L\u00c2U<\/p>\n<p>Ranh gi\u1edbi gi\u1eefa \u201cb\u1ea1n b\u00e8\u201d v\u00e0 \u201ck\u1ebb th\u00f9\u201d tr\u00ean \u0111\u1eddi n\u00e0y v\u1ed1n d\u0129 r\u1ea5t mong manh. C\u00f3 ng\u01b0\u1eddi v\u1ed1n th\u00e2n thi\u1ebft nh\u01b0 ru\u1ed9t th\u1ecbt l\u1ea1i c\u00f3 th\u1ec3 tr\u1edf m\u1eb7t th\u00e0nh th\u00f9, c\u0169ng c\u00f3 ng\u01b0\u1eddi th\u00f9 gh\u00e9t nhau c\u1ea3 \u0111\u1eddi nh\u01b0ng s\u00e2u th\u1eb3m trong t\u00e2m can l\u1ea1i lu\u00f4n che ch\u1edf \u0111\u1ed1i ph\u01b0\u01a1ng\u2026<\/p>\n<p>M\u1ed1i duy\u00ean gi\u1eefa x\u00e0 y\u00eau Luy\u1ec7n Thi\u00ean S\u01b0\u01a1ng v\u00e0 Qu\u1ef7 v\u01b0\u01a1ng L\u0103ng Phi \u0111\u00e3 k\u00e9o d\u00e0i c\u1ea3 tr\u0103m n\u0103m. T\u1eeb khi c\u00f2n l\u00e0 ti\u1ec3u x\u00e0, qu\u1ef7 non, \u0111\u1ebfn khi th\u00e0nh \u0111\u1ea1i x\u00e0, qu\u1ef7 gi\u00e0, k\u1ebb th\u00f9 g\u1eb7p nhau \u0111\u1ecf m\u1eaft ph\u00e2n tranh, b\u1ea5t ph\u00e2n th\u1eafng b\u1ea1i, d\u00e2y d\u01b0a kh\u00f4ng d\u1ee9t. C\u00e0ng tr\u1edb tr\u00eau thay n\u1eef nh\u00e2n m\u00e0 c\u1ea3 hai ng\u01b0\u1eddi c\u00f9ng \u0111em l\u00f2ng m\u1ebfn m\u1ed9 l\u1ea1i n\u00ean duy\u00ean c\u00f9ng k\u1ebb kh\u00e1c, th\u1eadm ch\u00ed c\u00f2n \u0111\u1ec3 l\u1ea1i \u0111\u1ee9a con cho hai ng\u01b0\u1eddi c\u00f9ng nu\u00f4i d\u01b0\u1ee1ng.<\/p>\n<p>M\u1ed9t \u0111\u1ee9a tr\u1ebb, hai ng\u01b0\u1eddi cha h\u1edd. L\u00e0 l\u01b0\u01a1ng duy\u00ean do \u00f4ng tr\u1eddi an b\u00e0i hay l\u00e0 nghi\u1ec7t duy\u00ean t\u1ef1 hai ng\u01b0\u1eddi ph\u1ea3i g\u00e1nh l\u1ea5y? M\u1ea5y tr\u0103m n\u0103m \u00e2n o\u00e1n t\u00ecnh th\u00f9, ph\u1ea3i l\u00f2ng nhau l\u00fac n\u00e0o ch\u1eb3ng hay?<\/p>\n<p>R\u1ed3i c\u00e2u chuy\u1ec7n s\u1ebd k\u1ebft th\u00fac nh\u01b0 th\u1ebf n\u00e0o khi m\u00e0 \u00e2n o\u00e1n \u0111\u00e3 kh\u1eafc s\u00e2u v\u00e0o tr\u1eddi \u0111\u1ea5t, v\u00e0o l\u00f2ng ng\u01b0\u1eddi \u0111\u00e3 m\u1ea5y tr\u0103m n\u0103m nay? Li\u1ec7u r\u1eb1ng hai ng\u01b0\u1eddi c\u00f3 th\u1ec3 b\u1ecf qua qu\u00e1 kh\u1ee9, c\u00f9ng n\u1eafm tay nhau \u0111i h\u1ebft m\u1ed9t \u0111\u1eddi? H\u00e3y c\u00f9ng ch\u1edd \u0111\u00f3n trong \u1ea5n ph\u1ea9m \u201cKh\u1ea9u th\u1ecb t\u00e2m phi\u201d c\u1ee7a Kh\u1ed1n \u1ef6 Nguy L\u00e2u.<\/p>\n","protected":false},"excerpt":{"rendered":"<p>KH\u1ea8U TH\u1eca T\u00c2M PHI \u2013 KH\u1ed0N \u1ef6 NGUY L\u00c2U<\/p>\n<p>Ranh gi\u1edbi gi\u1eefa \u201cb\u1ea1n b\u00e8\u201d v\u00e0 \u201ck\u1ebb th\u00f9\u201d tr\u00ean \u0111\u1eddi n\u00e0y v\u1ed1n d\u0129 r\u1ea5t mong manh. C\u00f3 ng\u01b0\u1eddi v\u1ed1n th\u00e2n thi\u1ebft nh\u01b0 ru\u1ed9t th\u1ecbt l\u1ea1i c\u00f3 th\u1ec3 tr\u1edf m\u1eb7t th\u00e0nh th\u00f9, c\u0169ng c\u00f3 ng\u01b0\u1eddi th\u00f9 gh\u00e9t nhau c\u1ea3 \u0111\u1eddi nh\u01b0ng s\u00e2u th\u1eb3m trong t\u00e2m can l\u1ea1i lu\u00f4n che ch\u1edf \u0111\u1ed1i ph\u01b0\u01a1ng\u2026<\/p>\n<p>M\u1ed1i duy\u00ean gi\u1eefa x\u00e0 y\u00eau Luy\u1ec7n Thi\u00ean S\u01b0\u01a1ng v\u00e0 Qu\u1ef7 v\u01b0\u01a1ng L\u0103ng Phi \u0111\u00e3 k\u00e9o d\u00e0i c\u1ea3 tr\u0103m n\u0103m. T\u1eeb khi c\u00f2n l\u00e0 ti\u1ec3u x\u00e0, qu\u1ef7 non, \u0111\u1ebfn khi th\u00e0nh \u0111\u1ea1i x\u00e0, qu\u1ef7 gi\u00e0, k\u1ebb th\u00f9 g\u1eb7p nhau \u0111\u1ecf m\u1eaft ph\u00e2n tranh, b\u1ea5t ph\u00e2n th\u1eafng b\u1ea1i, d\u00e2y d\u01b0a kh\u00f4ng d\u1ee9t. C\u00e0ng tr\u1edb tr\u00eau thay n\u1eef nh\u00e2n m\u00e0 c\u1ea3 hai ng\u01b0\u1eddi c\u00f9ng \u0111em l\u00f2ng m\u1ebfn m\u1ed9 l\u1ea1i n\u00ean duy\u00ean c\u00f9ng k\u1ebb kh\u00e1c, th\u1eadm ch\u00ed c\u00f2n \u0111\u1ec3 l\u1ea1i \u0111\u1ee9a con cho hai ng\u01b0\u1eddi c\u00f9ng nu\u00f4i d\u01b0\u1ee1ng.<\/p>\n<p>M\u1ed9t \u0111\u1ee9a tr\u1ebb, hai ng\u01b0\u1eddi cha h\u1edd. L\u00e0 l\u01b0\u01a1ng duy\u00ean do \u00f4ng tr\u1eddi an b\u00e0i hay l\u00e0 nghi\u1ec7t duy\u00ean t\u1ef1 hai ng\u01b0\u1eddi ph\u1ea3i g\u00e1nh l\u1ea5y? M\u1ea5y tr\u0103m n\u0103m \u00e2n o\u00e1n t\u00ecnh th\u00f9, ph\u1ea3i l\u00f2ng nhau l\u00fac n\u00e0o ch\u1eb3ng hay?<\/p>\n<p>R\u1ed3i c\u00e2u chuy\u1ec7n s\u1ebd k\u1ebft th\u00fac nh\u01b0 th\u1ebf n\u00e0o khi m\u00e0 \u00e2n o\u00e1n \u0111\u00e3 kh\u1eafc s\u00e2u v\u00e0o tr\u1eddi \u0111\u1ea5t, v\u00e0o l\u00f2ng ng\u01b0\u1eddi \u0111\u00e3 m\u1ea5y tr\u0103m n\u0103m nay? Li\u1ec7u r\u1eb1ng hai ng\u01b0\u1eddi c\u00f3 th\u1ec3 b\u1ecf qua qu\u00e1 kh\u1ee9, c\u00f9ng n\u1eafm tay nhau \u0111i h\u1ebft m\u1ed9t \u0111\u1eddi? H\u00e3y c\u00f9ng ch\u1edd \u0111\u00f3n trong \u1ea5n ph\u1ea9m \u201cKh\u1ea9u th\u1ecb t\u00e2m phi\u201d c\u1ee7a Kh\u1ed1n \u1ef6 Nguy L\u00e2u.<\/p>\n","protected":false},"featured_media":18800,"template":"","meta":{"_acf_changed":false},"product_brand":[],"product_cat":[73,15],"product_tag":[],"class_list":{"0":"post-18801","1":"product","2":"type-product","3":"status-publish","4":"has-post-thumbnail","6":"product_cat-dam-my-ngon-tinh","7":"product_cat-sach-danh-cho-nguoi-lon","9":"first","10":"outofstock","11":"taxable","12":"shipping-taxable","13":"purchasable","14":"product-type-simple"},"supplier_id":null,"supplier_sku":"","barcode":null,"atum_controlled":true,"out_stock_date":"2022-12-19 12:57:46","out_stock_threshold":null,"inheritable":false,"inbound_stock":0,"stock_on_hold":0,"sold_today":0,"sales_last_days":0,"reserved_stock":0,"customer_returns":0,"warehouse_damage":0,"lost_in_post":0,"other_logs":0,"out_stock_days":1136,"lost_sales":0,"has_location":false,"update_date":"2026-01-28T23:11:05","atum_locations":[{"id":32,"name":"Helsinki","slug":"helsinki"}],"atum_stock_status":"outofstock","restock_status":false,"low_stock_amount":"","sales_update_date":"2026-01-28T23:11:05","calc_backorders":null,"acf":{"publisher":{"ID":17676,"post_author":"1","post_date":"2022-04-04 17:29:33","post_date_gmt":"2022-04-04 14:29:33","post_content":"","post_title":"Meibooks","post_excerpt":"","post_status":"publish","comment_status":"closed","ping_status":"closed","post_password":"","post_name":"meibooks","to_ping":"","pinged":"","post_modified":"2022-04-04 17:29:33","post_modified_gmt":"2022-04-04 14:29:33","post_content_filtered":"","post_parent":0,"guid":"https:\/\/sachviet.eu\/nha-phat-hanh\/meibooks\/","menu_order":0,"post_type":"publisher","post_mime_type":"","comment_count":"0","filter":"raw"}},"_links":{"self":[{"href":"https:\/\/sachviet.eu\/en\/wp-json\/wp\/v2\/product\/18801","targetHints":{"allow":["GET"]}}],"collection":[{"href":"https:\/\/sachviet.eu\/en\/wp-json\/wp\/v2\/product"}],"about":[{"href":"https:\/\/sachviet.eu\/en\/wp-json\/wp\/v2\/types\/product"}],"wp:featuredmedia":[{"embeddable":true,"href":"https:\/\/sachviet.eu\/en\/wp-json\/wp\/v2\/media\/18800"}],"wp:attachment":[{"href":"https:\/\/sachviet.eu\/en\/wp-json\/wp\/v2\/media?parent=18801"}],"wp:term":[{"taxonomy":"product_brand","embeddable":true,"href":"https:\/\/sachviet.eu\/en\/wp-json\/wp\/v2\/product_brand?post=18801"},{"taxonomy":"product_cat","embeddable":true,"href":"https:\/\/sachviet.eu\/en\/wp-json\/wp\/v2\/product_cat?post=18801"},{"taxonomy":"product_tag","embeddable":true,"href":"https:\/\/sachviet.eu\/en\/wp-json\/wp\/v2\/product_tag?post=18801"}],"curies":[{"name":"wp","href":"https:\/\/api.w.org\/{rel}","templated":true}]}}