{"id":18797,"date":"2022-04-21T20:39:23","date_gmt":"2022-04-21T17:39:23","guid":{"rendered":"https:\/\/sachviet.eu\/shop\/emile-hay-la-ve-giao-duc\/"},"modified":"2023-04-13T23:09:25","modified_gmt":"2023-04-13T20:09:25","slug":"emile-hay-la-ve-giao-duc","status":"publish","type":"product","link":"https:\/\/sachviet.eu\/en\/shop\/emile-hay-la-ve-giao-duc\/","title":{"rendered":"Emile Hay L\u00e0 V\u1ec1 Gi\u00e1o D\u1ee5c"},"content":{"rendered":"<p>V\u01b0\u1ee3t qua kho\u1ea3ng c\u00e1ch 250 n\u0103m, t\u01b0\u1edfng nh\u01b0 Rousseau l\u00e0 ng\u01b0\u1eddi s\u1ed1ng c\u00f9ng th\u1eddi v\u1edbi ch\u00fang ta, \u0111ang chia s\u1ebb nh\u1eefng n\u1ed7i lo \u00e2u v\u00e0 b\u1ea5t b\u00ecnh c\u1ee7a nh\u1eefng ng\u01b0\u1eddi v\u1eeba l\u00e0 th\u1ee7 ph\u1ea1m v\u1eeba l\u00e0 n\u1ea1n nh\u00e2n c\u1ee7a m\u1ed9t n\u1ec1n gi\u00e1o d\u1ee5c \u0111ang ph\u1ea1m nhi\u1ec1u sai l\u1ea7m t\u1eeb c\u01a1 s\u1edf tri\u1ebft l\u00fd, c\u00e1ch thi\u1ebft k\u1ebf cho \u0111\u1ebfn ph\u01b0\u01a1ng ph\u00e1p s\u01b0 ph\u1ea1m v\u1edbi m\u1ecdi h\u1eadu qu\u1ea3 \u0111\u00e1ng s\u1ee3 cho ph\u1ee5 huynh l\u1eabn con c\u00e1i.<\/p>\n<p>Ta h\u00e3y th\u1eed nghe \u00f4ng n\u00f3i: &#8220;Ch\u00fang ta x\u00f3t th\u01b0\u01a1ng cho s\u1ed1 ph\u1eadn c\u1ee7a tu\u1ed5i th\u01a1, th\u1ebf m\u00e0 ch\u00ednh s\u1ed1 ph\u1eadn ch\u00fang ta m\u1edbi c\u1ea7n x\u00f3t th\u01b0\u01a1ng. Nh\u1eefng n\u1ed7i \u0111au l\u1edbn nh\u1ea5t c\u1ee7a ch\u00fang ta l\u00e0 do ch\u00fang ta m\u00e0 ra&#8221;. V\u00ec \u0111\u00e2u n\u00ean n\u1ed7i? V\u00ec &#8220;ng\u01b0\u1eddi ta kh\u00f4ng h\u1ec1 hi\u1ec3u bi\u1ebft tu\u1ed5i th\u01a1: d\u1ef1a tr\u00ean nh\u1eefng \u00fd t\u01b0\u1edfng sai l\u1ea7m c\u1ee7a ta v\u1ec1 tu\u1ed5i th\u01a1 th\u00ec c\u00e0ng \u0111i c\u00e0ng l\u1ea1c l\u1ed1i (&#8230;.) H\u1ecd lu\u00f4n t\u00ecm ki\u1ebfm ng\u01b0\u1eddi l\u1edbn trong \u0111\u1ee9a tr\u1ebb m\u00e0 kh\u00f4ng ngh\u0129 v\u1ec1 hi\u1ec7n tr\u1ea1ng c\u1ee7a \u0111\u1ee9a tr\u1ebb tr\u01b0\u1edbc khi n\u00f3 l\u00e0 ng\u01b0\u1eddi l\u1edbn&#8221;. N\u00f3i c\u00e1ch kh\u00e1c, \u0111\u00f3 l\u00e0 n\u1ec1n gi\u00e1o d\u1ee5c kh\u00f4ng h\u1ec1 &#8220;nh\u00ecn r\u00f5 ch\u1ee7 th\u1ec3 m\u00e0 tr\u00ean \u0111\u00f3 ta c\u1ea7n thao t\u00e1c. V\u1eady xin c\u00e1c v\u1ecb h\u00e3y b\u1eaft \u0111\u1ea7u b\u1eb1ng vi\u1ec7c nghi\u00ean c\u1ee9u k\u1ef9 h\u01a1n c\u00e1c h\u1ecdc tr\u00f2 c\u1ee7a m\u00ecnh&#8221;. V\u00e0 c\u0169ng v\u00ec kh\u00f4ng hi\u1ec3u r\u00f5 &#8220;ch\u1ee7 th\u1ec3&#8221; c\u1ee7a gi\u00e1o d\u1ee5c l\u00e0 ng\u01b0\u1eddi h\u1ecdc n\u00ean ng\u01b0\u1eddi l\u1edbn tha h\u1ed3 s\u1eed d\u1ee5ng ph\u01b0\u01a1ng ph\u00e1p \u00e1p \u0111\u1eb7t: &#8220;thay v\u00ec gi\u00fap ta t\u00ecm ra c\u00e1c ch\u1ee9ng minh, ng\u01b0\u1eddi ta \u0111\u1ecdc cho ta vi\u1ebft c\u00e1c ch\u1ee9ng minh \u1ea5y, thay v\u00ec d\u1ea1y ta l\u1eadp lu\u1eadn, \u00f4ng th\u1ea7y l\u1eadp lu\u1eadn h\u1ed9 ta v\u00e0 ch\u1ec9 r\u00e8n luy\u1ec7n tr\u00ed nh\u1edb c\u1ee7a ta th\u00f4i&#8221;. Trong khi \u0111\u00f3, \u0111\u00fang ra &#8220;v\u1ea5n \u0111\u1ec1 kh\u00f4ng ph\u1ea3i l\u00e0 d\u1ea1y c\u00e1c m\u00f4n khoa h\u1ecdc, m\u00e0 l\u00e0 \u0111em l\u1ea1i cho ng\u01b0\u1eddi h\u1ecdc h\u1ee9ng th\u00fa \u0111\u1ec3 y\u00eau khoa h\u1ecdc v\u00e0 \u0111em l\u1ea1i ph\u01b0\u01a1ng ph\u00e1p \u0111\u1ec3 h\u1ecdc nh\u1eefng m\u00f4n \u0111\u00f3, khi h\u1ee9ng th\u00fa n\u00e0y ph\u00e1t tri\u1ec3n h\u01a1n l\u00ean.<\/p>\n<p>Ch\u1eafc ch\u1eafn \u0111\u00f3 l\u00e0 m\u1ed9t nguy\u00ean l\u00fd c\u01a1 b\u1ea3n c\u1ee7a b\u1ea5t k\u1ef3 n\u1ec1n gi\u00e1o d\u1ee5c t\u1ed1t n\u00e0o&#8221; (B\u00f9i V\u0103n Nam S\u01a1n) M\u1ecdi th\u1ee9 t\u1eeb b\u00e0n tay T\u1ea1o ho\u00e1 m\u00e0 ra \u0111\u1ec1u t\u1ed1t: m\u1ecdi th\u1ee9 \u0111\u1ec1u suy \u0111\u1ed3i bi\u1ebfn ch\u1ea5t trong b\u00e0n tay con ng\u01b0\u1eddi. Con ng\u01b0\u1eddi b\u1eaft \u00e9p m\u1ed9t ch\u1ea5t \u0111\u1ea5t ph\u1ea3i nu\u00f4i c\u00e1c s\u1ea3n ph\u1ea9m c\u1ee7a ch\u1ea5t \u0111\u1ea5t kh\u00e1c, m\u1ed9t c\u00e1i c\u00e2y ph\u1ea3i mang qu\u1ea3 c\u1ee7a c\u00e2y kh\u00e1c, con ng\u01b0\u1eddi ho\u00e0 tr\u1ed9n v\u00e0 l\u1eabn l\u1ed9n c\u00e1c kh\u00ed h\u1eadu, c\u00e1c y\u1ebfu t\u1ed1, c\u00e1c m\u00f9a, con ng\u01b0\u1eddi c\u1eaft x\u1ebbo c\u00e1c b\u1ed9 ph\u1eadn trong th\u00e2n th\u1ec3 con ch\u00f3 c\u1ee7a m\u00ecnh, con ng\u1ef1a c\u1ee7a m\u00ecnh, n\u00f4 l\u1ec7 c\u1ee7a m\u00ecnh, h\u1ecd \u0111\u1ea3o l\u1ed9n m\u1ecdi th\u1ee9, h\u1ecd l\u00e0m bi\u1ebfn \u0111\u1ed5i x\u1ea5u x\u00ed m\u1ecdi th\u1ee9, h\u1ecd \u01b0a s\u1ef1 d\u1ecb d\u1ea1ng, c\u00e1c qu\u00e1i v\u1eadt, h\u1ecd kh\u00f4ng mu\u1ed1n c\u00e1i g\u00ec y nguy\u00ean nh\u01b0 t\u1ef1 nhi\u00ean \u0111\u00e3 t\u1ea1o ra, ngay c\u1ea3 con ng\u01b0\u1eddi c\u0169ng th\u1ebf, h\u1ecd ph\u1ea3i r\u00e8n t\u1eadp con ng\u01b0\u1eddi cho h\u1ecd, nh\u01b0 m\u1ed9t con ng\u1ef1a \u0111\u1ec3 k\u00e9o c\u1ed7 m\u00e1y, h\u1ecd ph\u1ea3i u\u1ed1n v\u1eb7n con ng\u01b0\u1eddi theo ki\u1ec3u c\u00e1ch c\u1ee7a h\u1ecd, nh\u01b0 m\u1ed9t c\u00e1i c\u00e2y trong v\u01b0\u1eddn nh\u00e0 h\u1ecd. Kh\u00f4ng c\u00f3 \u0111i\u1ec1u n\u00e0y, th\u00ec m\u1ecdi s\u1ef1 c\u00f3 l\u1ebd c\u00f2n t\u1ec7 h\u01a1n n\u1eefa, v\u00e0 gi\u1ed1ng lo\u00e0i ch\u00fang ta kh\u00f4ng mu\u1ed1n \u0111\u01b0\u1ee3c \u0111\u00e0o luy\u1ec7n n\u1eefa v\u1eddi. Trong t\u00ecnh tr\u1ea1ng ng\u00e0y nay tr\u1edf \u0111i c\u1ee7a s\u1ef1 v\u1eadt, m\u1ed9t con ng\u01b0\u1eddi b\u1ecb ph\u00f3 m\u1eb7c cho b\u1ea3n th\u00e2n gi\u1eefa nh\u1eefng ng\u01b0\u1eddi kh\u00e1c ngay t\u1eeb khi ra \u0111\u1eddi, s\u1ebd l\u00e0 k\u1ebb b\u1ecb bi\u1ebfn d\u1ea1ng nhi\u1ec1u nh\u1ea5t. C\u00e1c th\u00e0nh ki\u1ebfn, uy quy\u1ec1n, s\u1ef1 c\u1ea7n thi\u1ebft, t\u1ea5m g\u01b0\u01a1ng, m\u1ecdi th\u1ec3 ch\u1ebf x\u00e3 h\u1ed9i, trong \u0111\u00f3 ch\u00fang ta b\u1ecb ch\u00ecm ng\u1ee3p, s\u1ebd b\u00f3p ngh\u1eb9t b\u1ea3n t\u00ednh t\u1ef1 nhi\u00ean \u1edf anh ta, v\u00e0 ch\u1eb3ng \u0111\u1ec3 g\u00ec thay th\u1ebf v\u00e0o \u0111\u00f3. \u1ede \u0111\u1ea5y b\u1ea3n t\u00ednh t\u1ef1 nhi\u00ean s\u1ebd nh\u01b0 m\u1ed9t c\u00e2y non m\u00e0 s\u1ef1 t\u00ecnh c\u1edd l\u00e0m m\u1ecdc ra gi\u1eefa \u0111\u01b0\u1eddng, v\u00e0 ng\u01b0\u1eddi qua k\u1ebb l\u1ea1i ch\u1eb3ng bao l\u00e2u s\u1ebd l\u00e0m ch\u1ebft, khi va v\u00e0o n\u00f3 t\u1eeb m\u1ecdi ph\u00eda v\u00e0 u\u1ed1n n\u00f3 theo m\u1ecdi h\u01b0\u1edbng.<\/p>\n<p>Ng\u01b0\u1eddi ta u\u1ed1n n\u1eafn c\u00e2y nh\u1edd vun tr\u1ed3ng, v\u00e0 \u0111\u00e0o luy\u1ec7n con ng\u01b0\u1eddi nh\u1edd gi\u00e1o d\u1ee5c. N\u1ebfu con ng\u01b0\u1eddi sinh ra v\u1ed1n cao l\u1edbn v\u00e0 m\u1ea1nh m\u1ebd, th\u00ec t\u1ea7m v\u00f3c v\u00e0 s\u1ee9c m\u1ea1nh c\u1ee7a anh ta s\u1ebd v\u00f4 d\u1ee5ng \u0111\u1ed1i v\u1edbi anh cho \u0111\u1ebfn khi n\u00e0o anh h\u1ecdc \u0111\u01b0\u1ee3c c\u00e1ch s\u1eed d\u1ee5ng ch\u00fang, ch\u00fang s\u1ebd b\u1ea5t l\u1ee3i cho anh, b\u1edfi ng\u0103n tr\u1edf nh\u1eefng ng\u01b0\u1eddi kh\u00e1c ngh\u0129 \u0111\u1ebfn vi\u1ec7c gi\u00fap \u0111\u1ee1 anh, v\u00e0 b\u1ecb ph\u00f3 m\u1eb7c cho b\u1ea3n th\u00e2n, anh ta s\u1ebd ch\u1ebft v\u00ec kh\u1ed1n kh\u1ed5 tr\u01b0\u1edbc khi bi\u1ebft \u0111\u01b0\u1ee3c nhu c\u1ea7u c\u1ee7a m\u00ecnh. Ng\u01b0\u1eddi ta ph\u00e0n n\u00e0n v\u1ec1 tr\u1ea1ng th\u00e1i c\u1ee7a tu\u1ed5i th\u01a1, ng\u01b0\u1eddi ta kh\u00f4ng bi\u1ebft r\u1eb1ng lo\u00e0i ng\u01b0\u1eddi s\u1ebd ti\u00eau vong, n\u1ebfu nh\u01b0 con ng\u01b0\u1eddi kh\u00f4ng kh\u1edfi \u0111\u1ea7u b\u1eb1ng vi\u1ec7c l\u00e0 tr\u1ebb th\u01a1. Ch\u00fang ta sinh ra y\u1ebfu \u0111u\u1ed1i, ch\u00fang ta c\u1ea7n s\u1ee9c m\u1ea1nh, ch\u00fang ta sinh ra ch\u1eb3ng c\u00f3 g\u00ec, ch\u00fang ta c\u1ea7n s\u1ef1 gi\u00fap \u0111\u1ee1, ch\u00fang ta sinh ra ngu ng\u1ed1c, ch\u00fang ta c\u1ea7n s\u1ef1 ph\u00e1n \u0111o\u00e1n. T\u1ea5t c\u1ea3 nh\u1eefng g\u00ec ch\u00fang ta kh\u00f4ng c\u00f3 khi ra \u0111\u1eddi v\u00e0 ch\u00fang ta c\u1ea7n \u0111\u1ebfn khi l\u1edbn l\u00ean, \u0111\u1ec1u \u0111\u01b0\u1ee3c s\u1ef1 gi\u00e1o d\u1ee5c \u0111em l\u1ea1i cho ta.<\/p>\n","protected":false},"excerpt":{"rendered":"<p>V\u01b0\u1ee3t qua kho\u1ea3ng c\u00e1ch 250 n\u0103m, t\u01b0\u1edfng nh\u01b0 Rousseau l\u00e0 ng\u01b0\u1eddi s\u1ed1ng c\u00f9ng th\u1eddi v\u1edbi ch\u00fang ta, \u0111ang chia s\u1ebb nh\u1eefng n\u1ed7i lo \u00e2u v\u00e0 b\u1ea5t b\u00ecnh c\u1ee7a nh\u1eefng ng\u01b0\u1eddi v\u1eeba l\u00e0 th\u1ee7 ph\u1ea1m v\u1eeba l\u00e0 n\u1ea1n nh\u00e2n c\u1ee7a m\u1ed9t n\u1ec1n gi\u00e1o d\u1ee5c \u0111ang ph\u1ea1m nhi\u1ec1u sai l\u1ea7m t\u1eeb c\u01a1 s\u1edf tri\u1ebft l\u00fd, c\u00e1ch thi\u1ebft k\u1ebf cho \u0111\u1ebfn ph\u01b0\u01a1ng ph\u00e1p s\u01b0 ph\u1ea1m v\u1edbi m\u1ecdi h\u1eadu qu\u1ea3 \u0111\u00e1ng s\u1ee3 cho ph\u1ee5 huynh l\u1eabn con c\u00e1i.<\/p>\n<p>Ta h\u00e3y th\u1eed nghe \u00f4ng n\u00f3i: &#8220;Ch\u00fang ta x\u00f3t th\u01b0\u01a1ng cho s\u1ed1 ph\u1eadn c\u1ee7a tu\u1ed5i th\u01a1, th\u1ebf m\u00e0 ch\u00ednh s\u1ed1 ph\u1eadn ch\u00fang ta m\u1edbi c\u1ea7n x\u00f3t th\u01b0\u01a1ng. Nh\u1eefng n\u1ed7i \u0111au l\u1edbn nh\u1ea5t c\u1ee7a ch\u00fang ta l\u00e0 do ch\u00fang ta m\u00e0 ra&#8221;. V\u00ec \u0111\u00e2u n\u00ean n\u1ed7i? V\u00ec &#8220;ng\u01b0\u1eddi ta kh\u00f4ng h\u1ec1 hi\u1ec3u bi\u1ebft tu\u1ed5i th\u01a1: d\u1ef1a tr\u00ean nh\u1eefng \u00fd t\u01b0\u1edfng sai l\u1ea7m c\u1ee7a ta v\u1ec1 tu\u1ed5i th\u01a1 th\u00ec c\u00e0ng \u0111i c\u00e0ng l\u1ea1c l\u1ed1i (&#8230;.) H\u1ecd lu\u00f4n t\u00ecm ki\u1ebfm ng\u01b0\u1eddi l\u1edbn trong \u0111\u1ee9a tr\u1ebb m\u00e0 kh\u00f4ng ngh\u0129 v\u1ec1 hi\u1ec7n tr\u1ea1ng c\u1ee7a \u0111\u1ee9a tr\u1ebb tr\u01b0\u1edbc khi n\u00f3 l\u00e0 ng\u01b0\u1eddi l\u1edbn&#8221;. N\u00f3i c\u00e1ch kh\u00e1c, \u0111\u00f3 l\u00e0 n\u1ec1n gi\u00e1o d\u1ee5c kh\u00f4ng h\u1ec1 &#8220;nh\u00ecn r\u00f5 ch\u1ee7 th\u1ec3 m\u00e0 tr\u00ean \u0111\u00f3 ta c\u1ea7n thao t\u00e1c. V\u1eady xin c\u00e1c v\u1ecb h\u00e3y b\u1eaft \u0111\u1ea7u b\u1eb1ng vi\u1ec7c nghi\u00ean c\u1ee9u k\u1ef9 h\u01a1n c\u00e1c h\u1ecdc tr\u00f2 c\u1ee7a m\u00ecnh&#8221;. V\u00e0 c\u0169ng v\u00ec kh\u00f4ng hi\u1ec3u r\u00f5 &#8220;ch\u1ee7 th\u1ec3&#8221; c\u1ee7a gi\u00e1o d\u1ee5c l\u00e0 ng\u01b0\u1eddi h\u1ecdc n\u00ean ng\u01b0\u1eddi l\u1edbn tha h\u1ed3 s\u1eed d\u1ee5ng ph\u01b0\u01a1ng ph\u00e1p \u00e1p \u0111\u1eb7t: &#8220;thay v\u00ec gi\u00fap ta t\u00ecm ra c\u00e1c ch\u1ee9ng minh, ng\u01b0\u1eddi ta \u0111\u1ecdc cho ta vi\u1ebft c\u00e1c ch\u1ee9ng minh \u1ea5y, thay v\u00ec d\u1ea1y ta l\u1eadp lu\u1eadn, \u00f4ng th\u1ea7y l\u1eadp lu\u1eadn h\u1ed9 ta v\u00e0 ch\u1ec9 r\u00e8n luy\u1ec7n tr\u00ed nh\u1edb c\u1ee7a ta th\u00f4i&#8221;. Trong khi \u0111\u00f3, \u0111\u00fang ra &#8220;v\u1ea5n \u0111\u1ec1 kh\u00f4ng ph\u1ea3i l\u00e0 d\u1ea1y c\u00e1c m\u00f4n khoa h\u1ecdc, m\u00e0 l\u00e0 \u0111em l\u1ea1i cho ng\u01b0\u1eddi h\u1ecdc h\u1ee9ng th\u00fa \u0111\u1ec3 y\u00eau khoa h\u1ecdc v\u00e0 \u0111em l\u1ea1i ph\u01b0\u01a1ng ph\u00e1p \u0111\u1ec3 h\u1ecdc nh\u1eefng m\u00f4n \u0111\u00f3, khi h\u1ee9ng th\u00fa n\u00e0y ph\u00e1t tri\u1ec3n h\u01a1n l\u00ean.<\/p>\n<p>Ch\u1eafc ch\u1eafn \u0111\u00f3 l\u00e0 m\u1ed9t nguy\u00ean l\u00fd c\u01a1 b\u1ea3n c\u1ee7a b\u1ea5t k\u1ef3 n\u1ec1n gi\u00e1o d\u1ee5c t\u1ed1t n\u00e0o&#8221; (B\u00f9i V\u0103n Nam S\u01a1n) M\u1ecdi th\u1ee9 t\u1eeb b\u00e0n tay T\u1ea1o ho\u00e1 m\u00e0 ra \u0111\u1ec1u t\u1ed1t: m\u1ecdi th\u1ee9 \u0111\u1ec1u suy \u0111\u1ed3i bi\u1ebfn ch\u1ea5t trong b\u00e0n tay con ng\u01b0\u1eddi. Con ng\u01b0\u1eddi b\u1eaft \u00e9p m\u1ed9t ch\u1ea5t \u0111\u1ea5t ph\u1ea3i nu\u00f4i c\u00e1c s\u1ea3n ph\u1ea9m c\u1ee7a ch\u1ea5t \u0111\u1ea5t kh\u00e1c, m\u1ed9t c\u00e1i c\u00e2y ph\u1ea3i mang qu\u1ea3 c\u1ee7a c\u00e2y kh\u00e1c, con ng\u01b0\u1eddi ho\u00e0 tr\u1ed9n v\u00e0 l\u1eabn l\u1ed9n c\u00e1c kh\u00ed h\u1eadu, c\u00e1c y\u1ebfu t\u1ed1, c\u00e1c m\u00f9a, con ng\u01b0\u1eddi c\u1eaft x\u1ebbo c\u00e1c b\u1ed9 ph\u1eadn trong th\u00e2n th\u1ec3 con ch\u00f3 c\u1ee7a m\u00ecnh, con ng\u1ef1a c\u1ee7a m\u00ecnh, n\u00f4 l\u1ec7 c\u1ee7a m\u00ecnh, h\u1ecd \u0111\u1ea3o l\u1ed9n m\u1ecdi th\u1ee9, h\u1ecd l\u00e0m bi\u1ebfn \u0111\u1ed5i x\u1ea5u x\u00ed m\u1ecdi th\u1ee9, h\u1ecd \u01b0a s\u1ef1 d\u1ecb d\u1ea1ng, c\u00e1c qu\u00e1i v\u1eadt, h\u1ecd kh\u00f4ng mu\u1ed1n c\u00e1i g\u00ec y nguy\u00ean nh\u01b0 t\u1ef1 nhi\u00ean \u0111\u00e3 t\u1ea1o ra, ngay c\u1ea3 con ng\u01b0\u1eddi c\u0169ng th\u1ebf, h\u1ecd ph\u1ea3i r\u00e8n t\u1eadp con ng\u01b0\u1eddi cho h\u1ecd, nh\u01b0 m\u1ed9t con ng\u1ef1a \u0111\u1ec3 k\u00e9o c\u1ed7 m\u00e1y, h\u1ecd ph\u1ea3i u\u1ed1n v\u1eb7n con ng\u01b0\u1eddi theo ki\u1ec3u c\u00e1ch c\u1ee7a h\u1ecd, nh\u01b0 m\u1ed9t c\u00e1i c\u00e2y trong v\u01b0\u1eddn nh\u00e0 h\u1ecd. Kh\u00f4ng c\u00f3 \u0111i\u1ec1u n\u00e0y, th\u00ec m\u1ecdi s\u1ef1 c\u00f3 l\u1ebd c\u00f2n t\u1ec7 h\u01a1n n\u1eefa, v\u00e0 gi\u1ed1ng lo\u00e0i ch\u00fang ta kh\u00f4ng mu\u1ed1n \u0111\u01b0\u1ee3c \u0111\u00e0o luy\u1ec7n n\u1eefa v\u1eddi. Trong t\u00ecnh tr\u1ea1ng ng\u00e0y nay tr\u1edf \u0111i c\u1ee7a s\u1ef1 v\u1eadt, m\u1ed9t con ng\u01b0\u1eddi b\u1ecb ph\u00f3 m\u1eb7c cho b\u1ea3n th\u00e2n gi\u1eefa nh\u1eefng ng\u01b0\u1eddi kh\u00e1c ngay t\u1eeb khi ra \u0111\u1eddi, s\u1ebd l\u00e0 k\u1ebb b\u1ecb bi\u1ebfn d\u1ea1ng nhi\u1ec1u nh\u1ea5t. C\u00e1c th\u00e0nh ki\u1ebfn, uy quy\u1ec1n, s\u1ef1 c\u1ea7n thi\u1ebft, t\u1ea5m g\u01b0\u01a1ng, m\u1ecdi th\u1ec3 ch\u1ebf x\u00e3 h\u1ed9i, trong \u0111\u00f3 ch\u00fang ta b\u1ecb ch\u00ecm ng\u1ee3p, s\u1ebd b\u00f3p ngh\u1eb9t b\u1ea3n t\u00ednh t\u1ef1 nhi\u00ean \u1edf anh ta, v\u00e0 ch\u1eb3ng \u0111\u1ec3 g\u00ec thay th\u1ebf v\u00e0o \u0111\u00f3. \u1ede \u0111\u1ea5y b\u1ea3n t\u00ednh t\u1ef1 nhi\u00ean s\u1ebd nh\u01b0 m\u1ed9t c\u00e2y non m\u00e0 s\u1ef1 t\u00ecnh c\u1edd l\u00e0m m\u1ecdc ra gi\u1eefa \u0111\u01b0\u1eddng, v\u00e0 ng\u01b0\u1eddi qua k\u1ebb l\u1ea1i ch\u1eb3ng bao l\u00e2u s\u1ebd l\u00e0m ch\u1ebft, khi va v\u00e0o n\u00f3 t\u1eeb m\u1ecdi ph\u00eda v\u00e0 u\u1ed1n n\u00f3 theo m\u1ecdi h\u01b0\u1edbng.<\/p>\n<p>Ng\u01b0\u1eddi ta u\u1ed1n n\u1eafn c\u00e2y nh\u1edd vun tr\u1ed3ng, v\u00e0 \u0111\u00e0o luy\u1ec7n con ng\u01b0\u1eddi nh\u1edd gi\u00e1o d\u1ee5c. N\u1ebfu con ng\u01b0\u1eddi sinh ra v\u1ed1n cao l\u1edbn v\u00e0 m\u1ea1nh m\u1ebd, th\u00ec t\u1ea7m v\u00f3c v\u00e0 s\u1ee9c m\u1ea1nh c\u1ee7a anh ta s\u1ebd v\u00f4 d\u1ee5ng \u0111\u1ed1i v\u1edbi anh cho \u0111\u1ebfn khi n\u00e0o anh h\u1ecdc \u0111\u01b0\u1ee3c c\u00e1ch s\u1eed d\u1ee5ng ch\u00fang, ch\u00fang s\u1ebd b\u1ea5t l\u1ee3i cho anh, b\u1edfi ng\u0103n tr\u1edf nh\u1eefng ng\u01b0\u1eddi kh\u00e1c ngh\u0129 \u0111\u1ebfn vi\u1ec7c gi\u00fap \u0111\u1ee1 anh, v\u00e0 b\u1ecb ph\u00f3 m\u1eb7c cho b\u1ea3n th\u00e2n, anh ta s\u1ebd ch\u1ebft v\u00ec kh\u1ed1n kh\u1ed5 tr\u01b0\u1edbc khi bi\u1ebft \u0111\u01b0\u1ee3c nhu c\u1ea7u c\u1ee7a m\u00ecnh. Ng\u01b0\u1eddi ta ph\u00e0n n\u00e0n v\u1ec1 tr\u1ea1ng th\u00e1i c\u1ee7a tu\u1ed5i th\u01a1, ng\u01b0\u1eddi ta kh\u00f4ng bi\u1ebft r\u1eb1ng lo\u00e0i ng\u01b0\u1eddi s\u1ebd ti\u00eau vong, n\u1ebfu nh\u01b0 con ng\u01b0\u1eddi kh\u00f4ng kh\u1edfi \u0111\u1ea7u b\u1eb1ng vi\u1ec7c l\u00e0 tr\u1ebb th\u01a1. Ch\u00fang ta sinh ra y\u1ebfu \u0111u\u1ed1i, ch\u00fang ta c\u1ea7n s\u1ee9c m\u1ea1nh, ch\u00fang ta sinh ra ch\u1eb3ng c\u00f3 g\u00ec, ch\u00fang ta c\u1ea7n s\u1ef1 gi\u00fap \u0111\u1ee1, ch\u00fang ta sinh ra ngu ng\u1ed1c, ch\u00fang ta c\u1ea7n s\u1ef1 ph\u00e1n \u0111o\u00e1n. T\u1ea5t c\u1ea3 nh\u1eefng g\u00ec ch\u00fang ta kh\u00f4ng c\u00f3 khi ra \u0111\u1eddi v\u00e0 ch\u00fang ta c\u1ea7n \u0111\u1ebfn khi l\u1edbn l\u00ean, \u0111\u1ec1u \u0111\u01b0\u1ee3c s\u1ef1 gi\u00e1o d\u1ee5c \u0111em l\u1ea1i cho ta.<\/p>\n","protected":false},"featured_media":18796,"template":"","meta":{"_acf_changed":false},"product_brand":[],"product_cat":[18,15,46],"product_tag":[],"class_list":{"0":"post-18797","1":"product","2":"type-product","3":"status-publish","4":"has-post-thumbnail","6":"product_cat-kinh-te","7":"product_cat-sach-danh-cho-nguoi-lon","8":"product_cat-ky-nang-song","10":"first","11":"outofstock","12":"taxable","13":"shipping-taxable","14":"purchasable","15":"product-type-simple"},"supplier_id":null,"supplier_sku":"","barcode":null,"atum_controlled":true,"out_stock_date":"2023-04-13 20:09:25","out_stock_threshold":null,"inheritable":false,"inbound_stock":0,"stock_on_hold":0,"sold_today":0,"sales_last_days":0,"reserved_stock":0,"customer_returns":0,"warehouse_damage":0,"lost_in_post":0,"other_logs":0,"out_stock_days":1021,"lost_sales":0,"has_location":false,"update_date":"2026-01-28T23:11:05","atum_locations":[{"id":32,"name":"Helsinki","slug":"helsinki"}],"atum_stock_status":"outofstock","restock_status":false,"low_stock_amount":"","sales_update_date":"2026-01-28T23:11:05","calc_backorders":null,"acf":{"publisher":{"ID":2817,"post_author":"1","post_date":"2021-02-27 00:00:35","post_date_gmt":"2021-02-26 22:00:35","post_content":"","post_title":"Alpha Books","post_excerpt":"","post_status":"publish","comment_status":"closed","ping_status":"closed","post_password":"","post_name":"alpha-books","to_ping":"","pinged":"","post_modified":"2021-02-27 00:00:35","post_modified_gmt":"2021-02-26 22:00:35","post_content_filtered":"","post_parent":0,"guid":"https:\/\/sachviet.eu\/nha-phat-hanh\/alpha-books\/","menu_order":0,"post_type":"publisher","post_mime_type":"","comment_count":"0","filter":"raw"}},"_links":{"self":[{"href":"https:\/\/sachviet.eu\/en\/wp-json\/wp\/v2\/product\/18797","targetHints":{"allow":["GET"]}}],"collection":[{"href":"https:\/\/sachviet.eu\/en\/wp-json\/wp\/v2\/product"}],"about":[{"href":"https:\/\/sachviet.eu\/en\/wp-json\/wp\/v2\/types\/product"}],"wp:featuredmedia":[{"embeddable":true,"href":"https:\/\/sachviet.eu\/en\/wp-json\/wp\/v2\/media\/18796"}],"wp:attachment":[{"href":"https:\/\/sachviet.eu\/en\/wp-json\/wp\/v2\/media?parent=18797"}],"wp:term":[{"taxonomy":"product_brand","embeddable":true,"href":"https:\/\/sachviet.eu\/en\/wp-json\/wp\/v2\/product_brand?post=18797"},{"taxonomy":"product_cat","embeddable":true,"href":"https:\/\/sachviet.eu\/en\/wp-json\/wp\/v2\/product_cat?post=18797"},{"taxonomy":"product_tag","embeddable":true,"href":"https:\/\/sachviet.eu\/en\/wp-json\/wp\/v2\/product_tag?post=18797"}],"curies":[{"name":"wp","href":"https:\/\/api.w.org\/{rel}","templated":true}]}}