{"id":18795,"date":"2022-04-21T20:39:18","date_gmt":"2022-04-21T17:39:18","guid":{"rendered":"https:\/\/sachviet.eu\/shop\/boxset-dang-hinh-thanh-am-tron-bo-7-tap\/"},"modified":"2023-05-26T12:09:58","modified_gmt":"2023-05-26T09:09:58","slug":"boxset-dang-hinh-thanh-am-tron-bo-7-tap","status":"publish","type":"product","link":"https:\/\/sachviet.eu\/en\/shop\/boxset-dang-hinh-thanh-am-tron-bo-7-tap\/","title":{"rendered":"Boxset D\u00e1ng H\u00ecnh Thanh \u00c2m (Tr\u1ecdn B\u1ed9 7 T\u1eadp)"},"content":{"rendered":"<p>D\u00c1NG H\u00ccNH THANH \u00c2M s\u1ebd k\u1ec3 m\u1ed9t c\u00e2u chuy\u1ec7n \u0111\u1ea7y c\u1ea3m x\u00fac\u2026<\/p>\n<p>Chuy\u1ec7n k\u1ec3 v\u1ec1 Nishimiya Shoko l\u00e0 c\u00f4 b\u00e9 b\u1ecb khi\u1ebfm th\u00ednh b\u1ea9m sinh. Khi nh\u1eadp h\u1ecdc v\u00e0o tr\u01b0\u1eddng ti\u1ec3u h\u1ecdc, c\u00f4 b\u00e9 lu\u00f4n b\u1ecb c\u00e1c b\u1ea1n c\u00f9ng l\u1edbp b\u1eaft n\u1ea1t m\u00e0 \u0111\u1ea7u t\u00eau l\u00e0 c\u1eadu b\u00e9 Ishiya Shoya ng\u1ed7 ngh\u1ecbch, khi\u1ebfn m\u1eb9 c\u00f4 b\u00e9 \u0111\u00e0nh ph\u1ea3i chuy\u1ec3n tr\u01b0\u1eddng cho con m\u00ecnh. V\u00e0i n\u0103m sau, h\u1ed1i h\u1eadn v\u00ec nh\u1eefng h\u00e0nh \u0111\u1ed9ng kh\u00f4ng hay l\u00fac nh\u1ecf c\u1ee7a m\u00ecnh, Ishida Shoya \u0111\u00e3 c\u1ea5t c\u00f4ng \u0111i t\u00ecm c\u00f4 b\u1ea1n h\u1ecdc n\u0103m x\u01b0a \u0111\u1ec3 b\u00f9 \u0111\u1eafp cho nh\u1eefng l\u1ed7i l\u1ea7m c\u1ee7a m\u00ecnh khi \u1ea5y.<\/p>\n<p>C\u00e2u chuy\u1ec7n \u0111\u1ea7y c\u1ea3m \u0111\u1ed9ng v\u1ec1 v\u1ea5n n\u1ea1n b\u1eaft n\u1ea1t h\u1ecdc \u0111\u01b0\u1eddng, c\u0169ng nh\u01b0 qu\u00e1 tr\u00ecnh n\u1ed7 l\u1ef1c s\u1ed1ng v\u00e0 h\u00f2a nh\u1eadp v\u00e0o x\u00e3 h\u1ed9i c\u1ee7a nh\u1eefng ng\u01b0\u1eddi v\u1ed1n sinh ra kh\u00f4ng \u0111\u01b0\u1ee3c l\u00e0nh l\u1eb7n nh\u01b0 bao ng\u01b0\u1eddi kh\u00e1c.<\/p>\n<p>\u2026 s\u1ea3n ph\u1ea9m \u0111\u01b0\u1ee3c m\u1eb7c \u00e1o m\u1edbi, xinh lung linh<\/p>\n<p>Phi\u00ean b\u1ea3n m\u1edbi \u0111\u01b0\u1ee3c ph\u00e1t h\u00e0nh tr\u1ecdn b\u1ed9 Boxset 7 t\u1eadp, thi\u1ebft k\u1ebf b\u1eaft m\u1eaft \u0111\u00fang theo tinh th\u1ea7n b\u1ed9 truy\u1ec7n.<\/p>\n<p>M\u1ed7i cu\u1ed1n truy\u1ec7n \u0111\u01b0\u1ee3c l\u00e0m m\u1edbi ho\u00e0n to\u00e0n m\u1edbi v\u1edbi b\u00eca r\u1eddi. Ch\u1ea5t l\u01b0\u1ee3ng \u0111\u01b0\u1ee3c \u0111\u1ea7u t\u01b0 m\u1ed9t c\u00e1ch t\u1ed1t nh\u1ea5t.<\/p>\n<p>S\u1ea3n ph\u1ea9m boxset x\u1ecbn x\u00f2 tuy\u1ec7t v\u1eddi \u00f4ng m\u1eb7t tr\u1eddi v\u1edbi<\/p>\n<p>\u2026qu\u00e0 t\u1eb7ng bao m\u00ea, nh\u00ecn l\u00e0 ch\u1ed1t \u0111\u01a1n<\/p>\n<p>fan truy\u1ec7n tranh y\u00eau th\u00edch s\u01b0u t\u1ea7m kh\u00f4ng th\u1ec3 b\u1ecf qua.<\/p>\n<p>V\u1edbi boxset D\u00e1ng h\u00ecnh thanh \u00e2m Tr\u1ebb kh\u00f4ng ch\u1ec9 \u0111\u1ea7u t\u01b0 cho b\u1ed9 truy\u1ec7n m\u00e0 ngay c\u1ea3 qu\u00e0 t\u1eb7ng c\u0169ng \u0111\u01b0\u1ee3c \u0111\u1ea7u t\u01b0 ch\u0103m ch\u00fat \u0111\u1eb7c bi\u1ec7t. M\u1ed7i boxset s\u1ebd c\u00f3 t\u1eb7ng k\u00e8m m\u1ed9t poster \u0111\u01b0\u1ee3c \u0111\u1ef1ng trong \u1ed1ng v\u1edbi thi\u1ebft k\u1ebf \u0111\u1eb9p m\u1eaft.<\/p>\n","protected":false},"excerpt":{"rendered":"<p>D\u00c1NG H\u00ccNH THANH \u00c2M s\u1ebd k\u1ec3 m\u1ed9t c\u00e2u chuy\u1ec7n \u0111\u1ea7y c\u1ea3m x\u00fac\u2026<\/p>\n<p>Chuy\u1ec7n k\u1ec3 v\u1ec1 Nishimiya Shoko l\u00e0 c\u00f4 b\u00e9 b\u1ecb khi\u1ebfm th\u00ednh b\u1ea9m sinh. Khi nh\u1eadp h\u1ecdc v\u00e0o tr\u01b0\u1eddng ti\u1ec3u h\u1ecdc, c\u00f4 b\u00e9 lu\u00f4n b\u1ecb c\u00e1c b\u1ea1n c\u00f9ng l\u1edbp b\u1eaft n\u1ea1t m\u00e0 \u0111\u1ea7u t\u00eau l\u00e0 c\u1eadu b\u00e9 Ishiya Shoya ng\u1ed7 ngh\u1ecbch, khi\u1ebfn m\u1eb9 c\u00f4 b\u00e9 \u0111\u00e0nh ph\u1ea3i chuy\u1ec3n tr\u01b0\u1eddng cho con m\u00ecnh. V\u00e0i n\u0103m sau, h\u1ed1i h\u1eadn v\u00ec nh\u1eefng h\u00e0nh \u0111\u1ed9ng kh\u00f4ng hay l\u00fac nh\u1ecf c\u1ee7a m\u00ecnh, Ishida Shoya \u0111\u00e3 c\u1ea5t c\u00f4ng \u0111i t\u00ecm c\u00f4 b\u1ea1n h\u1ecdc n\u0103m x\u01b0a \u0111\u1ec3 b\u00f9 \u0111\u1eafp cho nh\u1eefng l\u1ed7i l\u1ea7m c\u1ee7a m\u00ecnh khi \u1ea5y.<\/p>\n<p>C\u00e2u chuy\u1ec7n \u0111\u1ea7y c\u1ea3m \u0111\u1ed9ng v\u1ec1 v\u1ea5n n\u1ea1n b\u1eaft n\u1ea1t h\u1ecdc \u0111\u01b0\u1eddng, c\u0169ng nh\u01b0 qu\u00e1 tr\u00ecnh n\u1ed7 l\u1ef1c s\u1ed1ng v\u00e0 h\u00f2a nh\u1eadp v\u00e0o x\u00e3 h\u1ed9i c\u1ee7a nh\u1eefng ng\u01b0\u1eddi v\u1ed1n sinh ra kh\u00f4ng \u0111\u01b0\u1ee3c l\u00e0nh l\u1eb7n nh\u01b0 bao ng\u01b0\u1eddi kh\u00e1c.<\/p>\n<p>\u2026 s\u1ea3n ph\u1ea9m \u0111\u01b0\u1ee3c m\u1eb7c \u00e1o m\u1edbi, xinh lung linh<\/p>\n<p>Phi\u00ean b\u1ea3n m\u1edbi \u0111\u01b0\u1ee3c ph\u00e1t h\u00e0nh tr\u1ecdn b\u1ed9 Boxset 7 t\u1eadp, thi\u1ebft k\u1ebf b\u1eaft m\u1eaft \u0111\u00fang theo tinh th\u1ea7n b\u1ed9 truy\u1ec7n.<\/p>\n<p>M\u1ed7i cu\u1ed1n truy\u1ec7n \u0111\u01b0\u1ee3c l\u00e0m m\u1edbi ho\u00e0n to\u00e0n m\u1edbi v\u1edbi b\u00eca r\u1eddi. Ch\u1ea5t l\u01b0\u1ee3ng \u0111\u01b0\u1ee3c \u0111\u1ea7u t\u01b0 m\u1ed9t c\u00e1ch t\u1ed1t nh\u1ea5t.<\/p>\n<p>S\u1ea3n ph\u1ea9m boxset x\u1ecbn x\u00f2 tuy\u1ec7t v\u1eddi \u00f4ng m\u1eb7t tr\u1eddi v\u1edbi<\/p>\n<p>\u2026qu\u00e0 t\u1eb7ng bao m\u00ea, nh\u00ecn l\u00e0 ch\u1ed1t \u0111\u01a1n<\/p>\n<p>fan truy\u1ec7n tranh y\u00eau th\u00edch s\u01b0u t\u1ea7m kh\u00f4ng th\u1ec3 b\u1ecf qua.<\/p>\n<p>V\u1edbi boxset D\u00e1ng h\u00ecnh thanh \u00e2m Tr\u1ebb kh\u00f4ng ch\u1ec9 \u0111\u1ea7u t\u01b0 cho b\u1ed9 truy\u1ec7n m\u00e0 ngay c\u1ea3 qu\u00e0 t\u1eb7ng c\u0169ng \u0111\u01b0\u1ee3c \u0111\u1ea7u t\u01b0 ch\u0103m ch\u00fat \u0111\u1eb7c bi\u1ec7t. M\u1ed7i boxset s\u1ebd c\u00f3 t\u1eb7ng k\u00e8m m\u1ed9t poster \u0111\u01b0\u1ee3c \u0111\u1ef1ng trong \u1ed1ng v\u1edbi thi\u1ebft k\u1ebf \u0111\u1eb9p m\u1eaft.<\/p>\n","protected":false},"featured_media":18794,"template":"","meta":{"_acf_changed":false},"product_brand":[],"product_cat":[29],"product_tag":[],"class_list":{"0":"post-18795","1":"product","2":"type-product","3":"status-publish","4":"has-post-thumbnail","6":"product_cat-manga-comics","8":"first","9":"outofstock","10":"taxable","11":"shipping-taxable","12":"purchasable","13":"product-type-simple"},"supplier_id":null,"supplier_sku":"","barcode":null,"atum_controlled":true,"out_stock_date":"2023-05-26 09:09:58","out_stock_threshold":null,"inheritable":false,"inbound_stock":0,"stock_on_hold":0,"sold_today":0,"sales_last_days":0,"reserved_stock":0,"customer_returns":0,"warehouse_damage":0,"lost_in_post":0,"other_logs":0,"out_stock_days":978,"lost_sales":0,"has_location":false,"update_date":"2026-01-28T23:11:05","atum_locations":[{"id":32,"name":"Helsinki","slug":"helsinki"}],"atum_stock_status":"outofstock","restock_status":false,"low_stock_amount":"","sales_update_date":"2026-01-28T23:11:05","calc_backorders":null,"acf":{"publisher":{"ID":1517,"post_author":"1","post_date":"2021-02-17 01:14:41","post_date_gmt":"2021-02-16 23:14:41","post_content":"","post_title":"NXB Tr\u1ebb","post_excerpt":"","post_status":"publish","comment_status":"closed","ping_status":"closed","post_password":"","post_name":"nxb-tre","to_ping":"","pinged":"","post_modified":"2021-02-17 01:14:41","post_modified_gmt":"2021-02-16 23:14:41","post_content_filtered":"","post_parent":0,"guid":"https:\/\/sachviet.eu\/nha-phat-hanh\/nxb-tre\/","menu_order":0,"post_type":"publisher","post_mime_type":"","comment_count":"0","filter":"raw"}},"_links":{"self":[{"href":"https:\/\/sachviet.eu\/en\/wp-json\/wp\/v2\/product\/18795","targetHints":{"allow":["GET"]}}],"collection":[{"href":"https:\/\/sachviet.eu\/en\/wp-json\/wp\/v2\/product"}],"about":[{"href":"https:\/\/sachviet.eu\/en\/wp-json\/wp\/v2\/types\/product"}],"wp:featuredmedia":[{"embeddable":true,"href":"https:\/\/sachviet.eu\/en\/wp-json\/wp\/v2\/media\/18794"}],"wp:attachment":[{"href":"https:\/\/sachviet.eu\/en\/wp-json\/wp\/v2\/media?parent=18795"}],"wp:term":[{"taxonomy":"product_brand","embeddable":true,"href":"https:\/\/sachviet.eu\/en\/wp-json\/wp\/v2\/product_brand?post=18795"},{"taxonomy":"product_cat","embeddable":true,"href":"https:\/\/sachviet.eu\/en\/wp-json\/wp\/v2\/product_cat?post=18795"},{"taxonomy":"product_tag","embeddable":true,"href":"https:\/\/sachviet.eu\/en\/wp-json\/wp\/v2\/product_tag?post=18795"}],"curies":[{"name":"wp","href":"https:\/\/api.w.org\/{rel}","templated":true}]}}