{"id":18793,"date":"2022-04-21T20:39:13","date_gmt":"2022-04-21T17:39:13","guid":{"rendered":"https:\/\/sachviet.eu\/shop\/nang-luong-lich-su-nhan-loai-tu-than-cui-den-hat-nhan\/"},"modified":"2022-12-19T14:57:48","modified_gmt":"2022-12-19T12:57:48","slug":"nang-luong-lich-su-nhan-loai-tu-than-cui-den-hat-nhan","status":"publish","type":"product","link":"https:\/\/sachviet.eu\/en\/shop\/nang-luong-lich-su-nhan-loai-tu-than-cui-den-hat-nhan\/","title":{"rendered":"N\u0103ng L\u01b0\u1ee3ng: L\u1ecbch S\u1eed Nh\u00e2n Lo\u1ea1i T\u1eeb Than C\u1ee7i \u0110\u1ebfn H\u1ea1t Nh\u00e2n"},"content":{"rendered":"<p>\u0110\u00e1nh gi\u00e1\/nh\u1eadn x\u00e9t chuy\u00ean gia<\/p>\n<p>\u201c\u0110\u00e2y v\u1eeba l\u00e0 m\u1ed9t t\u00e1c ph\u1ea9m l\u1ecbch s\u1eed v\u1eeba l\u00e0 m\u1ed9t c\u00e2u chuy\u1ec7n \u0111\u1ea1o \u0111\u1ee9c \u0111\u01b0\u1ee3c vi\u1ebft ra m\u1ed9t c\u00e1ch say m\u00ea Rhodes hi v\u1ecdng r\u1eb1ng c\u00e1i nh\u00ecn ph\u00ea ph\u00e1n v\u1ec1 nh\u1eefng c\u00f4ng ngh\u1ec7 n\u0103ng l\u01b0\u1ee3ng trong qu\u00e1 kh\u1ee9 s\u1ebd mang l\u1ea1i l\u1ee3i \u00edch cho nh\u1eefng c\u00f4ng ngh\u1ec7 n\u0103ng l\u01b0\u1ee3ng trong t\u01b0\u01a1ng lai.\u201d<\/p>\n<p>\u2013 Science Magazine<\/p>\n<p> \u201cC\u00e2u chuy\u1ec7n v\u1ec1 nhu c\u1ea7u, s\u1ef1 t\u00f2 m\u00f2, s\u1ef1 kh\u00e9o l\u00e9o v\u00e0 t\u00ednh ki\u00eau ng\u1ea1o c\u1ee7a con ng\u01b0\u1edd Cu\u1ed1n s\u00e1ch d\u00e0nh cho b\u1ea5t k\u1ef3 ai quan t\u00e2m \u0111\u1ebfn t\u00e1c \u0111\u1ed9ng c\u1ee7a con ng\u01b0\u1eddi \u0111\u1ed1i v\u1edbi t\u01b0\u01a1ng lai c\u1ee7a th\u1ebf gi\u1edbi.\u201d<\/p>\n<p>\u2013 BookPage<\/p>\n<p>Tr\u00edch \u0111o\u1ea1n hay<\/p>\n<p>M\u1ee5c \u0111\u00edch quan tr\u1ecdng c\u1ee7a cu\u1ed1n s\u00e1ch l\u00e0 kh\u00e1m ph\u00e1 l\u1ecbch s\u1eed n\u0103ng l\u01b0\u1ee3ng; l\u00e0m s\u00e1ng t\u1ecf th\u00eam nh\u1eefng l\u1ef1a ch\u1ecdn m\u00e0 ch\u00fang ta \u0111ang ph\u1ea3i \u0111\u1ed1i m\u1eb7t tr\u01b0\u1edbc th\u00e1ch th\u1ee9c<\/p>\n<p>c\u1ee7a bi\u1ebfn \u0111\u1ed5i kh\u00ed h\u1eadu to\u00e0n c\u1ea7u. Nh\u1eefng ng\u01b0\u1eddi trong ng\u00e0nh n\u0103ng l\u01b0\u1ee3ng ngh\u0129 r\u1eb1ng ch\u00fang ta coi n\u0103ng l\u01b0\u1ee3ng l\u00e0 \u0111i\u1ec1u hi\u1ec3n nhi\u00ean. H\u1ecd n\u00f3i r\u1eb1ng ch\u00fang ta ch\u1ec9 quan t\u00e2m \u0111\u1ebfn n\u00f3 khi \u0111\u1ebfn c\u00e2y x\u0103ng ho\u1eb7c khi t\u00ecm \u1ed5 c\u1eafm tr\u00ean t\u01b0\u1eddng. C\u00f3 th\u1ec3 \u0111\u00f3 <\/p>\n<p>t\u1eebng l\u00e0 s\u1ef1 th\u1eadt, nh\u01b0ng b\u00e2y gi\u1edd th\u00ec kh\u00e1c. Bi\u1ebfn \u0111\u1ed5i kh\u00ed h\u1eadu nay l\u00e0 m\u1ed9t v\u1ea5n \u0111\u1ec1 ch\u00ednh tr\u1ecb l\u1edbn. H\u1ea7u h\u1ebft ch\u00fang ta \u0111\u1ec1u bi\u1ebft \u0111\u1ebfn n\u00f3 v\u00e0 ng\u00e0y c\u00e0ng quan t\u00e2m t\u00e2m, lo l\u1eafng v\u1ec1 n\u00f3. C\u00e1c ng\u00e0nh ngh\u1ec1 b\u1ecb n\u00f3 th\u00e1ch th\u1ee9c. N\u0103ng l\u01b0\u1ee3ng ph\u1ee7 b\u00f3ng l\u00ean n\u1ec1n v\u0103n minh nh\u00e2n lo\u1ea1i v\u1edbi s\u1ef1 u \u00e1m c\u1ee7a m\u1ed1i \u0111e d\u1ecda v\u1ec1 ng\u00e0y t\u1eadn th\u1ebf nh\u01b0 n\u1ed7i lo s\u1ee3 h\u1ee7y di\u1ec7t h\u1ea1t nh\u00e2n trong nh\u1eefng n\u0103m d\u00e0i Chi\u1ebfn tranh L\u1ea1nh.<\/p>\n<p>Song, nhi\u1ec1u ng\u01b0\u1eddi c\u1ea3m th\u1ea5y b\u1ecb ra r\u00eca trong cu\u1ed9c th\u1ea3o lu\u1eadn n\u00e0y. C\u00e1c t\u00e0i li\u1ec7u v\u1ec1 bi\u1ebfn \u0111\u1ed5i kh\u00ed h\u1eadu ch\u1ee7 y\u1ebfu c\u00f3 t\u00ednh k\u1ef9 thu\u1eadt nh\u01b0ng c\u00e1c cu\u1ed9c tranh lu\u1eadn th\u00ec b\u1ecb gi\u1eef b\u00ed m\u1eadt. N\u00f3 t\u1eadp trung v\u00e0o t\u00ecnh h\u00ecnh hi\u1ec7n t\u1ea1i m\u00e0 r\u1ea5t \u00edt tham kh\u1ea3o qu\u00e1 kh\u1ee9 nh\u00e2n lo\u1ea1i \u2013 h\u00e0ng th\u1ebf k\u1ef7 b\u00e0i h\u1ecdc x\u01b0\u01a1ng m\u00e1u. V\u1eady nh\u01b0ng, nh\u1eefng th\u00e1ch th\u1ee9c c\u1ee7a ng\u00e0y h\u00f4m nay l\u1ea1i ch\u00ednh l\u00e0 di s\u1ea3n c\u1ee7a nh\u1eefng qu\u00e1 tr\u00ecnh chuy\u1ec3n \u0111\u1ed5i l\u1ecbch s\u1eed c\u1ee7a ng\u00e0y h\u00f4m qua. G\u1ed7 nh\u01b0\u1eddng ch\u1ed7 cho than, v\u00e0 than nh\u01b0\u1eddng ch\u1ed7 cho d\u1ea7u, than v\u00e0 d\u1ea7u hi\u1ec7n \u0111ang nh\u01b0\u1eddng ch\u1ed7 cho kh\u00ed \u0111\u1ed1t t\u1ef1 nhi\u00ean, \u0111i\u1ec7n h\u1ea1t nh\u00e2n v\u00e0 n\u0103ng l\u01b0\u1ee3ng t\u00e1i t\u1ea1o. \u0110\u1ed9ng c\u01a1 ch\u00ednh (h\u1ec7 th\u1ed1ng chuy\u1ec3n \u0111\u1ed5i n\u0103ng l\u01b0\u1ee3ng th\u00e0nh c\u01a1 n\u0103ng) \u0111\u00e3 chuy\u1ec3n t\u1eeb s\u1ee9c \u0111\u1ed9ng v\u1eadt v\u00e0 s\u1ee9c n\u01b0\u1edbc sang \u0111\u1ed9ng c\u01a1 h\u01a1i n\u01b0\u1edbc, \u0111\u1ed9ng c\u01a1 \u0111\u1ed1t trong, m\u00e1y ph\u00e1t \u0111i\u1ec7n v\u00e0 \u0111\u1ed9ng c\u01a1 \u0111i\u1ec7n. Ch\u00fang ta \u0111\u00e3 h\u1ecdc h\u1ecfi t\u1eeb nh\u1eefng th\u00e1ch th\u1ee9c nh\u01b0 v\u1eady, l\u00e0m ch\u1ee7 qu\u00e1 tr\u00ecnh chuy\u1ec3n \u0111\u1ed5i v\u00e0 t\u1eadn d\u1ee5ng c\u00e1c ti\u1ec1m n\u0103ng c\u1ee7a ch\u00fang.<\/p>\n<p>Con ng\u01b0\u1eddi sinh ra v\u00e0 ch\u1ebft \u0111i, c\u00e1c doanh nghi\u1ec7p th\u1ecbnh v\u01b0\u1ee3ng r\u1ed3i suy vong, c\u00e1c qu\u1ed1c gia v\u01b0\u01a1n l\u00ean th\u00e0nh c\u01b0\u1eddng qu\u1ed1c th\u1ebf gi\u1edbi ho\u1eb7c suy t\u00e0n, t\u1ea5t c\u1ea3 di\u1ec5n ra trong s\u1ef1 tranh ch\u1ea5p v\u1ec1 nh\u1eefng th\u00e1ch th\u1ee9c n\u0103ng l\u01b0\u1ee3ng. Cu\u1ed1n s\u00e1ch n\u00e0y ch\u1ee9a \u0111\u1ea7y nh\u1eefng c\u00e2u chuy\u1ec7n v\u1ec1 con ng\u01b0\u1eddi, m\u1ed9t d\u00e0n nh\u00e2n v\u1eadt tr\u1ea3i d\u00e0i b\u1ed1n th\u1ebf k\u1ef7, bao g\u1ed3m c\u00e1c nh\u00e2n v\u1eadt l\u1ecbch s\u1eed nh\u01b0 Elizabeth I, James I, John Evelyn, Abraham Darby, Benjamin Franklin, Thomas Newcomen, James Watt, George Stephenson, Humphry Davy, Michael Faraday, Herman Melville, Edwin Drake, Ida Tarbell, John D. Rockefeller, Henry Ford, Enrico Fermi, Hyman Rickover, nh\u1eefng \u00f4ng tr\u00f9m than \u1edf bang Pennsylvania c\u0169, v\u00e0 nh\u1eefng \u00f4ng tr\u00f9m d\u1ea7u m\u1ecf \u1edf California v\u00e0 Arab Saudi \u2013 l\u00e0 \u0111\u1ea1i di\u1ec7n cho nh\u1eefng ng\u01b0\u1eddi \u0111\u01b0\u1ee3c nh\u1eafc \u0111\u1ebfn.<\/p>\n<p>Nh\u1eefng \u0111\u1ea1i d\u01b0\u01a1ng bao la c\u1ee7a lo\u00e0i c\u00e1 voi c\u0169ng b\u01b0\u1edbc v\u00e0o c\u00e2u chuy\u1ec7n. D\u1ea7u t\u1eeb c\u01a1 th\u1ec3 ch\u00fang th\u1eafp s\u00e1ng th\u1ebf gi\u1edbi. D\u1ea7u m\u1ecf r\u1ec9 ra t\u1eeb gi\u1ebfng, v\u00e0 m\u1ed9t gi\u1ea3ng vi\u00ean h\u00f3a h\u1ecdc \u0110\u1ea1i h\u1ecdc Yale t\u1ef1 h\u1ecfi c\u00f3 th\u1ec3 s\u1eed d\u1ee5ng n\u00f3 v\u00e0o vi\u1ec7c g\u00ec. Ng\u1ef1a g\u00e2y \u00f4 nhi\u1ec5m \u0111\u00f4 th\u1ecb v\u1edbi ph\u00e2n chu\u1ed3ng, th\u00e1ch th\u1ee9c s\u1ee9c kh\u1ecfe c\u1ed9ng \u0111\u1ed3ng ng\u00e0y c\u00e0ng t\u0103ng, v\u00e0 khi \u00f4 t\u00f4 thay th\u1ebf ch\u00fang, nh\u00f3m d\u00e2n l\u00e0m ngh\u1ec1 cung \u1ee9ng th\u1ee9c \u0103n cho ng\u1ef1a v\u0129nh vi\u1ec5n r\u01a1i v\u00e0o kh\u1ee7ng ho\u1ea3ng. S\u1ef1 ph\u00e1t tri\u1ec3n c\u1ee7a h\u00e0n h\u1ed3 quang \u0111i\u1ec7n \u0111\u00e3 m\u1edf \u0111\u01b0\u1eddng cho s\u1ef1 ph\u00e1t tri\u1ec3n c\u1ee7a h\u1ec7 th\u1ed1ng \u0111\u01b0\u1eddng \u1ed1ng d\u1eabn kh\u00ed \u0111\u1ed1t t\u1ef1 nhi\u00ean. N\u0103ng l\u01b0\u1ee3ng h\u1ea1t nh\u00e2n tuy\u00ean b\u1ed1 s\u1ef1 c\u00f3 m\u1eb7t c\u1ee7a m\u00ecnh b\u1eb1ng c\u00e1ch thi\u00eau r\u1ee5i hai th\u00e0nh ph\u1ed1 Nh\u1eadt B\u1ea3n, m\u1ed9t v\u1ebft nh\u01a1 g\u1ea7n nh\u01b0 kh\u00f4ng th\u1ec3 x\u00f3a nh\u00f2a. <\/p>\n<p>B\u1ea3n th\u00e2n s\u1ef1 n\u00f3ng l\u00ean to\u00e0n c\u1ea7u, v\u1edbi b\u1eb1ng ch\u1ee9ng \u0111\u01b0\u1ee3c t\u00edch l\u0169y d\u1ea7n d\u1ea7n qua m\u1ed9t th\u1ebf k\u1ef7 quan s\u00e1t v\u1edbi n\u1ed7i lo ng\u1ea1i ng\u00e0y c\u00e0ng t\u0103ng, g\u00e2y ra m\u1ed9t cu\u1ed9c \u0111\u1ed1i \u0111\u1ea7u tr\u00ean to\u00e0n th\u1ebf gi\u1edbi v\u1ec1 \u00fd th\u1ee9c h\u1ec7 v\u00e0 l\u1ee3i \u00edch nh\u00f3m. N\u0103ng l\u01b0\u1ee3ng gi\u00f3, n\u0103ng l\u01b0\u1ee3ng d\u1ed3i d\u00e0o t\u1eeb \u00e1nh s\u00e1ng m\u1eb7t tr\u1eddi, ngu\u1ed3n cung c\u1ea5p than v\u00e0 kh\u00ed \u0111\u1ed1t t\u1ef1 nhi\u00ean kh\u1ed5ng l\u1ed3 tranh gi\u00e0nh v\u1ecb th\u1ebf th\u1ed1ng tr\u1ecb trong m\u1ed9t th\u1ebf gi\u1edbi h\u1ed7n lo\u1ea1n \u0111ang ti\u1ebfn t\u1edbi d\u00e2n s\u1ed1 m\u01b0\u1eddi t\u1ec9 linh h\u1ed3n v\u00e0o n\u0103m 2100. H\u1ea7u h\u1ebft trong s\u1ed1 h\u1ecd l\u00e0 c\u01b0 d\u00e2n Trung Qu\u1ed1c v\u00e0 \u1ea4n \u0110\u1ed9, hai qu\u1ed1c gia \u0111\u00f4ng d\u00e2n nh\u1ea5t tr\u00ean th\u1ebf gi\u1edbi, hi\u1ec7n \u0111ang chuy\u1ec3n t\u1eeb m\u1ee9c v\u1eeba \u0111\u1ee7 s\u1ed1ng sang m\u1ee9c th\u1ecbnh v\u01b0\u1ee3ng, d\u1eabn t\u1edbi s\u1ef1 gia t\u0103ng ti\u00eau th\u1ee5 n\u0103ng l\u01b0\u1ee3ng t\u01b0\u01a1ng \u1ee9ng. N\u0103ng l\u01b0\u1ee3ng th\u00ec v\u1eabn c\u00f2n, nh\u01b0ng Tr\u00e1i \u0111\u1ea5t c\u00f3 th\u1ec3 h\u1ee9ng ch\u1ecbu r\u00e1c th\u1ea3i t\u1eeb vi\u1ec7c ti\u00eau th\u1ee5 n\u00f3 kh\u00f4ng? <\/p>\n","protected":false},"excerpt":{"rendered":"<p>N\u0102NG L\u01af\u1ee2NG: L\u1ecaCH S\u1eec NH\u00c2N LO\u1ea0I T\u1eea THAN C\u1ee6I T\u1edaI H\u1ea0T NH\u00c2N<\/p>\n<p>Richard Rhodes &#8211; T\u00e1c gi\u1ea3 t\u1eebng \u0111o\u1ea1t Gi\u1ea3i th\u01b0\u1edfng Pulitzer v\u00e0 Gi\u1ea3i th\u01b0\u1edfng S\u00e1ch Qu\u1ed1c gia ti\u1ebft l\u1ed9 l\u1ecbch s\u1eed h\u1ea5p d\u1eabn \u0111\u1eb1ng sau s\u1ef1 chuy\u1ec3n \u0111\u1ed5i n\u0103ng l\u01b0\u1ee3ng theo th\u1eddi gian \u2014 g\u1ed7 th\u00e0nh than, d\u1ea7u th\u00e0nh \u0111i\u1ec7n v\u00e0 xa h\u01a1n n\u1eefa.<\/p>\n<p>M\u1ee5c \u0111\u00edch quan tr\u1ecdng c\u1ee7a cu\u1ed1n s\u00e1ch l\u00e0 kh\u00e1m ph\u00e1 l\u1ecbch s\u1eed n\u0103ng l\u01b0\u1ee3ng; l\u00e0m s\u00e1ng t\u1ecf th\u00eam nh\u1eefng l\u1ef1a ch\u1ecdn m\u00e0 ch\u00fang ta \u0111ang ph\u1ea3i \u0111\u1ed1i m\u1eb7t tr\u01b0\u1edbc th\u00e1ch th\u1ee9c c\u1ee7a bi\u1ebfn \u0111\u1ed5i kh\u00ed h\u1eadu to\u00e0n c\u1ea7u.<\/p>\n<p>Cu\u1ed1n s\u00e1ch l\u00e0 t\u1eadp h\u1ee3p nh\u1eefng c\u00e2u chuy\u1ec7n v\u1ec1 h\u00e0nh tr\u00ecnh chinh ph\u1ee5c v\u00e0 khai th\u00e1c c\u00e1c ngu\u1ed3n nguy\u00ean li\u1ec7u \u0111\u1ec3 l\u1ea5y n\u0103ng l\u01b0\u1ee3ng, ph\u1ee5c v\u1ee5 cho cu\u1ed9c s\u1ed1ng c\u1ee7a m\u1ed9t x\u00e3 h\u1ed9i lo\u00e0i ng\u01b0\u1eddi ng\u00e0y m\u1ed9t ti\u1ebfn b\u1ed9.<\/p>\n<p>H\u00e0nh tr\u00ecnh b\u1eaft \u0111\u1ea7u \u1edf Anh v\u1edbi nh\u1eefng r\u1eebng c\u00e2y l\u1ea5y g\u1ed7 v\u00e0 \u0111\u00f3ng thuy\u1ec1n. Khi ngu\u1ed3n g\u1ed7 c\u1ea1n ki\u1ec7t, con ng\u01b0\u1eddi chuy\u1ec3n sang than, t\u1eeb \u0111\u00f3 \u0111\u1eb7t ra b\u00e0i to\u00e1n h\u00f3c b\u00faa c\u1ee7a vi\u1ec7c khai th\u00e1c than trong m\u1ecf m\u00e0 kh\u00f4ng b\u1ecb ng\u1eadp n\u01b0\u1edbc. C\u00e1c ph\u00e1t minh v\u1ec1 h\u1ec7 th\u1ed1ng thi\u1ebft b\u1ecb b\u01a1m d\u00f9ng s\u1ee9c n\u01b0\u1edbc v\u00e0 h\u01a1i n\u01b0\u1edbc \u0111\u00e3 ph\u1ee5c v\u1ee5 cho m\u1ee5c \u0111\u00edch khai m\u1ecf n\u00e0y. Ngo\u00e0i than, con ng\u01b0\u1eddi c\u00f2n t\u1eadn d\u1ee5ng nhi\u1ec1u ngu\u1ed3n nhi\u00ean li\u1ec7u kh\u00e1c trong t\u1ef1 nhi\u00ean nh\u01b0 d\u1ea7u th\u00f4ng, d\u1ea7u c\u00e1 voi, ph\u00e2n chim, kh\u00ed \u0111\u1ed1t. M\u1ed9t b\u01b0\u1edbc ti\u1ebfn \u0111\u1ed9t ph\u00e1 \u0111\u00e3 xu\u1ea5t hi\u1ec7n sau \u0111\u00f3 khi c\u00e1c nh\u00e0 khoa h\u1ecdc t\u00ecm ra quy lu\u1eadt c\u1ee7a d\u00f2ng \u0111i\u1ec7n, t\u1eeb \u0111\u00f3 t\u1ea1o ra pin t\u00edch \u0111i\u1ec7n v\u00e0 cu\u1ed1i c\u00f9ng l\u00e0 s\u1ef1 l\u1ef1a ch\u1ecdn gi\u1eefa d\u00f2ng \u0111i\u1ec7n m\u1ed9t chi\u1ec1u hay xoay chi\u1ec1u. R\u1ea5t nhi\u1ec1u c\u00e1c ph\u00e1t minh qua nhi\u1ec1u th\u1eddi k\u1ef3 \u0111\u01b0\u1ee3c \u0111\u1ec1 c\u1eadp trong cu\u1ed1n s\u00e1ch n\u00e0y, t\u1eeb \u0111\u1ed9ng c\u01a1, \u0111\u1ea7u m\u00e1y, cho t\u1edbi xe \u00f4 t\u00f4, \u0111\u01b0\u1eddng \u1ed1ng d\u1eabn kh\u00ed, n\u0103ng l\u01b0\u1ee3ng h\u1ea1t nh\u00e2n<\/p>\n","protected":false},"featured_media":18792,"template":"","meta":{"_acf_changed":false},"product_brand":[],"product_cat":[18],"product_tag":[],"class_list":{"0":"post-18793","1":"product","2":"type-product","3":"status-publish","4":"has-post-thumbnail","6":"product_cat-kinh-te","8":"first","9":"outofstock","10":"taxable","11":"shipping-taxable","12":"purchasable","13":"product-type-simple"},"supplier_id":null,"supplier_sku":"","barcode":null,"atum_controlled":true,"out_stock_date":"2022-12-19 12:57:48","out_stock_threshold":null,"inheritable":false,"inbound_stock":0,"stock_on_hold":0,"sold_today":0,"sales_last_days":0,"reserved_stock":0,"customer_returns":0,"warehouse_damage":0,"lost_in_post":0,"other_logs":0,"out_stock_days":1136,"lost_sales":0,"has_location":false,"update_date":"2026-01-28T23:11:05","atum_locations":[{"id":32,"name":"Helsinki","slug":"helsinki"}],"atum_stock_status":"outofstock","restock_status":false,"low_stock_amount":"","sales_update_date":"2026-01-28T23:11:05","calc_backorders":null,"acf":{"publisher":{"ID":2817,"post_author":"1","post_date":"2021-02-27 00:00:35","post_date_gmt":"2021-02-26 22:00:35","post_content":"","post_title":"Alpha Books","post_excerpt":"","post_status":"publish","comment_status":"closed","ping_status":"closed","post_password":"","post_name":"alpha-books","to_ping":"","pinged":"","post_modified":"2021-02-27 00:00:35","post_modified_gmt":"2021-02-26 22:00:35","post_content_filtered":"","post_parent":0,"guid":"https:\/\/sachviet.eu\/nha-phat-hanh\/alpha-books\/","menu_order":0,"post_type":"publisher","post_mime_type":"","comment_count":"0","filter":"raw"}},"_links":{"self":[{"href":"https:\/\/sachviet.eu\/en\/wp-json\/wp\/v2\/product\/18793","targetHints":{"allow":["GET"]}}],"collection":[{"href":"https:\/\/sachviet.eu\/en\/wp-json\/wp\/v2\/product"}],"about":[{"href":"https:\/\/sachviet.eu\/en\/wp-json\/wp\/v2\/types\/product"}],"wp:featuredmedia":[{"embeddable":true,"href":"https:\/\/sachviet.eu\/en\/wp-json\/wp\/v2\/media\/18792"}],"wp:attachment":[{"href":"https:\/\/sachviet.eu\/en\/wp-json\/wp\/v2\/media?parent=18793"}],"wp:term":[{"taxonomy":"product_brand","embeddable":true,"href":"https:\/\/sachviet.eu\/en\/wp-json\/wp\/v2\/product_brand?post=18793"},{"taxonomy":"product_cat","embeddable":true,"href":"https:\/\/sachviet.eu\/en\/wp-json\/wp\/v2\/product_cat?post=18793"},{"taxonomy":"product_tag","embeddable":true,"href":"https:\/\/sachviet.eu\/en\/wp-json\/wp\/v2\/product_tag?post=18793"}],"curies":[{"name":"wp","href":"https:\/\/api.w.org\/{rel}","templated":true}]}}