{"id":18784,"date":"2022-04-21T20:38:48","date_gmt":"2022-04-21T17:38:48","guid":{"rendered":"https:\/\/sachviet.eu\/shop\/cu-bay-roi-se-cao\/"},"modified":"2023-11-01T12:40:46","modified_gmt":"2023-11-01T10:40:46","slug":"cu-bay-roi-se-cao","status":"publish","type":"product","link":"https:\/\/sachviet.eu\/en\/shop\/cu-bay-roi-se-cao\/","title":{"rendered":"C\u1ee9 Bay R\u1ed3i S\u1ebd Cao"},"content":{"rendered":"<p>Cu\u1ed1n s\u00e1ch nh\u1ecf C\u1ee9 bay r\u1ed3i s\u1ebd cao n\u00e0y l\u00e0 t\u1eadp h\u1ee3p nh\u1eefng b\u00e0i vi\u1ebft m\u00e0 hai t\u00e1c gi\u1ea3 Nguy\u1ec5n Tu\u1ea5n Qu\u1ef3nh v\u00e0 Nguy\u1ec5n Phi V\u00e2n \u0111\u00fac k\u1ebft l\u1ea1i t\u1eeb nh\u1eefng tr\u1ea3i nghi\u1ec7m c\u1ee7a ch\u00ednh h\u1ecd trong qu\u00e1 tr\u00ecnh g\u1eb7p g\u1ee1, trao \u0111\u1ed5i, chia s\u1ebb ki\u1ebfn th\u1ee9c v\u00e0 kinh nghi\u1ec7m s\u1ed1ng v\u1edbi c\u00e1c b\u1ea1n tr\u1ebb m\u1ed7i ng\u00e0y.<\/p>\n<p>Th\u00f4ng \u0111i\u1ec7p ch\u00ednh c\u1ee7a cu\u1ed1n s\u00e1ch mu\u1ed1n nh\u1eafn nh\u1ee7 \u0111\u1ebfn c\u00e1c b\u1ea1n l\u00e0 h\u00e3y t\u1ef1 tin, kh\u00f4ng ng\u1eebng h\u1ecdc h\u1ecfi v\u00e0 d\u1ea5n th\u00e2n. C\u1ee9 bay, r\u1ed3i s\u1ebd cao!<\/p>\n<p>\u201cCu\u1ed9c s\u1ed1ng kh\u00f4ng ng\u1eebng di\u1ec5n ti\u1ebfn, nh\u01b0 d\u00f2ng s\u00f4ng lu\u00f4n ch\u1ea3y. V\u00e0 b\u1ea1n ph\u1ea3i li\u00ean t\u1ee5c s\u1ed1ng t\u1eeb kho\u1ea3nh kh\u1eafc n\u00e0y qua kho\u1ea3nh kh\u1eafc kh\u00e1c, kh\u00f4ng ng\u1eebng ngh\u1ec9. M\u1ed7i kho\u1ea3nh kh\u1eafc s\u1ebd mang \u0111\u1ebfn cho b\u1ea1n nh\u1eefng \u0111i\u1ec1u m\u1edbi m\u1ebb, nh\u1eefng c\u01a1 h\u1ed9i \u0111\u1ec3 s\u1ed1ng tr\u1ecdn v\u1eb9n h\u01a1n, \u00fd ngh\u0129a h\u01a1n v\u00e0 h\u1ea1nh ph\u00fac h\u01a1n. T\u1eebng kho\u1ea3nh kh\u1eafc \u1ea5y mang \u0111\u1ebfn c\u01a1 h\u1ed9i th\u00e0nh c\u00f4ng cho b\u1ea1n. Cho n\u00ean, n\u1ebfu coi th\u00e0nh c\u00f4ng l\u00e0 m\u1ed9t \u0111i\u1ec3m d\u1eebng, ngh\u0129a l\u00e0 b\u1ea1n \u0111ang b\u1ecf l\u1ee1 c\u01a1 h\u1ed9i \u0111\u1ec3 s\u1ed1ng m\u1ed9t cu\u1ed9c \u0111\u1eddi li\u00ean t\u1ee5c g\u1eb7t h\u00e1i th\u00e0nh c\u00f4ng qua t\u1eebng ph\u00fat gi\u00e2y.\u201d<\/p>\n","protected":false},"excerpt":{"rendered":"<p>Cu\u1ed1n s\u00e1ch nh\u1ecf C\u1ee9 bay r\u1ed3i s\u1ebd cao n\u00e0y l\u00e0 t\u1eadp h\u1ee3p nh\u1eefng b\u00e0i vi\u1ebft m\u00e0 hai t\u00e1c gi\u1ea3 Nguy\u1ec5n Tu\u1ea5n Qu\u1ef3nh v\u00e0 Nguy\u1ec5n Phi V\u00e2n \u0111\u00fac k\u1ebft l\u1ea1i t\u1eeb nh\u1eefng tr\u1ea3i nghi\u1ec7m c\u1ee7a ch\u00ednh h\u1ecd trong qu\u00e1 tr\u00ecnh g\u1eb7p g\u1ee1, trao \u0111\u1ed5i, chia s\u1ebb ki\u1ebfn th\u1ee9c v\u00e0 kinh nghi\u1ec7m s\u1ed1ng v\u1edbi c\u00e1c b\u1ea1n tr\u1ebb m\u1ed7i ng\u00e0y.<\/p>\n<p>Th\u00f4ng \u0111i\u1ec7p ch\u00ednh c\u1ee7a cu\u1ed1n s\u00e1ch mu\u1ed1n nh\u1eafn nh\u1ee7 \u0111\u1ebfn c\u00e1c b\u1ea1n l\u00e0 h\u00e3y t\u1ef1 tin, kh\u00f4ng ng\u1eebng h\u1ecdc h\u1ecfi v\u00e0 d\u1ea5n th\u00e2n. C\u1ee9 bay, r\u1ed3i s\u1ebd cao!<\/p>\n<p>\u201cCu\u1ed9c s\u1ed1ng kh\u00f4ng ng\u1eebng di\u1ec5n ti\u1ebfn, nh\u01b0 d\u00f2ng s\u00f4ng lu\u00f4n ch\u1ea3y. V\u00e0 b\u1ea1n ph\u1ea3i li\u00ean t\u1ee5c s\u1ed1ng t\u1eeb kho\u1ea3nh kh\u1eafc n\u00e0y qua kho\u1ea3nh kh\u1eafc kh\u00e1c, kh\u00f4ng ng\u1eebng ngh\u1ec9. M\u1ed7i kho\u1ea3nh kh\u1eafc s\u1ebd mang \u0111\u1ebfn cho b\u1ea1n nh\u1eefng \u0111i\u1ec1u m\u1edbi m\u1ebb, nh\u1eefng c\u01a1 h\u1ed9i \u0111\u1ec3 s\u1ed1ng tr\u1ecdn v\u1eb9n h\u01a1n, \u00fd ngh\u0129a h\u01a1n v\u00e0 h\u1ea1nh ph\u00fac h\u01a1n. T\u1eebng kho\u1ea3nh kh\u1eafc \u1ea5y mang \u0111\u1ebfn c\u01a1 h\u1ed9i th\u00e0nh c\u00f4ng cho b\u1ea1n. Cho n\u00ean, n\u1ebfu coi th\u00e0nh c\u00f4ng l\u00e0 m\u1ed9t \u0111i\u1ec3m d\u1eebng, ngh\u0129a l\u00e0 b\u1ea1n \u0111ang b\u1ecf l\u1ee1 c\u01a1 h\u1ed9i \u0111\u1ec3 s\u1ed1ng m\u1ed9t cu\u1ed9c \u0111\u1eddi li\u00ean t\u1ee5c g\u1eb7t h\u00e1i th\u00e0nh c\u00f4ng qua t\u1eebng ph\u00fat gi\u00e2y.\u201d<\/p>\n","protected":false},"featured_media":18783,"template":"","meta":{"_acf_changed":false},"product_brand":[],"product_cat":[15,46],"product_tag":[],"class_list":{"0":"post-18784","1":"product","2":"type-product","3":"status-publish","4":"has-post-thumbnail","6":"product_cat-sach-danh-cho-nguoi-lon","7":"product_cat-ky-nang-song","9":"first","10":"outofstock","11":"taxable","12":"shipping-taxable","13":"purchasable","14":"product-type-simple"},"supplier_id":null,"supplier_sku":"","barcode":null,"atum_controlled":true,"out_stock_date":"2023-11-01 10:40:46","out_stock_threshold":null,"inheritable":false,"inbound_stock":0,"stock_on_hold":0,"sold_today":0,"sales_last_days":0,"reserved_stock":0,"customer_returns":0,"warehouse_damage":0,"lost_in_post":0,"other_logs":0,"out_stock_days":819,"lost_sales":0,"has_location":true,"update_date":"2026-01-28T23:11:05","atum_locations":[{"id":32,"name":"Helsinki","slug":"helsinki"}],"atum_stock_status":"outofstock","restock_status":false,"low_stock_amount":"","sales_update_date":"2026-01-28T23:11:05","calc_backorders":null,"acf":{"publisher":{"ID":9871,"post_author":"1","post_date":"2021-06-02 17:52:59","post_date_gmt":"2021-06-02 14:52:59","post_content":"","post_title":"Saigon Books","post_excerpt":"","post_status":"publish","comment_status":"closed","ping_status":"closed","post_password":"","post_name":"saigon-books","to_ping":"","pinged":"","post_modified":"2021-06-02 17:52:59","post_modified_gmt":"2021-06-02 14:52:59","post_content_filtered":"","post_parent":0,"guid":"https:\/\/sachviet.eu\/nha-phat-hanh\/saigon-books\/","menu_order":0,"post_type":"publisher","post_mime_type":"","comment_count":"0","filter":"raw"}},"_links":{"self":[{"href":"https:\/\/sachviet.eu\/en\/wp-json\/wp\/v2\/product\/18784","targetHints":{"allow":["GET"]}}],"collection":[{"href":"https:\/\/sachviet.eu\/en\/wp-json\/wp\/v2\/product"}],"about":[{"href":"https:\/\/sachviet.eu\/en\/wp-json\/wp\/v2\/types\/product"}],"wp:featuredmedia":[{"embeddable":true,"href":"https:\/\/sachviet.eu\/en\/wp-json\/wp\/v2\/media\/18783"}],"wp:attachment":[{"href":"https:\/\/sachviet.eu\/en\/wp-json\/wp\/v2\/media?parent=18784"}],"wp:term":[{"taxonomy":"product_brand","embeddable":true,"href":"https:\/\/sachviet.eu\/en\/wp-json\/wp\/v2\/product_brand?post=18784"},{"taxonomy":"product_cat","embeddable":true,"href":"https:\/\/sachviet.eu\/en\/wp-json\/wp\/v2\/product_cat?post=18784"},{"taxonomy":"product_tag","embeddable":true,"href":"https:\/\/sachviet.eu\/en\/wp-json\/wp\/v2\/product_tag?post=18784"}],"curies":[{"name":"wp","href":"https:\/\/api.w.org\/{rel}","templated":true}]}}