{"id":18780,"date":"2022-04-21T20:38:36","date_gmt":"2022-04-21T17:38:36","guid":{"rendered":"https:\/\/sachviet.eu\/shop\/neu-con-co-ngay-mai\/"},"modified":"2023-11-27T21:06:01","modified_gmt":"2023-11-27T19:06:01","slug":"neu-con-co-ngay-mai","status":"publish","type":"product","link":"https:\/\/sachviet.eu\/en\/shop\/neu-con-co-ngay-mai\/","title":{"rendered":"N\u1ebfu C\u00f2n C\u00f3 Ng\u00e0y Mai"},"content":{"rendered":"<p>N\u1ebfu c\u00f2n c\u00f3 ng\u00e0y mai l\u00e0 cu\u1ed1n ti\u1ec3u thuy\u1ebft t\u1ed9i ph\u1ea1m c\u1ee7a t\u00e1c gi\u1ea3 M\u1ef9 n\u1ed5i ti\u1ebfng Sydney Sheldon. Cu\u1ed1n ti\u1ec3u thuy\u1ebft \u0111\u00e3 \u0111\u01b0\u1ee3c d\u1ef1ng th\u00e0nh b\u1ed9 phim h\u00ecnh s\u1ef1 c\u00f3 3 ph\u1ea7n r\u1ea5t th\u00e0nh c\u00f4ng \u0111\u01b0\u1ee3c ph\u00e1t h\u00e0nh n\u0103m 1986.<\/p>\n<p>Sidney Sheldon l\u00e0 m\u1ed9t ti\u1ec3u thuy\u1ebft gia ng\u01b0\u1eddi M\u1ef9, \u0111o\u1ea1t gi\u1ea3i c\u1ee7a Vi\u1ec7n H\u00e0n L\u00e2m ngh\u1ec7 thu\u1eadt M\u1ef9, \u00f4ng c\u00f2n l\u00e0 m\u1ed9t k\u1ecbch t\u00e1c gia, m\u1ed9t ng\u01b0\u1eddi vi\u1ebft k\u1ecbch b\u1ea3n phim v\u00e0 ch\u01b0\u01a1ng tr\u00ecnh truy\u1ec1n h\u00ecnh chuy\u00ean nghi\u1ec7p. Tr\u1ea3i qua m\u1ed9t tu\u1ed5i th\u01a1 kh\u1ed1n kh\u00f3 v\u00e0 nh\u1edd \u0111\u00f3 m\u00e0 kinh nghi\u1ec7m, v\u1ed1n s\u1ed1ng c\u1ee7a \u00f4ng v\u00f4 c\u00f9ng phong ph\u00fa, l\u00e0 \u0111i\u1ec3m t\u1ef1a cho \u00f4ng vi\u1ebft n\u00ean nh\u1eefng b\u1ed9 ti\u1ec3u thuy\u1ebft hay nh\u1ea5t v\u00e0 \u0111i s\u00e2u v\u00e0o l\u00f2ng ng\u01b0\u1eddi. L\u1edbn l\u00ean trong th\u1eddi k\u1ef3 \u0111\u1ea1i kh\u1ee7ng ho\u1ea3ng, cha m\u1eb9 \u00f4ng ch\u1ec9 h\u1ecdc \u0111\u1ebfn l\u1edbp ba v\u00e0 h\u1ea7u nh\u01b0 kh\u00f4ng \u0111\u1ecdc s\u00e1ch, Sheldon xem s\u1ef1 th\u00e0nh c\u00f4ng trong vi\u1ebft l\u00e1ch c\u1ee7a m\u00ecnh l\u00e0 m\u1ed9t \u0111i\u1ec1u gi\u1ed1ng nh\u01b0 ph\u00e9p l\u1ea1.<\/p>\n<p>Ph\u1ea7n l\u1edbn t\u00e1c ph\u1ea9m c\u1ee7a \u00f4ng thu\u1ed9c th\u1ec3 lo\u1ea1i trinh th\u00e1m, h\u00ecnh s\u1ef1, t\u00ecnh c\u1ea3m, v\u00e0 \u0111\u1ec1u thu\u1ed9c h\u00e0ng best-seller. C\u00e1c t\u00e1c ph\u1ea9m nh\u01b0 Rage of Angels (Thi\u00ean th\u1ea7n n\u1ed5i gi\u1eadn), The Other Side of Midnight (Ph\u00eda b\u00ean kia n\u1eeda \u0111\u00eam), If Tomorrow Comes (N\u1ebfu c\u00f2n c\u00f3 ng\u00e0y mai)\u2026 v\u1edbi c\u1ed1t truy\u1ec7n ly k\u00ec, gay c\u1ea5n \u0111\u00e3 l\u00e0m n\u00ean t\u00ean tu\u1ed5i Sheldon.<\/p>\n","protected":false},"excerpt":{"rendered":"<p>N\u1ebfu c\u00f2n c\u00f3 ng\u00e0y mai l\u00e0 cu\u1ed1n ti\u1ec3u thuy\u1ebft t\u1ed9i ph\u1ea1m c\u1ee7a t\u00e1c gi\u1ea3 M\u1ef9 n\u1ed5i ti\u1ebfng Sydney Sheldon. Cu\u1ed1n ti\u1ec3u thuy\u1ebft \u0111\u00e3 \u0111\u01b0\u1ee3c d\u1ef1ng th\u00e0nh b\u1ed9 phim h\u00ecnh s\u1ef1 c\u00f3 3 ph\u1ea7n r\u1ea5t th\u00e0nh c\u00f4ng \u0111\u01b0\u1ee3c ph\u00e1t h\u00e0nh n\u0103m 1986.<\/p>\n<p>Sidney Sheldon l\u00e0 m\u1ed9t ti\u1ec3u thuy\u1ebft gia ng\u01b0\u1eddi M\u1ef9, \u0111o\u1ea1t gi\u1ea3i c\u1ee7a Vi\u1ec7n H\u00e0n L\u00e2m ngh\u1ec7 thu\u1eadt M\u1ef9, \u00f4ng c\u00f2n l\u00e0 m\u1ed9t k\u1ecbch t\u00e1c gia, m\u1ed9t ng\u01b0\u1eddi vi\u1ebft k\u1ecbch b\u1ea3n phim v\u00e0 ch\u01b0\u01a1ng tr\u00ecnh truy\u1ec1n h\u00ecnh chuy\u00ean nghi\u1ec7p. Tr\u1ea3i qua m\u1ed9t tu\u1ed5i th\u01a1 kh\u1ed1n kh\u00f3 v\u00e0 nh\u1edd \u0111\u00f3 m\u00e0 kinh nghi\u1ec7m, v\u1ed1n s\u1ed1ng c\u1ee7a \u00f4ng v\u00f4 c\u00f9ng phong ph\u00fa, l\u00e0 \u0111i\u1ec3m t\u1ef1a cho \u00f4ng vi\u1ebft n\u00ean nh\u1eefng b\u1ed9 ti\u1ec3u thuy\u1ebft hay nh\u1ea5t v\u00e0 \u0111i s\u00e2u v\u00e0o l\u00f2ng ng\u01b0\u1eddi. L\u1edbn l\u00ean trong th\u1eddi k\u1ef3 \u0111\u1ea1i kh\u1ee7ng ho\u1ea3ng, cha m\u1eb9 \u00f4ng ch\u1ec9 h\u1ecdc \u0111\u1ebfn l\u1edbp ba v\u00e0 h\u1ea7u nh\u01b0 kh\u00f4ng \u0111\u1ecdc s\u00e1ch, Sheldon xem s\u1ef1 th\u00e0nh c\u00f4ng trong vi\u1ebft l\u00e1ch c\u1ee7a m\u00ecnh l\u00e0 m\u1ed9t \u0111i\u1ec1u gi\u1ed1ng nh\u01b0 ph\u00e9p l\u1ea1.<\/p>\n<p>Ph\u1ea7n l\u1edbn t\u00e1c ph\u1ea9m c\u1ee7a \u00f4ng thu\u1ed9c th\u1ec3 lo\u1ea1i trinh th\u00e1m, h\u00ecnh s\u1ef1, t\u00ecnh c\u1ea3m, v\u00e0 \u0111\u1ec1u thu\u1ed9c h\u00e0ng best-seller. C\u00e1c t\u00e1c ph\u1ea9m nh\u01b0 Rage of Angels (Thi\u00ean th\u1ea7n n\u1ed5i gi\u1eadn), The Other Side of Midnight (Ph\u00eda b\u00ean kia n\u1eeda \u0111\u00eam), If Tomorrow Comes (N\u1ebfu c\u00f2n c\u00f3 ng\u00e0y mai)\u2026 v\u1edbi c\u1ed1t truy\u1ec7n ly k\u00ec, gay c\u1ea5n \u0111\u00e3 l\u00e0m n\u00ean t\u00ean tu\u1ed5i Sheldon.<\/p>\n","protected":false},"featured_media":18779,"template":"","meta":{"_acf_changed":false},"product_brand":[],"product_cat":[15,45],"product_tag":[],"class_list":{"0":"post-18780","1":"product","2":"type-product","3":"status-publish","4":"has-post-thumbnail","6":"product_cat-sach-danh-cho-nguoi-lon","7":"product_cat-tieu-thuyet","9":"first","10":"outofstock","11":"taxable","12":"shipping-taxable","13":"purchasable","14":"product-type-simple"},"supplier_id":null,"supplier_sku":"","barcode":null,"atum_controlled":true,"out_stock_date":"2023-11-27 19:06:01","out_stock_threshold":null,"inheritable":false,"inbound_stock":0,"stock_on_hold":0,"sold_today":0,"sales_last_days":0,"reserved_stock":0,"customer_returns":0,"warehouse_damage":0,"lost_in_post":0,"other_logs":0,"out_stock_days":793,"lost_sales":0,"has_location":false,"update_date":"2026-01-28T23:11:05","atum_locations":[{"id":32,"name":"Helsinki","slug":"helsinki"}],"atum_stock_status":"outofstock","restock_status":false,"low_stock_amount":"","sales_update_date":"2026-01-28T23:11:05","calc_backorders":null,"acf":{"publisher":{"ID":1472,"post_author":"1","post_date":"2021-02-17 01:12:50","post_date_gmt":"2021-02-16 23:12:50","post_content":"","post_title":"Huy Ho\u00e0ng Bookstore","post_excerpt":"","post_status":"publish","comment_status":"closed","ping_status":"closed","post_password":"","post_name":"huy-hoang-bookstore","to_ping":"","pinged":"","post_modified":"2021-02-17 01:12:50","post_modified_gmt":"2021-02-16 23:12:50","post_content_filtered":"","post_parent":0,"guid":"https:\/\/sachviet.eu\/nha-phat-hanh\/huy-hoang-bookstore\/","menu_order":0,"post_type":"publisher","post_mime_type":"","comment_count":"0","filter":"raw"}},"_links":{"self":[{"href":"https:\/\/sachviet.eu\/en\/wp-json\/wp\/v2\/product\/18780","targetHints":{"allow":["GET"]}}],"collection":[{"href":"https:\/\/sachviet.eu\/en\/wp-json\/wp\/v2\/product"}],"about":[{"href":"https:\/\/sachviet.eu\/en\/wp-json\/wp\/v2\/types\/product"}],"wp:featuredmedia":[{"embeddable":true,"href":"https:\/\/sachviet.eu\/en\/wp-json\/wp\/v2\/media\/18779"}],"wp:attachment":[{"href":"https:\/\/sachviet.eu\/en\/wp-json\/wp\/v2\/media?parent=18780"}],"wp:term":[{"taxonomy":"product_brand","embeddable":true,"href":"https:\/\/sachviet.eu\/en\/wp-json\/wp\/v2\/product_brand?post=18780"},{"taxonomy":"product_cat","embeddable":true,"href":"https:\/\/sachviet.eu\/en\/wp-json\/wp\/v2\/product_cat?post=18780"},{"taxonomy":"product_tag","embeddable":true,"href":"https:\/\/sachviet.eu\/en\/wp-json\/wp\/v2\/product_tag?post=18780"}],"curies":[{"name":"wp","href":"https:\/\/api.w.org\/{rel}","templated":true}]}}