{"id":18778,"date":"2022-04-21T20:38:30","date_gmt":"2022-04-21T17:38:30","guid":{"rendered":"https:\/\/sachviet.eu\/shop\/dai-duong-den-nhung-cau-chuyen-tu-the-gioi-cua-tram-cam\/"},"modified":"2023-06-24T09:14:51","modified_gmt":"2023-06-24T06:14:51","slug":"dai-duong-den-nhung-cau-chuyen-tu-the-gioi-cua-tram-cam","status":"publish","type":"product","link":"https:\/\/sachviet.eu\/en\/shop\/dai-duong-den-nhung-cau-chuyen-tu-the-gioi-cua-tram-cam\/","title":{"rendered":"\u0110\u1ea1i D\u01b0\u01a1ng \u0110en &#8211; Nh\u1eefng C\u00e2u Chuy\u1ec7n T\u1eeb Th\u1ebf Gi\u1edbi C\u1ee7a Tr\u1ea7m C\u1ea3m"},"content":{"rendered":"<p>T\u00c1C GI\u1ea2:<\/p>\n<p>Ti\u1ebfn s\u0129 \u0110\u1eb7ng Ho\u00e0ng Giang l\u00e0 chuy\u00ean gia ph\u00e1t tri\u1ec3n, nh\u00e0 ho\u1ea1t \u0111\u1ed9ng x\u00e3 h\u1ed9i v\u00e0 t\u00e1c gi\u1ea3 ch\u00ednh lu\u1eadn. C\u00e1c ho\u1ea1t \u0111\u1ed9ng nghi\u00ean c\u1ee9u v\u00e0 v\u1eadn \u0111\u1ed9ng ch\u00ednh s\u00e1ch c\u1ee7a anh nh\u1eb1m n\u00e2ng cao ch\u1ea5t l\u01b0\u1ee3ng qu\u1ea3n tr\u1ecb qu\u1ed1c gia v\u00e0 th\u00fac \u0111\u1ea9y ti\u1ebfng n\u00f3i c\u1ee7a ng\u01b0\u1eddi d\u00e2n. Anh n\u1ed7 l\u1ef1c m\u1edf r\u1ed9ng kh\u00f4ng gian x\u00e3 h\u1ed9i d\u00e2n s\u1ef1, truy\u1ec1n b\u00e1 tri th\u1ee9c, ph\u00e1 b\u1ecf \u0111\u1ecbnh ki\u1ebfn v\u00e0 k\u1ef3 th\u1ecb, g\u00f3p ph\u1ea7n x\u00e2y d\u1ef1ng m\u1ed9t x\u00e3 h\u1ed9i khoan dung v\u00e0 tr\u1eafc \u1ea9n.<\/p>\n<p>\u0110\u1eb7ng Ho\u00e0ng Giang t\u1ed1t nghi\u1ec7p k\u1ef9 s\u01b0 tin h\u1ecdc t\u1ea1i \u0110\u1ea1i h\u1ecdc C\u00f4ng ngh\u1ec7 Ilmenau, \u0110\u1ee9c, v\u00e0 c\u00f3 b\u1eb1ng ti\u1ebfn s\u0129 kinh t\u1ebf ph\u00e1t tri\u1ec3n c\u1ee7a \u0110\u1ea1i h\u1ecdc C\u00f4ng ngh\u1ec7 Vienna, \u00c1o. Nh\u1eefng cu\u1ed1n s\u00e1ch v\u00e0 b\u00e0i vi\u1ebft c\u1ee7a anh c\u00f3 s\u1ee9c \u1ea3nh h\u01b0\u1edfng r\u1ed9ng r\u00e3i trong x\u00e3 h\u1ed9i.<\/p>\n<p>C\u00f9ng t\u00e1c gi\u1ea3:<\/p>\n<p>B\u1ee9c x\u00fac kh\u00f4ng l\u00e0m ta v\u00f4 can (Nh\u00e3 Nam, 2015)<br \/>\nThi\u1ec7n, \u00c1c v\u00e0 Smartphone (Nh\u00e3 Nam, 2017)<br \/>\n\u0110i\u1ec3m \u0111\u1ebfn c\u1ee7a cu\u1ed9c \u0111\u1eddi (Nh\u00e3 Nam, 2018)<br \/>\nT\u00ecm m\u00ecnh trong th\u1ebf gi\u1edbi h\u1eadu tu\u1ed5i th\u01a1 (Nh\u00e3 Nam, 2020)<\/p>\n","protected":false},"excerpt":{"rendered":"<p>\u201cT\u00f4i s\u1ee3 nh\u1eefng c\u01a1n c\u1ee7a m\u00ecnh, ch\u00fang x\u00e2m chi\u1ebfm n\u00e3o b\u1ed9 t\u00f4i, nh\u1ea5n ch\u00ecm l\u00fd tr\u00ed c\u1ee7a t\u00f4i, ch\u00fang ph\u01a1i b\u00e0y s\u1ef1 \u0111au \u0111\u1edbn, c\u00f4 \u0111\u01a1n, n\u1ed7i s\u1ea7u th\u1ea3m su\u1ed1t nh\u1eefng n\u0103m th\u00e1ng ni\u00ean thi\u1ebfu c\u1ee7a t\u00f4i, s\u1ef1 \u00e1m \u1ea3nh c\u1ee7a b\u1ea1o l\u1ef1c, c\u1ee7a l\u1ebb loi, c\u1ee7a t\u1ee9c gi\u1eadn v\u00ec ch\u1eb3ng \u0111\u01b0\u1ee3c ai gi\u00fap \u0111\u1ee1. Trong nh\u1eefng gi\u1ea5c m\u01a1, t\u00f4i th\u00e9t l\u00ean v\u1edbi m\u1ecdi ng\u01b0\u1eddi, c\u1ed1 g\u1eafng di\u1ec5n \u0111\u1ea1t s\u1ef1 s\u1ee3 h\u00e3i v\u00e0 tuy\u1ec7t v\u1ecdng c\u1ee7a m\u00ecnh, nh\u01b0ng kh\u00f4ng ai hi\u1ec3u.\u201d<\/p>\n<p>\u0110\u1ea1i d\u01b0\u01a1ng \u0111en l\u00e0 h\u00e0nh tr\u00ecnh nh\u1eabn n\u1ea1i c\u1ee7a t\u00e1c gi\u1ea3 \u0110\u1eb7ng Ho\u00e0ng Giang c\u00f9ng ng\u01b0\u1eddi tr\u1ea7m c\u1ea3m, k\u1ec3 cho ch\u00fang ta c\u00e2u chuy\u1ec7n v\u1eeba d\u1eef d\u1ed9i v\u1eeba t\u00ea t\u00e1i v\u1ec1 nh\u1eefng s\u1ed1 ph\u1eadn, m\u00e0 v\u00ec \u0111\u1ecbnh ki\u1ebfn v\u00e0 s\u1ef1 thi\u1ebfu hi\u1ec3u bi\u1ebft c\u1ee7a ch\u00ednh gia \u0111\u00ecnh v\u00e0 x\u00e3 h\u1ed9i, \u0111\u00e3 b\u1ecb t\u01b0\u1edbc \u0111i quy\u1ec1n \u0111\u01b0\u1ee3c s\u1ed1ng v\u1edbi nh\u00e2n ph\u1ea9m, \u0111\u01b0\u1ee3c c\u1ed1ng hi\u1ebfn, \u0111\u01b0\u1ee3c y\u00eau th\u01b0\u01a1ng v\u00e0 h\u1ea1nh ph\u00fac.<\/p>\n<p>L\u00e0 ti\u1ebfng n\u00f3i chia s\u1ebb hi\u1ebfm hoi v\u1edbi th\u1ebf gi\u1edbi c\u1ee7a ng\u01b0\u1eddi tr\u1ea7m c\u1ea3m, l\u00e0 l\u1eddi k\u00eau g\u1ecdi x\u00f3a b\u1ecf \u0111\u1ecbnh ki\u1ebfn x\u00e3 h\u1ed9i, \u0110\u1ea1i d\u01b0\u01a1ng \u0111en \u0111\u1ed3ng th\u1eddi l\u00e0 c\u00f4ng tr\u00ecnh gi\u00e1o d\u1ee5c t\u00e2m l\u00fd, cung c\u1ea5p ki\u1ebfn th\u1ee9c c\u0103n b\u1ea3n v\u1ec1 tr\u1ea7m c\u1ea3m, h\u00ecnh h\u00e0i n\u00f3 th\u1ebf n\u00e0o, n\u00f3 t\u1eeb \u0111\u00e2u t\u1edbi, n\u00f3 c\u00f3 th\u1ec3 ph\u00e1 h\u1ee7y ra sao, c\u00f3 nh\u1eefng ph\u01b0\u01a1ng th\u1ee9c tr\u1ecb li\u1ec7u n\u00e0o, v\u00e0 m\u1ed7i ch\u00fang ta c\u00f3 th\u1ec3 l\u00e0m g\u00ec \u0111\u1ec3 nh\u1eefng ng\u01b0\u1eddi kh\u00f4ng may m\u1eafn \u0111\u01b0\u1ee3c s\u1ed1ng an h\u00f2a v\u1edbi nh\u00e2n ph\u1ea9m c\u1ee7a m\u00ecnh.<\/p>\n","protected":false},"featured_media":18777,"template":"","meta":{"_acf_changed":false},"product_brand":[],"product_cat":[15,47],"product_tag":[],"class_list":{"0":"post-18778","1":"product","2":"type-product","3":"status-publish","4":"has-post-thumbnail","6":"product_cat-sach-danh-cho-nguoi-lon","7":"product_cat-truyen-ngan-tan-van","9":"first","10":"outofstock","11":"taxable","12":"shipping-taxable","13":"purchasable","14":"product-type-simple"},"supplier_id":null,"supplier_sku":"","barcode":null,"atum_controlled":true,"out_stock_date":"2023-06-24 06:14:51","out_stock_threshold":null,"inheritable":false,"inbound_stock":0,"stock_on_hold":0,"sold_today":0,"sales_last_days":0,"reserved_stock":0,"customer_returns":0,"warehouse_damage":0,"lost_in_post":0,"other_logs":0,"out_stock_days":949,"lost_sales":0,"has_location":true,"update_date":"2026-01-28T23:11:05","atum_locations":[{"id":32,"name":"Helsinki","slug":"helsinki"}],"atum_stock_status":"outofstock","restock_status":false,"low_stock_amount":"","sales_update_date":"2026-01-28T23:11:05","calc_backorders":null,"acf":{"publisher":{"ID":1424,"post_author":"1","post_date":"2021-02-17 00:02:29","post_date_gmt":"2021-02-16 22:02:29","post_content":"<!-- wp:flatsome\/uxbuilder -->\n<h1 style=\"text-align: center\"><strong>Nh\u00e3 Nam<\/strong><\/h1>\n[row]\n\n[col span=\"6\" span__sm=\"12\"]\n\n[ux_image id=\"1438\" image_size=\"medium\"]\n\n\n[\/col]\n[col span=\"6\" span__sm=\"12\"]\n\n<p><strong>C\u00f4ng ty c\u1ed5 ph\u1ea7n V\u0103n h\u00f3a v\u00e0 Truy\u1ec1n th\u00f4ng Nh\u00e3 Nam<\/strong><\/p>\n<p>Th\u00e1ng 2 n\u0103m 2005, Nh\u00e3 Nam, t\u00ean \u0111\u1ea7y \u0111\u1ee7 l\u00e0 C\u00f4ng ty C\u1ed5 ph\u1ea7n V\u0103n h\u00f3a v\u00e0 Truy\u1ec1n th\u00f4ng Nh\u00e3 Nam \u0111\u00e3 gia nh\u1eadp th\u1ecb tr\u01b0\u1eddng s\u00e1ch. T\u00e1c ph\u1ea9m \"Balzac v\u00e0 c\u00f4 b\u00e9 th\u1ee3 may Trung hoa\" c\u1ee7a \u0110\u1edbi T\u01b0 Ki\u1ec7t l\u00e0 cu\u1ed1n s\u00e1ch \u0111\u1ea7u ti\u00ean \u0111\u01b0\u1ee3c nh\u1eefng ng\u01b0\u1eddi s\u00e1ng l\u1eadp Nh\u00e3 Nam xu\u1ea5t b\u1ea3n c\u1ea3 tr\u01b0\u1edbc khi c\u00f4ng ty ra \u0111\u1eddi. Ngay l\u1eadp t\u1ee9c t\u1eeb cu\u1ed1n s\u00e1ch \u0111\u1ea7u ti\u00ean, \u0111\u1ed9c gi\u1ea3 \u0111\u00e3 d\u00e0nh s\u1ef1 quan t\u00e2m v\u00e0 y\u00eau m\u1ebfn cho m\u1ed9t th\u01b0\u01a1ng hi\u1ec7u s\u00e1ch m\u1edbi m\u1ebb mang trong m\u00ecnh kh\u00e1t v\u1ecdng g\u00f3p ph\u1ea7n t\u1ea1o l\u1eadp di\u1ec7n m\u1ea1o m\u1edbi cho xu\u1ea5t b\u1ea3n v\u0103n h\u1ecdc t\u1ea1i Vi\u1ec7t Nam.<\/p>\n<p>L\u00f2ng say m\u00ea c\u1ee7a \u0111\u1ed9i ng\u0169 l\u00e0 vi\u00ean \u0111\u00e1 \u0111\u1ea7u ti\u00ean. Tr\u1ea3i qua m\u1ea5y n\u0103m ph\u00e1t tri\u1ec3n, Nh\u00e3 Nam \u0111\u00e3 \u0111\u01b0\u1ee3c x\u00e2y d\u1ef1ng d\u1ea7n l\u00ean trong di\u1ec7n m\u1ea1o m\u1ed9t nh\u00e0 xu\u1ea5t b\u1ea3n v\u1eefng ch\u00e3i v\u00e0 chuy\u00ean nghi\u1ec7p. S\u00e1u th\u00e1ng sau khi th\u00e0nh l\u1eadp c\u00f4ng ty, Nh\u1eadt k\u00fd \u0110\u1eb7ng Th\u00f9y Tr\u00e2m ra \u0111\u1eddi, t\u1ea1o n\u00ean m\u1ed9t c\u01a1n s\u1ed1t trong x\u00e3 h\u1ed9i, v\u1edbi g\u1ea7n 500,000 b\u1ea3n s\u00e1ch \u0111\u01b0\u1ee3c ph\u00e1t h\u00e0nh, ph\u00e1 m\u1ecdi k\u1ef7 l\u1ee5c v\u1ec1 xu\u1ea5t b\u1ea3n tr\u01b0\u1edbc \u0111\u00f3, k\u00e9o theo m\u1ed9t lo\u1ea1t nh\u1eefng hi\u1ec7u \u1ee9ng x\u00e3 h\u1ed9i v\u00e0 d\u01b0 lu\u1eadn c\u00f3 \u00fd ngh\u0129a. T\u1eeb \u0111\u00f3 tr\u1edf \u0111i, th\u00f4ng qua Nh\u00e3 Nam, c\u00e1c cu\u1ed1n s\u00e1ch v\u0103n h\u1ecdc n\u01b0\u1edbc ngo\u00e0i c\u00f3 gi\u00e1 tr\u1ecb \u0111\u01b0\u1ee3c li\u00ean t\u1ee5c mua b\u1ea3n quy\u1ec1n v\u00e0 xu\u1ea5t b\u1ea3n t\u1ea1i Vi\u1ec7t Nam, thu h\u00fat nhi\u1ec1u t\u1ea7ng l\u1edbp \u0111\u1ed9c gi\u1ea3. S\u00e1ch c\u1ee7a Nh\u00e3 Nam n\u1ed5i b\u1eadt b\u1edfi n\u1ed9i dung v\u0103n h\u1ecdc tinh t\u1ebf, b\u1edfi v\u1ebb \u0111\u1eb9p c\u1ee7a thi\u1ebft k\u1ebf hi\u1ec7n \u0111\u1ea1i \u1edf h\u00ecnh th\u1ee9c, b\u1edfi s\u1ef1 ch\u0103m ch\u00fat k\u1ef9 l\u01b0\u1ee1ng cho m\u1ed7i cu\u1ed1n s\u00e1ch nh\u01b0 m\u1ed9t con thuy\u1ec1n mang t\u1edbi ni\u1ec1m vui, tri th\u1ee9c, ng\u1ea1c nhi\u00ean, v\u00e0 \u0111\u1ed3ng c\u1ea3m.<\/p>\n\n[\/col]\n\n[\/row]\n<p style=\"text-align: left\">Hi\u1ec3u th\u1eddi \u0111\u1ea1i \u0111ang s\u1ed1ng th\u00f4ng qua s\u00e1ch, song h\u00e0nh v\u1edbi nh\u1eefng bi\u1ebfn chuy\u1ec3n s\u00e2u s\u1eafc trong l\u00f2ng x\u00e3 h\u1ed9i b\u1eb1ng nh\u1eefng ho\u1ea1t \u0111\u1ed9ng xu\u1ea5t b\u1ea3n mi\u1ec7t m\u00e0i v\u00e0 qu\u1ea3 c\u1ea3m, con \u0111\u01b0\u1eddng Nh\u00e3 Nam \u0111\u00e3 ch\u1ecdn \u0111\u1ec3 \u0111i s\u1ebd c\u00f2n d\u00e0i. Nhi\u1ec1u kh\u00f3 kh\u0103n, th\u1eed th\u00e1ch \u0111ang \u1edf ph\u00eda tr\u01b0\u1edbc. B\u01b0\u1edbc qua th\u1eddi k\u1ef3 s\u01a1 khai v\u1edbi nh\u1eefng b\u00e0i h\u1ecdc v\u00e0 nh\u1eefng kinh nghi\u1ec7m \u0111\u1ea7u ti\u00ean, Nh\u00e3 Nam gi\u1edd \u0111\u00e3 s\u1eb5n s\u00e0ng cho m\u1ed9t ch\u1eb7ng \u0111\u01b0\u1eddng ph\u00e1t tri\u1ec3n m\u1edbi. V\u00e0 ch\u00fang t\u00f4i mu\u1ed1n ho\u00e0n thi\u1ec7n m\u00ecnh trong s\u1ef1 c\u1ea7u th\u1ecb v\u00e0 c\u1ea9n tr\u1ecdng. T\u1ea5t c\u1ea3 v\u00ec m\u1ed9t gia s\u1ea3n s\u00e1ch to l\u1edbn, c\u00f3 s\u1ee9c s\u1ed1ng d\u00e0i l\u00e2u, c\u00f3 \u00fd ngh\u0129a v\u1edbi nhi\u1ec1u th\u1ebf h\u1ec7 b\u1ea1n \u0111\u1ecdc.<br \/>B\u1edfi v\u00ec s\u00e1ch l\u00e0 th\u1ebf gi\u1edbi.<\/p>\n<p><strong>\u0110\u00e2y l\u00e0 m\u1ed9t nh\u00e0 ph\u00e1t h\u00e0nh s\u00e1ch m\u00e0 SACHVIET.EU r\u1ea5t y\u00eau th\u00edch v\u00e0 tin t\u01b0\u1edfng. Nh\u00ecn \u0111\u01b0\u1ee3c t\u1ea7m \u1ea3nh h\u01b0\u1edfng c\u1ee7a Nh\u00e3 Nam qua t\u1eebng cu\u1ed1n s\u00e1ch, SACHVIET.EU li\u00ean h\u1ec7 h\u1ee3p t\u00e1c ngay v\u1edbi Nh\u00e3 Nam \u0111\u1ec3 \u0111em to\u00e0n b\u1ed9 nh\u1eefng t\u00e1c ph\u1ea9m m\u1edbi, hay nh\u1ea5t m\u00e0 Nh\u00e3 Nam c\u00f3 sang Ch\u00e2u \u00c2u, \u0111\u01b0a \u0111\u1ebfn cho \u0111\u1ed9c gi\u1ea3 c\u00f3 nhi\u1ec1u s\u1ef1 l\u1ef1a ch\u1ecdn phong ph\u00fa h\u01a1n c\u1ea3 s\u00e1ch cho tr\u1ebb em l\u1eabn ng\u01b0\u1eddi l\u1edbn.\u00a0<\/strong><\/p>\n\n<!-- \/wp:flatsome\/uxbuilder -->","post_title":"Nh\u00e3 Nam","post_excerpt":"","post_status":"publish","comment_status":"closed","ping_status":"closed","post_password":"","post_name":"nha-nam","to_ping":"","pinged":"","post_modified":"2022-12-19 23:15:33","post_modified_gmt":"2022-12-19 21:15:33","post_content_filtered":"","post_parent":0,"guid":"https:\/\/sachviet.eu\/?post_type=publisher&#038;p=1424","menu_order":0,"post_type":"publisher","post_mime_type":"","comment_count":"0","filter":"raw"}},"_links":{"self":[{"href":"https:\/\/sachviet.eu\/en\/wp-json\/wp\/v2\/product\/18778","targetHints":{"allow":["GET"]}}],"collection":[{"href":"https:\/\/sachviet.eu\/en\/wp-json\/wp\/v2\/product"}],"about":[{"href":"https:\/\/sachviet.eu\/en\/wp-json\/wp\/v2\/types\/product"}],"wp:featuredmedia":[{"embeddable":true,"href":"https:\/\/sachviet.eu\/en\/wp-json\/wp\/v2\/media\/18777"}],"wp:attachment":[{"href":"https:\/\/sachviet.eu\/en\/wp-json\/wp\/v2\/media?parent=18778"}],"wp:term":[{"taxonomy":"product_brand","embeddable":true,"href":"https:\/\/sachviet.eu\/en\/wp-json\/wp\/v2\/product_brand?post=18778"},{"taxonomy":"product_cat","embeddable":true,"href":"https:\/\/sachviet.eu\/en\/wp-json\/wp\/v2\/product_cat?post=18778"},{"taxonomy":"product_tag","embeddable":true,"href":"https:\/\/sachviet.eu\/en\/wp-json\/wp\/v2\/product_tag?post=18778"}],"curies":[{"name":"wp","href":"https:\/\/api.w.org\/{rel}","templated":true}]}}