{"id":1877,"date":"2021-02-21T00:02:05","date_gmt":"2021-02-20T22:02:05","guid":{"rendered":"https:\/\/sachviet.eu\/shop\/ehon-mau-sac-quanh-ta-vit-con-goro-sac-so-set-4-quyen\/"},"modified":"2025-04-20T10:34:30","modified_gmt":"2025-04-20T07:34:30","slug":"ehon-mau-sac-quanh-ta-vit-con-goro-sac-so-set-4-quyen","status":"publish","type":"product","link":"https:\/\/sachviet.eu\/en\/shop\/ehon-mau-sac-quanh-ta-vit-con-goro-sac-so-set-4-quyen\/","title":{"rendered":"Ehon M\u00e0u s\u1eafc quanh ta: V\u1ecbt con Goro s\u1eb7c s\u1ee1 &#8211; set 4 quy\u1ec3n"},"content":{"rendered":"<p>C\u1ea3 nh\u00e0 gi\u1ed1ng nhau<\/p>\n<p>M\u1ed7i th\u00e0nh vi\u00ean trong gia \u0111\u00ecnh \u0111\u1ec1u c\u00f3 m\u1ed9t v\u00e0i n\u00e9t gi\u1ed1ng nhau, n\u1ebfu quan s\u00e1t k\u0129 th\u00ec m\u1ecdi ng\u01b0\u1eddi \u0111\u1ec1u c\u00f3 th\u1ec3 nh\u1eadn ra nh\u1eefng \u0111i\u1ec3m gi\u1ed1ng nhau \u0111\u00f3.<\/p>\n<p>Cu\u1ed1n s\u00e1ch gi\u00fap b\u00e9 nh\u1eadn bi\u1ebft nh\u1eefng \u0111i\u1ec3m t\u01b0\u01a1ng \u0111\u1ed3ng c\u1ee7a b\u1ea3n th\u00e2n v\u1edbi ng\u01b0\u1eddi th\u00e2n trong gia \u0111\u00ecnh, k\u00edch th\u00edch tr\u00ed t\u00f2 m\u00f2 v\u00e0 kh\u1ea3 n\u0103ng quan s\u00e1t c\u1ee7a tr\u1ebb.<\/p>\n<p>M\u00e0u s\u1eafc ch\u01a1i tr\u1ed1n t\u00ecm<\/p>\n<p>B\u1ea1n m\u00e0u xanh l\u01a1 v\u00e0 m\u00e0u h\u1ed3ng c\u00e1nh sen l\u00e0 con c\u1ee7a nh\u1eefng m\u00e0u s\u1eafc c\u01a1 b\u1ea3n tr\u1ed9n l\u1ea1i. Hai b\u1ea1n \u1ea5y c\u00f9ng h\u00f2a v\u00e0o nhau \u0111\u1ec3 ch\u01a1i tr\u00f2 ch\u01a1i tr\u1ed1n t\u00ecm c\u1ef1c k\u1ef3 vui nh\u1ed9n, v\u00e0 th\u1eadt ng\u1ea1c nhi\u00ean l\u00e0 kh\u00f4ng ai c\u00f3 th\u1ec3 nh\u1eadn ra \u0111\u01b0\u1ee3c hai b\u1ea1n \u1ea5y.<\/p>\n<p>Nh\u01b0 m\u1ed9t b\u1ea3ng pha m\u00e0u s\u1eb7c s\u1ee1, c\u00e2u chuy\u1ec7n gi\u00fap b\u00e9 nh\u1eadn ra c\u00e1c quy t\u1eafc pha m\u00e0u v\u00f4 c\u00f9ng th\u00fa v\u1ecb, gi\u00fap \u00edch cho kh\u1ea3 n\u0103ng quan s\u00e1t c\u1ee7a tr\u1ebb.<\/p>\n<p>N\u1ebfu m\u1eb7t tr\u0103ng c\u00f3 th\u1ec3 \u0111\u1ed5i m\u00e0u<\/p>\n<p>N\u1ebfu \u0111\u1ed5i m\u00e0u c\u1ee7a m\u1eb7t tr\u0103ng to tr\u00f2n, b\u00e9 s\u1ebd \u0111\u01b0\u1ee3c nh\u00ecn th\u1ea5y r\u1ea5t nhi\u1ec1u &#8220;phi\u00ean b\u1ea3n&#8221; kh\u00e1c nhau, tr\u0103ng m\u00e0u \u0111\u1ecf gi\u1ed1ng m\u1eb7t tr\u1eddi gi\u1eefa \u0111\u00eam, tr\u0103ng m\u00e0u xanh nh\u01b0 k\u1eb9o b\u1ea1c h\u00e0, tr\u0103ng m\u00e0u v\u00e0ng nh\u01b0 tr\u1ee9ng \u1ed1p &#8211; l\u1ebft,\u2026<\/p>\n<p>Qua m\u1ed7i l\u1ea7n \u0111\u1ed5i m\u00e0u m\u1eb7t tr\u0103ng, b\u00e9 s\u1ebd li\u00ean t\u01b0\u1edfng \u0111\u1ebfn nh\u1eefng m\u00f3n \u0111\u1ed3 v\u1eadt, s\u1ef1 v\u1eadt quen thu\u1ed9c \u0111\u1ed1i v\u1edbi m\u00ecnh.<br \/>\nCu\u1ed1n s\u00e1ch k\u00edch th\u00edch tr\u00ed t\u00f2 m\u00f2 c\u1ee7a tr\u1ebb v\u1edbi thi\u00ean nhi\u00ean \u0111\u1ed3ng th\u1eddi t\u0103ng c\u01b0\u1eddng kh\u1ea3 n\u0103ng t\u01b0\u1edfng t\u01b0\u1ee3ng cho tr\u1ebb.<\/p>\n<p>V\u1ecbt con Goro s\u1eb7c s\u1ee1<\/p>\n<p>C\u00e2u chuy\u1ec7n h\u00e0i h\u01b0\u1edbc v\u1ec1 b\u1ea1n v\u1ecbt con Goro th\u00edch nh\u1eefng m\u00e0u s\u1eafc s\u1eb7c s\u1ee1, lu\u00f4n th\u00edch g\u1ecdi t\u00ean nh\u1eefng m\u00e0u s\u1eafc b\u1ea1n \u1ea5y th\u1ea5y xung quanh m\u00ecnh nh\u01b0 c\u00e1i b\u00e0n m\u00e0u v\u00e0ng m\u01a1, qu\u1ea3 t\u00e1o m\u00e0u \u0111\u1ecf \u0111un, \u00e1nh s\u00e1ng m\u00e0u xanh ng\u1ecdc,\u2026 V\u1ecbt con Goro cho r\u1eb1ng m\u00ecnh c\u00f3 gi\u1ecdng h\u00e1t ng\u1ecdt ng\u00e0o nh\u01b0 k\u1eb9o b\u00f4ng tr\u1eafng, nh\u01b0ng \u0111\u1ebfn khi c\u1ea5t gi\u1ecdng th\u00ec m\u1ecdi ng\u01b0\u1eddi tr\u1ed1n \u0111i h\u1ebft.<\/p>\n<p>Cu\u1ed1n s\u00e1ch c\u00f9ng b\u00e9 nh\u1eadn bi\u1ebft nh\u1eefng m\u00e0u s\u1eafc m\u1edbi l\u1ea1 \u0111\u1ed3ng th\u1eddi ph\u00e1t tri\u1ec3n kh\u1ea3 n\u0103ng t\u01b0\u1edfng t\u01b0\u1ee3ng cho b\u00e9.  <div class=\"banner-grid-wrapper\">\n  <div id=\"banner-grid-2046071390\" class=\"banner-grid row row-grid row-small\" data-packery-options=\"\">\n            <style>\n    #banner-grid-2046071390 .grid-col-1{height: 600px}\n    #banner-grid-2046071390 .grid-col-1-2{height: 300px}\n    #banner-grid-2046071390 .grid-col-1-3{height:200px}\n    #banner-grid-2046071390 .grid-col-2-3{height: 400px}\n    #banner-grid-2046071390 .grid-col-1-4{height: 150px}\n    #banner-grid-2046071390 .grid-col-3-4{height: 450px}\n\n\n        \/* Tablet *\/\n    @media (max-width: 850px){\n      #banner-grid-2046071390 .grid-col-1{height: 400px}\n      #banner-grid-2046071390 .grid-col-1-2{height: 200px}\n      #banner-grid-2046071390 .grid-col-1-3{height:133.33333333333px}\n      #banner-grid-2046071390 .grid-col-2-3{height: 266.66666666667px}\n      #banner-grid-2046071390 .grid-col-1-4{height: 100px}\n      #banner-grid-2046071390 .grid-col-3-4{height: 300px}\n    }\n    \n        \/* Mobile *\/\n    @media (max-width: 550px){\n      #banner-grid-2046071390 .grid-col-1{height: 400px}\n      #banner-grid-2046071390 .grid-col-1-2{height: 200px}\n      #banner-grid-2046071390 .grid-col-1-3{height:133.33333333333px}\n      #banner-grid-2046071390 .grid-col-2-3{height: 266.66666666667px}\n      #banner-grid-2046071390 .grid-col-1-4{height: 100px}\n      #banner-grid-2046071390 .grid-col-3-4{height: 300px}\n    }\n    \n\n  <\/style>\n    <\/div>\n    <style>\n    #banner-grid-2046071390 .grid-col-1{height: 600px}\n    #banner-grid-2046071390 .grid-col-1-2{height: 300px}\n    #banner-grid-2046071390 .grid-col-1-3{height:200px}\n    #banner-grid-2046071390 .grid-col-2-3{height: 400px}\n    #banner-grid-2046071390 .grid-col-1-4{height: 150px}\n    #banner-grid-2046071390 .grid-col-3-4{height: 450px}\n\n\n    \n    \n\n  <\/style>\n    <\/div>\n  \n","protected":false},"excerpt":{"rendered":"<p>\u201cM\u00e0u s\u1eafc quanh ta\u201d l\u00e0 b\u1ed9 s\u00e1ch Ehon g\u1ed3m 4 cu\u1ed1n \u201cC\u1ea3 nh\u00e0 gi\u1ed1ng nhau\u201d; \u201cM\u00e0u s\u1eafc ch\u01a1i tr\u1ed1n t\u00ecm\u201d; \u201cN\u1ebfu m\u1eb7t tr\u0103ng c\u00f3 th\u1ec3 \u0111\u1ed5i m\u00e0u\u201d; \u201cV\u1ecbt con Goro s\u1eb7c s\u1ee1\u201d. B\u1ed9 s\u00e1ch ph\u00f9 h\u1ee3p v\u1edbi tr\u1ebb t\u1eeb 3 tu\u1ed5i v\u00e0 th\u00f4ng qua c\u00e1c c\u00e2u chuy\u1ec7n \u0111\u00e1ng y\u00eau s\u1ebd gi\u00fap tr\u1ebb nh\u1eadn bi\u1ebft m\u00e0u s\u1eafc m\u1edbi, kh\u00e1c l\u1ea1 h\u01a1n so v\u1edbi nh\u1eefng m\u00e0u c\u01a1 b\u1ea3n quen thu\u1ed9c. Qua \u0111\u00f3 ph\u00e1t tri\u1ec3n Th\u00f9y ch\u1ea9m \u2013 n\u01a1i c\u00f3 vai tr\u00f2 ti\u1ebfp nh\u1eadn th\u00f4ng tin qua th\u1ecb gi\u00e1c, gi\u00fap tr\u1ebb ph\u00e2n bi\u1ec7t m\u00e0u s\u1eafc, h\u00ecnh \u1ea3nh, c\u00f3 \u1ea3nh h\u01b0\u1edfng l\u1edbn t\u1edbi khi\u1ebfu th\u1ea9m m\u1ef9 v\u00e0 kh\u1ea3 n\u0103ng ngh\u1ec7 thu\u1eadt c\u1ee7a tr\u1ebb.<\/p>\n<p>N\u1ed9i dung \u0111\u01a1n gi\u1ea3n m\u00e0 s\u00e2u s\u1eafc \u0111\u01b0\u1ee3c th\u1ec3 hi\u1ec7n b\u1eb1ng nh\u1eefng h\u00ecnh v\u1ebd v\u00f4 c\u00f9ng \u0111\u00e1ng y\u00eau ng\u1ed9 ngh\u0129nh c\u00f9ng v\u1edbi nh\u1eefng m\u1ea3ng m\u00e0u l\u1edbn, ch\u1eafc ch\u1eafn s\u1ebd khi\u1ebfn c\u00e1c b\u00e9 v\u00f4 c\u00f9ng th\u00edch th\u00fa v\u00e0 h\u00e0o h\u1ee9ng theo d\u00f5i. H\u1ee9a h\u1eb9n \u0111\u00e2y s\u1ebd l\u00e0 m\u1ed9t b\u1ed9 s\u00e1ch g\u1ed1i \u0111\u1ea7u gi\u01b0\u1eddng c\u1ee7a b\u1ea5t k\u1ef3 b\u1ea1n nh\u1ecf n\u00e0o \u0111ang trong \u0111\u1ed9 tu\u1ed5i l\u00ean 3 \u0111\u1ea5y.<\/p>\n","protected":false},"featured_media":1869,"template":"","meta":{"_acf_changed":false},"product_brand":[],"product_cat":[24,25,17],"product_tag":[81],"class_list":{"0":"post-1877","1":"product","2":"type-product","3":"status-publish","4":"has-post-thumbnail","6":"product_cat-nha-tre-mau-giao-0-tuoi-6-tuoi","7":"product_cat-nhi-dong-6-tuoi-12-tuoi","8":"product_cat-sach-danh-cho-cac-be","9":"product_tag-sach-gia-uu-dai","11":"first","12":"outofstock","13":"sale","14":"taxable","15":"shipping-taxable","16":"purchasable","17":"product-type-simple"},"supplier_id":null,"supplier_sku":"","barcode":null,"atum_controlled":true,"out_stock_date":"2025-04-20 07:34:30","out_stock_threshold":null,"inheritable":false,"inbound_stock":0,"stock_on_hold":0,"sold_today":0,"sales_last_days":0,"reserved_stock":0,"customer_returns":0,"warehouse_damage":0,"lost_in_post":0,"other_logs":0,"out_stock_days":283,"lost_sales":0,"has_location":false,"update_date":"2026-01-28T23:11:28","atum_locations":[],"atum_stock_status":"outofstock","restock_status":false,"low_stock_amount":"","sales_update_date":"2026-01-28T23:11:28","calc_backorders":null,"acf":{"publisher":{"ID":1420,"post_author":"1","post_date":"2021-02-16 23:03:17","post_date_gmt":"2021-02-16 21:03:17","post_content":"<!-- wp:flatsome\/uxbuilder -->\n<h1 style=\"text-align: center\"><strong>WABOOKS<\/strong><\/h1>\n[ux_image id=\"1430\"]\n\n[gap]\n\n<p style=\"text-align: left\">Wabooks l\u00e0 c\u00f4ng ty s\u00e1ch ho\u1ea1t \u0111\u1ed9ng chuy\u00ean nghi\u1ec7p trong l\u0129nh v\u1ef1c xu\u1ea5t b\u1ea3n s\u00e1ch. Ph\u1ea7n l\u1edbn ngu\u1ed3n l\u1ef1c c\u1ee7a c\u00f4ng ty \u0111\u1ea7u t\u01b0 v\u00e0o nghi\u00ean c\u1ee9u, mua b\u1ea3n quy\u1ec1n, d\u1ecbch v\u00e0 xu\u1ea5t b\u1ea3n c\u00e1c \u1ea5n ph\u1ea9m v\u0103n h\u00f3a, tri th\u1ee9c c\u1ee7a Nh\u1eadt B\u1ea3n t\u1ea1i Vi\u1ec7t Nam. Wabooks lu\u00f4n kh\u00f4ng ng\u1eebng n\u1ed7 l\u1ef1c mang \u0111\u1ebfn nh\u1eefng s\u1ea3n ph\u1ea9m c\u00f3 ch\u1ea5t l\u01b0\u1ee3ng v\u00e0 d\u1ecbch v\u1ee5 ho\u00e0n h\u1ea3o, mang \u0111\u1ebfn s\u1ef1 h\u00e0i l\u00f2ng cho kh\u00e1ch h\u00e0ng c\u0169ng nh\u01b0 \u0111\u00f3ng g\u00f3p cho \u0111\u1ea5t n\u01b0\u1edbc t\u1ed1t \u0111\u1eb9p h\u01a1n th\u00f4ng qua nh\u1eefng gi\u00e1 tr\u1ecb m\u00e0 c\u00f4ng ty \u0111ang kh\u00f4ng ng\u1eebng theo \u0111u\u1ed5i.<\/p>\n[row]\n\n[col span=\"6\" span__sm=\"12\"]\n\n[ux_image id=\"2068\"]\n\n\n[\/col]\n[col span=\"6\" span__sm=\"12\"]\n\n<p>Anh Goto Daishi th\u00ec tin r\u1eb1ng ch\u1ec9 c\u00f3 s\u00e1ch m\u1edbi khi\u1ebfn con ng\u01b0\u1eddi ta tr\u1edf n\u00ean v\u0103n minh v\u00e0 ti\u1ebfn b\u1ed9, c\u00f2n anh Nguy\u1ec5n Tu\u1ea5n Anh th\u00ec cho r\u1eb1ng ch\u00fang ta ph\u1ea3i mang s\u00e1ch \u0111\u1ebfn n\u01a1i m\u00e0 ng\u01b0\u1eddi ta th\u1ef1c s\u1ef1 c\u1ea7n, chia s\u1ebb nh\u1eefng gi\u00e1 tr\u1ecb m\u00e0 ng\u01b0\u1eddi kh\u00e1c \u0111ang thi\u1ebfu, \u0111\u00f3 l\u00e0 c\u00e1ch \u0111\u1ec3 ch\u00fang ta ho\u00e0n thi\u1ec7n con ng\u01b0\u1eddi v\u00e0 g\u00f3p ph\u1ea7n l\u00e0m cho x\u00e3 h\u1ed9i ho\u00e0n thi\u1ec7n h\u01a1n.\u00a0<\/p>\n<p>May m\u1eafn r\u1eb1ng<strong> SACHVIET.EU\u00a0<\/strong>\u0111\u00e3 c\u00f3 c\u01a1 h\u1ed9i \u0111\u01b0\u1ee3c anh Nguy\u1ec5n Tu\u1ea5n Anh h\u1ee3p t\u00e1c gi\u00fap \u0111\u1ee1 h\u1ebft m\u00ecnh \u0111\u1ec3 The Stations c\u00f3 th\u1ec3 d\u1ec5 d\u00e0ng \u0111\u01b0a nh\u1eefng cu\u1ed1n s\u00e1ch ehon sang ph\u1ee5c v\u1ee5 nhu c\u1ea7u c\u1ee7a ng\u01b0\u1eddi Vi\u1ec7t t\u1ea1i Ch\u00e2u \u00c2u. V\u00e0 kh\u00f4ng g\u00ec vui m\u1eebng h\u01a1n l\u00e0 nh\u1eefng b\u1ea1n \u0111\u1ed9c gi\u1ea3 nh\u00ed c\u00f3 th\u1ec3 ti\u1ebfp c\u1eadn v\u00e0 c\u1ea7m tr\u00ean tay nh\u1eefng cu\u1ed1n s\u00e1ch ch\u1ea5t l\u01b0\u1ee3ng \u0111\u01b0\u1ee3c \u0111\u1ea7u t\u01b0 t\u1ec9 m\u1ec9, k\u1ef9 c\u00e0ng ch\u1ec9n chu v\u1ec1 c\u1ea3 n\u1ed9i dung l\u1eabn h\u00ecnh th\u1ee9c b\u1eb1ng ti\u1ebfng Vi\u1ec7t.<\/p>\n<p><strong>SACHVIET.EU<\/strong> lu\u00f4n tin t\u01b0\u1edfng r\u1eb1ng ng\u00f4n ng\u1eef m\u1eb9 \u0111\u1ebb lu\u00f4n l\u00e0 th\u1ee9 ng\u00f4n ng\u1eef thi\u00eang li\u00eang nh\u1ea5t v\u00e0 lu\u00f4n mong mu\u1ed1n c\u00e1c \u0111\u1ed9c gi\u1ea3 Vi\u1ec7t c\u00f3 c\u01a1 h\u1ed9i \u0111\u01b0\u1ee3c s\u1edf h\u1eefu nh\u1eefng cu\u1ed1n s\u00e1ch b\u1ea3n quy\u1ec1n \u0111\u1ea7y ch\u1ea5t l\u01b0\u1ee3ng b\u00e1n s\u1eb5n t\u1ea1i Ch\u00e2u \u00c2u<\/p>\n<p>\u00a0<\/p>\n\n[\/col]\n\n[\/row]\n\n<!-- \/wp:flatsome\/uxbuilder -->","post_title":"Wabooks","post_excerpt":"","post_status":"publish","comment_status":"closed","ping_status":"closed","post_password":"","post_name":"wabooks","to_ping":"","pinged":"","post_modified":"2022-12-19 22:37:02","post_modified_gmt":"2022-12-19 20:37:02","post_content_filtered":"","post_parent":0,"guid":"https:\/\/sachviet.eu\/?post_type=publisher&#038;p=1420","menu_order":0,"post_type":"publisher","post_mime_type":"","comment_count":"0","filter":"raw"}},"_links":{"self":[{"href":"https:\/\/sachviet.eu\/en\/wp-json\/wp\/v2\/product\/1877","targetHints":{"allow":["GET"]}}],"collection":[{"href":"https:\/\/sachviet.eu\/en\/wp-json\/wp\/v2\/product"}],"about":[{"href":"https:\/\/sachviet.eu\/en\/wp-json\/wp\/v2\/types\/product"}],"wp:featuredmedia":[{"embeddable":true,"href":"https:\/\/sachviet.eu\/en\/wp-json\/wp\/v2\/media\/1869"}],"wp:attachment":[{"href":"https:\/\/sachviet.eu\/en\/wp-json\/wp\/v2\/media?parent=1877"}],"wp:term":[{"taxonomy":"product_brand","embeddable":true,"href":"https:\/\/sachviet.eu\/en\/wp-json\/wp\/v2\/product_brand?post=1877"},{"taxonomy":"product_cat","embeddable":true,"href":"https:\/\/sachviet.eu\/en\/wp-json\/wp\/v2\/product_cat?post=1877"},{"taxonomy":"product_tag","embeddable":true,"href":"https:\/\/sachviet.eu\/en\/wp-json\/wp\/v2\/product_tag?post=1877"}],"curies":[{"name":"wp","href":"https:\/\/api.w.org\/{rel}","templated":true}]}}