{"id":18728,"date":"2022-04-20T22:27:37","date_gmt":"2022-04-20T19:27:37","guid":{"rendered":"https:\/\/sachviet.eu\/shop\/tu-dien-viet-anh-duc-bang-tranh-the-gioi-quanh-em-my-little-world-meine-kleine-welt\/"},"modified":"2022-12-19T14:57:52","modified_gmt":"2022-12-19T12:57:52","slug":"tu-dien-viet-anh-duc-bang-tranh-the-gioi-quanh-em-my-little-world-meine-kleine-welt","status":"publish","type":"product","link":"https:\/\/sachviet.eu\/en\/shop\/tu-dien-viet-anh-duc-bang-tranh-the-gioi-quanh-em-my-little-world-meine-kleine-welt\/","title":{"rendered":"T\u1eeb \u0110i\u1ec3n Vi\u1ec7t-Anh-\u0110\u1ee9c B\u1eb1ng Tranh: Th\u1ebf Gi\u1edbi Quanh Em &#8211; My Little World &#8211; Meine Kleine Welt"},"content":{"rendered":"<p>V\u1eeba h\u1ecdc v\u1eeba ch\u01a1i<\/p>\n<p>C\u1ea3 tr\u1eddi vui th\u00fa<\/p>\n<p>N\u00e0o \u0110\u1ee9c n\u00e0o Anh<\/p>\n<p>H\u1ecdc kh\u00f4ng bu\u1ed3n ng\u1ee7<\/p>\n<p>L\u01b0\u1ee3ng t\u1eeb v\u1eeba \u0111\u1ee7<\/p>\n<p>B\u00e9 h\u1ecdc say m\u00ea<\/p>\n<p>V\u1edbi nhi\u1ec1u ch\u1ee7 \u0111\u1ec1<\/p>\n<p>C\u00f9ng h\u00ecnh ng\u1ed9 ngh\u0129nh.<\/p>\n<p>T\u1eeb \u0111i\u1ec3n Vi\u1ec7t-Anh-\u0110\u1ee9c b\u1eb1ng tranh: Th\u1ebf gi\u1edbi quanh em &#8211; My Little World &#8211; Meine kleine Welt bao g\u1ed3m 23 ch\u1ee7 \u0111\u1ec1 g\u1ea7n g\u0169i h\u1eb1ng ng\u00e0y k\u00e8m theo c\u00e1c m\u1ee5c t\u1eeb ti\u1ebfng Vi\u1ec7t, ti\u1ebfng Anh v\u00e0 ti\u1ebfng \u0110\u1ee9c. 46 trang minh h\u1ecda sinh \u0111\u1ed9ng, \u0111\u1ea7y m\u00e0u s\u1eafc, cho em kh\u00e1m ph\u00e1 th\u00eam th\u1ebf gi\u1edbi quanh m\u00ecnh.<\/p>\n","protected":false},"excerpt":{"rendered":"<p>V\u1eeba h\u1ecdc v\u1eeba ch\u01a1i<\/p>\n<p>C\u1ea3 tr\u1eddi vui th\u00fa<\/p>\n<p>N\u00e0o \u0110\u1ee9c n\u00e0o Anh<\/p>\n<p>H\u1ecdc kh\u00f4ng bu\u1ed3n ng\u1ee7<\/p>\n<p>L\u01b0\u1ee3ng t\u1eeb v\u1eeba \u0111\u1ee7<\/p>\n<p>B\u00e9 h\u1ecdc say m\u00ea<\/p>\n<p>V\u1edbi nhi\u1ec1u ch\u1ee7 \u0111\u1ec1<\/p>\n<p>C\u00f9ng h\u00ecnh ng\u1ed9 ngh\u0129nh.<\/p>\n<p>T\u1eeb \u0111i\u1ec3n Vi\u1ec7t-Anh-\u0110\u1ee9c b\u1eb1ng tranh: Th\u1ebf gi\u1edbi quanh em &#8211; My Little World &#8211; Meine kleine Welt bao g\u1ed3m 23 ch\u1ee7 \u0111\u1ec1 g\u1ea7n g\u0169i h\u1eb1ng ng\u00e0y k\u00e8m theo c\u00e1c m\u1ee5c t\u1eeb ti\u1ebfng Vi\u1ec7t, ti\u1ebfng Anh v\u00e0 ti\u1ebfng \u0110\u1ee9c. 46 trang minh h\u1ecda sinh \u0111\u1ed9ng, \u0111\u1ea7y m\u00e0u s\u1eafc, cho em kh\u00e1m ph\u00e1 th\u00eam th\u1ebf gi\u1edbi quanh m\u00ecnh.<\/p>\n","protected":false},"featured_media":18725,"template":"","meta":{"_acf_changed":false},"product_brand":[],"product_cat":[20,25,17,26],"product_tag":[],"class_list":{"0":"post-18728","1":"product","2":"type-product","3":"status-publish","4":"has-post-thumbnail","6":"product_cat-be-vua-hoc-vua-choi","7":"product_cat-nhi-dong-6-tuoi-12-tuoi","8":"product_cat-sach-danh-cho-cac-be","9":"product_cat-thieu-nien-11-tuoi-18-tuoi","11":"first","12":"instock","13":"taxable","14":"shipping-taxable","15":"purchasable","16":"product-type-simple"},"supplier_id":null,"supplier_sku":"","barcode":null,"atum_controlled":true,"out_stock_date":null,"out_stock_threshold":null,"inheritable":false,"inbound_stock":0,"stock_on_hold":0,"sold_today":0,"sales_last_days":0,"reserved_stock":0,"customer_returns":0,"warehouse_damage":0,"lost_in_post":0,"other_logs":0,"out_stock_days":0,"lost_sales":0,"has_location":false,"update_date":"2026-01-28T23:11:05","atum_locations":[{"id":32,"name":"Helsinki","slug":"helsinki"}],"atum_stock_status":"instock","restock_status":false,"low_stock_amount":"","sales_update_date":"2026-01-28T23:11:04","calc_backorders":null,"acf":{"publisher":{"ID":1544,"post_author":"1","post_date":"2021-02-17 01:24:05","post_date_gmt":"2021-02-16 23:24:05","post_content":"","post_title":"\u0110\u00f4ng A","post_excerpt":"","post_status":"publish","comment_status":"closed","ping_status":"closed","post_password":"","post_name":"dong-a","to_ping":"","pinged":"","post_modified":"2021-02-17 01:24:05","post_modified_gmt":"2021-02-16 23:24:05","post_content_filtered":"","post_parent":0,"guid":"https:\/\/sachviet.eu\/nha-phat-hanh\/dong-a\/","menu_order":0,"post_type":"publisher","post_mime_type":"","comment_count":"0","filter":"raw"}},"_links":{"self":[{"href":"https:\/\/sachviet.eu\/en\/wp-json\/wp\/v2\/product\/18728","targetHints":{"allow":["GET"]}}],"collection":[{"href":"https:\/\/sachviet.eu\/en\/wp-json\/wp\/v2\/product"}],"about":[{"href":"https:\/\/sachviet.eu\/en\/wp-json\/wp\/v2\/types\/product"}],"wp:featuredmedia":[{"embeddable":true,"href":"https:\/\/sachviet.eu\/en\/wp-json\/wp\/v2\/media\/18725"}],"wp:attachment":[{"href":"https:\/\/sachviet.eu\/en\/wp-json\/wp\/v2\/media?parent=18728"}],"wp:term":[{"taxonomy":"product_brand","embeddable":true,"href":"https:\/\/sachviet.eu\/en\/wp-json\/wp\/v2\/product_brand?post=18728"},{"taxonomy":"product_cat","embeddable":true,"href":"https:\/\/sachviet.eu\/en\/wp-json\/wp\/v2\/product_cat?post=18728"},{"taxonomy":"product_tag","embeddable":true,"href":"https:\/\/sachviet.eu\/en\/wp-json\/wp\/v2\/product_tag?post=18728"}],"curies":[{"name":"wp","href":"https:\/\/api.w.org\/{rel}","templated":true}]}}