{"id":18722,"date":"2022-04-20T22:25:04","date_gmt":"2022-04-20T19:25:04","guid":{"rendered":"https:\/\/sachviet.eu\/shop\/tu-duy-nhanh-va-cham\/"},"modified":"2022-12-19T14:57:53","modified_gmt":"2022-12-19T12:57:53","slug":"tu-duy-nhanh-va-cham","status":"publish","type":"product","link":"https:\/\/sachviet.eu\/en\/shop\/tu-duy-nhanh-va-cham\/","title":{"rendered":"T\u01b0 Duy Nhanh V\u00e0 Ch\u1eadm"},"content":{"rendered":"<p>Ch\u00fang ta th\u01b0\u1eddng t\u1ef1 cho r\u1eb1ng con ng\u01b0\u1eddi l\u00e0 sinh v\u1eadt c\u00f3 l\u00fd tr\u00ed m\u1ea1nh m\u1ebd, khi quy\u1ebft \u0111\u1ecbnh hay \u0111\u00e1nh gi\u00e1 v\u1ea5n \u0111\u1ec1 lu\u00f4n k\u0129 l\u01b0\u1ee1ng v\u00e0 l\u00fd t\u00ednh. Nh\u01b0ng s\u1ef1 th\u1eadt l\u00e0, d\u00f9 b\u1ea1n c\u00f3 c\u1ea9n tr\u1ecdng t\u1edbi m\u1ee9c n\u00e0o, th\u00ec trong cu\u1ed9c s\u1ed1ng h\u00e0ng ng\u00e0y hay trong v\u1ea5n \u0111\u1ec1 li\u00ean quan \u0111\u1ebfn kinh t\u1ebf, b\u1ea1n v\u1eabn c\u00f3 nh\u1eefng quy\u1ebft \u0111\u1ecbnh d\u1ef1a tr\u00ean c\u1ea3m t\u00ednh ch\u1ee7 quan c\u1ee7a m\u00ecnh. \u201cT\u01b0 duy nhanh v\u00e0 ch\u1eadm\u201d, cu\u1ed1n s\u00e1ch n\u1ed5i ti\u1ebfng t\u1ed5ng h\u1ee3p t\u1ea5t c\u1ea3 nghi\u00ean c\u1ee9u \u0111\u01b0\u1ee3c ti\u1ebfn h\u00e0nh qua nhi\u1ec1u th\u1eadp k\u1ef7 c\u1ee7a nh\u00e0 t\u00e2m l\u00fd h\u1ecdc t\u1eebng \u0111\u1ea1t gi\u1ea3i Nobel Kinh t\u1ebf Daniel Kahneman s\u1ebd cho b\u1ea1n th\u1ea5y nh\u1eefng s\u01b0 h\u1ee3p l\u00fd v\u00e0 phi l\u00fd trong t\u01b0 duy c\u1ee7a ch\u00ednh b\u1ea1n. Cu\u1ed1n s\u00e1ch \u0111\u01b0\u1ee3c \u0111\u00e1nh gi\u00e1 l\u00e0 \u201cki\u1ec7t t\u00e1c\u201d trong vi\u1ec7c thay \u0111\u1ed5i h\u00e0nh vi c\u1ee7a con ng\u01b0\u1eddi, T\u01b0 duy nhanh v\u00e0 ch\u1eadm \u0111\u00e3 d\u00e0nh \u0111\u01b0\u1ee3c v\u00f4 s\u1ed1 gi\u1ea3i th\u01b0\u1edfng danh gi\u00e1, l\u1ecdt v\u00e0o Top 11 cu\u1ed1n s\u00e1ch kinh doanh h\u1ea5p d\u1eabn nh\u1ea5t n\u0103m 2011. Alpha Books \u0111\u00e3 mua b\u1ea3n quy\u1ec1n v\u00e0 s\u1ebd xu\u1ea5t b\u1ea3n cu\u1ed1n s\u00e1ch trong Qu\u00fd 1 n\u0103m nay. T\u01b0 duy nhanh v\u00e0 ch\u1eadm d\u00f9 l\u00e0 cu\u1ed1n s\u00e1ch c\u00f3 t\u00ednh h\u00e0n l\u00e2m cao nh\u01b0ng v\u00f4 c\u00f9ng b\u1ed5 \u00edch v\u1edbi t\u1ea5t c\u1ea3 m\u1ecdi ng\u01b0\u1eddi v\u00e0 \u0111\u1eb7c bi\u1ec7t r\u1ea5t d\u1ec5 hi\u1ec3u v\u00e0 vui nh\u1ed9n.<\/p>\n<p>\u0110\u00e3 c\u00f3 r\u1ea5t nhi\u1ec1u cu\u1ed1n s\u00e1ch n\u00f3i v\u1ec1 t\u00ednh h\u1ee3p l\u00fd v\u00e0 phi l\u00fd c\u1ee7a con ng\u01b0\u1eddi trong t\u01b0 duy, trong vi\u1ec7c \u0111\u00e1nh gi\u00e1 v\u00e0 ra quy\u1ebft \u0111\u1ecbnh, nh\u01b0ng T\u01b0 duy nhanh v\u00e0 ch\u1eadm \u0111\u01b0\u1ee3c T\u1ea1p ch\u00ed T\u00e0i ch\u00ednh M\u1ef9 \u0111\u00e1nh gi\u00e1 l\u00e0 \u201cki\u1ec7t t\u00e1c\u201d.<\/p>\n<p>B\u1ea1n ngh\u0129 r\u1eb1ng b\u1ea1n t\u01b0 duy nhanh, hay ch\u1eadm? B\u1ea1n t\u01b0 duy v\u00e0 suy ngh\u0129 theo l\u1ed1i \u201ctr\u00f4ng m\u1eb7t b\u1eaft h\u00ecnh dong\u201d, \u0111\u00e1nh gi\u00e1 m\u1ecdi v\u1eadt nhanh ch\u00f3ng b\u1eb1ng c\u1ea3m quan, quy\u1ebft \u0111\u1ecbnh d\u1ef1a theo c\u1ea3m x\u00fac hay t\u01b0 duy m\u1ed9t c\u00e1ch c\u1ea9n th\u1eadn, ch\u1eadm r\u00e3i nh\u01b0ng logic h\u1ee3p l\u00fd v\u1ec1 m\u1ed9t v\u1ea5n \u0111\u1ec1. T\u01b0 duy nhanh v\u00e0 ch\u1eadm s\u1ebd \u0111\u01b0a ra v\u00e0 l\u00fd gi\u1ea3i hai h\u1ec7 th\u1ed1ng t\u01b0 duy t\u00e1c \u0111\u1ed9ng \u0111\u1ebfn con \u0111\u01b0\u1eddng nh\u1eadn th\u1ee9c c\u1ee7a b\u1ea1n. Kahneman g\u1ecdi \u0111\u00f3 l\u00e0: h\u1ec7 th\u1ed1ng 1 v\u00e0 h\u1ec7 th\u1ed1ng 2. H\u1ec7 th\u1ed1ng 1, c\u00f2n g\u1ecdi l\u00e0 c\u01a1 ch\u1ebf ngh\u0129 nhanh, t\u1ef1 \u0111\u1ed9ng, th\u01b0\u1eddng xuy\u00ean \u0111\u01b0\u1ee3c s\u1eed d\u1ee5ng, c\u1ea3m t\u00ednh, r\u1eadp khu\u00f4n v\u00e0 ti\u1ec1m th\u1ee9c. H\u1ec7 th\u1ed1ng 2, c\u00f2n g\u1ecdi l\u00e0 c\u01a1 ch\u1ebf ngh\u0129 ch\u1eadm, \u0111\u00f2i h\u1ecfi \u00edt n\u1ed7 l\u1ef1c, \u00edt \u0111\u01b0\u1ee3c s\u1eed d\u1ee5ng, d\u00f9ng logic c\u00f3 t\u00ednh to\u00e1n v\u00e0 \u00fd th\u1ee9c. Trong m\u1ed9t lo\u1ea1t th\u00ed nghi\u1ec7m t\u00e2m l\u00fd mang t\u00ednh ti\u00ean phong, Kahneman v\u00e0 Tversky ch\u1ee9ng minh r\u1eb1ng, con ng\u01b0\u1eddi ch\u00fang ta th\u01b0\u1eddng \u0111i \u0111\u1ebfn quy\u1ebft \u0111\u1ecbnh theo c\u01a1 ch\u1ebf ngh\u0129 nhanh h\u01a1n l\u00e0 gh\u0129 ch\u1eadm. Ph\u1ea7n l\u1edbn n\u1ed9i dung c\u1ee7a cu\u1ed1n s\u00e1ch ch\u1ec9 ra nh\u1eefng sai l\u1ea7m c\u1ee7a con ng\u01b0\u1eddi khi suy ngh\u0129 theo h\u1ec7 th\u1ed1ng 1. Kahneman ch\u1ee9ng minh r\u1eb1ng ch\u00fang ta t\u1ec7 h\u01a1n nh\u1eefng g\u00ec ch\u00fang ta t\u01b0\u1edfng: \u0111\u00f3 l\u00e0 ch\u00fang ta kh\u00f4ng bi\u1ebft nh\u1eefng g\u00ec ch\u00fang ta kh\u00f4ng bi\u1ebft!<\/p>\n<p>Cu\u1ed1n s\u00e1ch \u0111\u1eb7c bi\u1ec7t \u0111\u00e3 d\u00e0nh \u0111\u01b0\u1ee3c v\u00f4 s\u1ed1 gi\u1ea3i th\u01b0\u1edfng danh gi\u00e1: S\u00e1ch khoa h\u1ecdc hay nh\u1ea5t c\u1ee7a H\u1ecdc vi\u1ec7n Khoa h\u1ecdc Qu\u1ed1c gia n\u0103m 2012, \u0111\u01b0\u1ee3c t\u1ea1p ch\u00ed The New York Times b\u00ecnh ch\u1ecdn l\u00e0 s\u00e1ch hay nh\u1ea5t n\u0103m 2011, m\u1ed9t trong nh\u1eefng cu\u1ed1n s\u00e1ch kinh t\u1ebf xu\u1ea5t s\u1eafc n\u0103m 2011, chi\u1ebfn th\u1eafng gi\u1ea3i th\u01b0\u1edfng cu\u1ed1n s\u00e1ch \u0111\u01b0\u1ee3c quan t\u00e2m nh\u1ea5t n\u0103m 2011 c\u1ee7a t\u1ea1p ch\u00ed Los Algeles\u2026 T\u01b0 duy nhanh v\u00e0 ch\u1eadm \u0111\u00e1p \u1ee9ng hai ti\u00eau ch\u00ed c\u1ee7a m\u1ed9t cu\u1ed1n s\u00e1ch hay, th\u1ee9 nh\u1ea5t n\u00f3 th\u00e1ch th\u1ee9c quan \u0111i\u1ec3m c\u1ee7a ng\u01b0\u1eddi \u0111\u1ecdc, th\u1ee9 hai, n\u00f3 kh\u00f4ng ph\u1ea3i l\u00e0 nh\u1eefng trang s\u00e1ch v\u1edbi nh\u1eefng con ch\u1eef kh\u00f4 c\u1ee9ng m\u00e0 n\u00f3 v\u00f4 c\u00f9ng vui nh\u1ed9n v\u00e0 h\u1ea5p d\u1eabn. Kh\u00f4ng nghi ng\u1edd g\u00ec n\u1eefa, \u0111\u00e2y l\u00e0 cu\u1ed1n s\u00e1ch h\u00e0n l\u00e2m d\u00e0nh cho t\u1ea5t c\u1ea3 m\u1ecdi ng\u01b0\u1eddi!<\/p>\n","protected":false},"excerpt":{"rendered":"<p>Ch\u00fang ta th\u01b0\u1eddng t\u1ef1 cho r\u1eb1ng con ng\u01b0\u1eddi l\u00e0 sinh v\u1eadt c\u00f3 l\u00fd tr\u00ed m\u1ea1nh m\u1ebd, khi quy\u1ebft \u0111\u1ecbnh hay \u0111\u00e1nh gi\u00e1 v\u1ea5n \u0111\u1ec1 lu\u00f4n k\u0129 l\u01b0\u1ee1ng v\u00e0 l\u00fd t\u00ednh. Nh\u01b0ng s\u1ef1 th\u1eadt l\u00e0, d\u00f9 b\u1ea1n c\u00f3 c\u1ea9n tr\u1ecdng t\u1edbi m\u1ee9c n\u00e0o, th\u00ec trong cu\u1ed9c s\u1ed1ng h\u00e0ng ng\u00e0y hay trong v\u1ea5n \u0111\u1ec1 li\u00ean quan \u0111\u1ebfn kinh t\u1ebf, b\u1ea1n v\u1eabn c\u00f3 nh\u1eefng quy\u1ebft \u0111\u1ecbnh d\u1ef1a tr\u00ean c\u1ea3m t\u00ednh ch\u1ee7 quan c\u1ee7a m\u00ecnh. \u201cT\u01b0 duy nhanh v\u00e0 ch\u1eadm\u201d, cu\u1ed1n s\u00e1ch n\u1ed5i ti\u1ebfng t\u1ed5ng h\u1ee3p t\u1ea5t c\u1ea3 nghi\u00ean c\u1ee9u \u0111\u01b0\u1ee3c ti\u1ebfn h\u00e0nh qua nhi\u1ec1u th\u1eadp k\u1ef7 c\u1ee7a nh\u00e0 t\u00e2m l\u00fd h\u1ecdc t\u1eebng \u0111\u1ea1t gi\u1ea3i Nobel Kinh t\u1ebf Daniel Kahneman s\u1ebd cho b\u1ea1n th\u1ea5y nh\u1eefng s\u01b0 h\u1ee3p l\u00fd v\u00e0 phi l\u00fd trong t\u01b0 duy c\u1ee7a ch\u00ednh b\u1ea1n. Cu\u1ed1n s\u00e1ch \u0111\u01b0\u1ee3c \u0111\u00e1nh gi\u00e1 l\u00e0 \u201cki\u1ec7t t\u00e1c\u201d trong vi\u1ec7c thay \u0111\u1ed5i h\u00e0nh vi c\u1ee7a con ng\u01b0\u1eddi, T\u01b0 duy nhanh v\u00e0 ch\u1eadm \u0111\u00e3 d\u00e0nh \u0111\u01b0\u1ee3c v\u00f4 s\u1ed1 gi\u1ea3i th\u01b0\u1edfng danh gi\u00e1, l\u1ecdt v\u00e0o Top 11 cu\u1ed1n s\u00e1ch kinh doanh h\u1ea5p d\u1eabn nh\u1ea5t n\u0103m 2011. Alpha Books \u0111\u00e3 mua b\u1ea3n quy\u1ec1n v\u00e0 s\u1ebd xu\u1ea5t b\u1ea3n cu\u1ed1n s\u00e1ch trong Qu\u00fd 1 n\u0103m nay. T\u01b0 duy nhanh v\u00e0 ch\u1eadm d\u00f9 l\u00e0 cu\u1ed1n s\u00e1ch c\u00f3 t\u00ednh h\u00e0n l\u00e2m cao nh\u01b0ng v\u00f4 c\u00f9ng b\u1ed5 \u00edch v\u1edbi t\u1ea5t c\u1ea3 m\u1ecdi ng\u01b0\u1eddi v\u00e0 \u0111\u1eb7c bi\u1ec7t r\u1ea5t d\u1ec5 hi\u1ec3u v\u00e0 vui nh\u1ed9n.<\/p>\n<p>\u0110\u00e3 c\u00f3 r\u1ea5t nhi\u1ec1u cu\u1ed1n s\u00e1ch n\u00f3i v\u1ec1 t\u00ednh h\u1ee3p l\u00fd v\u00e0 phi l\u00fd c\u1ee7a con ng\u01b0\u1eddi trong t\u01b0 duy, trong vi\u1ec7c \u0111\u00e1nh gi\u00e1 v\u00e0 ra quy\u1ebft \u0111\u1ecbnh, nh\u01b0ng T\u01b0 duy nhanh v\u00e0 ch\u1eadm \u0111\u01b0\u1ee3c T\u1ea1p ch\u00ed T\u00e0i ch\u00ednh M\u1ef9 \u0111\u00e1nh gi\u00e1 l\u00e0 \u201cki\u1ec7t t\u00e1c\u201d.<\/p>\n<p>B\u1ea1n ngh\u0129 r\u1eb1ng b\u1ea1n t\u01b0 duy nhanh, hay ch\u1eadm? B\u1ea1n t\u01b0 duy v\u00e0 suy ngh\u0129 theo l\u1ed1i \u201ctr\u00f4ng m\u1eb7t b\u1eaft h\u00ecnh dong\u201d, \u0111\u00e1nh gi\u00e1 m\u1ecdi v\u1eadt nhanh ch\u00f3ng b\u1eb1ng c\u1ea3m quan, quy\u1ebft \u0111\u1ecbnh d\u1ef1a theo c\u1ea3m x\u00fac hay t\u01b0 duy m\u1ed9t c\u00e1ch c\u1ea9n th\u1eadn, ch\u1eadm r\u00e3i nh\u01b0ng logic h\u1ee3p l\u00fd v\u1ec1 m\u1ed9t v\u1ea5n \u0111\u1ec1. T\u01b0 duy nhanh v\u00e0 ch\u1eadm s\u1ebd \u0111\u01b0a ra v\u00e0 l\u00fd gi\u1ea3i hai h\u1ec7 th\u1ed1ng t\u01b0 duy t\u00e1c \u0111\u1ed9ng \u0111\u1ebfn con \u0111\u01b0\u1eddng nh\u1eadn th\u1ee9c c\u1ee7a b\u1ea1n. Kahneman g\u1ecdi \u0111\u00f3 l\u00e0: h\u1ec7 th\u1ed1ng 1 v\u00e0 h\u1ec7 th\u1ed1ng 2. H\u1ec7 th\u1ed1ng 1, c\u00f2n g\u1ecdi l\u00e0 c\u01a1 ch\u1ebf ngh\u0129 nhanh, t\u1ef1 \u0111\u1ed9ng, th\u01b0\u1eddng xuy\u00ean \u0111\u01b0\u1ee3c s\u1eed d\u1ee5ng, c\u1ea3m t\u00ednh, r\u1eadp khu\u00f4n v\u00e0 ti\u1ec1m th\u1ee9c. H\u1ec7 th\u1ed1ng 2, c\u00f2n g\u1ecdi l\u00e0 c\u01a1 ch\u1ebf ngh\u0129 ch\u1eadm, \u0111\u00f2i h\u1ecfi \u00edt n\u1ed7 l\u1ef1c, \u00edt \u0111\u01b0\u1ee3c s\u1eed d\u1ee5ng, d\u00f9ng logic c\u00f3 t\u00ednh to\u00e1n v\u00e0 \u00fd th\u1ee9c. Trong m\u1ed9t lo\u1ea1t th\u00ed nghi\u1ec7m t\u00e2m l\u00fd mang t\u00ednh ti\u00ean phong, Kahneman v\u00e0 Tversky ch\u1ee9ng minh r\u1eb1ng, con ng\u01b0\u1eddi ch\u00fang ta th\u01b0\u1eddng \u0111i \u0111\u1ebfn quy\u1ebft \u0111\u1ecbnh theo c\u01a1 ch\u1ebf ngh\u0129 nhanh h\u01a1n l\u00e0 gh\u0129 ch\u1eadm. Ph\u1ea7n l\u1edbn n\u1ed9i dung c\u1ee7a cu\u1ed1n s\u00e1ch ch\u1ec9 ra nh\u1eefng sai l\u1ea7m c\u1ee7a con ng\u01b0\u1eddi khi suy ngh\u0129 theo h\u1ec7 th\u1ed1ng 1. Kahneman ch\u1ee9ng minh r\u1eb1ng ch\u00fang ta t\u1ec7 h\u01a1n nh\u1eefng g\u00ec ch\u00fang ta t\u01b0\u1edfng: \u0111\u00f3 l\u00e0 ch\u00fang ta kh\u00f4ng bi\u1ebft nh\u1eefng g\u00ec ch\u00fang ta kh\u00f4ng bi\u1ebft!<\/p>\n<p>Cu\u1ed1n s\u00e1ch \u0111\u1eb7c bi\u1ec7t \u0111\u00e3 d\u00e0nh \u0111\u01b0\u1ee3c v\u00f4 s\u1ed1 gi\u1ea3i th\u01b0\u1edfng danh gi\u00e1: S\u00e1ch khoa h\u1ecdc hay nh\u1ea5t c\u1ee7a H\u1ecdc vi\u1ec7n Khoa h\u1ecdc Qu\u1ed1c gia n\u0103m 2012, \u0111\u01b0\u1ee3c t\u1ea1p ch\u00ed The New York Times b\u00ecnh ch\u1ecdn l\u00e0 s\u00e1ch hay nh\u1ea5t n\u0103m 2011, m\u1ed9t trong nh\u1eefng cu\u1ed1n s\u00e1ch kinh t\u1ebf xu\u1ea5t s\u1eafc n\u0103m 2011, chi\u1ebfn th\u1eafng gi\u1ea3i th\u01b0\u1edfng cu\u1ed1n s\u00e1ch \u0111\u01b0\u1ee3c quan t\u00e2m nh\u1ea5t n\u0103m 2011 c\u1ee7a t\u1ea1p ch\u00ed Los Algeles\u2026 T\u01b0 duy nhanh v\u00e0 ch\u1eadm \u0111\u00e1p \u1ee9ng hai ti\u00eau ch\u00ed c\u1ee7a m\u1ed9t cu\u1ed1n s\u00e1ch hay, th\u1ee9 nh\u1ea5t n\u00f3 th\u00e1ch th\u1ee9c quan \u0111i\u1ec3m c\u1ee7a ng\u01b0\u1eddi \u0111\u1ecdc, th\u1ee9 hai, n\u00f3 kh\u00f4ng ph\u1ea3i l\u00e0 nh\u1eefng trang s\u00e1ch v\u1edbi nh\u1eefng con ch\u1eef kh\u00f4 c\u1ee9ng m\u00e0 n\u00f3 v\u00f4 c\u00f9ng vui nh\u1ed9n v\u00e0 h\u1ea5p d\u1eabn. Kh\u00f4ng nghi ng\u1edd g\u00ec n\u1eefa, \u0111\u00e2y l\u00e0 cu\u1ed1n s\u00e1ch h\u00e0n l\u00e2m d\u00e0nh cho t\u1ea5t c\u1ea3 m\u1ecdi ng\u01b0\u1eddi!<\/p>\n","protected":false},"featured_media":18721,"template":"","meta":{"_acf_changed":false},"product_brand":[],"product_cat":[15,46],"product_tag":[],"class_list":{"0":"post-18722","1":"product","2":"type-product","3":"status-publish","4":"has-post-thumbnail","6":"product_cat-sach-danh-cho-nguoi-lon","7":"product_cat-ky-nang-song","9":"first","10":"outofstock","11":"taxable","12":"shipping-taxable","13":"purchasable","14":"product-type-simple"},"supplier_id":null,"supplier_sku":"","barcode":null,"atum_controlled":true,"out_stock_date":"2022-12-19 12:57:53","out_stock_threshold":null,"inheritable":false,"inbound_stock":0,"stock_on_hold":0,"sold_today":0,"sales_last_days":0,"reserved_stock":0,"customer_returns":0,"warehouse_damage":0,"lost_in_post":0,"other_logs":0,"out_stock_days":1136,"lost_sales":0,"has_location":false,"update_date":"2026-01-28T23:11:04","atum_locations":[{"id":32,"name":"Helsinki","slug":"helsinki"}],"atum_stock_status":"outofstock","restock_status":false,"low_stock_amount":"","sales_update_date":"2026-01-28T23:11:04","calc_backorders":null,"acf":{"publisher":{"ID":2817,"post_author":"1","post_date":"2021-02-27 00:00:35","post_date_gmt":"2021-02-26 22:00:35","post_content":"","post_title":"Alpha Books","post_excerpt":"","post_status":"publish","comment_status":"closed","ping_status":"closed","post_password":"","post_name":"alpha-books","to_ping":"","pinged":"","post_modified":"2021-02-27 00:00:35","post_modified_gmt":"2021-02-26 22:00:35","post_content_filtered":"","post_parent":0,"guid":"https:\/\/sachviet.eu\/nha-phat-hanh\/alpha-books\/","menu_order":0,"post_type":"publisher","post_mime_type":"","comment_count":"0","filter":"raw"}},"_links":{"self":[{"href":"https:\/\/sachviet.eu\/en\/wp-json\/wp\/v2\/product\/18722","targetHints":{"allow":["GET"]}}],"collection":[{"href":"https:\/\/sachviet.eu\/en\/wp-json\/wp\/v2\/product"}],"about":[{"href":"https:\/\/sachviet.eu\/en\/wp-json\/wp\/v2\/types\/product"}],"wp:featuredmedia":[{"embeddable":true,"href":"https:\/\/sachviet.eu\/en\/wp-json\/wp\/v2\/media\/18721"}],"wp:attachment":[{"href":"https:\/\/sachviet.eu\/en\/wp-json\/wp\/v2\/media?parent=18722"}],"wp:term":[{"taxonomy":"product_brand","embeddable":true,"href":"https:\/\/sachviet.eu\/en\/wp-json\/wp\/v2\/product_brand?post=18722"},{"taxonomy":"product_cat","embeddable":true,"href":"https:\/\/sachviet.eu\/en\/wp-json\/wp\/v2\/product_cat?post=18722"},{"taxonomy":"product_tag","embeddable":true,"href":"https:\/\/sachviet.eu\/en\/wp-json\/wp\/v2\/product_tag?post=18722"}],"curies":[{"name":"wp","href":"https:\/\/api.w.org\/{rel}","templated":true}]}}