{"id":18718,"date":"2022-04-20T22:24:51","date_gmt":"2022-04-20T19:24:51","guid":{"rendered":"https:\/\/sachviet.eu\/shop\/bo-sach-viec-nho-cung-lam-bo-5-quyen\/"},"modified":"2022-12-24T14:10:12","modified_gmt":"2022-12-24T12:10:12","slug":"bo-sach-viec-nho-cung-lam-bo-5-quyen","status":"publish","type":"product","link":"https:\/\/sachviet.eu\/en\/shop\/bo-sach-viec-nho-cung-lam-bo-5-quyen\/","title":{"rendered":"B\u1ed9 s\u00e1ch Vi\u1ec7c nh\u1ecf c\u00f9ng l\u00e0m &#8211; B\u1ed9 5 quy\u1ec3n"},"content":{"rendered":"<p>&#8211; N\u1ed9i dung c\u00e2u chuy\u1ec7n nh\u1eb9 nh\u00e0ng, vui v\u1ebb, g\u1ea7n g\u0169i<br \/>\n&#8211; Th\u00f4ng \u0111i\u1ec7p \u00fd ngh\u0129a<br \/>\n&#8211; Ch\u1eef to<br \/>\n&#8211; \u0110\u1ed9 d\u00e0i v\u1eeba ph\u1ea3i<br \/>\n&#8211; Tranh v\u1ebd \u0111\u1eb9p<br \/>\n&#8211; Gi\u00e1 r\u1ebb<br \/>\nB\u1ea5y nhi\u00eau l\u00fd do l\u00e0 \u0111\u1ee7 \u0111\u1ec3 mua b\u1ed9 truy\u1ec7n n\u00e0y cho t\u1ee5i tr\u1ebb con r\u1ed3i. M\u00ecnh m\u1ed7i l\u00fac 1 \u01b0ng c\u00e1c b\u1ea1n ADC r\u1ed3i \u0111\u1ea5y<br \/>\nB\u1ed9 s\u00e1ch VI\u1ec6C NH\u1ece C\u00d9NG L\u00c0M<br \/>\nB\u1ed9 5 cu\u1ed1n<br \/>\n\u0110\u1ec3 ch\u00fang m\u00ecnh kh\u00f4ng hi\u1ec3u l\u1ea7m<br \/>\n\u0110\u1ec3 ch\u00fang m\u00ecnh s\u1ed1ng ho\u00e0 thu\u1eadn<br \/>\n\u0110\u1ec3 ch\u00fang m\u00ecnh t\u1ef1 ki\u1ebfm ti\u1ec1n<br \/>\n\u0110\u1ec3 ch\u00fang m\u00ecnh s\u1ed1ng kho\u1ebb<br \/>\n\u0110\u1ec3 ch\u00fang m\u00ecnh s\u1ed1ng xanh<\/p>\n","protected":false},"excerpt":{"rendered":"<p>&#8211; N\u1ed9i dung c\u00e2u chuy\u1ec7n nh\u1eb9 nh\u00e0ng, vui v\u1ebb, g\u1ea7n g\u0169i<br \/>\n&#8211; Th\u00f4ng \u0111i\u1ec7p \u00fd ngh\u0129a<br \/>\n&#8211; Ch\u1eef to<br \/>\n&#8211; \u0110\u1ed9 d\u00e0i v\u1eeba ph\u1ea3i<br \/>\n&#8211; Tranh v\u1ebd \u0111\u1eb9p<br \/>\n&#8211; Gi\u00e1 r\u1ebb<br \/>\nB\u1ea5y nhi\u00eau l\u00fd do l\u00e0 \u0111\u1ee7 \u0111\u1ec3 mua b\u1ed9 truy\u1ec7n n\u00e0y cho t\u1ee5i tr\u1ebb con r\u1ed3i. M\u00ecnh m\u1ed7i l\u00fac 1 \u01b0ng c\u00e1c b\u1ea1n ADC r\u1ed3i \u0111\u1ea5y<br \/>\nB\u1ed9 s\u00e1ch VI\u1ec6C NH\u1ece C\u00d9NG L\u00c0M<br \/>\nB\u1ed9 5 cu\u1ed1n<br \/>\n\u0110\u1ec3 ch\u00fang m\u00ecnh kh\u00f4ng hi\u1ec3u l\u1ea7m<br \/>\n\u0110\u1ec3 ch\u00fang m\u00ecnh s\u1ed1ng ho\u00e0 thu\u1eadn<br \/>\n\u0110\u1ec3 ch\u00fang m\u00ecnh t\u1ef1 ki\u1ebfm ti\u1ec1n<br \/>\n\u0110\u1ec3 ch\u00fang m\u00ecnh s\u1ed1ng kho\u1ebb<br \/>\n\u0110\u1ec3 ch\u00fang m\u00ecnh s\u1ed1ng xanh<\/p>\n","protected":false},"featured_media":18740,"template":"","meta":{"_acf_changed":false},"product_brand":[],"product_cat":[17,25],"product_tag":[],"class_list":{"0":"post-18718","1":"product","2":"type-product","3":"status-publish","4":"has-post-thumbnail","6":"product_cat-sach-danh-cho-cac-be","7":"product_cat-nhi-dong-6-tuoi-12-tuoi","9":"first","10":"outofstock","11":"taxable","12":"shipping-taxable","13":"purchasable","14":"product-type-simple"},"supplier_id":null,"supplier_sku":"","barcode":null,"atum_controlled":true,"out_stock_date":"2022-12-24 12:10:12","out_stock_threshold":null,"inheritable":false,"inbound_stock":0,"stock_on_hold":0,"sold_today":0,"sales_last_days":0,"reserved_stock":0,"customer_returns":0,"warehouse_damage":0,"lost_in_post":0,"other_logs":0,"out_stock_days":1131,"lost_sales":0,"has_location":false,"update_date":"2026-01-28T23:11:04","atum_locations":[{"id":32,"name":"Helsinki","slug":"helsinki"}],"atum_stock_status":"outofstock","restock_status":false,"low_stock_amount":"","sales_update_date":"2026-01-28T23:11:04","calc_backorders":null,"acf":{"publisher":{"ID":18717,"post_author":"1","post_date":"2022-04-20 22:19:43","post_date_gmt":"2022-04-20 19:19:43","post_content":"","post_title":"ADCBook","post_excerpt":"","post_status":"publish","comment_status":"closed","ping_status":"closed","post_password":"","post_name":"adcbook","to_ping":"","pinged":"","post_modified":"2022-04-20 22:19:43","post_modified_gmt":"2022-04-20 19:19:43","post_content_filtered":"","post_parent":0,"guid":"https:\/\/sachviet.eu\/nha-phat-hanh\/adcbook\/","menu_order":0,"post_type":"publisher","post_mime_type":"","comment_count":"0","filter":"raw"}},"_links":{"self":[{"href":"https:\/\/sachviet.eu\/en\/wp-json\/wp\/v2\/product\/18718","targetHints":{"allow":["GET"]}}],"collection":[{"href":"https:\/\/sachviet.eu\/en\/wp-json\/wp\/v2\/product"}],"about":[{"href":"https:\/\/sachviet.eu\/en\/wp-json\/wp\/v2\/types\/product"}],"wp:featuredmedia":[{"embeddable":true,"href":"https:\/\/sachviet.eu\/en\/wp-json\/wp\/v2\/media\/18740"}],"wp:attachment":[{"href":"https:\/\/sachviet.eu\/en\/wp-json\/wp\/v2\/media?parent=18718"}],"wp:term":[{"taxonomy":"product_brand","embeddable":true,"href":"https:\/\/sachviet.eu\/en\/wp-json\/wp\/v2\/product_brand?post=18718"},{"taxonomy":"product_cat","embeddable":true,"href":"https:\/\/sachviet.eu\/en\/wp-json\/wp\/v2\/product_cat?post=18718"},{"taxonomy":"product_tag","embeddable":true,"href":"https:\/\/sachviet.eu\/en\/wp-json\/wp\/v2\/product_tag?post=18718"}],"curies":[{"name":"wp","href":"https:\/\/api.w.org\/{rel}","templated":true}]}}