{"id":18705,"date":"2022-04-20T22:19:20","date_gmt":"2022-04-20T19:19:20","guid":{"rendered":"https:\/\/sachviet.eu\/shop\/gui-con-be-bong-bo-2-quyen\/"},"modified":"2023-04-02T13:02:49","modified_gmt":"2023-04-02T10:02:49","slug":"gui-con-be-bong-bo-2-quyen","status":"publish","type":"product","link":"https:\/\/sachviet.eu\/en\/shop\/gui-con-be-bong-bo-2-quyen\/","title":{"rendered":"G\u1eedi con b\u00e9 b\u1ecfng &#8211; B\u1ed9 2 quy\u1ec3n"},"content":{"rendered":"<p>G\u1eedi Con B\u00e9 B\u1ecfng: Con G\u00e1i C\u1ee7a Ba<br \/>\nM\u1ed9t c\u00e2u chuy\u1ec7n ho\u00e0n h\u1ea3o d\u00e0nh cho nh\u1eefng c\u00f4 g\u00e1i nh\u1ecf hi\u1ebfu k\u00ec.<br \/>\nCho nh\u1eefng c\u00f4 b\u00e9 m\u1ed9ng m\u01a1, nh\u1eefng c\u00f4 b\u00e9 th\u00edch t\u00f3c t\u1ebft b\u00edm.<br \/>\nCho nh\u1eefng c\u00f4 b\u00e9 \u01b0a x\u00f5a t\u00f3c.<br \/>\nCho nh\u1eefng c\u00f4 b\u00e9 mi\u1ec7ng ng\u1eadm m\u1ee9t th\u01a1m.<br \/>\nCho nh\u1eefng c\u00f4 b\u00e9 ham n\u00f3i chuy\u1ec7n t\u1edbi khi ch\u00ecm v\u00e0o gi\u1ea5c ng\u1ee7.<br \/>\nCho nh\u1eefng c\u00f4 b\u00e9 th\u00edch l\u1eb7ng ng\u1eafm v\u00e0 m\u1ec9m c\u01b0\u1eddi.<br \/>\nCho nh\u1eefng c\u00f4 b\u00e9 kh\u00e1m ph\u00e1 th\u1ebf gi\u1edbi t\u1eeb nh\u1eefng \u0111i\u1ec1u nh\u1ecf nh\u1ea5t.<br \/>\nCu\u1ed1n s\u00e1ch l\u00e0 th\u00f4ng \u0111i\u1ec7p c\u1ee7a t\u00ecnh y\u00eau th\u01b0\u01a1ng \u0111\u1ec3 g\u1ee3i nh\u1eafc t\u1ea5t c\u1ea3 nh\u1eefng c\u00f4 con g\u00e1i b\u00e9 b\u1ecfng r\u1eb1ng: Ba m\u1eb9 s\u1ebd lu\u00f4n d\u00f5i theo t\u1eebng b\u01b0\u1edbc ch\u00e2n khi con b\u01b0\u1edbc v\u00e0o h\u00e0nh tr\u00ecnh tuy\u1ec7t v\u1eddi c\u00f3 t\u00ean g\u1ecdi CU\u1ed8C \u0110\u1edcI\u2026<br \/>\n***<br \/>\nG\u1eedi Con B\u00e9 B\u1ecfng: Con Trai C\u1ee7a M\u1eb9<br \/>\nCu\u1ed1n s\u00e1ch l\u00e0 m\u1ed9t b\u00e1u v\u1eadt cho m\u1ed7i k\u1ec7 s\u00e1ch v\u00e0 cho ch\u00ednh nh\u1eefng tr\u00e1i tim tr\u1ebb th\u01a1.<br \/>\nM\u1ed9t cu\u1ed1n truy\u1ec7n m\u00e0 c\u1ea3 gia \u0111\u00ecnh \u0111\u1ec1u mu\u1ed1n c\u00f9ng nhau \u0111\u1ecdc l\u1ea1i h\u1ebft l\u1ea7n n\u00e0y t\u1edbi l\u1ea7n kh\u00e1c, \u0111\u1ec3 nh\u1eafc nh\u1edf nhau v\u1ec1 t\u1ea7m quan tr\u1ecdng c\u1ee7a vi\u1ec7c \u0111\u1ed3ng h\u00e0nh c\u00f9ng con tr\u00ean m\u1ecdi n\u1ebbo \u0111\u01b0\u1eddng.<\/p>\n","protected":false},"excerpt":{"rendered":"<p>G\u1eedi Con B\u00e9 B\u1ecfng: Con G\u00e1i C\u1ee7a Ba<br \/>\nM\u1ed9t c\u00e2u chuy\u1ec7n ho\u00e0n h\u1ea3o d\u00e0nh cho nh\u1eefng c\u00f4 g\u00e1i nh\u1ecf hi\u1ebfu k\u00ec.<br \/>\nCho nh\u1eefng c\u00f4 b\u00e9 m\u1ed9ng m\u01a1, nh\u1eefng c\u00f4 b\u00e9 th\u00edch t\u00f3c t\u1ebft b\u00edm.<br \/>\nCho nh\u1eefng c\u00f4 b\u00e9 \u01b0a x\u00f5a t\u00f3c.<br \/>\nCho nh\u1eefng c\u00f4 b\u00e9 mi\u1ec7ng ng\u1eadm m\u1ee9t th\u01a1m.<br \/>\nCho nh\u1eefng c\u00f4 b\u00e9 ham n\u00f3i chuy\u1ec7n t\u1edbi khi ch\u00ecm v\u00e0o gi\u1ea5c ng\u1ee7.<br \/>\nCho nh\u1eefng c\u00f4 b\u00e9 th\u00edch l\u1eb7ng ng\u1eafm v\u00e0 m\u1ec9m c\u01b0\u1eddi.<br \/>\nCho nh\u1eefng c\u00f4 b\u00e9 kh\u00e1m ph\u00e1 th\u1ebf gi\u1edbi t\u1eeb nh\u1eefng \u0111i\u1ec1u nh\u1ecf nh\u1ea5t.<br \/>\nCu\u1ed1n s\u00e1ch l\u00e0 th\u00f4ng \u0111i\u1ec7p c\u1ee7a t\u00ecnh y\u00eau th\u01b0\u01a1ng \u0111\u1ec3 g\u1ee3i nh\u1eafc t\u1ea5t c\u1ea3 nh\u1eefng c\u00f4 con g\u00e1i b\u00e9 b\u1ecfng r\u1eb1ng: Ba m\u1eb9 s\u1ebd lu\u00f4n d\u00f5i theo t\u1eebng b\u01b0\u1edbc ch\u00e2n khi con b\u01b0\u1edbc v\u00e0o h\u00e0nh tr\u00ecnh tuy\u1ec7t v\u1eddi c\u00f3 t\u00ean g\u1ecdi CU\u1ed8C \u0110\u1edcI\u2026<br \/>\n***<br \/>\nG\u1eedi Con B\u00e9 B\u1ecfng: Con Trai C\u1ee7a M\u1eb9<br \/>\nCu\u1ed1n s\u00e1ch l\u00e0 m\u1ed9t b\u00e1u v\u1eadt cho m\u1ed7i k\u1ec7 s\u00e1ch v\u00e0 cho ch\u00ednh nh\u1eefng tr\u00e1i tim tr\u1ebb th\u01a1.<br \/>\nM\u1ed9t cu\u1ed1n truy\u1ec7n m\u00e0 c\u1ea3 gia \u0111\u00ecnh \u0111\u1ec1u mu\u1ed1n c\u00f9ng nhau \u0111\u1ecdc l\u1ea1i h\u1ebft l\u1ea7n n\u00e0y t\u1edbi l\u1ea7n kh\u00e1c, \u0111\u1ec3 nh\u1eafc nh\u1edf nhau v\u1ec1 t\u1ea7m quan tr\u1ecdng c\u1ee7a vi\u1ec7c \u0111\u1ed3ng h\u00e0nh c\u00f9ng con tr\u00ean m\u1ecdi n\u1ebbo \u0111\u01b0\u1eddng.<\/p>\n","protected":false},"featured_media":18704,"template":"","meta":{"_acf_changed":false},"product_brand":[],"product_cat":[24,25,17],"product_tag":[],"class_list":{"0":"post-18705","1":"product","2":"type-product","3":"status-publish","4":"has-post-thumbnail","6":"product_cat-nha-tre-mau-giao-0-tuoi-6-tuoi","7":"product_cat-nhi-dong-6-tuoi-12-tuoi","8":"product_cat-sach-danh-cho-cac-be","10":"first","11":"instock","12":"taxable","13":"shipping-taxable","14":"purchasable","15":"product-type-simple"},"supplier_id":null,"supplier_sku":"","barcode":null,"atum_controlled":true,"out_stock_date":null,"out_stock_threshold":null,"inheritable":false,"inbound_stock":0,"stock_on_hold":0,"sold_today":0,"sales_last_days":0,"reserved_stock":0,"customer_returns":0,"warehouse_damage":0,"lost_in_post":0,"other_logs":0,"out_stock_days":0,"lost_sales":0,"has_location":true,"update_date":"2026-01-28T23:11:04","atum_locations":[{"id":32,"name":"Helsinki","slug":"helsinki"}],"atum_stock_status":"instock","restock_status":false,"low_stock_amount":"","sales_update_date":"2026-01-28T23:11:04","calc_backorders":null,"acf":{"publisher":{"ID":1454,"post_author":"1","post_date":"2021-02-17 01:11:34","post_date_gmt":"2021-02-16 23:11:34","post_content":"<!-- wp:flatsome\/uxbuilder -->\n<h1 style=\"text-align: center;\"><strong>Kim \u0110\u1ed3ng<\/strong><\/h1>\n[row]\n\n[col span=\"3\" span__sm=\"12\"]\n\n[ux_image id=\"1534\" image_size=\"medium\"]\n\n\n[\/col]\n[col span=\"9\" span__sm=\"12\"]\n\n<p>Nh\u00e0 xu\u1ea5t b\u1ea3n Kim \u0110\u1ed3ng tr\u1ef1c thu\u1ed9c Trung \u01b0\u01a1ng \u0110o\u00e0n TNCS H\u1ed3 Ch\u00ed Minh l\u00e0 Nh\u00e0 xu\u1ea5t b\u1ea3n t\u1ed5ng h\u1ee3p c\u00f3 ch\u1ee9c n\u0103ng xu\u1ea5t b\u1ea3n s\u00e1ch v\u00e0 v\u0103n h\u00f3a ph\u1ea9m ph\u1ee5c v\u1ee5 thi\u1ebfu nhi v\u00e0 c\u00e1c b\u1eadc ph\u1ee5 huynh trong c\u1ea3 n\u01b0\u1edbc, qu\u1ea3ng b\u00e1 v\u00e0 gi\u1edbi thi\u1ec7u v\u0103n h\u00f3a Vi\u1ec7t Nam ra th\u1ebf gi\u1edbi.<br \/>Nh\u00e0 xu\u1ea5t b\u1ea3n c\u00f3 nhi\u1ec7m v\u1ee5 t\u1ed5 ch\u1ee9c b\u1ea3n th\u1ea3o, bi\u00ean so\u1ea1n, bi\u00ean d\u1ecbch, xu\u1ea5t b\u1ea3n v\u00e0 ph\u00e1t h\u00e0nh c\u00e1c xu\u1ea5t b\u1ea3n ph\u1ea9m c\u00f3 n\u1ed9i dung: gi\u00e1o d\u1ee5c truy\u1ec1n th\u1ed1ng d\u00e2n t\u1ed9c, gi\u00e1o d\u1ee5c v\u1ec1 tri th\u1ee9c, ki\u1ebfn th\u1ee9c\u2026 tr\u00ean c\u00e1c l\u0129nh v\u1ef1c v\u0103n h\u1ecdc, ngh\u1ec7 thu\u1eadt, khoa h\u1ecdc k\u1ef9 thu\u1eadt nh\u1eb1m cung c\u1ea5p cho c\u00e1c em thi\u1ebfu nhi c\u0169ng nh\u01b0 c\u00e1c b\u1eadc ph\u1ee5 huynh c\u00e1c ki\u1ebfn th\u1ee9c c\u1ea7n thi\u1ebft trong cu\u1ed9c s\u1ed1ng, nh\u1eefng tinh hoa c\u1ee7a tri th\u1ee9c nh\u00e2n lo\u1ea1i nh\u1eb1m g\u00f3p ph\u1ea7n gi\u00e1o d\u1ee5c v\u00e0 h\u00ecnh th\u00e0nh nh\u00e2n c\u00e1ch th\u1ebf h\u1ec7 tr\u1ebb.<br \/>\u0110\u1ed1i t\u01b0\u1ee3ng ph\u1ee5c v\u1ee5 c\u1ee7a Nh\u00e0 xu\u1ea5t b\u1ea3n l\u00e0 c\u00e1c em t\u1eeb tu\u1ed5i nh\u00e0 tr\u1ebb m\u1eabu gi\u00e1o (1 \u0111\u1ebfn 5 tu\u1ed5i), nhi \u0111\u1ed3ng (6 \u0111\u1ebfn 9 tu\u1ed5i), thi\u1ebfu ni\u00ean (10 \u0111\u1ebfn 15 tu\u1ed5i) \u0111\u1ebfn c\u00e1c em tu\u1ed5i m\u1edbi l\u1edbn (16 \u0111\u1ebfn 18 tu\u1ed5i) v\u00e0 c\u00e1c b\u1eadc ph\u1ee5 huynh.<\/p>\n\n[\/col]\n\n[\/row]\n\n<!-- \/wp:flatsome\/uxbuilder -->","post_title":"Kim \u0110\u1ed3ng","post_excerpt":"","post_status":"publish","comment_status":"closed","ping_status":"closed","post_password":"","post_name":"kim-dong","to_ping":"","pinged":"","post_modified":"2021-02-17 01:31:56","post_modified_gmt":"2021-02-16 23:31:56","post_content_filtered":"","post_parent":0,"guid":"https:\/\/sachviet.eu\/nha-phat-hanh\/kim-dong\/","menu_order":0,"post_type":"publisher","post_mime_type":"","comment_count":"0","filter":"raw"}},"_links":{"self":[{"href":"https:\/\/sachviet.eu\/en\/wp-json\/wp\/v2\/product\/18705","targetHints":{"allow":["GET"]}}],"collection":[{"href":"https:\/\/sachviet.eu\/en\/wp-json\/wp\/v2\/product"}],"about":[{"href":"https:\/\/sachviet.eu\/en\/wp-json\/wp\/v2\/types\/product"}],"wp:featuredmedia":[{"embeddable":true,"href":"https:\/\/sachviet.eu\/en\/wp-json\/wp\/v2\/media\/18704"}],"wp:attachment":[{"href":"https:\/\/sachviet.eu\/en\/wp-json\/wp\/v2\/media?parent=18705"}],"wp:term":[{"taxonomy":"product_brand","embeddable":true,"href":"https:\/\/sachviet.eu\/en\/wp-json\/wp\/v2\/product_brand?post=18705"},{"taxonomy":"product_cat","embeddable":true,"href":"https:\/\/sachviet.eu\/en\/wp-json\/wp\/v2\/product_cat?post=18705"},{"taxonomy":"product_tag","embeddable":true,"href":"https:\/\/sachviet.eu\/en\/wp-json\/wp\/v2\/product_tag?post=18705"}],"curies":[{"name":"wp","href":"https:\/\/api.w.org\/{rel}","templated":true}]}}