{"id":18703,"date":"2022-04-20T22:19:16","date_gmt":"2022-04-20T19:19:16","guid":{"rendered":"https:\/\/sachviet.eu\/shop\/tat-tan-tat-ve-cam-xuc-va-tat-tan-tat-ve-ban-be-bo-2-quyen\/"},"modified":"2023-07-15T21:38:27","modified_gmt":"2023-07-15T18:38:27","slug":"tat-tan-tat-ve-cam-xuc-va-tat-tan-tat-ve-ban-be-bo-2-quyen","status":"publish","type":"product","link":"https:\/\/sachviet.eu\/en\/shop\/tat-tan-tat-ve-cam-xuc-va-tat-tan-tat-ve-ban-be-bo-2-quyen\/","title":{"rendered":"T\u1ea5t t\u1ea7n t\u1eadt v\u1ec1 c\u1ea3m x\u00fac v\u00e0 T\u1ea5t t\u1ea7n t\u1eadt v\u1ec1 b\u1ea1n b\u00e8 &#8211; B\u1ed9 2 quy\u1ec3n"},"content":{"rendered":"<p>TH\u00d4NG TIN CU\u1ed0N \u201cT\u1ea4T T\u1ea6N T\u1eacT V\u1ec0 B\u1ea0N B\u00c8\u201d (All About Friends).<\/p>\n<p>T\u1ea1i sao ch\u00fang ta c\u1ea7n c\u00f3 b\u1ea1n b\u00e8? Ch\u00fang ta ph\u1ea3i k\u1ebft b\u1ea1n nh\u01b0 th\u1ebf n\u00e0o? Th\u1ebf n\u00e0o l\u00e0 m\u1ed9t ng\u01b0\u1eddi b\u1ea1n t\u1ed1t?Nh\u1eefng ng\u01b0\u1eddi b\u1ea1n c\u00f3 th\u1ec3 l\u00e0m g\u00ec c\u00f9ng \u00e1c b\u1ea1n nh\u1ecf s\u1ebd t\u00ecm th\u1ea5y t\u1ea5t c\u1ea3 c\u00e2u tr\u1ea3 l\u1eddi trong cu\u1ed1n s\u00e1ch \u201cT\u1ea4T T\u1ea6N T\u1eacT V\u1ec0 B\u1ea0N B\u00c8\u201d (All About Friends).<\/p>\n<p>\u201cT\u1ea5t t\u1ea7n t\u1eadt v\u1ec1 B\u1ea1n B\u00e8\u201d \u0111\u01b0\u1ee3c t\u00e1c gi\u1ea3 Felicity Brooks bi\u00ean so\u1ea1n nh\u1eb1m m\u1ee5c \u0111\u00edch gi\u00fap tr\u1ebb t\u00ecm hi\u1ec3u s\u00e2u h\u01a1n v\u1ec1 t\u00ecnh b\u1ea1n, \u0111\u1ed3ng th\u1eddi ph\u00e1t tri\u1ec3n nh\u1eefng k\u1ef9 n\u0103ng c\u1ea7n thi\u1ebft \u0111\u1ec3 duy tr\u00ec m\u1ed9t t\u00ecnh b\u1ea1n t\u1ed1t nh\u01b0: bi\u1ebft quan t\u00e2m, chia s\u1ebb, bi\u1ebft \u0111\u1ed1i x\u1eed t\u1eed t\u1ebf, c\u01b0 x\u1eed l\u1ecbch s\u1ef1, bi\u1ebft ch\u00fa \u00fd \u0111\u1ebfn c\u1ea3m x\u00fac c\u1ee7a ng\u01b0\u1eddi kh\u00e1c, gi\u1ea3i quy\u1ebft nh\u1eefng tranh c\u00e3i, bi\u1ebft c\u00e1ch thuy\u1ebft ph\u1ee5c, h\u00f2a gi\u1ea3i, bi\u1ebft tha th\u1ee9 v\u00e0 \u0111\u1ed3ng c\u1ea3m v\u1edbi b\u1ea1n b\u00e8\u2026<\/p>\n<p>Cu\u1ed1n s\u00e1ch kh\u00f4ng ch\u1ec9 d\u00e0nh cho c\u00e1c b\u1ea1n nh\u1ecf m\u00e0 c\u00f2n \u0111\u1ec3 c\u00e1c b\u1eadc ph\u1ee5 huynh tham kh\u1ea3o \u0111\u1ec3 tr\u00f2 chuy\u1ec7n v\u1edbi con c\u1ee7a m\u00ecnh, gi\u00fap con ti\u1ebfp c\u1eadn ch\u1ee7 \u0111\u1ec1 theo nh\u1eefng c\u00e1ch v\u00f4 c\u00f9ng d\u1ec5 hi\u1ec3u, d\u00f9ng vi\u1ec7c chia s\u1ebb \u0111\u1ec3 \u0111\u1ecbnh ngh\u0129a v\u1ec1 t\u00ecnh b\u1ea1n, sau \u0111\u00f3 \u0111i s\u00e2u gi\u1ea3i th\u00edch t\u1eebng v\u1ea5n \u0111\u1ec1 xoay quanh nh\u01b0: b\u1ea1n b\u00e8 kh\u00f4ng c\u1ea7n thi\u1ebft ph\u1ea3i gi\u1ed1ng nhau, nh\u01b0ng \u0111i\u1ec1u quan tr\u1ecdng l\u00e0 c\u00f3 m\u1ed9t s\u1ed1 \u0111i\u1ec3m t\u01b0\u01a1ng \u0111\u1ed3ng trong khi t\u00f4n tr\u1ecdng s\u1ef1 kh\u00e1c bi\u1ec7t c\u1ee7a nhau; d\u1ea1y tr\u1ebb v\u1ec1 nguy\u00ean t\u1eafc v\u00e0ng: mu\u1ed1n \u0111\u01b0\u1ee3c \u0111\u1ed1i x\u1eed t\u1ed1t h\u00e3y \u0111\u1ed1i x\u1eed t\u1eed t\u1ebf v\u1edbi ng\u01b0\u1eddi kh\u00e1c; chia s\u1ebb \u0111\u1ec3 con hi\u1ec3u r\u1eb1ng t\u00ecnh b\u1ea1n c\u0169ng c\u1ea7n nhi\u1ec1u n\u1ed7 l\u1ef1c \u0111\u1ec3 duy tr\u00ec, \u0111\u00f4i khi s\u1ebd c\u00f3 nh\u1eefng kh\u00f3 kh\u0103n v\u00e0 th\u1eed th\u00e1ch nh\u01b0ng c\u0169ng c\u00f3 nh\u1eefng \u0111i\u1ec1u th\u00fa v\u1ecb v\u00e0 vui v\u1ebb.<\/p>\n<p>Cu\u1ed1i s\u00e1ch l\u00e0 nh\u1eefng ghi ch\u00fa h\u1eefu \u00edch d\u00e0nh cho c\u00e1c b\u1eadc ph\u1ee5 huynh khi n\u00f3i chuy\u1ec7n v\u1edbi con v\u1ec1 t\u00ecnh b\u1ea1n, khuy\u00ean con c\u00e1ch l\u1ef1a ch\u1ecdn b\u1ea1n t\u1ed1t \u0111\u1ec3 ch\u01a1i v\u00e0 r\u1ea5t nhi\u1ec1u v\u00ed d\u1ee5 \u0111\u1ec3 con gi\u1ea3i quy\u1ebft nh\u1eefng xung \u0111\u1ed9t n\u1ebfu c\u00f3 x\u1ea3y ra.<\/p>\n","protected":false},"excerpt":{"rendered":"<p>\u201cT\u1ea5t t\u1ea7n t\u1eadt v\u1ec1 C\u1ea3m X\u00fac\u201d\u2013 cu\u1ed1n s\u00e1ch s\u1ebd \u0111\u1ed3ng h\u00e0nh c\u00f9ng ba m\u1eb9 nu\u00f4i d\u1ea1y m\u1ed9t \u0111\u1ee9a tr\u1ebb c\u00f3 t\u00e2m h\u1ed3n nh\u1ea1y c\u1ea3m, tinh t\u1ebf, bi\u1ebft rung \u0111\u1ed9ng, l\u00e0m ch\u1ee7 c\u1ea3m x\u00fac.<\/p>\n<p> \u201cT\u1ea5t t\u1ea7n t\u1eadt v\u1ec1 C\u1ea3m X\u00fac\u201d v\u1eeba l\u00e0 cu\u1ed1n c\u1ea9m nang ch\u1ee9a \u0111\u1ef1ng nhi\u1ec1u b\u00ed quy\u1ebft, v\u1eeba gi\u1ed1ng nh\u01b0 m\u1ed9t ng\u01b0\u1eddi b\u1ea1n \u0111ang \u0111\u1ed9ng vi\u00ean, kh\u00edch l\u1ec7 gi\u00fap c\u00e1c b\u1ea1n nh\u1ecf t\u00ecm hi\u1ec3u t\u1ea5t c\u1ea3 m\u1ecdi cung b\u1eadc c\u1ea3m x\u00fac, h\u1ecdc h\u1ecfi c\u00e1c k\u1ef9 n\u0103ng l\u00e0m ch\u1ee7 c\u1ea3m x\u00fac, bi\u1ebft c\u00e1ch di\u1ec5n t\u1ea3, b\u1ed9c l\u1ed9, nh\u1eadn bi\u1ebft v\u00e0 g\u1ecdi t\u00ean c\u1ea3m x\u00fac c\u1ee7a m\u00ecnh.<\/p>\n<p>Cu\u1ed1n s\u00e1ch \u0111\u01b0a ra r\u1ea5t nhi\u1ec1u ph\u01b0\u01a1ng th\u1ee9c gi\u00fap con gi\u1ea3i t\u1ecfa nh\u1eefng c\u1ea3m x\u00fac ti\u00eau c\u1ef1c \u0111ang b\u1ee7a v\u00e2y, h\u1ecdc c\u00e1ch t\u1ef1 l\u00e0m d\u1ecbu c\u1ea3m x\u00fac v\u00e0 \u0111i\u1ec1u h\u01b0\u1edbng h\u00e0nh vi nh\u01b0: khi b\u00f9ng n\u1ed5 c\u1ea3m x\u00fac h\u00e3y ch\u1ea1y th\u1eadt nhanh t\u1ea1i ch\u1ed7; gi\u1ea3i b\u00e0y nh\u1eefng \u01b0u t\u01b0 b\u1eb1ng c\u00e1ch chia s\u1ebb v\u1edbi ai \u0111\u00f3, ho\u1eb7c \u0111\u1ebfn m\u1ed9t n\u01a1i th\u1eadt y\u00ean t\u0129nh, v\u1ebd tranh, m\u1edf nh\u1ea1c to v\u00e0 nh\u1ea3y, gi\u1eadm ch\u00e2n v\u00f2ng quanh v\u00e0 h\u00e1t<\/p>\n<p>V\u1edbi minh h\u1ecda g\u1ea7n g\u0169i, s\u1ed1ng \u0111\u1ed9ng, ng\u00f4n ng\u1eef \u0111\u01a1n gi\u1ea3n d\u1ec5 hi\u1ec3u \u0111\u01b0\u1ee3c l\u1ed3ng gh\u00e9p nhi\u1ec1u c\u00e2u h\u1ecfi t\u1ea1o c\u01a1 h\u1ed9i cho c\u00e1c b\u1ea1n nh\u1ecf b\u1ed9c l\u1ed9 v\u00e0 n\u00f3i l\u00ean c\u1ea3m x\u00fac c\u1ee7a m\u00ecnh. T\u1eeb th\u00f4ng \u0111i\u1ec7p c\u01a1 th\u1ec3 v\u00e0 nh\u1eefng thay \u0111\u1ed5i c\u1ea3m x\u00fac \u0111\u1ebfn nh\u1eefng l\u1eddi khuy\u00ean v\u1ec1 vi\u1ec7c ph\u1ea3i \u0111\u1ed1i x\u1eed t\u1ed1t v\u1edbi b\u1ea3n th\u00e2n\u2026<\/p>\n<p>Cu\u1ed1i s\u00e1ch c\u00f2n c\u00f3 ph\u1ea7n l\u01b0u \u00fd d\u00e0nh cho c\u00e1c b\u1eadc ph\u1ee5 huynh, l\u00e0 nh\u1eefng g\u1ee3i \u00fd tuy\u1ec7t v\u1eddi \u0111\u1ec3 cha m\u1eb9 gi\u00fap con \u0111i\u1ec1u h\u01b0\u1edbng c\u1ea3m x\u00fac c\u1ee7a m\u00ecnh m\u1ed9t c\u00e1ch t\u00edch c\u1ef1c.<\/p>\n","protected":false},"featured_media":18701,"template":"","meta":{"_acf_changed":false},"product_brand":[],"product_cat":[79],"product_tag":[],"class_list":{"0":"post-18703","1":"product","2":"type-product","3":"status-publish","4":"has-post-thumbnail","6":"product_cat-uncategorized","8":"first","9":"instock","10":"taxable","11":"shipping-taxable","12":"purchasable","13":"product-type-simple"},"supplier_id":null,"supplier_sku":"","barcode":null,"atum_controlled":true,"out_stock_date":null,"out_stock_threshold":null,"inheritable":false,"inbound_stock":0,"stock_on_hold":0,"sold_today":0,"sales_last_days":0,"reserved_stock":0,"customer_returns":0,"warehouse_damage":0,"lost_in_post":0,"other_logs":0,"out_stock_days":0,"lost_sales":0,"has_location":true,"update_date":"2026-01-28T23:11:04","atum_locations":[{"id":32,"name":"Helsinki","slug":"helsinki"}],"atum_stock_status":"instock","restock_status":false,"low_stock_amount":"","sales_update_date":"2026-01-28T23:11:04","calc_backorders":null,"acf":{"publisher":{"ID":16394,"post_author":"1","post_date":"2021-12-26 17:28:32","post_date_gmt":"2021-12-26 15:28:32","post_content":"","post_title":"Pingbooks","post_excerpt":"","post_status":"publish","comment_status":"closed","ping_status":"closed","post_password":"","post_name":"pingbooks","to_ping":"","pinged":"","post_modified":"2021-12-26 17:28:32","post_modified_gmt":"2021-12-26 15:28:32","post_content_filtered":"","post_parent":0,"guid":"https:\/\/sachviet.eu\/nha-phat-hanh\/pingbooks\/","menu_order":0,"post_type":"publisher","post_mime_type":"","comment_count":"0","filter":"raw"}},"_links":{"self":[{"href":"https:\/\/sachviet.eu\/en\/wp-json\/wp\/v2\/product\/18703","targetHints":{"allow":["GET"]}}],"collection":[{"href":"https:\/\/sachviet.eu\/en\/wp-json\/wp\/v2\/product"}],"about":[{"href":"https:\/\/sachviet.eu\/en\/wp-json\/wp\/v2\/types\/product"}],"wp:featuredmedia":[{"embeddable":true,"href":"https:\/\/sachviet.eu\/en\/wp-json\/wp\/v2\/media\/18701"}],"wp:attachment":[{"href":"https:\/\/sachviet.eu\/en\/wp-json\/wp\/v2\/media?parent=18703"}],"wp:term":[{"taxonomy":"product_brand","embeddable":true,"href":"https:\/\/sachviet.eu\/en\/wp-json\/wp\/v2\/product_brand?post=18703"},{"taxonomy":"product_cat","embeddable":true,"href":"https:\/\/sachviet.eu\/en\/wp-json\/wp\/v2\/product_cat?post=18703"},{"taxonomy":"product_tag","embeddable":true,"href":"https:\/\/sachviet.eu\/en\/wp-json\/wp\/v2\/product_tag?post=18703"}],"curies":[{"name":"wp","href":"https:\/\/api.w.org\/{rel}","templated":true}]}}