{"id":18700,"date":"2022-04-20T22:19:07","date_gmt":"2022-04-20T19:19:07","guid":{"rendered":"https:\/\/sachviet.eu\/shop\/goc-san-va-khoang-troi-bo-5-quyen\/"},"modified":"2025-04-20T10:34:30","modified_gmt":"2025-04-20T07:34:30","slug":"goc-san-va-khoang-troi-bo-5-quyen","status":"publish","type":"product","link":"https:\/\/sachviet.eu\/en\/shop\/goc-san-va-khoang-troi-bo-5-quyen\/","title":{"rendered":"G\u00f3c s\u00e2n v\u00e0 kho\u1ea3ng tr\u1eddi &#8211; B\u1ed9 5 quy\u1ec3n"},"content":{"rendered":"<p>Th\u1ebf gi\u1edbi tr\u1ebb th\u01a1 c\u1ee7a Tr\u1ea7n \u0110\u0103ng Khoa v\u1edbi c\u00e1nh di\u1ec1u chao l\u01b0\u1ee3n, v\u1edbi c\u00e2y \u0111a m\u00e1i \u0111\u00ecnh c\u00f9ng g\u00f3c s\u00e2n v\u1edbi bao tr\u00f2 tinh ngh\u1ecbch, h\u1ed3n nhi\u00ean \u0111\u00e3 chinh ph\u1ee5c kh\u00f4ng bi\u1ebft bao nhi\u00eau th\u1ebf h\u1ec7 \u0111\u1ed9c gi\u1ea3 trong v\u00e0 ngo\u00e0i n\u01b0\u1edbc\u2026<\/p>\n<p>G\u00f3c s\u00e2n nho nh\u1ecf m\u1edbi x\u00e2y<br \/>\nChi\u1ec1u chi\u1ec1u em \u0111\u1ee9ng n\u01a1i n\u00e0y em tr\u00f4ng<br \/>\nTh\u1ea5y tr\u1eddi xanh bi\u1ebfc m\u00eanh m\u00f4ng<br \/>\nC\u00e1nh c\u00f2 ch\u1edbp tr\u1eafng tr\u00ean s\u00f4ng Kinh Th\u1ea7y\u2026<\/p>\n<p>\u0110\u00f3 l\u00e0 nh\u1eefng c\u00e2u th\u01a1 h\u1ebft s\u1ee9c trong tr\u1ebbo \u0111\u01b0\u1ee3c tr\u00edch t\u1eeb b\u00e0i th\u01a1 G\u00f3c S\u00e2n V\u00e0 Kho\u1ea3ng Tr\u1eddi c\u1ee7a nh\u00e0 th\u01a1 Tr\u1ea7n \u0110\u0103ng Khoa. \u0110\u00e2y c\u0169ng l\u00e0 t\u1eadp th\u01a1 \u0111\u1ea7u ti\u00ean c\u1ee7a Tr\u1ea7n \u0110\u0103ng Khoa \u0111\u01b0\u1ee3c xu\u1ea5t b\u1ea3n n\u0103m 1968 khi t\u00e1c gi\u1ea3 m\u1edbi 10 tu\u1ed5i. T\u1eadp th\u01a1 m\u1edbi \u0111\u1ea7u c\u00f3 t\u00ean l\u00e0 T\u1eeb g\u00f3c s\u00e2n nh\u00e0 em, sau nhi\u1ec1u l\u1ea7n t\u00e1i b\u1ea3n v\u00e0 ch\u1ec9nh s\u1eeda, nay t\u1eadp th\u01a1 t\u00ean l\u00e0 G\u00f3c S\u00e2n V\u00e0 Kho\u1ea3ng Tr\u1eddi.<\/p>\n<p>M\u1ed9t n\u1eeda th\u1ebf k\u1ef7 \u0111\u00e3 tr\u00f4i qua, th\u1ebf gi\u1edbi tr\u1ebb th\u01a1 c\u1ee7a Tr\u1ea7n \u0110\u0103ng Khoa v\u1edbi c\u00e1nh di\u1ec1u chao l\u01b0\u1ee3n, v\u1edbi c\u00e2y \u0111a m\u00e1i \u0111\u00ecnh c\u00f9ng g\u00f3c s\u00e2n v\u1edbi bao tr\u00f2 tinh ngh\u1ecbch, h\u1ed3n nhi\u00ean \u0111\u00e3 chinh ph\u1ee5c kh\u00f4ng bi\u1ebft bao nhi\u00eau th\u1ebf h\u1ec7 \u0111\u1ed9c gi\u1ea3 trong v\u00e0 ngo\u00e0i n\u01b0\u1edbc. \u0110\u1ec3 ti\u1ebfp n\u1ed1i kho\u1ea3ng tr\u1eddi t\u01b0\u01a1i \u0111\u1eb9p t\u1eeb g\u00f3c s\u00e2n nh\u1ecf v\u1edbi bao c\u1ea3m x\u00fac tuy\u1ec7t v\u1eddi \u1ea5y, b\u1ed9 5 t\u1eadp th\u01a1 G\u00f3c S\u00e2n V\u00e0 Kho\u1ea3ng Tr\u1eddi c\u1ee7a nh\u00e0 ph\u00e1t h\u00e0nh Huy Ho\u00e0ng Bookstore tr\u00e2n tr\u1ecdng mang t\u1edbi cho b\u1ea1n \u0111\u1ecdc m\u1ed9t ch\u01b0\u01a1ng tr\u00ecnh s\u00e1ch \u0111\u1eb7c bi\u1ec7t \u1ea5n b\u1ea3n m\u1edbi nh\u1ea5t qua m\u1ed9t l\u0103ng k\u00ednh c\u1ef1c k\u1ef3 m\u1edbi l\u1ea1, l\u1ea7n \u0111\u1ea7u c\u00f3 m\u1eb7t \u1edf Vi\u1ec7t Nam, \u0111\u00f3 l\u00e0 b\u1ed9 s\u00e1ch tranh g\u1ed3m 5 cu\u1ed1n v\u1edbi nh\u1eefng b\u1ee9c tranh minh h\u1ecda \u0111\u1eb7c s\u1eafc.<\/p>\n","protected":false},"excerpt":{"rendered":"<p>Th\u1ebf gi\u1edbi tr\u1ebb th\u01a1 c\u1ee7a Tr\u1ea7n \u0110\u0103ng Khoa v\u1edbi c\u00e1nh di\u1ec1u chao l\u01b0\u1ee3n, v\u1edbi c\u00e2y \u0111a m\u00e1i \u0111\u00ecnh c\u00f9ng g\u00f3c s\u00e2n v\u1edbi bao tr\u00f2 tinh ngh\u1ecbch, h\u1ed3n nhi\u00ean \u0111\u00e3 chinh ph\u1ee5c kh\u00f4ng bi\u1ebft bao nhi\u00eau th\u1ebf h\u1ec7 \u0111\u1ed9c gi\u1ea3 trong v\u00e0 ngo\u00e0i n\u01b0\u1edbc\u2026<\/p>\n<p>G\u00f3c s\u00e2n nho nh\u1ecf m\u1edbi x\u00e2y<br \/>\nChi\u1ec1u chi\u1ec1u em \u0111\u1ee9ng n\u01a1i n\u00e0y em tr\u00f4ng<br \/>\nTh\u1ea5y tr\u1eddi xanh bi\u1ebfc m\u00eanh m\u00f4ng<br \/>\nC\u00e1nh c\u00f2 ch\u1edbp tr\u1eafng tr\u00ean s\u00f4ng Kinh Th\u1ea7y\u2026<\/p>\n<p>\u0110\u00f3 l\u00e0 nh\u1eefng c\u00e2u th\u01a1 h\u1ebft s\u1ee9c trong tr\u1ebbo \u0111\u01b0\u1ee3c tr\u00edch t\u1eeb b\u00e0i th\u01a1 G\u00f3c S\u00e2n V\u00e0 Kho\u1ea3ng Tr\u1eddi c\u1ee7a nh\u00e0 th\u01a1 Tr\u1ea7n \u0110\u0103ng Khoa. \u0110\u00e2y c\u0169ng l\u00e0 t\u1eadp th\u01a1 \u0111\u1ea7u ti\u00ean c\u1ee7a Tr\u1ea7n \u0110\u0103ng Khoa \u0111\u01b0\u1ee3c xu\u1ea5t b\u1ea3n n\u0103m 1968 khi t\u00e1c gi\u1ea3 m\u1edbi 10 tu\u1ed5i. T\u1eadp th\u01a1 m\u1edbi \u0111\u1ea7u c\u00f3 t\u00ean l\u00e0 T\u1eeb g\u00f3c s\u00e2n nh\u00e0 em, sau nhi\u1ec1u l\u1ea7n t\u00e1i b\u1ea3n v\u00e0 ch\u1ec9nh s\u1eeda, nay t\u1eadp th\u01a1 t\u00ean l\u00e0 G\u00f3c S\u00e2n V\u00e0 Kho\u1ea3ng Tr\u1eddi.<\/p>\n<p>M\u1ed9t n\u1eeda th\u1ebf k\u1ef7 \u0111\u00e3 tr\u00f4i qua, th\u1ebf gi\u1edbi tr\u1ebb th\u01a1 c\u1ee7a Tr\u1ea7n \u0110\u0103ng Khoa v\u1edbi c\u00e1nh di\u1ec1u chao l\u01b0\u1ee3n, v\u1edbi c\u00e2y \u0111a m\u00e1i \u0111\u00ecnh c\u00f9ng g\u00f3c s\u00e2n v\u1edbi bao tr\u00f2 tinh ngh\u1ecbch, h\u1ed3n nhi\u00ean \u0111\u00e3 chinh ph\u1ee5c kh\u00f4ng bi\u1ebft bao nhi\u00eau th\u1ebf h\u1ec7 \u0111\u1ed9c gi\u1ea3 trong v\u00e0 ngo\u00e0i n\u01b0\u1edbc. \u0110\u1ec3 ti\u1ebfp n\u1ed1i kho\u1ea3ng tr\u1eddi t\u01b0\u01a1i \u0111\u1eb9p t\u1eeb g\u00f3c s\u00e2n nh\u1ecf v\u1edbi bao c\u1ea3m x\u00fac tuy\u1ec7t v\u1eddi \u1ea5y, b\u1ed9 5 t\u1eadp th\u01a1 G\u00f3c S\u00e2n V\u00e0 Kho\u1ea3ng Tr\u1eddi c\u1ee7a nh\u00e0 ph\u00e1t h\u00e0nh Huy Ho\u00e0ng Bookstore tr\u00e2n tr\u1ecdng mang t\u1edbi cho b\u1ea1n \u0111\u1ecdc m\u1ed9t ch\u01b0\u01a1ng tr\u00ecnh s\u00e1ch \u0111\u1eb7c bi\u1ec7t \u1ea5n b\u1ea3n m\u1edbi nh\u1ea5t qua m\u1ed9t l\u0103ng k\u00ednh c\u1ef1c k\u1ef3 m\u1edbi l\u1ea1, l\u1ea7n \u0111\u1ea7u c\u00f3 m\u1eb7t \u1edf Vi\u1ec7t Nam, \u0111\u00f3 l\u00e0 b\u1ed9 s\u00e1ch tranh g\u1ed3m 5 cu\u1ed1n v\u1edbi nh\u1eefng b\u1ee9c tranh minh h\u1ecda \u0111\u1eb7c s\u1eafc.<\/p>\n","protected":false},"featured_media":18729,"template":"","meta":{"_acf_changed":false},"product_brand":[],"product_cat":[17,24,25,71],"product_tag":[],"class_list":{"0":"post-18700","1":"product","2":"type-product","3":"status-publish","4":"has-post-thumbnail","6":"product_cat-sach-danh-cho-cac-be","7":"product_cat-nha-tre-mau-giao-0-tuoi-6-tuoi","8":"product_cat-nhi-dong-6-tuoi-12-tuoi","9":"product_cat-sach-tre-em-thuan-viet","11":"first","12":"instock","13":"featured","14":"taxable","15":"shipping-taxable","16":"purchasable","17":"product-type-simple"},"supplier_id":null,"supplier_sku":"","barcode":null,"atum_controlled":true,"out_stock_date":null,"out_stock_threshold":null,"inheritable":false,"inbound_stock":0,"stock_on_hold":0,"sold_today":0,"sales_last_days":0,"reserved_stock":0,"customer_returns":0,"warehouse_damage":0,"lost_in_post":0,"other_logs":0,"out_stock_days":0,"lost_sales":0,"has_location":false,"update_date":"2026-01-28T23:11:31","atum_locations":[{"id":32,"name":"Helsinki","slug":"helsinki"}],"atum_stock_status":"instock","restock_status":false,"low_stock_amount":"","sales_update_date":"2026-01-28T23:11:31","calc_backorders":null,"acf":{"publisher":{"ID":1472,"post_author":"1","post_date":"2021-02-17 01:12:50","post_date_gmt":"2021-02-16 23:12:50","post_content":"","post_title":"Huy Ho\u00e0ng Bookstore","post_excerpt":"","post_status":"publish","comment_status":"closed","ping_status":"closed","post_password":"","post_name":"huy-hoang-bookstore","to_ping":"","pinged":"","post_modified":"2021-02-17 01:12:50","post_modified_gmt":"2021-02-16 23:12:50","post_content_filtered":"","post_parent":0,"guid":"https:\/\/sachviet.eu\/nha-phat-hanh\/huy-hoang-bookstore\/","menu_order":0,"post_type":"publisher","post_mime_type":"","comment_count":"0","filter":"raw"}},"_links":{"self":[{"href":"https:\/\/sachviet.eu\/en\/wp-json\/wp\/v2\/product\/18700","targetHints":{"allow":["GET"]}}],"collection":[{"href":"https:\/\/sachviet.eu\/en\/wp-json\/wp\/v2\/product"}],"about":[{"href":"https:\/\/sachviet.eu\/en\/wp-json\/wp\/v2\/types\/product"}],"wp:featuredmedia":[{"embeddable":true,"href":"https:\/\/sachviet.eu\/en\/wp-json\/wp\/v2\/media\/18729"}],"wp:attachment":[{"href":"https:\/\/sachviet.eu\/en\/wp-json\/wp\/v2\/media?parent=18700"}],"wp:term":[{"taxonomy":"product_brand","embeddable":true,"href":"https:\/\/sachviet.eu\/en\/wp-json\/wp\/v2\/product_brand?post=18700"},{"taxonomy":"product_cat","embeddable":true,"href":"https:\/\/sachviet.eu\/en\/wp-json\/wp\/v2\/product_cat?post=18700"},{"taxonomy":"product_tag","embeddable":true,"href":"https:\/\/sachviet.eu\/en\/wp-json\/wp\/v2\/product_tag?post=18700"}],"curies":[{"name":"wp","href":"https:\/\/api.w.org\/{rel}","templated":true}]}}