{"id":18697,"date":"2022-04-20T22:15:16","date_gmt":"2022-04-20T19:15:16","guid":{"rendered":"https:\/\/sachviet.eu\/shop\/cuon-sach-tranh-dau-tien-ve-nhung-dieu-ky-la\/"},"modified":"2022-12-19T14:57:57","modified_gmt":"2022-12-19T12:57:57","slug":"cuon-sach-tranh-dau-tien-ve-nhung-dieu-ky-la","status":"publish","type":"product","link":"https:\/\/sachviet.eu\/en\/shop\/cuon-sach-tranh-dau-tien-ve-nhung-dieu-ky-la\/","title":{"rendered":"Cu\u1ed1n s\u00e1ch tranh \u0111\u1ea7u ti\u00ean v\u1ec1 nh\u1eefng \u0111i\u1ec1u k\u1ef3 l\u1ea1"},"content":{"rendered":"<p>Trong cu\u1ed9c s\u1ed1ng c\u1ee7a ch\u00fang ta c\u00f3 r\u1ea5t nhi\u1ec1u nh\u1eefng \u0111i\u1ec1u k\u1ef3 l\u1ea1 v\u00e0 tr\u1ebb kh\u00f4ng ng\u1eebng th\u1eafc m\u1eafc \u201cT\u1ea1i sao\u201d, \u201cL\u00e0m th\u1ebf n\u00e0o\u201d, \u201c\u0110\u00e2y l\u00e0 c\u00e1i g\u00ec nh\u1ec9\u201d. H\u00e3y c\u00f9ng b\u00e9 m\u1edf c\u00e1nh c\u1eeda tri th\u1ee9c qua \u201cCu\u1ed1n s\u00e1ch tranh \u0111\u1ea7u ti\u00ean v\u1ec1 Nh\u1eefng \u0111i\u1ec1u k\u1ef3 l\u1ea1&#8221; \u0111\u1ec3 kh\u00e1m ph\u00e1 th\u1ebf gi\u1edbi bao la nh\u00e9.<\/p>\n<p>Trong cu\u1ed1n s\u00e1ch n\u00e0y tr\u1ebb s\u1ebd l\u1ea7n l\u01b0\u1ee3t kh\u00e1m ph\u00e1 nh\u1eefng th\u00fa v\u1ecb c\u1ee7a t\u1ef1 nhi\u00ean, sinh v\u1eadt, c\u01a1 th\u1ec3 v\u00e0 cu\u1ed9c s\u1ed1ng. Cu\u1ed1n s\u00e1ch tranh n\u00e0y c\u00f3 nhi\u1ec7m v\u1ee5 nh\u01b0 m\u1ed9t quy\u1ec3n s\u00e1ch h\u01b0\u1edbng d\u1eabn gi\u00fap tr\u1ebb \u201chi\u1ec3u \u0111\u01b0\u1ee3c c\u1ea3 th\u1ebf gi\u1edbi&#8221; v\u00e0 t\u1ef1 t\u00ecm c\u00e1ch ti\u1ebfp c\u1eadn, kh\u00e1m ph\u00e1 nh\u1eefng \u0111i\u1ec1u ch\u01b0a bi\u1ebft theo c\u00e1ch ri\u00eang c\u1ee7a tr\u1ebb.<\/p>\n","protected":false},"excerpt":{"rendered":"<p>Trong cu\u1ed9c s\u1ed1ng c\u1ee7a ch\u00fang ta c\u00f3 r\u1ea5t nhi\u1ec1u nh\u1eefng \u0111i\u1ec1u k\u1ef3 l\u1ea1 v\u00e0 tr\u1ebb kh\u00f4ng ng\u1eebng th\u1eafc m\u1eafc \u201cT\u1ea1i sao\u201d, \u201cL\u00e0m th\u1ebf n\u00e0o\u201d, \u201c\u0110\u00e2y l\u00e0 c\u00e1i g\u00ec nh\u1ec9\u201d. H\u00e3y c\u00f9ng b\u00e9 m\u1edf c\u00e1nh c\u1eeda tri th\u1ee9c qua \u201cCu\u1ed1n s\u00e1ch tranh \u0111\u1ea7u ti\u00ean v\u1ec1 Nh\u1eefng \u0111i\u1ec1u k\u1ef3 l\u1ea1&#8221; \u0111\u1ec3 kh\u00e1m ph\u00e1 th\u1ebf gi\u1edbi bao la nh\u00e9.<\/p>\n<p>Trong cu\u1ed1n s\u00e1ch n\u00e0y tr\u1ebb s\u1ebd l\u1ea7n l\u01b0\u1ee3t kh\u00e1m ph\u00e1 nh\u1eefng th\u00fa v\u1ecb c\u1ee7a t\u1ef1 nhi\u00ean, sinh v\u1eadt, c\u01a1 th\u1ec3 v\u00e0 cu\u1ed9c s\u1ed1ng. Cu\u1ed1n s\u00e1ch tranh n\u00e0y c\u00f3 nhi\u1ec7m v\u1ee5 nh\u01b0 m\u1ed9t quy\u1ec3n s\u00e1ch h\u01b0\u1edbng d\u1eabn gi\u00fap tr\u1ebb \u201chi\u1ec3u \u0111\u01b0\u1ee3c c\u1ea3 th\u1ebf gi\u1edbi&#8221; v\u00e0 t\u1ef1 t\u00ecm c\u00e1ch ti\u1ebfp c\u1eadn, kh\u00e1m ph\u00e1 nh\u1eefng \u0111i\u1ec1u ch\u01b0a bi\u1ebft theo c\u00e1ch ri\u00eang c\u1ee7a tr\u1ebb.<\/p>\n","protected":false},"featured_media":18696,"template":"","meta":{"_acf_changed":false},"product_brand":[],"product_cat":[25,17],"product_tag":[],"class_list":{"0":"post-18697","1":"product","2":"type-product","3":"status-publish","4":"has-post-thumbnail","6":"product_cat-nhi-dong-6-tuoi-12-tuoi","7":"product_cat-sach-danh-cho-cac-be","9":"first","10":"outofstock","11":"taxable","12":"shipping-taxable","13":"purchasable","14":"product-type-simple"},"supplier_id":null,"supplier_sku":"","barcode":null,"atum_controlled":true,"out_stock_date":"2022-12-19 12:57:57","out_stock_threshold":null,"inheritable":false,"inbound_stock":0,"stock_on_hold":0,"sold_today":0,"sales_last_days":0,"reserved_stock":0,"customer_returns":0,"warehouse_damage":0,"lost_in_post":0,"other_logs":0,"out_stock_days":1136,"lost_sales":0,"has_location":false,"update_date":"2026-01-28T23:11:04","atum_locations":[{"id":32,"name":"Helsinki","slug":"helsinki"}],"atum_stock_status":"outofstock","restock_status":false,"low_stock_amount":"","sales_update_date":"2026-01-28T23:11:04","calc_backorders":null,"acf":{"publisher":{"ID":14259,"post_author":"1","post_date":"2021-07-03 00:05:55","post_date_gmt":"2021-07-02 21:05:55","post_content":"","post_title":"Quang Van Books","post_excerpt":"","post_status":"publish","comment_status":"closed","ping_status":"closed","post_password":"","post_name":"quang-van-books","to_ping":"","pinged":"","post_modified":"2021-07-03 00:05:55","post_modified_gmt":"2021-07-02 21:05:55","post_content_filtered":"","post_parent":0,"guid":"https:\/\/sachviet.eu\/nha-phat-hanh\/quang-van-books\/","menu_order":0,"post_type":"publisher","post_mime_type":"","comment_count":"0","filter":"raw"}},"_links":{"self":[{"href":"https:\/\/sachviet.eu\/en\/wp-json\/wp\/v2\/product\/18697","targetHints":{"allow":["GET"]}}],"collection":[{"href":"https:\/\/sachviet.eu\/en\/wp-json\/wp\/v2\/product"}],"about":[{"href":"https:\/\/sachviet.eu\/en\/wp-json\/wp\/v2\/types\/product"}],"wp:featuredmedia":[{"embeddable":true,"href":"https:\/\/sachviet.eu\/en\/wp-json\/wp\/v2\/media\/18696"}],"wp:attachment":[{"href":"https:\/\/sachviet.eu\/en\/wp-json\/wp\/v2\/media?parent=18697"}],"wp:term":[{"taxonomy":"product_brand","embeddable":true,"href":"https:\/\/sachviet.eu\/en\/wp-json\/wp\/v2\/product_brand?post=18697"},{"taxonomy":"product_cat","embeddable":true,"href":"https:\/\/sachviet.eu\/en\/wp-json\/wp\/v2\/product_cat?post=18697"},{"taxonomy":"product_tag","embeddable":true,"href":"https:\/\/sachviet.eu\/en\/wp-json\/wp\/v2\/product_tag?post=18697"}],"curies":[{"name":"wp","href":"https:\/\/api.w.org\/{rel}","templated":true}]}}