{"id":18691,"date":"2022-04-20T22:14:43","date_gmt":"2022-04-20T19:14:43","guid":{"rendered":"https:\/\/sachviet.eu\/shop\/ghi-chep-ve-da-quy-tram-nam-ban-dac-biet\/"},"modified":"2022-12-19T14:57:59","modified_gmt":"2022-12-19T12:57:59","slug":"ghi-chep-ve-da-quy-tram-nam-ban-dac-biet","status":"publish","type":"product","link":"https:\/\/sachviet.eu\/en\/shop\/ghi-chep-ve-da-quy-tram-nam-ban-dac-biet\/","title":{"rendered":"Ghi Ch\u00e9p V\u1ec1 \u0110\u00e1 Qu\u00fd Tr\u0103m N\u0103m &#8211; B\u1ea3n \u0111\u1eb7c bi\u1ec7t"},"content":{"rendered":"<p>Anh cha\u0300ng ho\u0323c gia\u0309 Bent trong mo\u0323\u0302t chuye\u0302\u0301n \u0111i to\u031b\u0301i khu mo\u0309 hoang \u0111a\u0303 ti\u0300nh co\u031b\u0300 ga\u0323\u0306p mo\u0323\u0302t ngu\u031bo\u031b\u0300i thie\u0302\u0301u nie\u0302n. Ca\u0323\u0302u thi\u1ebfu ni\u00ean Iris co\u0301 con ma\u0306\u0301t a\u0301nh le\u0302n sa\u0306\u0301c ca\u0302\u0300u vo\u0302\u0300ng va\u0300 la\u0300 ngu\u031bo\u031b\u0300i cuo\u0302\u0301i cu\u0300ng co\u0300n so\u0301t la\u0323i cu\u0309a mo\u0323\u0302t to\u0323\u0302c ngu\u031bo\u031b\u0300i a\u0306n khoa\u0301ng sa\u0309n co\u0301 te\u0302n Kim cu\u031bo\u031bng cu\u0309a vu\u0300ng sa ma\u0323c. \u0110a\u0302y la\u0300 ca\u0302u chuye\u0323\u0302n ve\u0302\u0300 cuo\u0323\u0302c ha\u0300nh tri\u0300nh va\u0300 hai tra\u0301i tim \u0111ang tu\u031b\u0300ng chu\u0301t hoa\u0300 la\u0300m mo\u0323\u0302t cu\u0309a hai ngu\u031bo\u031b\u0300i ho\u0323&#8230;<\/p>\n","protected":false},"excerpt":{"rendered":"<p>Anh cha\u0300ng ho\u0323c gia\u0309 Bent trong mo\u0323\u0302t chuye\u0302\u0301n \u0111i to\u031b\u0301i khu mo\u0309 hoang \u0111a\u0303 ti\u0300nh co\u031b\u0300 ga\u0323\u0306p mo\u0323\u0302t ngu\u031bo\u031b\u0300i thie\u0302\u0301u nie\u0302n. Ca\u0323\u0302u thi\u1ebfu ni\u00ean Iris co\u0301 con ma\u0306\u0301t a\u0301nh le\u0302n sa\u0306\u0301c ca\u0302\u0300u vo\u0302\u0300ng va\u0300 la\u0300 ngu\u031bo\u031b\u0300i cuo\u0302\u0301i cu\u0300ng co\u0300n so\u0301t la\u0323i cu\u0309a mo\u0323\u0302t to\u0323\u0302c ngu\u031bo\u031b\u0300i a\u0306n khoa\u0301ng sa\u0309n co\u0301 te\u0302n Kim cu\u031bo\u031bng cu\u0309a vu\u0300ng sa ma\u0323c. \u0110a\u0302y la\u0300 ca\u0302u chuye\u0323\u0302n ve\u0302\u0300 cuo\u0323\u0302c ha\u0300nh tri\u0300nh va\u0300 hai tra\u0301i tim \u0111ang tu\u031b\u0300ng chu\u0301t hoa\u0300 la\u0300m mo\u0323\u0302t cu\u0309a hai ngu\u031bo\u031b\u0300i ho\u0323&#8230;<\/p>\n","protected":false},"featured_media":18689,"template":"","meta":{"_acf_changed":false},"product_brand":[],"product_cat":[73,29,15],"product_tag":[],"class_list":{"0":"post-18691","1":"product","2":"type-product","3":"status-publish","4":"has-post-thumbnail","6":"product_cat-dam-my-ngon-tinh","7":"product_cat-manga-comics","8":"product_cat-sach-danh-cho-nguoi-lon","10":"first","11":"outofstock","12":"taxable","13":"shipping-taxable","14":"purchasable","15":"product-type-simple"},"supplier_id":null,"supplier_sku":"","barcode":null,"atum_controlled":true,"out_stock_date":"2022-12-19 12:57:59","out_stock_threshold":null,"inheritable":false,"inbound_stock":0,"stock_on_hold":0,"sold_today":0,"sales_last_days":0,"reserved_stock":0,"customer_returns":0,"warehouse_damage":0,"lost_in_post":0,"other_logs":0,"out_stock_days":1136,"lost_sales":0,"has_location":false,"update_date":"2026-01-28T23:11:04","atum_locations":[{"id":32,"name":"Helsinki","slug":"helsinki"}],"atum_stock_status":"outofstock","restock_status":false,"low_stock_amount":"","sales_update_date":"2026-01-28T23:11:04","calc_backorders":null,"acf":{"publisher":{"ID":12651,"post_author":"1","post_date":"2021-06-11 23:19:20","post_date_gmt":"2021-06-11 20:19:20","post_content":"","post_title":"XYZ","post_excerpt":"","post_status":"publish","comment_status":"closed","ping_status":"closed","post_password":"","post_name":"xyz","to_ping":"","pinged":"","post_modified":"2021-06-11 23:19:20","post_modified_gmt":"2021-06-11 20:19:20","post_content_filtered":"","post_parent":0,"guid":"https:\/\/sachviet.eu\/nha-phat-hanh\/xyz\/","menu_order":0,"post_type":"publisher","post_mime_type":"","comment_count":"0","filter":"raw"}},"_links":{"self":[{"href":"https:\/\/sachviet.eu\/en\/wp-json\/wp\/v2\/product\/18691","targetHints":{"allow":["GET"]}}],"collection":[{"href":"https:\/\/sachviet.eu\/en\/wp-json\/wp\/v2\/product"}],"about":[{"href":"https:\/\/sachviet.eu\/en\/wp-json\/wp\/v2\/types\/product"}],"wp:featuredmedia":[{"embeddable":true,"href":"https:\/\/sachviet.eu\/en\/wp-json\/wp\/v2\/media\/18689"}],"wp:attachment":[{"href":"https:\/\/sachviet.eu\/en\/wp-json\/wp\/v2\/media?parent=18691"}],"wp:term":[{"taxonomy":"product_brand","embeddable":true,"href":"https:\/\/sachviet.eu\/en\/wp-json\/wp\/v2\/product_brand?post=18691"},{"taxonomy":"product_cat","embeddable":true,"href":"https:\/\/sachviet.eu\/en\/wp-json\/wp\/v2\/product_cat?post=18691"},{"taxonomy":"product_tag","embeddable":true,"href":"https:\/\/sachviet.eu\/en\/wp-json\/wp\/v2\/product_tag?post=18691"}],"curies":[{"name":"wp","href":"https:\/\/api.w.org\/{rel}","templated":true}]}}