{"id":18688,"date":"2022-04-20T22:14:34","date_gmt":"2022-04-20T19:14:34","guid":{"rendered":"https:\/\/sachviet.eu\/shop\/bach-khoa-thai-nghen-sinh-no-va-cham-soc-be\/"},"modified":"2022-12-19T14:57:59","modified_gmt":"2022-12-19T12:57:59","slug":"bach-khoa-thai-nghen-sinh-no-va-cham-soc-be","status":"publish","type":"product","link":"https:\/\/sachviet.eu\/en\/shop\/bach-khoa-thai-nghen-sinh-no-va-cham-soc-be\/","title":{"rendered":"B\u00e1ch Khoa Thai Ngh\u00e9n, Sinh N\u1edf V\u00e0 Ch\u0103m S\u00f3c B\u00e9"},"content":{"rendered":"<p>H\u00e0nh tr\u00ecnh c\u1ee7a m\u1ed9t sinh m\u1ec7nh b\u1eaft \u0111\u1ea7u t\u1eeb khi tr\u1ee9ng \u0111\u01b0\u1ee3c th\u1ee5 tinh, chui v\u00e0o trong t\u1eed cung c\u1ee7a ng\u01b0\u1eddi m\u1eb9 v\u00e0 tr\u01b0\u1edfng th\u00e0nh. Do \u0111\u00f3, ch\u0103m s\u00f3c ng\u01b0\u1eddi m\u1eb9 chu \u0111\u00e1o ch\u00ednh l\u00e0 ti\u1ec1n \u0111\u1ec1 \u0111\u1ec3 thai nhi ph\u00e1t tri\u1ec3n! Cu\u1ed1n s\u00e1ch mang \u0111\u1ebfn ngu\u1ed3n ki\u1ebfn th\u1ee9c gi\u00e1 tr\u1ecb v\u1ec1 mang thai c\u0169ng nh\u01b0 l\u00e0m th\u1ebf n\u00e0o \u0111\u1ec3 ch\u0103m s\u00f3c b\u00e0 m\u1eb9 v\u00e0 thai nhi v\u00e0  ph\u01b0\u01a1ng ph\u00e1p nu\u00f4i d\u1ea1y con t\u1ed1t nh\u1ea5t.<\/p>\n<p>Cu\u1ed1n s\u00e1ch \u0111\u01b0\u1ee3c vi\u1ebft b\u1edfi Tr\u1ea1ch Qu\u1ebf Vinh &#8211; m\u1ed9t ng\u01b0\u1eddi \u0111\u00e3 l\u00e0m vi\u1ec7c \u1edf khoa s\u1ea3n \u0111\u01b0\u1ee3c g\u1ea7n 40 n\u0103m. T\u00e1c gi\u1ea3 \u0111\u00e3 c\u00f3 c\u01a1 h\u1ed9i ti\u1ebfp x\u00fac v\u1edbi r\u1ea5t nhi\u1ec1u thai ph\u1ee5, s\u1ea3n ph\u1ee5, trong \u0111\u00f3 c\u00f3 nhi\u1ec1u b\u00e0 b\u1ea7u qu\u00e1 c\u1ea7u k\u1ef3 trong vi\u1ec7c \u0103n u\u1ed1ng \u0111i\u1ec1u n\u00e0y th\u1ef1c s\u1ef1 kh\u00f4ng c\u1ea7n thi\u1ebft. M\u1eb7c d\u00f9 thai nhi non n\u1edbt, nh\u01b0ng kh\u00f4ng y\u1ebfu \u1edbt, m\u00e0 c\u00f3 m\u1ed9t sinh l\u1ef1c d\u1ebbo dai. Mang b\u1ea7u l\u00e0 m\u1ed9t qu\u00e1 tr\u00ecnh t\u1ef1 nhi\u00ean, \u0111i\u1ec1u c\u1ea7n thi\u1ebft \u0111\u1ed1i v\u1edbi thai ph\u1ee5 l\u00e0 ch\u0103m s\u00f3c t\u1ed1t b\u1ea3n th\u00e2n, c\u00f3 ch\u1ebf \u0111\u1ed9 \u0103n u\u1ed1ng, ng\u1ee7 ngh\u1ec9 h\u1ee3p l\u00fd, tinh th\u1ea7n tho\u1ea3i m\u00e1i, kh\u00f4ng bu\u1ed3n phi\u1ec1n lo l\u1eafng. Ngo\u00e0i ra, c\u00e1c thai ph\u1ee5 c\u00f2n c\u00f3 th\u1ec3 n\u00f3i chuy\u1ec7n v\u1edbi thai nhi, \u0111\u1ec3 sau khi sinh ra b\u00e9 s\u1ebd th\u00f4ng minh, \u0111\u00e1ng y\u00eau h\u01a1n.<\/p>\n","protected":false},"excerpt":{"rendered":"<p>H\u00e0nh tr\u00ecnh c\u1ee7a m\u1ed9t sinh m\u1ec7nh b\u1eaft \u0111\u1ea7u t\u1eeb khi tr\u1ee9ng \u0111\u01b0\u1ee3c th\u1ee5 tinh, chui v\u00e0o trong t\u1eed cung c\u1ee7a ng\u01b0\u1eddi m\u1eb9 v\u00e0 tr\u01b0\u1edfng th\u00e0nh. Do \u0111\u00f3, ch\u0103m s\u00f3c ng\u01b0\u1eddi m\u1eb9 chu \u0111\u00e1o ch\u00ednh l\u00e0 ti\u1ec1n \u0111\u1ec1 \u0111\u1ec3 thai nhi ph\u00e1t tri\u1ec3n! Cu\u1ed1n s\u00e1ch mang \u0111\u1ebfn ngu\u1ed3n ki\u1ebfn th\u1ee9c gi\u00e1 tr\u1ecb v\u1ec1 mang thai c\u0169ng nh\u01b0 l\u00e0m th\u1ebf n\u00e0o \u0111\u1ec3 ch\u0103m s\u00f3c b\u00e0 m\u1eb9 v\u00e0 thai nhi v\u00e0  ph\u01b0\u01a1ng ph\u00e1p nu\u00f4i d\u1ea1y con t\u1ed1t nh\u1ea5t.<\/p>\n<p>Cu\u1ed1n s\u00e1ch \u0111\u01b0\u1ee3c vi\u1ebft b\u1edfi Tr\u1ea1ch Qu\u1ebf Vinh &#8211; m\u1ed9t ng\u01b0\u1eddi \u0111\u00e3 l\u00e0m vi\u1ec7c \u1edf khoa s\u1ea3n \u0111\u01b0\u1ee3c g\u1ea7n 40 n\u0103m. T\u00e1c gi\u1ea3 \u0111\u00e3 c\u00f3 c\u01a1 h\u1ed9i ti\u1ebfp x\u00fac v\u1edbi r\u1ea5t nhi\u1ec1u thai ph\u1ee5, s\u1ea3n ph\u1ee5, trong \u0111\u00f3 c\u00f3 nhi\u1ec1u b\u00e0 b\u1ea7u qu\u00e1 c\u1ea7u k\u1ef3 trong vi\u1ec7c \u0103n u\u1ed1ng \u0111i\u1ec1u n\u00e0y th\u1ef1c s\u1ef1 kh\u00f4ng c\u1ea7n thi\u1ebft. M\u1eb7c d\u00f9 thai nhi non n\u1edbt, nh\u01b0ng kh\u00f4ng y\u1ebfu \u1edbt, m\u00e0 c\u00f3 m\u1ed9t sinh l\u1ef1c d\u1ebbo dai. Mang b\u1ea7u l\u00e0 m\u1ed9t qu\u00e1 tr\u00ecnh t\u1ef1 nhi\u00ean, \u0111i\u1ec1u c\u1ea7n thi\u1ebft \u0111\u1ed1i v\u1edbi thai ph\u1ee5 l\u00e0 ch\u0103m s\u00f3c t\u1ed1t b\u1ea3n th\u00e2n, c\u00f3 ch\u1ebf \u0111\u1ed9 \u0103n u\u1ed1ng, ng\u1ee7 ngh\u1ec9 h\u1ee3p l\u00fd, tinh th\u1ea7n tho\u1ea3i m\u00e1i, kh\u00f4ng bu\u1ed3n phi\u1ec1n lo l\u1eafng. Ngo\u00e0i ra, c\u00e1c thai ph\u1ee5 c\u00f2n c\u00f3 th\u1ec3 n\u00f3i chuy\u1ec7n v\u1edbi thai nhi, \u0111\u1ec3 sau khi sinh ra b\u00e9 s\u1ebd th\u00f4ng minh, \u0111\u00e1ng y\u00eau h\u01a1n.<\/p>\n","protected":false},"featured_media":18687,"template":"","meta":{"_acf_changed":false},"product_brand":[],"product_cat":[19],"product_tag":[],"class_list":{"0":"post-18688","1":"product","2":"type-product","3":"status-publish","4":"has-post-thumbnail","6":"product_cat-nuoi-day-con","8":"first","9":"outofstock","10":"taxable","11":"shipping-taxable","12":"purchasable","13":"product-type-simple"},"supplier_id":null,"supplier_sku":"","barcode":null,"atum_controlled":true,"out_stock_date":"2022-12-19 12:57:59","out_stock_threshold":null,"inheritable":false,"inbound_stock":0,"stock_on_hold":0,"sold_today":0,"sales_last_days":0,"reserved_stock":0,"customer_returns":0,"warehouse_damage":0,"lost_in_post":0,"other_logs":0,"out_stock_days":1136,"lost_sales":0,"has_location":false,"update_date":"2026-01-28T23:11:04","atum_locations":[{"id":32,"name":"Helsinki","slug":"helsinki"}],"atum_stock_status":"outofstock","restock_status":false,"low_stock_amount":"","sales_update_date":"2026-01-28T23:11:04","calc_backorders":null,"acf":{"publisher":{"ID":9667,"post_author":"1","post_date":"2021-06-02 01:30:53","post_date_gmt":"2021-06-01 22:30:53","post_content":"","post_title":"Minh Long","post_excerpt":"","post_status":"publish","comment_status":"closed","ping_status":"closed","post_password":"","post_name":"minh-long","to_ping":"","pinged":"","post_modified":"2021-06-02 01:30:53","post_modified_gmt":"2021-06-01 22:30:53","post_content_filtered":"","post_parent":0,"guid":"https:\/\/sachviet.eu\/nha-phat-hanh\/minh-long\/","menu_order":0,"post_type":"publisher","post_mime_type":"","comment_count":"0","filter":"raw"}},"_links":{"self":[{"href":"https:\/\/sachviet.eu\/en\/wp-json\/wp\/v2\/product\/18688","targetHints":{"allow":["GET"]}}],"collection":[{"href":"https:\/\/sachviet.eu\/en\/wp-json\/wp\/v2\/product"}],"about":[{"href":"https:\/\/sachviet.eu\/en\/wp-json\/wp\/v2\/types\/product"}],"wp:featuredmedia":[{"embeddable":true,"href":"https:\/\/sachviet.eu\/en\/wp-json\/wp\/v2\/media\/18687"}],"wp:attachment":[{"href":"https:\/\/sachviet.eu\/en\/wp-json\/wp\/v2\/media?parent=18688"}],"wp:term":[{"taxonomy":"product_brand","embeddable":true,"href":"https:\/\/sachviet.eu\/en\/wp-json\/wp\/v2\/product_brand?post=18688"},{"taxonomy":"product_cat","embeddable":true,"href":"https:\/\/sachviet.eu\/en\/wp-json\/wp\/v2\/product_cat?post=18688"},{"taxonomy":"product_tag","embeddable":true,"href":"https:\/\/sachviet.eu\/en\/wp-json\/wp\/v2\/product_tag?post=18688"}],"curies":[{"name":"wp","href":"https:\/\/api.w.org\/{rel}","templated":true}]}}