{"id":18686,"date":"2022-04-20T22:14:28","date_gmt":"2022-04-20T19:14:28","guid":{"rendered":"https:\/\/sachviet.eu\/shop\/loi-vang-cua-bo\/"},"modified":"2022-12-19T14:58:00","modified_gmt":"2022-12-19T12:58:00","slug":"loi-vang-cua-bo","status":"publish","type":"product","link":"https:\/\/sachviet.eu\/en\/shop\/loi-vang-cua-bo\/","title":{"rendered":"L\u1eddi V\u00e0ng C\u1ee7a B\u1ed1"},"content":{"rendered":"<p>T\u00e1c gi\u1ea3 cu\u1ed1n s\u00e1ch Justin Samuel Halpern sinh ng\u00e0y 3 th\u00e1ng 9, 1980 t\u1ea1i M\u1ef9. Shit My Dad Says ban \u0111\u1ea7u \u0111\u01b0\u1ee3c anh vi\u1ebft tr\u00ean trang Twitter c\u1ee7a ri\u00eang m\u00ecnh. Ch\u1ec9 trong m\u1ed9t th\u1eddi gian ng\u1eafn, nh\u1eefng ghi ch\u00fa c\u1ee7a anh \u0111\u01b0\u1ee3c h\u00e0ng tr\u0103m ng\u00e0n ng\u01b0\u1eddi theo d\u00f5i. C\u00e1c tay m\u00f4i gi\u1edbi v\u0103n ch\u01b0\u01a1ng g\u1ecdi \u0111i\u1ec7n, mu\u1ed1n gi\u1edbi thi\u1ec7u anh; c\u00e1c nh\u00e0 s\u1ea3n xu\u1ea5t truy\u1ec1n h\u00ecnh m\u1eddi anh tham gia ch\u01b0\u01a1ng tr\u00ecnh c\u1ee7a h\u1ecd; c\u00f2n ph\u00f3ng vi\u00ean th\u00ec xin ph\u00e9p \u0111\u01b0\u1ee3c ph\u1ecfng v\u1ea5n. Cu\u1ed1n s\u00e1ch Shit My Dad Says \u0111\u01b0\u1ee3c xu\u1ea5t b\u1ea3n v\u00e0 ngay l\u1eadp t\u1ee9c tr\u1edf th\u00e0nh bestseller \u1edf M\u1ef9.<\/p>\n<p>Shit My Dad Say &#8211; L\u1eddi v\u00e0ng c\u1ee7a b\u1ed1 s\u1ebd gi\u00fap \u0111\u1ed9c gi\u1ea3 h\u00ecnh dung v\u1ec1 cu\u1ed9c s\u1ed1ng gia \u0111\u00ecnh ng\u01b0\u1eddi M\u1ef9 trung l\u01b0u, kh\u00f4ng ph\u1ea3i cu\u1ed9c s\u1ed1ng trong phim \u1ea3nh, m\u00e0 l\u00e0 cu\u1ed9c s\u1ed1ng th\u1eadt v\u1edbi v\u00f4 v\u00e0n kh\u00f3 kh\u0103n c\u1ee7a n\u00f3. \u0110\u00f3 l\u00e0 c\u00e1c nh\u00e0 bi\u00ean k\u1ecbch t\u01b0\u01a1ng lai l\u00e0m b\u1ed3i b\u00e0n trong nh\u00e0 h\u00e0ng, v\u00e0 chuy\u00ean gia trong l\u0129nh v\u1ef1c \u201cd\u01b0\u1ee3c ph\u1ea9m h\u1ea1t nh\u00e2n\u201d l\u00e0m vi\u1ec7c c\u1eadt l\u1ef1c h\u00e0ng ng\u00e0y t\u1edbi t\u1eadn t\u1ed1i khuya v\u1edbi r\u1ea5t nhi\u1ec1u \u00e1p l\u1ef1c.<\/p>\n<p>Cu\u1ed1n s\u00e1ch n\u00e0y c\u00f3 l\u1ebd c\u0169ng s\u1ebd l\u00e0 b\u1eb1ng ch\u1ee9ng cho vi\u1ec7c c\u00f4ng ngh\u1ec7 th\u00f4ng tin hi\u1ec7n \u0111\u1ea1i kh\u00f4ng khi\u1ebfn cho cha m\u1eb9 v\u00e0 con c\u00e1i c\u00e1ch bi\u1ec7t, m\u00e0 n\u00f3 \u0111\u00e3 san b\u1eb1ng nh\u1eefng kho\u1ea3ng tr\u1ed1ng c\u00f2n ch\u01b0a \u0111\u01b0\u1ee3c hi\u1ec3u h\u1ebft v\u1ec1 nhau trong m\u1ed1i quan h\u1ec7 \u0111\u00f3. \u0110\u1ed3ng th\u1eddi, cu\u1ed1n s\u00e1ch c\u00f2n l\u00e0 c\u00e2y c\u1ea7u n\u1ed1i v\u0103n h\u00f3a ra th\u1ebf gi\u1edbi b\u00ean ngo\u00e0i, c\u00f3 th\u1ec3, qua \u0111\u00f3 s\u1ebd c\u00f3 nhi\u1ec1u c\u1eb7p cha-con hi\u1ec3u nhau h\u01a1n.<\/p>\n","protected":false},"excerpt":{"rendered":"<p>T\u00e1c gi\u1ea3 cu\u1ed1n s\u00e1ch Justin Samuel Halpern sinh ng\u00e0y 3 th\u00e1ng 9, 1980 t\u1ea1i M\u1ef9. Shit My Dad Says ban \u0111\u1ea7u \u0111\u01b0\u1ee3c anh vi\u1ebft tr\u00ean trang Twitter c\u1ee7a ri\u00eang m\u00ecnh. Ch\u1ec9 trong m\u1ed9t th\u1eddi gian ng\u1eafn, nh\u1eefng ghi ch\u00fa c\u1ee7a anh \u0111\u01b0\u1ee3c h\u00e0ng tr\u0103m ng\u00e0n ng\u01b0\u1eddi theo d\u00f5i. C\u00e1c tay m\u00f4i gi\u1edbi v\u0103n ch\u01b0\u01a1ng g\u1ecdi \u0111i\u1ec7n, mu\u1ed1n gi\u1edbi thi\u1ec7u anh; c\u00e1c nh\u00e0 s\u1ea3n xu\u1ea5t truy\u1ec1n h\u00ecnh m\u1eddi anh tham gia ch\u01b0\u01a1ng tr\u00ecnh c\u1ee7a h\u1ecd; c\u00f2n ph\u00f3ng vi\u00ean th\u00ec xin ph\u00e9p \u0111\u01b0\u1ee3c ph\u1ecfng v\u1ea5n. Cu\u1ed1n s\u00e1ch Shit My Dad Says \u0111\u01b0\u1ee3c xu\u1ea5t b\u1ea3n v\u00e0 ngay l\u1eadp t\u1ee9c tr\u1edf th\u00e0nh bestseller \u1edf M\u1ef9.<\/p>\n<p>Shit My Dad Say &#8211; L\u1eddi v\u00e0ng c\u1ee7a b\u1ed1 s\u1ebd gi\u00fap \u0111\u1ed9c gi\u1ea3 h\u00ecnh dung v\u1ec1 cu\u1ed9c s\u1ed1ng gia \u0111\u00ecnh ng\u01b0\u1eddi M\u1ef9 trung l\u01b0u, kh\u00f4ng ph\u1ea3i cu\u1ed9c s\u1ed1ng trong phim \u1ea3nh, m\u00e0 l\u00e0 cu\u1ed9c s\u1ed1ng th\u1eadt v\u1edbi v\u00f4 v\u00e0n kh\u00f3 kh\u0103n c\u1ee7a n\u00f3. \u0110\u00f3 l\u00e0 c\u00e1c nh\u00e0 bi\u00ean k\u1ecbch t\u01b0\u01a1ng lai l\u00e0m b\u1ed3i b\u00e0n trong nh\u00e0 h\u00e0ng, v\u00e0 chuy\u00ean gia trong l\u0129nh v\u1ef1c \u201cd\u01b0\u1ee3c ph\u1ea9m h\u1ea1t nh\u00e2n\u201d l\u00e0m vi\u1ec7c c\u1eadt l\u1ef1c h\u00e0ng ng\u00e0y t\u1edbi t\u1eadn t\u1ed1i khuya v\u1edbi r\u1ea5t nhi\u1ec1u \u00e1p l\u1ef1c.<\/p>\n<p>Cu\u1ed1n s\u00e1ch n\u00e0y c\u00f3 l\u1ebd c\u0169ng s\u1ebd l\u00e0 b\u1eb1ng ch\u1ee9ng cho vi\u1ec7c c\u00f4ng ngh\u1ec7 th\u00f4ng tin hi\u1ec7n \u0111\u1ea1i kh\u00f4ng khi\u1ebfn cho cha m\u1eb9 v\u00e0 con c\u00e1i c\u00e1ch bi\u1ec7t, m\u00e0 n\u00f3 \u0111\u00e3 san b\u1eb1ng nh\u1eefng kho\u1ea3ng tr\u1ed1ng c\u00f2n ch\u01b0a \u0111\u01b0\u1ee3c hi\u1ec3u h\u1ebft v\u1ec1 nhau trong m\u1ed1i quan h\u1ec7 \u0111\u00f3. \u0110\u1ed3ng th\u1eddi, cu\u1ed1n s\u00e1ch c\u00f2n l\u00e0 c\u00e2y c\u1ea7u n\u1ed1i v\u0103n h\u00f3a ra th\u1ebf gi\u1edbi b\u00ean ngo\u00e0i, c\u00f3 th\u1ec3, qua \u0111\u00f3 s\u1ebd c\u00f3 nhi\u1ec1u c\u1eb7p cha-con hi\u1ec3u nhau h\u01a1n.<\/p>\n","protected":false},"featured_media":18685,"template":"","meta":{"_acf_changed":false},"product_brand":[],"product_cat":[15,45],"product_tag":[],"class_list":{"0":"post-18686","1":"product","2":"type-product","3":"status-publish","4":"has-post-thumbnail","6":"product_cat-sach-danh-cho-nguoi-lon","7":"product_cat-tieu-thuyet","9":"first","10":"instock","11":"taxable","12":"shipping-taxable","13":"purchasable","14":"product-type-simple"},"supplier_id":null,"supplier_sku":"","barcode":null,"atum_controlled":true,"out_stock_date":null,"out_stock_threshold":null,"inheritable":false,"inbound_stock":0,"stock_on_hold":0,"sold_today":0,"sales_last_days":0,"reserved_stock":0,"customer_returns":0,"warehouse_damage":0,"lost_in_post":0,"other_logs":0,"out_stock_days":0,"lost_sales":0,"has_location":false,"update_date":"2026-01-28T23:11:04","atum_locations":[{"id":32,"name":"Helsinki","slug":"helsinki"}],"atum_stock_status":"instock","restock_status":false,"low_stock_amount":"","sales_update_date":"2026-01-28T23:11:04","calc_backorders":null,"acf":{"publisher":{"ID":2817,"post_author":"1","post_date":"2021-02-27 00:00:35","post_date_gmt":"2021-02-26 22:00:35","post_content":"","post_title":"Alpha Books","post_excerpt":"","post_status":"publish","comment_status":"closed","ping_status":"closed","post_password":"","post_name":"alpha-books","to_ping":"","pinged":"","post_modified":"2021-02-27 00:00:35","post_modified_gmt":"2021-02-26 22:00:35","post_content_filtered":"","post_parent":0,"guid":"https:\/\/sachviet.eu\/nha-phat-hanh\/alpha-books\/","menu_order":0,"post_type":"publisher","post_mime_type":"","comment_count":"0","filter":"raw"}},"_links":{"self":[{"href":"https:\/\/sachviet.eu\/en\/wp-json\/wp\/v2\/product\/18686","targetHints":{"allow":["GET"]}}],"collection":[{"href":"https:\/\/sachviet.eu\/en\/wp-json\/wp\/v2\/product"}],"about":[{"href":"https:\/\/sachviet.eu\/en\/wp-json\/wp\/v2\/types\/product"}],"wp:featuredmedia":[{"embeddable":true,"href":"https:\/\/sachviet.eu\/en\/wp-json\/wp\/v2\/media\/18685"}],"wp:attachment":[{"href":"https:\/\/sachviet.eu\/en\/wp-json\/wp\/v2\/media?parent=18686"}],"wp:term":[{"taxonomy":"product_brand","embeddable":true,"href":"https:\/\/sachviet.eu\/en\/wp-json\/wp\/v2\/product_brand?post=18686"},{"taxonomy":"product_cat","embeddable":true,"href":"https:\/\/sachviet.eu\/en\/wp-json\/wp\/v2\/product_cat?post=18686"},{"taxonomy":"product_tag","embeddable":true,"href":"https:\/\/sachviet.eu\/en\/wp-json\/wp\/v2\/product_tag?post=18686"}],"curies":[{"name":"wp","href":"https:\/\/api.w.org\/{rel}","templated":true}]}}