{"id":18684,"date":"2022-04-20T22:14:23","date_gmt":"2022-04-20T19:14:23","guid":{"rendered":"https:\/\/sachviet.eu\/shop\/mang-thai-sinh-no-va-nuoi-con-khoe-manh-cuon-sach-ve-mang-thai-duoc-tim-kiem-nhieu-nhat-tai-han-quoc\/"},"modified":"2022-12-19T14:58:00","modified_gmt":"2022-12-19T12:58:00","slug":"mang-thai-sinh-no-va-nuoi-con-khoe-manh-cuon-sach-ve-mang-thai-duoc-tim-kiem-nhieu-nhat-tai-han-quoc","status":"publish","type":"product","link":"https:\/\/sachviet.eu\/en\/shop\/mang-thai-sinh-no-va-nuoi-con-khoe-manh-cuon-sach-ve-mang-thai-duoc-tim-kiem-nhieu-nhat-tai-han-quoc\/","title":{"rendered":"Mang Thai Sinh N\u1edf V\u00e0 Nu\u00f4i Con Kh\u1ecfe M\u1ea1nh: Cu\u1ed1n S\u00e1ch V\u1ec1 Mang Thai \u0110\u01b0\u1ee3c T\u00ecm Ki\u1ebfm Nhi\u1ec1u Nh\u1ea5t T\u1ea1i H\u00e0n Qu\u1ed1c"},"content":{"rendered":"<p>T\u1ea5t c\u1ea3 nh\u1eefng ki\u1ebfn th\u1ee9c chu\u1ea9n m\u1ef1c nh\u1ea5t v\u1ec1 mang thai sinh n\u1edf, nu\u00f4i con m\u00e0 c\u00e1c b\u00e1c s\u0129 chuy\u00ean khoa s\u1ea3n \u2013 nhi ti\u1ebft l\u1ed9 cho b\u1ea1n qua cu\u1ed1n s\u00e1ch Mang Thai Sinh N\u1edf V\u00e0 Nu\u00f4i Con Kh\u1ecfe M\u1ea1nh: Cu\u1ed1n s\u00e1ch v\u1ec1 mang thai \u0111\u01b0\u1ee3c t\u00ecm ki\u1ebfm nhi\u1ec1u nh\u1ea5t t\u1ea1i H\u00e0n Qu\u1ed1c.<\/p>\n<p>Ch\u1ee9a \u0111\u1ef1ng nh\u1eefng ki\u1ebfn th\u1ee9c v\u1ec1 mang thai, sinh n\u1edf v\u00e0 nu\u00f4i con<\/p>\n<p>M\u1ed9t thai k\u1ef3 h\u1ea1nh ph\u00fac b\u1eaft \u0111\u1ea7u t\u1eeb s\u1ef1 n\u1ed7 l\u1ef1c c\u1ee7a ng\u01b0\u1eddi m\u1eb9. Cu\u1ed1n s\u00e1ch n\u00e0y ch\u1ee9a \u0111\u1ef1ng to\u00e0n b\u1ed9 nh\u1eefng v\u1ea5n \u0111\u1ec1 m\u00e0 c\u00e1c b\u00e0 m\u1eb9 quan t\u00e2m v\u00e0 c\u1ea3 nh\u1eefng \u0111i\u1ec1u c\u00e1c b\u00e0 m\u1eb9 b\u1eaft bu\u1ed9c ph\u1ea3i bi\u1ebft t\u1eeb vi\u1ec7c chu\u1ea9n b\u1ecb c\u00f3 em b\u00e9 v\u00e0 xuy\u00ean su\u1ed1t thai k\u1ef3 cho \u0111\u1ebfn khi con c\u1ee7a b\u1ea1n 12 tu\u1ed5i. Nh\u1eefng ki\u1ebfn th\u1ee9c chuy\u00ean m\u00f4n, th\u1ef1c t\u1ebf, chi ti\u1ebft, l\u1ea7n \u0111\u1ea7u ti\u00ean \u0111\u01b0\u1ee3c xu\u1ea5t b\u1ea3n t\u1ea1i Vi\u1ec7t Nam \u0111\u01b0\u1ee3c ch\u1eaft l\u1ecdc t\u1eeb nh\u1eefng bu\u1ed5i t\u01b0 v\u1ea5n tr\u1ecb li\u1ec7u v\u1edbi c\u00e1c thai ph\u1ee5. Bizbooks tr\u00e2n tr\u1ecdng gi\u1edbi thi\u1ec7u \u0111\u1ebfn qu\u00fd b\u1ea1n \u0111\u1ecdc.<\/p>\n","protected":false},"excerpt":{"rendered":"<p>T\u1ea5t c\u1ea3 nh\u1eefng ki\u1ebfn th\u1ee9c chu\u1ea9n m\u1ef1c nh\u1ea5t v\u1ec1 mang thai sinh n\u1edf, nu\u00f4i con m\u00e0 c\u00e1c b\u00e1c s\u0129 chuy\u00ean khoa s\u1ea3n \u2013 nhi ti\u1ebft l\u1ed9 cho b\u1ea1n qua cu\u1ed1n s\u00e1ch Mang Thai Sinh N\u1edf V\u00e0 Nu\u00f4i Con Kh\u1ecfe M\u1ea1nh: Cu\u1ed1n s\u00e1ch v\u1ec1 mang thai \u0111\u01b0\u1ee3c t\u00ecm ki\u1ebfm nhi\u1ec1u nh\u1ea5t t\u1ea1i H\u00e0n Qu\u1ed1c.<\/p>\n<p>Ch\u1ee9a \u0111\u1ef1ng nh\u1eefng ki\u1ebfn th\u1ee9c v\u1ec1 mang thai, sinh n\u1edf v\u00e0 nu\u00f4i con<\/p>\n<p>M\u1ed9t thai k\u1ef3 h\u1ea1nh ph\u00fac b\u1eaft \u0111\u1ea7u t\u1eeb s\u1ef1 n\u1ed7 l\u1ef1c c\u1ee7a ng\u01b0\u1eddi m\u1eb9. Cu\u1ed1n s\u00e1ch n\u00e0y ch\u1ee9a \u0111\u1ef1ng to\u00e0n b\u1ed9 nh\u1eefng v\u1ea5n \u0111\u1ec1 m\u00e0 c\u00e1c b\u00e0 m\u1eb9 quan t\u00e2m v\u00e0 c\u1ea3 nh\u1eefng \u0111i\u1ec1u c\u00e1c b\u00e0 m\u1eb9 b\u1eaft bu\u1ed9c ph\u1ea3i bi\u1ebft t\u1eeb vi\u1ec7c chu\u1ea9n b\u1ecb c\u00f3 em b\u00e9 v\u00e0 xuy\u00ean su\u1ed1t thai k\u1ef3 cho \u0111\u1ebfn khi con c\u1ee7a b\u1ea1n 12 tu\u1ed5i. Nh\u1eefng ki\u1ebfn th\u1ee9c chuy\u00ean m\u00f4n, th\u1ef1c t\u1ebf, chi ti\u1ebft, l\u1ea7n \u0111\u1ea7u ti\u00ean \u0111\u01b0\u1ee3c xu\u1ea5t b\u1ea3n t\u1ea1i Vi\u1ec7t Nam \u0111\u01b0\u1ee3c ch\u1eaft l\u1ecdc t\u1eeb nh\u1eefng bu\u1ed5i t\u01b0 v\u1ea5n tr\u1ecb li\u1ec7u v\u1edbi c\u00e1c thai ph\u1ee5. Bizbooks tr\u00e2n tr\u1ecdng gi\u1edbi thi\u1ec7u \u0111\u1ebfn qu\u00fd b\u1ea1n \u0111\u1ecdc.<\/p>\n","protected":false},"featured_media":18682,"template":"","meta":{"_acf_changed":false},"product_brand":[],"product_cat":[19],"product_tag":[],"class_list":{"0":"post-18684","1":"product","2":"type-product","3":"status-publish","4":"has-post-thumbnail","6":"product_cat-nuoi-day-con","8":"first","9":"outofstock","10":"taxable","11":"shipping-taxable","12":"purchasable","13":"product-type-simple"},"supplier_id":null,"supplier_sku":"","barcode":null,"atum_controlled":true,"out_stock_date":"2022-12-19 12:58:00","out_stock_threshold":null,"inheritable":false,"inbound_stock":0,"stock_on_hold":0,"sold_today":0,"sales_last_days":0,"reserved_stock":0,"customer_returns":0,"warehouse_damage":0,"lost_in_post":0,"other_logs":0,"out_stock_days":1136,"lost_sales":0,"has_location":false,"update_date":"2026-01-28T23:11:04","atum_locations":[{"id":32,"name":"Helsinki","slug":"helsinki"}],"atum_stock_status":"outofstock","restock_status":false,"low_stock_amount":"","sales_update_date":"2026-01-28T23:11:04","calc_backorders":null,"acf":{"publisher":{"ID":4073,"post_author":"1","post_date":"2021-03-02 03:53:16","post_date_gmt":"2021-03-02 01:53:16","post_content":"","post_title":"MCBooks","post_excerpt":"","post_status":"publish","comment_status":"closed","ping_status":"closed","post_password":"","post_name":"mcbooks","to_ping":"","pinged":"","post_modified":"2021-03-02 03:53:16","post_modified_gmt":"2021-03-02 01:53:16","post_content_filtered":"","post_parent":0,"guid":"https:\/\/sachviet.eu\/nha-phat-hanh\/mcbooks\/","menu_order":0,"post_type":"publisher","post_mime_type":"","comment_count":"0","filter":"raw"}},"_links":{"self":[{"href":"https:\/\/sachviet.eu\/en\/wp-json\/wp\/v2\/product\/18684","targetHints":{"allow":["GET"]}}],"collection":[{"href":"https:\/\/sachviet.eu\/en\/wp-json\/wp\/v2\/product"}],"about":[{"href":"https:\/\/sachviet.eu\/en\/wp-json\/wp\/v2\/types\/product"}],"wp:featuredmedia":[{"embeddable":true,"href":"https:\/\/sachviet.eu\/en\/wp-json\/wp\/v2\/media\/18682"}],"wp:attachment":[{"href":"https:\/\/sachviet.eu\/en\/wp-json\/wp\/v2\/media?parent=18684"}],"wp:term":[{"taxonomy":"product_brand","embeddable":true,"href":"https:\/\/sachviet.eu\/en\/wp-json\/wp\/v2\/product_brand?post=18684"},{"taxonomy":"product_cat","embeddable":true,"href":"https:\/\/sachviet.eu\/en\/wp-json\/wp\/v2\/product_cat?post=18684"},{"taxonomy":"product_tag","embeddable":true,"href":"https:\/\/sachviet.eu\/en\/wp-json\/wp\/v2\/product_tag?post=18684"}],"curies":[{"name":"wp","href":"https:\/\/api.w.org\/{rel}","templated":true}]}}