{"id":18681,"date":"2022-04-20T22:14:13","date_gmt":"2022-04-20T19:14:13","guid":{"rendered":"https:\/\/sachviet.eu\/shop\/thai-giao-theo-chuyen-gia-280-ngay-moi-ngay-doc-mot-trang-tai-ban-2021\/"},"modified":"2022-12-19T14:58:01","modified_gmt":"2022-12-19T12:58:01","slug":"thai-giao-theo-chuyen-gia-280-ngay-moi-ngay-doc-mot-trang-tai-ban-2021","status":"publish","type":"product","link":"https:\/\/sachviet.eu\/en\/shop\/thai-giao-theo-chuyen-gia-280-ngay-moi-ngay-doc-mot-trang-tai-ban-2021\/","title":{"rendered":"Thai Gi\u00e1o Theo Chuy\u00ean Gia &#8211; 280 Ng\u00e0y &#8211; M\u1ed7i Ng\u00e0y \u0110\u1ecdc M\u1ed9t Trang (T\u00e1i B\u1ea3n 2021)"},"content":{"rendered":"<p>Thai gi\u00e1o, x\u00e9t theo ngh\u0129a r\u1ed9ng l\u00e0: Trong th\u1eddi gian thai ngh\u00e9n, b\u00e0 b\u1ea7u ngo\u00e0i vi\u1ec7c coi tr\u1ecdng s\u1ee9c kh\u1ecfe v\u00e0 dinh d\u01b0\u1ee1ng cho m\u00ecnh c\u00f2n c\u1ea7n ch\u00fa tr\u1ecdng nh\u1eefng \u1ea3nh h\u01b0\u1edfng t\u1eeb m\u00f4i tr\u01b0\u1eddng, c\u1ed1 g\u1eafng b\u1ed3i d\u01b0\u1ee1ng t\u00e2m l\u00ed t\u00edch c\u1ef1c \u0111\u1ec3 thai nhi \u1edf trong b\u1ee5ng m\u1eb9 c\u00f3 th\u1ec3 c\u1ea3m nh\u1eadn \u0111\u01b0\u1ee3c nh\u1eefng \u0111i\u1ec1u t\u1ed1t \u0111\u1eb9p, khi\u1ebfn cho b\u00e9 sau khi ra \u0111\u1eddi \u0111\u01b0\u1ee3c kh\u1ecfe m\u1ea1nh v\u00e0 th\u00f4ng minh.<\/p>\n<p>Theo ngh\u0129a h\u1eb9p, thai gi\u00e1o l\u00e0: Th\u00f4ng qua nh\u1eefng ph\u01b0\u01a1ng ph\u00e1p nh\u1ea5t \u0111\u1ecbnh, v\u00ed d\u1ee5 nh\u01b0 n\u00f3i chuy\u1ec7n v\u1edbi thai nhi, vu\u1ed1t ve v\u00f9ng b\u1ee5ng c\u1ee7a m\u1eb9, nghe nh\u1eefng b\u1ea3n nh\u1ea1c \u00eam d\u1ecbu, v\u1eadn \u0111\u1ed9ng nh\u1eb9 nh\u00e0ng, duy tr\u00ec t\u00e2m tr\u1ea1ng vui v\u1ebb&#8230; \u0111\u1ec3 ti\u1ebfn h\u00e0nh gi\u00e1o d\u1ee5c s\u1edbm cho thai nhi.<\/p>\n<p>Trong 280 ng\u00e0y mang thai, b\u00e9 tr\u1ea3i qua m\u1ed9t chuy\u1ebfn &#8220;du l\u1ecbch th\u1ea7n k\u1ef3&#8221; trong c\u01a1 th\u1ec3 b\u1ea1n, b\u1ea1n mu\u1ed1n bi\u1ebft m\u1ed7i ng\u00e0y b\u00e9 tr\u1ea3i qua nh\u1eefng thay \u0111\u1ed5i k\u1ef3 di\u1ec7u n\u00e0o kh\u00f4ng? B\u1ea1n c\u00f3 mu\u1ed1n v\u00ec b\u00e9 m\u00e0 t\u1ea1o n\u00ean nhi\u1ec1u \u0111i\u1ec1u vui v\u1ebb v\u00e0 th\u00fa v\u1ecb kh\u00f4ng? V\u1eady m\u1eddi b\u1ea1n, h\u00e3y c\u00f9ng ch\u00fang t\u00f4i b\u01b0\u1edbc v\u00e0o th\u1eddi kh\u1eafc h\u1ea1nh ph\u00fac n\u00e0y nh\u00e9! B\u1ea1n s\u1ebd nh\u1eadn th\u1ea5y, th\u1ef1c ra m\u1ed7i ng\u00e0y ch\u1ec9 c\u1ea7n d\u00e0nh m\u1ed9t ch\u00fat th\u1eddi gian, c\u00f3 th\u1ec3 ch\u1ec9 l\u00e0 m\u1ed9t v\u00e0i c\u00e2u n\u00f3i, \u0111\u1ecdc m\u1ed9t v\u00e0i trang s\u00e1ch, h\u00e1t m\u1ed9t b\u00e0i h\u00e1t hay, th\u1eadm ch\u00ed ch\u01a1i m\u1ed9t tr\u00f2 ch\u01a1i, ni\u1ec1m vui s\u1ebd \u0111\u1ebfn v\u00e0 tr\u00e0n ng\u1eadp cu\u1ed9c s\u1ed1ng c\u1ee7a b\u1ea1n.<\/p>\n<p>B\u1ea1n v\u00e0 b\u00e9 lu\u00f4n vui v\u1ebb, kh\u1ecfe m\u1ea1nh ch\u00ednh l\u00e0 t\u00e2m nguy\u1ec7n l\u1edbn nh\u1ea5t c\u1ee7a nh\u1eefng ng\u01b0\u1eddi l\u00e0m cu\u1ed1n s\u00e1ch n\u00e0y!<\/p>\n","protected":false},"excerpt":{"rendered":"<p>Thai gi\u00e1o, x\u00e9t theo ngh\u0129a r\u1ed9ng l\u00e0: Trong th\u1eddi gian thai ngh\u00e9n, b\u00e0 b\u1ea7u ngo\u00e0i vi\u1ec7c coi tr\u1ecdng s\u1ee9c kh\u1ecfe v\u00e0 dinh d\u01b0\u1ee1ng cho m\u00ecnh c\u00f2n c\u1ea7n ch\u00fa tr\u1ecdng nh\u1eefng \u1ea3nh h\u01b0\u1edfng t\u1eeb m\u00f4i tr\u01b0\u1eddng, c\u1ed1 g\u1eafng b\u1ed3i d\u01b0\u1ee1ng t\u00e2m l\u00ed t\u00edch c\u1ef1c \u0111\u1ec3 thai nhi \u1edf trong b\u1ee5ng m\u1eb9 c\u00f3 th\u1ec3 c\u1ea3m nh\u1eadn \u0111\u01b0\u1ee3c nh\u1eefng \u0111i\u1ec1u t\u1ed1t \u0111\u1eb9p, khi\u1ebfn cho b\u00e9 sau khi ra \u0111\u1eddi \u0111\u01b0\u1ee3c kh\u1ecfe m\u1ea1nh v\u00e0 th\u00f4ng minh.<\/p>\n<p>Theo ngh\u0129a h\u1eb9p, thai gi\u00e1o l\u00e0: Th\u00f4ng qua nh\u1eefng ph\u01b0\u01a1ng ph\u00e1p nh\u1ea5t \u0111\u1ecbnh, v\u00ed d\u1ee5 nh\u01b0 n\u00f3i chuy\u1ec7n v\u1edbi thai nhi, vu\u1ed1t ve v\u00f9ng b\u1ee5ng c\u1ee7a m\u1eb9, nghe nh\u1eefng b\u1ea3n nh\u1ea1c \u00eam d\u1ecbu, v\u1eadn \u0111\u1ed9ng nh\u1eb9 nh\u00e0ng, duy tr\u00ec t\u00e2m tr\u1ea1ng vui v\u1ebb&#8230; \u0111\u1ec3 ti\u1ebfn h\u00e0nh gi\u00e1o d\u1ee5c s\u1edbm cho thai nhi.<\/p>\n<p>Trong 280 ng\u00e0y mang thai, b\u00e9 tr\u1ea3i qua m\u1ed9t chuy\u1ebfn &#8220;du l\u1ecbch th\u1ea7n k\u1ef3&#8221; trong c\u01a1 th\u1ec3 b\u1ea1n, b\u1ea1n mu\u1ed1n bi\u1ebft m\u1ed7i ng\u00e0y b\u00e9 tr\u1ea3i qua nh\u1eefng thay \u0111\u1ed5i k\u1ef3 di\u1ec7u n\u00e0o kh\u00f4ng? B\u1ea1n c\u00f3 mu\u1ed1n v\u00ec b\u00e9 m\u00e0 t\u1ea1o n\u00ean nhi\u1ec1u \u0111i\u1ec1u vui v\u1ebb v\u00e0 th\u00fa v\u1ecb kh\u00f4ng? V\u1eady m\u1eddi b\u1ea1n, h\u00e3y c\u00f9ng ch\u00fang t\u00f4i b\u01b0\u1edbc v\u00e0o th\u1eddi kh\u1eafc h\u1ea1nh ph\u00fac n\u00e0y nh\u00e9! B\u1ea1n s\u1ebd nh\u1eadn th\u1ea5y, th\u1ef1c ra m\u1ed7i ng\u00e0y ch\u1ec9 c\u1ea7n d\u00e0nh m\u1ed9t ch\u00fat th\u1eddi gian, c\u00f3 th\u1ec3 ch\u1ec9 l\u00e0 m\u1ed9t v\u00e0i c\u00e2u n\u00f3i, \u0111\u1ecdc m\u1ed9t v\u00e0i trang s\u00e1ch, h\u00e1t m\u1ed9t b\u00e0i h\u00e1t hay, th\u1eadm ch\u00ed ch\u01a1i m\u1ed9t tr\u00f2 ch\u01a1i, ni\u1ec1m vui s\u1ebd \u0111\u1ebfn v\u00e0 tr\u00e0n ng\u1eadp cu\u1ed9c s\u1ed1ng c\u1ee7a b\u1ea1n.<\/p>\n<p>B\u1ea1n v\u00e0 b\u00e9 lu\u00f4n vui v\u1ebb, kh\u1ecfe m\u1ea1nh ch\u00ednh l\u00e0 t\u00e2m nguy\u1ec7n l\u1edbn nh\u1ea5t c\u1ee7a nh\u1eefng ng\u01b0\u1eddi l\u00e0m cu\u1ed1n s\u00e1ch n\u00e0y!<\/p>\n","protected":false},"featured_media":18680,"template":"","meta":{"_acf_changed":false},"product_brand":[],"product_cat":[19],"product_tag":[],"class_list":{"0":"post-18681","1":"product","2":"type-product","3":"status-publish","4":"has-post-thumbnail","6":"product_cat-nuoi-day-con","8":"first","9":"outofstock","10":"taxable","11":"shipping-taxable","12":"purchasable","13":"product-type-simple"},"supplier_id":null,"supplier_sku":"","barcode":null,"atum_controlled":true,"out_stock_date":"2022-12-19 12:58:01","out_stock_threshold":null,"inheritable":false,"inbound_stock":0,"stock_on_hold":0,"sold_today":0,"sales_last_days":0,"reserved_stock":0,"customer_returns":0,"warehouse_damage":0,"lost_in_post":0,"other_logs":0,"out_stock_days":1136,"lost_sales":0,"has_location":false,"update_date":"2026-01-28T23:11:04","atum_locations":[{"id":32,"name":"Helsinki","slug":"helsinki"}],"atum_stock_status":"outofstock","restock_status":false,"low_stock_amount":"","sales_update_date":"2026-01-28T23:11:04","calc_backorders":null,"acf":{"publisher":{"ID":9667,"post_author":"1","post_date":"2021-06-02 01:30:53","post_date_gmt":"2021-06-01 22:30:53","post_content":"","post_title":"Minh Long","post_excerpt":"","post_status":"publish","comment_status":"closed","ping_status":"closed","post_password":"","post_name":"minh-long","to_ping":"","pinged":"","post_modified":"2021-06-02 01:30:53","post_modified_gmt":"2021-06-01 22:30:53","post_content_filtered":"","post_parent":0,"guid":"https:\/\/sachviet.eu\/nha-phat-hanh\/minh-long\/","menu_order":0,"post_type":"publisher","post_mime_type":"","comment_count":"0","filter":"raw"}},"_links":{"self":[{"href":"https:\/\/sachviet.eu\/en\/wp-json\/wp\/v2\/product\/18681","targetHints":{"allow":["GET"]}}],"collection":[{"href":"https:\/\/sachviet.eu\/en\/wp-json\/wp\/v2\/product"}],"about":[{"href":"https:\/\/sachviet.eu\/en\/wp-json\/wp\/v2\/types\/product"}],"wp:featuredmedia":[{"embeddable":true,"href":"https:\/\/sachviet.eu\/en\/wp-json\/wp\/v2\/media\/18680"}],"wp:attachment":[{"href":"https:\/\/sachviet.eu\/en\/wp-json\/wp\/v2\/media?parent=18681"}],"wp:term":[{"taxonomy":"product_brand","embeddable":true,"href":"https:\/\/sachviet.eu\/en\/wp-json\/wp\/v2\/product_brand?post=18681"},{"taxonomy":"product_cat","embeddable":true,"href":"https:\/\/sachviet.eu\/en\/wp-json\/wp\/v2\/product_cat?post=18681"},{"taxonomy":"product_tag","embeddable":true,"href":"https:\/\/sachviet.eu\/en\/wp-json\/wp\/v2\/product_tag?post=18681"}],"curies":[{"name":"wp","href":"https:\/\/api.w.org\/{rel}","templated":true}]}}