{"id":18670,"date":"2022-04-20T22:13:40","date_gmt":"2022-04-20T19:13:40","guid":{"rendered":"https:\/\/sachviet.eu\/shop\/nhung-bi-mat-dieu-ki-cua-co-the-combo-5-quyen\/"},"modified":"2022-12-19T14:59:50","modified_gmt":"2022-12-19T12:59:50","slug":"nhung-bi-mat-dieu-ki-cua-co-the-combo-5-quyen","status":"publish","type":"product","link":"https:\/\/sachviet.eu\/en\/shop\/nhung-bi-mat-dieu-ki-cua-co-the-combo-5-quyen\/","title":{"rendered":"Nh\u1eefng B\u00ed M\u1eadt Di\u1ec7u K\u00ec C\u1ee7a C\u01a1 Th\u1ec3 &#8211; Combo 5 quy\u1ec3n"},"content":{"rendered":"<p>Cu\u1ed1n L\u01b0\u1ee1i m\u00ecnh sao th\u1ebf nh\u1ec9? thu\u1ed9c b\u1ed9 s\u00e1ch \u201cNh\u1eefng b\u00ed m\u1eadt di\u1ec7u k\u00ec c\u1ee7a c\u01a1 th\u1ec3\u201d &#8211; d\u00e0nh cho tr\u1ebb 3 \u2013 7 tu\u1ed5i. M\u1ed7i cu\u1ed1n s\u00e1ch l\u00e0 m\u1ed9t c\u00e2u chuy\u1ec7n nh\u1eb9 nh\u00e0ng v\u00e0 b\u00e0i h\u1ecdc th\u00fa v\u1ecb cho tr\u1ebb v\u1ec1 nh\u1eefng b\u00ed m\u1eadt c\u1ee7a c\u01a1 th\u1ec3 ng\u01b0\u1eddi trong s\u1ef1 so s\u00e1nh v\u1edbi c\u00e1c lo\u00e0i kh\u00e1c.<\/p>\n<p>Cu\u1ed1n s\u00e1ch k\u1ec3 v\u1ec1 vi\u1ec7c b\u00e9 Bi b\u1ecb nhi\u1ec7t \u1edf l\u01b0\u1ee1i, \u0111au \u01a1i l\u00e0 \u0111au! L\u01b0\u1ee1i kh\u00f4ng ch\u1ec9 gi\u00fap Bi c\u1ea3m nh\u1eadn c\u00e1c v\u1ecb chua, cay, m\u1eb7n, ng\u1ecdt, \u0111\u1eafng&#8230; m\u00e0 c\u00f2n gi\u00fap Bi c\u00f3 th\u1ec3 n\u00f3i \u0111\u01b0\u1ee3c th\u00e0nh l\u1eddi. L\u01b0\u1ee1i ng\u01b0\u1eddi v\u00e0 l\u01b0\u1ee1i \u0111\u1ed9ng v\u1eadt c\u00f3 gi\u1ed1ng nhau kh\u00f4ng nh\u1ec9?<\/p>\n<p>L\u01b0\u1ee1i r\u1eafn c\u00f3 th\u1ec3 nh\u1eadn bi\u1ebft \u0111\u01b0\u1ee3c m\u00f9i. L\u01b0\u1ee1i c\u1ee7a th\u00fa \u0103n ki\u1ebfn ti\u1ebft d\u1ecbch \u0111\u1ec3 b\u1eaft m\u1ed3i. L\u01b0\u1ee1i h\u1ed5 c\u00f3 \u201cgai\u201d s\u1eafc nh\u1ecdn \u0111\u1ec3 d\u1ec5 d\u00e0ng \u0103n th\u1ecbt. T\u1eafc k\u00e8 d\u00f9ng l\u01b0\u1ee1i li\u1ebfm n\u01b0\u1edbc m\u1eaft \u0111\u1ec3 u\u1ed1ng. Ch\u00f3 th\u00e8 l\u01b0\u1ee1i ra ngo\u00e0i \u0111\u1ec3 t\u1ef1 l\u00e0m m\u00e1t cho m\u00ecnh.<\/p>\n<p>C\u00e2u chuy\u1ec7n gi\u00fap tr\u1ebb nh\u1eadn th\u1ee9c v\u1ec1 l\u01b0\u1ee1i c\u1ee7a c\u00e1c lo\u00e0i. Tr\u1ebb \u0111\u01b0\u1ee3c m\u1edf r\u1ed9ng hi\u1ec3u bi\u1ebft v\u1ec1 \u0111\u1eb7c \u0111i\u1ec3m c\u1ee7a t\u1eebng lo\u00e0i trong m\u1ed1i quan h\u1ec7 so s\u00e1nh v\u1edbi con ng\u01b0\u1eddi.<\/p>\n","protected":false},"excerpt":{"rendered":"<p>Cu\u1ed1n L\u01b0\u1ee1i m\u00ecnh sao th\u1ebf nh\u1ec9? thu\u1ed9c b\u1ed9 s\u00e1ch \u201cNh\u1eefng b\u00ed m\u1eadt di\u1ec7u k\u00ec c\u1ee7a c\u01a1 th\u1ec3\u201d &#8211; d\u00e0nh cho tr\u1ebb 3 \u2013 7 tu\u1ed5i. M\u1ed7i cu\u1ed1n s\u00e1ch l\u00e0 m\u1ed9t c\u00e2u chuy\u1ec7n nh\u1eb9 nh\u00e0ng v\u00e0 b\u00e0i h\u1ecdc th\u00fa v\u1ecb cho tr\u1ebb v\u1ec1 nh\u1eefng b\u00ed m\u1eadt c\u1ee7a c\u01a1 th\u1ec3 ng\u01b0\u1eddi trong s\u1ef1 so s\u00e1nh v\u1edbi c\u00e1c lo\u00e0i kh\u00e1c.<\/p>\n<p>Cu\u1ed1n s\u00e1ch k\u1ec3 v\u1ec1 vi\u1ec7c b\u00e9 Bi b\u1ecb nhi\u1ec7t \u1edf l\u01b0\u1ee1i, \u0111au \u01a1i l\u00e0 \u0111au! L\u01b0\u1ee1i kh\u00f4ng ch\u1ec9 gi\u00fap Bi c\u1ea3m nh\u1eadn c\u00e1c v\u1ecb chua, cay, m\u1eb7n, ng\u1ecdt, \u0111\u1eafng&#8230; m\u00e0 c\u00f2n gi\u00fap Bi c\u00f3 th\u1ec3 n\u00f3i \u0111\u01b0\u1ee3c th\u00e0nh l\u1eddi. L\u01b0\u1ee1i ng\u01b0\u1eddi v\u00e0 l\u01b0\u1ee1i \u0111\u1ed9ng v\u1eadt c\u00f3 gi\u1ed1ng nhau kh\u00f4ng nh\u1ec9?<\/p>\n<p>L\u01b0\u1ee1i r\u1eafn c\u00f3 th\u1ec3 nh\u1eadn bi\u1ebft \u0111\u01b0\u1ee3c m\u00f9i. L\u01b0\u1ee1i c\u1ee7a th\u00fa \u0103n ki\u1ebfn ti\u1ebft d\u1ecbch \u0111\u1ec3 b\u1eaft m\u1ed3i. L\u01b0\u1ee1i h\u1ed5 c\u00f3 \u201cgai\u201d s\u1eafc nh\u1ecdn \u0111\u1ec3 d\u1ec5 d\u00e0ng \u0103n th\u1ecbt. T\u1eafc k\u00e8 d\u00f9ng l\u01b0\u1ee1i li\u1ebfm n\u01b0\u1edbc m\u1eaft \u0111\u1ec3 u\u1ed1ng. Ch\u00f3 th\u00e8 l\u01b0\u1ee1i ra ngo\u00e0i \u0111\u1ec3 t\u1ef1 l\u00e0m m\u00e1t cho m\u00ecnh.<\/p>\n<p>C\u00e2u chuy\u1ec7n gi\u00fap tr\u1ebb nh\u1eadn th\u1ee9c v\u1ec1 l\u01b0\u1ee1i c\u1ee7a c\u00e1c lo\u00e0i. Tr\u1ebb \u0111\u01b0\u1ee3c m\u1edf r\u1ed9ng hi\u1ec3u bi\u1ebft v\u1ec1 \u0111\u1eb7c \u0111i\u1ec3m c\u1ee7a t\u1eebng lo\u00e0i trong m\u1ed1i quan h\u1ec7 so s\u00e1nh v\u1edbi con ng\u01b0\u1eddi.<\/p>\n","protected":false},"featured_media":18665,"template":"","meta":{"_acf_changed":false},"product_brand":[],"product_cat":[24,25,17],"product_tag":[],"class_list":{"0":"post-18670","1":"product","2":"type-product","3":"status-publish","4":"has-post-thumbnail","6":"product_cat-nha-tre-mau-giao-0-tuoi-6-tuoi","7":"product_cat-nhi-dong-6-tuoi-12-tuoi","8":"product_cat-sach-danh-cho-cac-be","10":"first","11":"outofstock","12":"taxable","13":"shipping-taxable","14":"purchasable","15":"product-type-simple"},"supplier_id":null,"supplier_sku":"","barcode":null,"atum_controlled":true,"out_stock_date":"2022-12-19 12:58:02","out_stock_threshold":null,"inheritable":false,"inbound_stock":0,"stock_on_hold":0,"sold_today":0,"sales_last_days":0,"reserved_stock":0,"customer_returns":0,"warehouse_damage":0,"lost_in_post":0,"other_logs":0,"out_stock_days":1136,"lost_sales":0,"has_location":false,"update_date":"2026-01-28T23:11:04","atum_locations":[{"id":32,"name":"Helsinki","slug":"helsinki"}],"atum_stock_status":"outofstock","restock_status":false,"low_stock_amount":"","sales_update_date":"2026-01-28T23:11:04","calc_backorders":null,"acf":{"publisher":{"ID":1517,"post_author":"1","post_date":"2021-02-17 01:14:41","post_date_gmt":"2021-02-16 23:14:41","post_content":"","post_title":"NXB Tr\u1ebb","post_excerpt":"","post_status":"publish","comment_status":"closed","ping_status":"closed","post_password":"","post_name":"nxb-tre","to_ping":"","pinged":"","post_modified":"2021-02-17 01:14:41","post_modified_gmt":"2021-02-16 23:14:41","post_content_filtered":"","post_parent":0,"guid":"https:\/\/sachviet.eu\/nha-phat-hanh\/nxb-tre\/","menu_order":0,"post_type":"publisher","post_mime_type":"","comment_count":"0","filter":"raw"}},"_links":{"self":[{"href":"https:\/\/sachviet.eu\/en\/wp-json\/wp\/v2\/product\/18670","targetHints":{"allow":["GET"]}}],"collection":[{"href":"https:\/\/sachviet.eu\/en\/wp-json\/wp\/v2\/product"}],"about":[{"href":"https:\/\/sachviet.eu\/en\/wp-json\/wp\/v2\/types\/product"}],"wp:featuredmedia":[{"embeddable":true,"href":"https:\/\/sachviet.eu\/en\/wp-json\/wp\/v2\/media\/18665"}],"wp:attachment":[{"href":"https:\/\/sachviet.eu\/en\/wp-json\/wp\/v2\/media?parent=18670"}],"wp:term":[{"taxonomy":"product_brand","embeddable":true,"href":"https:\/\/sachviet.eu\/en\/wp-json\/wp\/v2\/product_brand?post=18670"},{"taxonomy":"product_cat","embeddable":true,"href":"https:\/\/sachviet.eu\/en\/wp-json\/wp\/v2\/product_cat?post=18670"},{"taxonomy":"product_tag","embeddable":true,"href":"https:\/\/sachviet.eu\/en\/wp-json\/wp\/v2\/product_tag?post=18670"}],"curies":[{"name":"wp","href":"https:\/\/api.w.org\/{rel}","templated":true}]}}