{"id":18664,"date":"2022-04-20T22:13:28","date_gmt":"2022-04-20T19:13:28","guid":{"rendered":"https:\/\/sachviet.eu\/shop\/dieu-kham-pha-bat-ngo-combo-7-quyen\/"},"modified":"2022-12-28T14:58:03","modified_gmt":"2022-12-28T12:58:03","slug":"dieu-kham-pha-bat-ngo-combo-7-quyen","status":"publish","type":"product","link":"https:\/\/sachviet.eu\/en\/shop\/dieu-kham-pha-bat-ngo-combo-7-quyen\/","title":{"rendered":"\u0110i\u1ec1u Kh\u00e1m Ph\u00e1 B\u1ea5t Ng\u1edd &#8211; Combo 7 quy\u1ec3n"},"content":{"rendered":"<p>&#8220;G\u1ea1o n\u1ebfp v\u00e0 g\u1ea1o t\u1ebb&#8221; l\u00e0 c\u00e2u chuy\u1ec7n kh\u00e1m ph\u00e1 nh\u1eefng \u0111i\u1ec1u b\u1ea5t ng\u1edd nh\u01b0ng g\u1ea7n g\u0169i nh\u1ea5t v\u1edbi \u0111\u1eddi s\u1ed1ng c\u00e1c em \u0111\u00f3 ch\u00ednh l\u00e0 ch\u00e9n c\u01a1m ch\u00fang ta \u0103n h\u00e0ng ng\u00e0y. Nh\u1eefng b\u1eefa \u0103n h\u00e0ng ng\u00e0y qu\u00e1 \u0111\u1ed7i quen thu\u1ed9c v\u1edbi c\u00e1c b\u1ea1n nh\u1ecf, quen \u0111\u1ebfn n\u1ed7i m\u1ed9t l\u00e0 c\u00e1c b\u1ea1n kh\u00f4ng th\u00e8m quan t\u00e2m m\u00ecnh s\u1ebd \u0103n g\u00ec hay ch\u1ec9 l\u00e0 c\u00e2u m\u1ec7nh l\u1ec7nh t\u1eed t\u1ebf \u201cH\u00f4m nay \u0103n g\u00ec v\u1eady m\u1eb9? v\u1eady b\u00e0? v\u1eady ba?\u201d \u0110\u1eb1ng sau nh\u1eefng b\u1eefa \u0103n l\u00e0 nh\u1eefng c\u00e2u chuy\u1ec7n t\u00e2m t\u00ecnh c\u1ee7a nh\u1eefng ng\u01b0\u1eddi b\u1ea1n kh\u00f4ng th\u1ec3 thi\u1ebfu trong c\u00e1c b\u1eefa \u0103n c\u1ee7a ng\u01b0\u1eddi Vi\u1ec7t. \u0110\u1ecdc v\u00e0 suy ng\u1eabm v\u1ec1 m\u1ed9t n\u00e9t ch\u1ea5m ph\u00e1 v\u1ec1 v\u0103n ho\u00e1 \u1ea9m th\u1ef1c phong ph\u00fa c\u1ee7a n\u01b0\u1edbc m\u00ecnh nh\u00e9 c\u00e1c b\u1ea1n.<\/p>\n<p>&#8220;Nh\u1eadt k\u00fd ch\u00fa b\u00e9 qu\u00ea m\u00f9a&#8221; l\u00e0 c\u00e2u chuy\u1ec7n v\u1ec1 hai anh em h\u1ecd, m\u1ed9t ng\u01b0\u1eddi s\u1ed1ng \u1edf th\u00e0nh ph\u1ed1 v\u00e0 m\u1ed9t ng\u01b0\u1eddi s\u1ed1ng \u1edf th\u00f4n qu\u00ea. Chuy\u1ec7n g\u00ec x\u1ea3y ra gi\u1eefa hai anh em khi h\u1ecd g\u1eb7p nhau, m\u1ed9t ng\u01b0\u1eddi \u1edf ch\u1ed1n th\u00e0nh th\u1ecb huy\u00ean n\u00e1o, m\u1ed9t ng\u01b0\u1eddi \u0111\u1ebfn t\u1eeb v\u00f9ng n\u00f4ng th\u00f4n y\u00ean t\u0129nh. Ai s\u1ebd l\u00e0 ng\u01b0\u1eddi th\u00fa v\u1ecb \u0111\u1ec3 m\u00ecnh k\u1ebft b\u1ea1n ch\u01a1i c\u00f9ng nhau nh\u1ec9, c\u00f3 bao gi\u1edd b\u1ea1n t\u1ef1 h\u1ecfi v\u1ec1 \u0111i\u1ec1u \u0111\u00f3. C\u00e2u chuy\u1ec7n l\u00e0 nh\u1eefng \u0111i\u1ec1u b\u1ea5t ng\u1edd th\u00fa v\u1ecb.<\/p>\n<p>&#8220;C\u00fan Lucy v\u00e0 \u0111\u00e0n v\u1ecbt&#8221; l\u00e0 m\u1ed9t c\u00e2u chuy\u1ec7n kh\u00e1m ph\u00e1 nh\u1eefng \u0111i\u1ec1u th\u00fa v\u1ecb ngay trong nh\u1eefng vi\u1ec7c \u0111\u01a1n gi\u1ea3n h\u00e0ng ng\u00e0y nh\u01b0 l\u00e0 \u0111i d\u1ea1o ph\u1ed1. H\u00e3y c\u00f9ng theo ch\u00e2n b\u1ea1n c\u00fan Lucy \u0111\u1ec3 ph\u00e1t hi\u1ec7n \u0111i\u1ec1u g\u00ec m\u1edbi l\u1ea1 trong chuy\u1ebfn \u0111i d\u1ea1o c\u00f4ng vi\u00ean \u0111\u1ea7u ti\u00ean, c\u00f3 bao nhi\u00eau th\u1eafc m\u1eafc m\u00e0 c\u00fan Lucy mu\u1ed1n \u0111\u01b0\u1ee3c gi\u1ea3i th\u00edch. C\u00e1c em h\u1ea1y gi\u00fap b\u1ea1n c\u00fan gi\u1ea3i \u0111\u00e1p nh\u00e9!<\/p>\n<p>Chuy\u1ec3n nh\u00e0 \u0111i n\u01a1i kh\u00e1c \u1edf c\u00f3 khi l\u00e0 ni\u1ec1m vui c\u1ee7a ng\u01b0\u1eddi n\u00e0y trong gia \u0111\u00ecnh m\u00ecnh nh\u01b0ng l\u1ea1i l\u00e0 s\u1ef1 lo \u00e2u c\u1ee7a ng\u01b0\u1eddi kh\u00e1c,\u2026 v\u00e0 c\u00f3 khi l\u00e0 c\u1ea3 n\u1ed7i bu\u1ed3n n\u1eefa. Qua c\u00e2u chuy\u1ec7n &#8220;Chuy\u1ec3n Nh\u00e0&#8221; c\u00e1c em s\u1ebd c\u00f3 c\u00e1i nh\u00ecn to\u00e0n di\u1ec7n h\u01a1n c\u00e1i \u0111\u01b0\u1ee3c c\u0169ng nh\u01b0 c\u00e1i m\u1ea5t khi ch\u00fang ta thay \u0111\u1ed5i m\u1ed9t n\u01a1i ch\u1ed1n sinh s\u1ed1ng. C\u00e2u chuy\u1ec7n &#8220;Chuy\u1ec3n Nh\u00e0&#8221;c\u0169ng k\u00eau g\u1ecdi m\u1ed7i ng\u01b0\u1eddi, b\u00ean c\u1ea1nh nh\u1eefng ti\u1ec7n nghi hi\u1ec7n \u0111\u1ea1i ch\u00fang ta c\u0169ng n\u00ean t\u00ecm v\u1ec1 nh\u1eefng \u0111i\u1ec1u gi\u1ea3n d\u1ecb g\u1ea7n g\u0169i v\u1edbi thi\u00ean nhi\u00ean, \u0111i\u1ec1u \u0111\u00f3 s\u1ebd gi\u00fap cu\u1ed9c s\u1ed1ng ch\u00fang ta tr\u1edf n\u00ean c\u00e2n b\u1eb1ng, nh\u1edd \u0111\u00f3 nh\u1eefng gi\u00e1 tr\u1ecb nh\u00e2n v\u0103n \u0111\u01b0\u1ee3c l\u01b0u truy\u1ec1n v\u00e0 g\u00ecn gi\u1eef.<\/p>\n<p>Trong nh\u1eefng gi\u1edd h\u1ecdc v\u1ebd t\u01b0\u1edfng ch\u1eebng nh\u01b0 r\u1ea5t y\u1ec5n t\u0129nh v\u00ec c\u00e1c h\u1ecda s\u0129 nh\u00ed \u0111ang r\u1ea5t t\u1eadp trung t\u01b0\u1edfng t\u01b0\u1ee3ng v\u00e0 s\u00e1ng t\u1ea1o. Th\u1ebf nh\u01b0ng c\u00f3 r\u1ea5t nhi\u1ec1u c\u00e2u chuy\u1ec7n lao x\u00e0o, r\u00ec r\u00e0o t\u1eeb nh\u1eefng trang gi\u1ea5y, t\u1eeb nh\u1eefng c\u00e2y c\u1ecd, l\u1ecd s\u01a1n m\u00e0u,\u2026 Em c\u00f3 bao gi\u1edd \u0111o\u00e1n \u0111\u01b0\u1ee3c h\u1ecd n\u00f3i chuy\u1ec7n g\u00ec v\u1edbi nhau m\u00e0 h\u00e0o h\u1ee9ng th\u1ebf?<\/p>\n<p>&#8220;Th\u00e1m t\u1eed m\u00e8o nh\u00ed&#8221; l\u00e0 c\u00e2u chuy\u1ec7n gi\u00e1o d\u1ee5c t\u00ednh quan s\u00e1t cu\u1ed9c s\u1ed1ng, t\u1eadp suy lu\u1eadn v\u00e0 ph\u00e1n \u0111o\u00e1n t\u1eeb nh\u1eefng t\u00edn hi\u1ec7u \u0111\u1eddi th\u01b0\u1eddng h\u00e0ng ng\u00e0y. Em c\u00f3 t\u1eebng th\u00edch ch\u01a1i tr\u00f2 th\u00e1m t\u1eed kh\u00f4ng nh\u1ec9? Trong c\u00e2u chuy\u1ec7n n\u00e0y, c\u00f3 m\u1ed9t b\u1ea1n m\u00e8o con r\u1ea5t th\u00edch tr\u1ed5 t\u00e0i th\u00e1m t\u1eed v\u00e0 n\u01a1i b\u1ea1n di\u1ec5n t\u00e0i n\u0103ng n\u00e0y l\u00e0 m\u1ed9t n\u01a1i r\u1ea5t \u0111\u1eb7c bi\u1ec7t. \u0110\u1ec3 bi\u1ebft \u0111\u00f3 l\u00e0 \u0111\u00e2u v\u00e0 b\u1ea1n \u1ea5y tr\u1ed5 t\u00e0i th\u1ebf n\u00e0o, c\u00e1c em c\u00f9ng l\u1eadt gi\u1edf t\u1eebng trang m\u1ed9t c\u1ee7a quy\u1ec3n s\u00e1ch n\u00e0y ra nh\u00e9!<\/p>\n<p>&#8220;T\u1ea1i \u1ea3i? T\u1ea1i ai?&#8221; l\u00e0 c\u00e2u chuy\u1ec7n k\u1ec3 v\u1ec1 m\u1ed9t ch\u00fa m\u00e8o \u0111i l\u1ea1c \u0111\u01b0\u1ee3c \u0111em v\u1ec1 nu\u00f4i. M\u1ed7i ng\u01b0\u1eddi trong gia \u0111\u00ecnh \u0111\u00f3n nh\u1eadn b\u00e9 m\u00e8o theo c\u00e1ch c\u1ea3m nh\u1eadn ri\u00eang c\u1ee7a  c\u1ee7a t\u1eebng th\u00e0nh vi\u00ean. B\u00e9 m\u00e8o s\u1ebd c\u00f3 chu\u1ed7i ng\u00e0y h\u1ea1nh ph\u00fac tr\u1ecdn v\u1eb9n c\u1ee7a m\u00e8o khi \u0111\u1ebfn v\u1edbi gia \u0111\u00ecnh m\u1edbi ch\u0103ng? C\u00e1c em s\u1ebd c\u00f3 c\u00e2u tr\u1ea3 l\u1eddi cho t\u1ef1a s\u00e1ch sau khi \u0111\u1ecdc \u0111\u1ebfn trang cu\u1ed1i c\u1ee7a c\u00e2u chuy\u1ec7n nh\u00e9!<\/p>\n","protected":false},"excerpt":{"rendered":"<p>&#8220;G\u1ea1o n\u1ebfp v\u00e0 g\u1ea1o t\u1ebb&#8221; l\u00e0 c\u00e2u chuy\u1ec7n kh\u00e1m ph\u00e1 nh\u1eefng \u0111i\u1ec1u b\u1ea5t ng\u1edd nh\u01b0ng g\u1ea7n g\u0169i nh\u1ea5t v\u1edbi \u0111\u1eddi s\u1ed1ng c\u00e1c em \u0111\u00f3 ch\u00ednh l\u00e0 ch\u00e9n c\u01a1m ch\u00fang ta \u0103n h\u00e0ng ng\u00e0y. Nh\u1eefng b\u1eefa \u0103n h\u00e0ng ng\u00e0y qu\u00e1 \u0111\u1ed7i quen thu\u1ed9c v\u1edbi c\u00e1c b\u1ea1n nh\u1ecf, quen \u0111\u1ebfn n\u1ed7i m\u1ed9t l\u00e0 c\u00e1c b\u1ea1n kh\u00f4ng th\u00e8m quan t\u00e2m m\u00ecnh s\u1ebd \u0103n g\u00ec hay ch\u1ec9 l\u00e0 c\u00e2u m\u1ec7nh l\u1ec7nh t\u1eed t\u1ebf \u201cH\u00f4m nay \u0103n g\u00ec v\u1eady m\u1eb9? v\u1eady b\u00e0? v\u1eady ba?\u201d \u0110\u1eb1ng sau nh\u1eefng b\u1eefa \u0103n l\u00e0 nh\u1eefng c\u00e2u chuy\u1ec7n t\u00e2m t\u00ecnh c\u1ee7a nh\u1eefng ng\u01b0\u1eddi b\u1ea1n kh\u00f4ng th\u1ec3 thi\u1ebfu trong c\u00e1c b\u1eefa \u0103n c\u1ee7a ng\u01b0\u1eddi Vi\u1ec7t. \u0110\u1ecdc v\u00e0 suy ng\u1eabm v\u1ec1 m\u1ed9t n\u00e9t ch\u1ea5m ph\u00e1 v\u1ec1 v\u0103n ho\u00e1 \u1ea9m th\u1ef1c phong ph\u00fa c\u1ee7a n\u01b0\u1edbc m\u00ecnh nh\u00e9 c\u00e1c b\u1ea1n.<\/p>\n","protected":false},"featured_media":18657,"template":"","meta":{"_acf_changed":false},"product_brand":[],"product_cat":[24,25,17],"product_tag":[],"class_list":{"0":"post-18664","1":"product","2":"type-product","3":"status-publish","4":"has-post-thumbnail","6":"product_cat-nha-tre-mau-giao-0-tuoi-6-tuoi","7":"product_cat-nhi-dong-6-tuoi-12-tuoi","8":"product_cat-sach-danh-cho-cac-be","10":"first","11":"outofstock","12":"taxable","13":"shipping-taxable","14":"purchasable","15":"product-type-simple"},"supplier_id":null,"supplier_sku":"","barcode":null,"atum_controlled":true,"out_stock_date":"2022-12-28 12:58:03","out_stock_threshold":null,"inheritable":false,"inbound_stock":0,"stock_on_hold":0,"sold_today":0,"sales_last_days":0,"reserved_stock":0,"customer_returns":0,"warehouse_damage":0,"lost_in_post":0,"other_logs":0,"out_stock_days":1127,"lost_sales":0,"has_location":true,"update_date":"2026-01-28T23:11:04","atum_locations":[{"id":32,"name":"Helsinki","slug":"helsinki"}],"atum_stock_status":"outofstock","restock_status":false,"low_stock_amount":"","sales_update_date":"2026-01-28T23:11:04","calc_backorders":null,"acf":{"publisher":{"ID":1517,"post_author":"1","post_date":"2021-02-17 01:14:41","post_date_gmt":"2021-02-16 23:14:41","post_content":"","post_title":"NXB Tr\u1ebb","post_excerpt":"","post_status":"publish","comment_status":"closed","ping_status":"closed","post_password":"","post_name":"nxb-tre","to_ping":"","pinged":"","post_modified":"2021-02-17 01:14:41","post_modified_gmt":"2021-02-16 23:14:41","post_content_filtered":"","post_parent":0,"guid":"https:\/\/sachviet.eu\/nha-phat-hanh\/nxb-tre\/","menu_order":0,"post_type":"publisher","post_mime_type":"","comment_count":"0","filter":"raw"}},"_links":{"self":[{"href":"https:\/\/sachviet.eu\/en\/wp-json\/wp\/v2\/product\/18664","targetHints":{"allow":["GET"]}}],"collection":[{"href":"https:\/\/sachviet.eu\/en\/wp-json\/wp\/v2\/product"}],"about":[{"href":"https:\/\/sachviet.eu\/en\/wp-json\/wp\/v2\/types\/product"}],"wp:featuredmedia":[{"embeddable":true,"href":"https:\/\/sachviet.eu\/en\/wp-json\/wp\/v2\/media\/18657"}],"wp:attachment":[{"href":"https:\/\/sachviet.eu\/en\/wp-json\/wp\/v2\/media?parent=18664"}],"wp:term":[{"taxonomy":"product_brand","embeddable":true,"href":"https:\/\/sachviet.eu\/en\/wp-json\/wp\/v2\/product_brand?post=18664"},{"taxonomy":"product_cat","embeddable":true,"href":"https:\/\/sachviet.eu\/en\/wp-json\/wp\/v2\/product_cat?post=18664"},{"taxonomy":"product_tag","embeddable":true,"href":"https:\/\/sachviet.eu\/en\/wp-json\/wp\/v2\/product_tag?post=18664"}],"curies":[{"name":"wp","href":"https:\/\/api.w.org\/{rel}","templated":true}]}}