{"id":18581,"date":"2022-04-16T12:58:36","date_gmt":"2022-04-16T09:58:36","guid":{"rendered":"https:\/\/sachviet.eu\/shop\/ehon-nhat-ban-danh-cho-be-0-3-tuoi-ehon-be-ngoan-bo-6-cuon\/"},"modified":"2025-04-26T18:09:42","modified_gmt":"2025-04-26T15:09:42","slug":"ehon-nhat-ban-danh-cho-be-0-3-tuoi-ehon-be-ngoan-bo-6-cuon","status":"publish","type":"product","link":"https:\/\/sachviet.eu\/en\/shop\/ehon-nhat-ban-danh-cho-be-0-3-tuoi-ehon-be-ngoan-bo-6-cuon\/","title":{"rendered":"Ehon Nh\u1eadt b\u1ea3n d\u00e0nh cho b\u00e9 0 &#8211; 3 tu\u1ed5i Ehon b\u00e9 ngoan (B\u1ed9 6 cu\u1ed1n)"},"content":{"rendered":"<p>Combo Ehon Nh\u1eadt B\u1ea3n &#8211; B\u1ed9 6 cu\u1ed1n d\u00e0nh cho b\u00e9 0-3 tu\u1ed5i. <\/p>\n<p>Ehon l\u00e0 d\u00f2ng s\u00e1ch \u0111\u01b0\u1ee3c v\u00ed nh\u01b0 \u201cth\u1ef1c ph\u1ea9m cho t\u00e2m h\u1ed3n b\u00e9\u201d t\u1ea1i Nh\u1eadt. \u0110\u00e2y l\u00e0 d\u00f2ng s\u00e1ch tranh cho l\u1ee9a tu\u1ed5i t\u1eeb 0 t\u1edbi 6. <\/p>\n<p>M\u1ed7i cu\u1ed1n s\u00e1ch l\u00e0 m\u1ed9t c\u00e2u chuy\u1ec7n ng\u1eafn, v\u1edbi c\u1ea5u tr\u00fac r\u00f5 r\u00e0ng. S\u00e1ch truy\u1ec7n tranh v\u00e0 nhi\u1ec1u h\u00ecnh \u1ea3nh m\u00e0u s\u1eafc n\u1ed5i b\u1eadt, \u00edt ch\u1eef. R\u1ea5t ph\u00f9 h\u1ee3p cho b\u00e9. <\/p>\n<p>M\u1ed7i trang ch\u1ec9 g\u1ed3m m\u1ed9t t\u1edbi hai c\u00e2u ng\u1eafn ph\u00f9 h\u1ee3p v\u1edbi kh\u1ea3 n\u0103ng ng\u00f4n ng\u1eef c\u1ee7a tr\u1ebb. <\/p>\n<p>N\u1ed9i dung v\u00e0 nh\u00e2n v\u1eadt trong s\u00e1ch l\u00e0 nh\u1eefng s\u1ef1 v\u1eadt, hi\u1ec7n t\u01b0\u1ee3ng g\u1ea7n g\u0169i trong cu\u1ed9c s\u1ed1ng h\u00e0ng ng\u00e0y c\u1ee7a c\u00e1c b\u00e9 nh\u01b0 \u0103n, ng\u1ee7, ch\u01a1i \u0111\u00f9a, c\u00e1c lo\u00e0i \u0111\u1ed9ng, th\u1ef1c v\u1eadt. Cha m\u1eb9 \u0111\u1ecdc ehon th\u01b0\u1eddng ng\u00e0y v\u1edbi con, nh\u01b0 c\u00e1ch tr\u00f2 chuy\u1ec7n, th\u1ec3 hi\u1ec7n t\u00ecnh y\u00eau th\u01b0\u01a1ng v\u00e0 gi\u00e1o d\u1ee5c con. <\/p>\n<p>S\u00e1ch ehon ch\u1ee9a \u0111\u1ef1ng nhi\u1ec1u b\u00e0i h\u1ecdc gi\u00fap b\u00e9 ph\u00e1t tri\u1ec3n ng\u00f4n ng\u1eef, tr\u00ed t\u01b0\u1edfng t\u01b0\u1ee3ng, nu\u00f4i d\u01b0\u1ee1ng nh\u00e2n c\u00e1ch, l\u00e0m phong ph\u00fa t\u00e2m h\u1ed3n con. <\/p>\n<p>B\u1ed9 truy\u1ec7n bao g\u1ed3m 6 cu\u1ed1n: <\/p>\n<p>A. Ch\u00e0o m\u1eb7t tr\u0103ng <\/p>\n<p>H. Tay xinh \u0111\u00e2u nh\u1ec9? <\/p>\n<p>A. Gi\u1ea7y nh\u1ecf \u0111i th\u00f4i <\/p>\n<p>B. B\u00e9 tr\u1ee9ng <\/p>\n<p>O. C\u00e1 v\u00e0ng tr\u1ed1n \u1edf \u0111\u00e2u r\u1ed3i nh\u1ec9 <\/p>\n<p>OKS. C\u00f9ng lau cho s\u1ea1ch n\u00e0o <\/p>\n<p>\u0110\u00e2y l\u00e0 b\u1ed9 truy\u1ec7n tranh V\u00f4 c\u00f9ng th\u00edch th\u00fa cho c\u00e1c b\u00e9 nh\u00e9 c\u00e1c m\u1eb9. \u0110\u1ea3m b\u1ea3o c\u00e1c con s\u1ebd th\u00edch ngay t\u1eeb c\u00e1i nh\u00ecn \u0111\u1ea7u ti\u00ean<\/p>\n","protected":false},"excerpt":{"rendered":"<p>Combo Ehon Nh\u1eadt B\u1ea3n &#8211; B\u1ed9 6 cu\u1ed1n d\u00e0nh cho b\u00e9 0-3 tu\u1ed5i. <\/p>\n<p>Ehon l\u00e0 d\u00f2ng s\u00e1ch \u0111\u01b0\u1ee3c v\u00ed nh\u01b0 \u201cth\u1ef1c ph\u1ea9m cho t\u00e2m h\u1ed3n b\u00e9\u201d t\u1ea1i Nh\u1eadt. \u0110\u00e2y l\u00e0 d\u00f2ng s\u00e1ch tranh cho l\u1ee9a tu\u1ed5i t\u1eeb 0 t\u1edbi 6. <\/p>\n<p>M\u1ed7i cu\u1ed1n s\u00e1ch l\u00e0 m\u1ed9t c\u00e2u chuy\u1ec7n ng\u1eafn, v\u1edbi c\u1ea5u tr\u00fac r\u00f5 r\u00e0ng. S\u00e1ch truy\u1ec7n tranh v\u00e0 nhi\u1ec1u h\u00ecnh \u1ea3nh m\u00e0u s\u1eafc n\u1ed5i b\u1eadt, \u00edt ch\u1eef. R\u1ea5t ph\u00f9 h\u1ee3p cho b\u00e9. <\/p>\n<p>M\u1ed7i trang ch\u1ec9 g\u1ed3m m\u1ed9t t\u1edbi hai c\u00e2u ng\u1eafn ph\u00f9 h\u1ee3p v\u1edbi kh\u1ea3 n\u0103ng ng\u00f4n ng\u1eef c\u1ee7a tr\u1ebb. <\/p>\n<p>N\u1ed9i dung v\u00e0 nh\u00e2n v\u1eadt trong s\u00e1ch l\u00e0 nh\u1eefng s\u1ef1 v\u1eadt, hi\u1ec7n t\u01b0\u1ee3ng g\u1ea7n g\u0169i trong cu\u1ed9c s\u1ed1ng h\u00e0ng ng\u00e0y c\u1ee7a c\u00e1c b\u00e9 nh\u01b0 \u0103n, ng\u1ee7, ch\u01a1i \u0111\u00f9a, c\u00e1c lo\u00e0i \u0111\u1ed9ng, th\u1ef1c v\u1eadt. Cha m\u1eb9 \u0111\u1ecdc ehon th\u01b0\u1eddng ng\u00e0y v\u1edbi con, nh\u01b0 c\u00e1ch tr\u00f2 chuy\u1ec7n, th\u1ec3 hi\u1ec7n t\u00ecnh y\u00eau th\u01b0\u01a1ng v\u00e0 gi\u00e1o d\u1ee5c con. <\/p>\n<p>S\u00e1ch ehon ch\u1ee9a \u0111\u1ef1ng nhi\u1ec1u b\u00e0i h\u1ecdc gi\u00fap b\u00e9 ph\u00e1t tri\u1ec3n ng\u00f4n ng\u1eef, tr\u00ed t\u01b0\u1edfng t\u01b0\u1ee3ng, nu\u00f4i d\u01b0\u1ee1ng nh\u00e2n c\u00e1ch, l\u00e0m phong ph\u00fa t\u00e2m h\u1ed3n con. <\/p>\n<p>B\u1ed9 truy\u1ec7n bao g\u1ed3m 6 cu\u1ed1n: <\/p>\n<p>A. Ch\u00e0o m\u1eb7t tr\u0103ng <\/p>\n<p>H. Tay xinh \u0111\u00e2u nh\u1ec9? <\/p>\n<p>A. Gi\u1ea7y nh\u1ecf \u0111i th\u00f4i <\/p>\n<p>B. B\u00e9 tr\u1ee9ng <\/p>\n<p>O. C\u00e1 v\u00e0ng tr\u1ed1n \u1edf \u0111\u00e2u r\u1ed3i nh\u1ec9 <\/p>\n<p>OKS. C\u00f9ng lau cho s\u1ea1ch n\u00e0o <\/p>\n<p>\u0110\u00e2y l\u00e0 b\u1ed9 truy\u1ec7n tranh V\u00f4 c\u00f9ng th\u00edch th\u00fa cho c\u00e1c b\u00e9 nh\u00e9 c\u00e1c m\u1eb9. \u0110\u1ea3m b\u1ea3o c\u00e1c con s\u1ebd th\u00edch ngay t\u1eeb c\u00e1i nh\u00ecn \u0111\u1ea7u ti\u00ean<\/p>\n","protected":false},"featured_media":18580,"template":"","meta":{"_acf_changed":false},"product_brand":[],"product_cat":[24,17],"product_tag":[],"class_list":{"0":"post-18581","1":"product","2":"type-product","3":"status-publish","4":"has-post-thumbnail","6":"product_cat-nha-tre-mau-giao-0-tuoi-6-tuoi","7":"product_cat-sach-danh-cho-cac-be","9":"first","10":"outofstock","11":"taxable","12":"shipping-taxable","13":"purchasable","14":"product-type-simple"},"supplier_id":null,"supplier_sku":"","barcode":null,"atum_controlled":true,"out_stock_date":"2025-04-26 15:09:43","out_stock_threshold":null,"inheritable":false,"inbound_stock":0,"stock_on_hold":0,"sold_today":0,"sales_last_days":0,"reserved_stock":0,"customer_returns":0,"warehouse_damage":0,"lost_in_post":0,"other_logs":0,"out_stock_days":277,"lost_sales":0,"has_location":false,"update_date":"2026-01-28T23:11:28","atum_locations":[],"atum_stock_status":"outofstock","restock_status":false,"low_stock_amount":"","sales_update_date":"2026-01-28T23:11:28","calc_backorders":null,"acf":{"publisher":{"ID":1453,"post_author":"1","post_date":"2021-02-17 01:11:32","post_date_gmt":"2021-02-16 23:11:32","post_content":"<!-- wp:flatsome\/uxbuilder -->\n<h1 style=\"text-align: center;\"><strong>Qu\u1ea3ng V\u0103n<\/strong><\/h1>\n[row]\n\n[col span=\"6\" span__sm=\"12\"]\n\n[ux_image id=\"1552\" image_size=\"medium\"]\n\n\n[\/col]\n[col span=\"6\" span__sm=\"12\"]\n\n<p><strong>Quangvanbooks<\/strong><br \/>Qu\u1ea3ng V\u0103n l\u00e0 t\u1ed5 h\u1ee3p xu\u1ea5t b\u1ea3n, gi\u00e1o d\u1ee5c v\u00e0 nh\u01b0\u1ee3ng quy\u1ec1n h\u00e0ng \u0111\u1ea7u trong ng\u00e0nh c\u00f4ng nghi\u1ec7p s\u00e1ng t\u1ea1o v\u1edbi c\u00e1c th\u01b0\u01a1ng hi\u1ec7u nh\u00e1nh:<\/p>\n<p>Quangvanbooks - Th\u01b0\u01a1ng hi\u1ec7u s\u00e1ch v\u0103n h\u00f3a gi\u00e1o d\u1ee5c v\u00e0 v\u0103n h\u00f3a gi\u1ea3i tr\u00ed<br \/>Ehomebooks - Th\u01b0\u01a1ng hi\u1ec7u s\u00e1ch gi\u00e1o d\u1ee5c gia \u0111\u00ecnh<br \/>Sakurabooks - Th\u01b0\u01a1ng hi\u1ec7u s\u00e1ch Nh\u1eadt B\u1ea3n<br \/>IPERbooks - Th\u01b0\u01a1ng hi\u1ec7u s\u00e1ch gi\u00e1o d\u1ee5c nh\u00e0 tr\u01b0\u1eddng<br \/>IPER - Vi\u1ec7n nghi\u00ean c\u1ee9u xu\u1ea5t b\u1ea3n v\u00e0 gi\u00e1o d\u1ee5c IPER<\/p>\n<p><strong>T\u1ea7m nh\u00ecn<\/strong><br \/>Tr\u1edf th\u00e0nh th\u01b0\u01a1ng hi\u1ec7u s\u00e1ch v\u0103n h\u00f3a gi\u00e1o d\u1ee5c v\u00e0 v\u0103n h\u00f3a gi\u1ea3i tr\u00ed t\u1ed1t nh\u1ea5t v\u00e0 \u0111a d\u1ea1ng nh\u1ea5t Vi\u1ec7t Nam.<\/p>\n<p><br \/><strong>S\u1ee9 m\u1ec7nh<\/strong><br \/>Mang \u0111\u1ebfn nh\u1eefng cu\u1ed1n s\u00e1ch v\u0103n h\u00f3a gi\u00e1o d\u1ee5c v\u00e0 v\u0103n h\u00f3a gi\u1ea3i tr\u00ed \u0111\u1ebfn v\u1edbi \u0111\u1ed9c gi\u1ea3 Vi\u1ec7t Nam v\u00e0 th\u1ebf gi\u1edbi nh\u1eb1m gi\u00fap \u0111\u1ed9c gi\u1ea3 ph\u00e1t tri\u1ec3n b\u1ea3n th\u00e2n, gi\u00e1o d\u1ee5c, gi\u1ea3i tr\u00ed v\u00e0 khai s\u00e1ng nh\u1eb1m x\u00e2y d\u1ef1ng x\u00e3 h\u1ed9i th\u1ecbnh v\u01b0\u1ee3ng, h\u1ea1nh ph\u00fac.<\/p>\n<p><strong>Gi\u00e1 tr\u1ecb c\u1ed1t l\u00f5i<\/strong><\/p>\n<p>S\u00e1ng t\u1ea1o - Linh ho\u1ea1t - H\u1ee3p t\u00e1c - Ch\u00ednh tr\u1ef1c - Nhi\u1ec7t huy\u1ebft - C\u00e2n b\u1eb1ng - H\u1ea1nh ph\u00fac<\/p>\n\n[\/col]\n\n[\/row]\n\n<!-- \/wp:flatsome\/uxbuilder -->","post_title":"Qu\u1ea3ng V\u0103n","post_excerpt":"","post_status":"publish","comment_status":"closed","ping_status":"closed","post_password":"","post_name":"quang-van","to_ping":"","pinged":"","post_modified":"2021-02-17 01:26:44","post_modified_gmt":"2021-02-16 23:26:44","post_content_filtered":"","post_parent":0,"guid":"https:\/\/sachviet.eu\/nha-phat-hanh\/quang-van\/","menu_order":0,"post_type":"publisher","post_mime_type":"","comment_count":"0","filter":"raw"}},"_links":{"self":[{"href":"https:\/\/sachviet.eu\/en\/wp-json\/wp\/v2\/product\/18581","targetHints":{"allow":["GET"]}}],"collection":[{"href":"https:\/\/sachviet.eu\/en\/wp-json\/wp\/v2\/product"}],"about":[{"href":"https:\/\/sachviet.eu\/en\/wp-json\/wp\/v2\/types\/product"}],"wp:featuredmedia":[{"embeddable":true,"href":"https:\/\/sachviet.eu\/en\/wp-json\/wp\/v2\/media\/18580"}],"wp:attachment":[{"href":"https:\/\/sachviet.eu\/en\/wp-json\/wp\/v2\/media?parent=18581"}],"wp:term":[{"taxonomy":"product_brand","embeddable":true,"href":"https:\/\/sachviet.eu\/en\/wp-json\/wp\/v2\/product_brand?post=18581"},{"taxonomy":"product_cat","embeddable":true,"href":"https:\/\/sachviet.eu\/en\/wp-json\/wp\/v2\/product_cat?post=18581"},{"taxonomy":"product_tag","embeddable":true,"href":"https:\/\/sachviet.eu\/en\/wp-json\/wp\/v2\/product_tag?post=18581"}],"curies":[{"name":"wp","href":"https:\/\/api.w.org\/{rel}","templated":true}]}}