{"id":18577,"date":"2022-04-16T12:58:25","date_gmt":"2022-04-16T09:58:25","guid":{"rendered":"https:\/\/sachviet.eu\/shop\/bach-khoa-tri-thuc-cho-tre-em-kham-pha-va-sang-tao-tai-ban\/"},"modified":"2022-12-19T15:02:47","modified_gmt":"2022-12-19T13:02:47","slug":"bach-khoa-tri-thuc-cho-tre-em-kham-pha-va-sang-tao-tai-ban","status":"publish","type":"product","link":"https:\/\/sachviet.eu\/en\/shop\/bach-khoa-tri-thuc-cho-tre-em-kham-pha-va-sang-tao-tai-ban\/","title":{"rendered":"B\u00e1ch Khoa Tri Th\u1ee9c Cho Tr\u1ebb Em &#8211; Kh\u00e1m Ph\u00e1 V\u00e0 S\u00e1ng T\u1ea1o (T\u00e1i B\u1ea3n)"},"content":{"rendered":"<p>L\u00e0m th\u1ebf n\u00e0o \u0111\u1ec3 c\u00e1c em h\u00e1o h\u1ee9c kh\u00e1m ph\u00e1 nh\u1eefng ch\u00e2n tr\u1eddi ki\u1ebfn th\u1ee9c m\u00e0 \u0111\u00f4i khi t\u01b0\u1edfng nh\u01b0 kh\u00f4 khan h\u1ebft s\u1ee9c. V\u00e0 l\u00e0m th\u1ebf n\u00e0o \u0111\u1ec3 bi\u1ebfn nh\u1eefng tri th\u1ee9c \u1ea5y th\u00e0nh ni\u1ec1m s\u00e1ng t\u1ea1o say m\u00ea? Cu\u1ed1n B\u00e1ch khoa tri th\u1ee9c cho tr\u1ebb em &#8211; Kh\u00e1m ph\u00e1 v\u00e0 S\u00e1ng t\u1ea1o v\u1edbi h\u00e0ng ng\u00e0n \u0111i\u1ec1u th\u00fa v\u1ecb b\u00ean trong ch\u1eafc ch\u1eafn s\u1ebd mang \u0111\u1ebfn cho b\u1ea1n nh\u1eefng c\u00e2u tr\u1ea3 l\u1eddi th\u1ecfa \u0111\u00e1ng.<\/p>\n<p>Cu\u1ed1n s\u00e1ch l\u00e0 s\u1ea3n ph\u1ea9m s\u00e1ng t\u1ea1o c\u1ee7a m\u1ed9t t\u1eadp th\u1ec3 t\u00e1c gi\u1ea3 nhi\u1ec1u kinh nghi\u1ec7m trong vi\u1ec7c vi\u1ebft s\u00e1ch v\u00e0 hi\u1ec3u kh\u00e1 r\u00f5 t\u00e2m l\u00fd thi\u1ebfu nhi. Deborah Chancellor \u0111\u00e3 vi\u1ebft h\u01a1n 30 cu\u1ed1n s\u00e1ch cho tr\u1ebb em. Tr\u01b0\u1edbc khi tr\u1edf th\u00e0nh bi\u00ean t\u1eadp vi\u00ean ki\u00eam t\u00e1c gi\u1ea3 vi\u1ebft s\u00e1ch cho thi\u1ebfu nhi, b\u00e0 l\u00e0 m\u1ed9t gi\u00e1o vi\u00ean ti\u1ec3u h\u1ecdc. C\u00f2n Deborah Murrell \u0111\u00e3 vi\u1ebft r\u1ea5t nhi\u1ec1u s\u00e1ch cho tr\u1ebb em v\u00e0 ng\u01b0\u1eddi l\u1edbn v\u1ec1 m\u1ecdi ch\u1ee7 \u0111\u1ec1, t\u1eeb hi\u1ec7p s\u0129 v\u00e0 l\u00e2u \u0111\u00e0i cho \u0111\u1ebfn Shakespeare trong h\u01a1n 15 n\u0103m qua. Philip Steele th\u00ec say m\u00ea vi\u1ebft v\u1ec1 l\u1ecbch s\u1eed. \u00d4ng l\u00e0 t\u00e1c gi\u1ea3 n\u1ed5i ti\u1ebfng c\u1ee7a h\u01a1n 100 t\u1ef1a s\u00e1ch cho tr\u1ebb em. V\u00e0 Barbara Taylor l\u00e0 t\u00e1c gi\u1ea3 c\u1ee7a h\u01a1n 100 cu\u1ed1n s\u00e1ch ki\u1ebfn th\u1ee9c cho tr\u1ebb em. B\u00e0 \u0111\u00e3 gi\u00e0nh \u0111\u01b0\u1ee3c nhi\u1ec1u gi\u1ea3i th\u01b0\u1edfng, bao g\u1ed3m Gi\u1ea3i th\u01b0\u1edfng vi\u1ebft v\u1ec1 Khoa h\u1ecdc c\u1ee7a H\u1ed9i V\u1eadt l\u00fd Hoa K\u1ef3 n\u0103m 1998, Gi\u1ea3i th\u01b0\u1edfng c\u1ee7a English Association t\u1eeb l\u1ea7n 4 \u0111\u1ebfn l\u1ea7n 11, Gi\u1ea3i v\u00e0ng c\u1ee7a Hi\u1ec7p h\u1ed9i \u0110\u1ecba l\u00fd n\u0103m 1996 v\u00e0 Gi\u1ea3i th\u01b0\u1edfng WOW n\u0103m 2003.<\/p>\n<p>B\u00e1ch khoa tri th\u1ee9c cho tr\u1ebb em &#8211; Kh\u00e1m ph\u00e1 v\u00e0 S\u00e1ng t\u1ea1o l\u00e0 cu\u1ed1n s\u00e1ch bao g\u1ed3m 150 \u0111\u1ec1 t\u00e0i th\u00fa v\u1ecb \u0111\u01b0\u1ee3c chia th\u00e0nh 10 ch\u01b0\u01a1ng t\u1eeb Tr\u00e1i \u0110\u1ea5t c\u1ee7a ch\u00fang ta, Th\u1ef1c v\u1eadt, \u0110\u1ed9ng v\u1eadt, Kh\u1ee7ng long, Con ng\u01b0\u1eddi v\u00e0 c\u00e1c v\u00f9ng \u0111\u1ea5t, Con ng\u01b0\u1eddi qua th\u1eddi gian cho \u0111\u1ebfn C\u01a1 th\u1ec3 t\u00f4i, Khoa h\u1ecdc, Kh\u00f4ng gian v\u00e0 M\u00e1y m\u00f3c; ngo\u00e0i l\u01b0\u1ee3ng th\u00f4ng tin d\u1ed3i d\u00e0o cu\u1ed1n s\u00e1ch c\u00f2n ch\u1ee9a \u0111\u1ef1ng nhi\u1ec1u \u00fd t\u01b0\u1edfng \u0111\u1eb7c bi\u1ec7t khi\u1ebfn c\u00e1c em th\u00edch th\u00fa. B\u00ean c\u1ea1nh ki\u1ebfn th\u1ee9c, c\u00e1c em s\u1ebd t\u00ecm th\u1ea5y trong \u0111\u00e2y nh\u1eefng s\u1ef1 ki\u1ec7n \u0111\u00e1ng kinh ng\u1ea1c, nh\u1eefng c\u00e2u chuy\u1ec7n th\u1ea7n ti\u00ean, nh\u1eefng c\u00e2u h\u1ecfi kh\u00f3 v\u00e0 \u0111\u1eb7c bi\u1ec7t l\u00e0 nh\u1eefng ho\u1ea1t \u0111\u1ed9ng s\u00e1ng t\u1ea1o c\u1ef1c k\u1ef3 th\u00fa v\u1ecb m\u00e0 khi th\u1ec3 hi\u1ec7n s\u1ebd khi\u1ebfn b\u1ea1n b\u00e8 b\u1ea5t ng\u1edd. Nh\u1eefng \u0111i\u1ec1u \u0111\u00f3 n\u1eb1m \u1edf \u00d4 s\u1ef1 ki\u1ec7n, n\u01a1i l\u01b0u gi\u1eef c\u00e1c s\u1ef1 ki\u1ec7n k\u1ef3 l\u1ea1 li\u00ean quan t\u1edbi ch\u1ee7 \u0111\u1ec1 \u0111ang \u0111\u1ec1 c\u1eadp; \u1edf c\u00e1c \u00d4 truy\u1ec7n mang bi\u1ec3u t\u01b0\u1ee3ng h\u00ecnh quy\u1ec3n s\u00e1ch t\u1eadp h\u1ee3p nh\u1eefng truy\u1ec7n th\u1ea7n ti\u00ean, c\u1ed5 t\u00edch tr\u00ean kh\u1eafp th\u1ebf gian; \u1edf h\u1ed9p T\u1eeb v\u1ef1ng- m\u1ed9t cu\u1ed1n t\u1eeb \u0111i\u1ec3n thu nh\u1ecf n\u01a1i gi\u1ea3i ngh\u0129a c\u00e1c t\u1eeb h\u00f3c b\u00faa; \u1edf V\u00f2ng tr\u00f2n c\u00e2u h\u1ecfi &#8211; m\u1ed9t c\u1ea9m nang nh\u1ecf g\u1ed3m c\u00e1c th\u1eafc m\u1eafc k\u1ef3 th\u00fa; \u1edf m\u1ee5c B\u1ea1n c\u00f3 t\u00ecm th\u1ea5y kh\u00f4ng n\u01a1i ki\u1ec3m tra kh\u1ea3 n\u0103ng t\u1eadp l\u00e0m th\u00e1m t\u1eed v\u00e0 v\u00e0 \u1edf G\u00f3c s\u00e1ng t\u1ea1o l\u00e0 ch\u1ed1n cho ph\u00e9p c\u00e1c em th\u1ecfa s\u1ee9c s\u00e1ng t\u1ea1o, th\u1ef1c h\u00e0nh d\u1ef1a tr\u00ean nh\u1eefng g\u1ee3i \u00fd \u0111\u01a1n gi\u1ea3n, l\u00fd th\u00fa. Ngo\u00e0i ra, m\u1ed7i \u0111\u1ec1 t\u00e0i l\u1ea1i k\u00e8m theo m\u1ed9t \u0111\u01b0\u1eddng link t\u1edbi c\u00e1c trang web \u0111\u1ec3 ph\u1ee5 huynh c\u00f9ng c\u00e1c em c\u00f3 th\u1ec3 tham kh\u1ea3o th\u00eam ki\u1ebfn th\u1ee9c tr\u00ean Internet va\u0300 ti\u0300m ki\u00ea\u0301m c\u00e1c th\u00f4ng tin li\u00ean quan.<\/p>\n<p>B\u00ean c\u1ea1nh \u0111\u00f3, v\u1edbi 2.000 minh h\u1ecda \u0111\u1eb9p \u0111\u01b0\u1ee3c th\u1ec3 hi\u1ec7n tr\u00ean t\u1eebng trang s\u00e1ch c\u00f3 n\u1ec1n m\u00e0u kh\u00e1c nhau, cu\u1ed1n B\u00e1ch khoa tri th\u1ee9c cho tr\u1ebb em &#8211; Kh\u00e1m ph\u00e1 v\u00e0 S\u00e1ng t\u1ea1o c\u00f2n t\u1ef1a nh\u01b0 m\u1ed9t t\u1ed5ng t\u1eadp tranh phong ph\u00fa. T\u1eeb c\u00e1c ch\u00fa kh\u1ee7ng long cho \u0111\u1ebfn c\u00e1c lo\u00e0i c\u00e2y l\u1ea1 l\u1eabm, t\u1eeb c\u00e1c n\u1ec1n v\u0103n minh c\u1ed5 \u0111\u1ea1i cho \u0111\u1ebfn c\u00e1c tr\u1ea1m v\u0169 tr\u1ee5 trong kh\u00f4ng gian, t\u1eeb c\u00e1c \u0111\u1ea1i d\u01b0\u01a1ng bao la cho \u0111\u1ebfn nh\u1eefng c\u01a1 quan trong c\u01a1 th\u1ec3, t\u1ea5t c\u1ea3 \u0111\u1ec1u \u0111\u01b0\u1ee3c t\u00e1i hi\u1ec7n l\u1ea1i b\u1eb1ng nh\u1eefng h\u00ecnh \u1ea3nh \u0111\u1eb9p \u0111\u1ebd, ch\u00e2n th\u1ef1c. V\u00ec th\u1ebf, ngay c\u1ea3 khi c\u00f2n ch\u01b0a bi\u1ebft \u0111\u1ecdc, \u0111\u00e2y c\u0169ng l\u00e0 m\u1ed9t th\u1ebf gi\u1edbi m\u00e0u s\u1eafc di\u1ec7u k\u1ef3 \u0111\u1ee3i ch\u1edd c\u00e1c em t\u00ecm hi\u1ec3u. V\u00e0 nh\u1edb r\u1eb1ng, khi mua s\u00e1ch, c\u00e1c em c\u00f2n \u0111\u01b0\u1ee3c m\u1ed9t m\u00f3n qu\u00e0 nh\u1ecf l\u00e0 m\u1ed9t chi\u1ebfc th\u1ebb \u0111\u1ecdc s\u00e1ch xinh xinh \u0111\u1ec3 gi\u00fap \u0111\u1ecdc v\u00e0 ghi nh\u1edb trang d\u1ec5 d\u00e0ng.<\/p>\n<p>N\u00e0o, h\u00e3y c\u00f9ng kh\u00e1m ph\u00e1 v\u00e0 s\u00e1ng t\u1ea1o v\u1edbi B\u00e1ch khoa tri th\u1ee9c cho tr\u1ebb em &#8211; Kh\u00e1m ph\u00e1 v\u00e0 S\u00e1ng t\u1ea1o!<\/p>\n","protected":false},"excerpt":{"rendered":"<p>L\u00e0m th\u1ebf n\u00e0o \u0111\u1ec3 c\u00e1c em h\u00e1o h\u1ee9c kh\u00e1m ph\u00e1 nh\u1eefng ch\u00e2n tr\u1eddi ki\u1ebfn th\u1ee9c m\u00e0 \u0111\u00f4i khi t\u01b0\u1edfng nh\u01b0 kh\u00f4 khan h\u1ebft s\u1ee9c. V\u00e0 l\u00e0m th\u1ebf n\u00e0o \u0111\u1ec3 bi\u1ebfn nh\u1eefng tri th\u1ee9c \u1ea5y th\u00e0nh ni\u1ec1m s\u00e1ng t\u1ea1o say m\u00ea? Cu\u1ed1n B\u00e1ch khoa tri th\u1ee9c cho tr\u1ebb em &#8211; Kh\u00e1m ph\u00e1 v\u00e0 S\u00e1ng t\u1ea1o v\u1edbi h\u00e0ng ng\u00e0n \u0111i\u1ec1u th\u00fa v\u1ecb b\u00ean trong ch\u1eafc ch\u1eafn s\u1ebd mang \u0111\u1ebfn cho b\u1ea1n nh\u1eefng c\u00e2u tr\u1ea3 l\u1eddi th\u1ecfa \u0111\u00e1ng.<\/p>\n<p>Cu\u1ed1n s\u00e1ch l\u00e0 s\u1ea3n ph\u1ea9m s\u00e1ng t\u1ea1o c\u1ee7a m\u1ed9t t\u1eadp th\u1ec3 t\u00e1c gi\u1ea3 nhi\u1ec1u kinh nghi\u1ec7m trong vi\u1ec7c vi\u1ebft s\u00e1ch v\u00e0 hi\u1ec3u kh\u00e1 r\u00f5 t\u00e2m l\u00fd thi\u1ebfu nhi. Deborah Chancellor \u0111\u00e3 vi\u1ebft h\u01a1n 30 cu\u1ed1n s\u00e1ch cho tr\u1ebb em. Tr\u01b0\u1edbc khi tr\u1edf th\u00e0nh bi\u00ean t\u1eadp vi\u00ean ki\u00eam t\u00e1c gi\u1ea3 vi\u1ebft s\u00e1ch cho thi\u1ebfu nhi, b\u00e0 l\u00e0 m\u1ed9t gi\u00e1o vi\u00ean ti\u1ec3u h\u1ecdc. C\u00f2n Deborah Murrell \u0111\u00e3 vi\u1ebft r\u1ea5t nhi\u1ec1u s\u00e1ch cho tr\u1ebb em v\u00e0 ng\u01b0\u1eddi l\u1edbn v\u1ec1 m\u1ecdi ch\u1ee7 \u0111\u1ec1, t\u1eeb hi\u1ec7p s\u0129 v\u00e0 l\u00e2u \u0111\u00e0i cho \u0111\u1ebfn Shakespeare trong h\u01a1n 15 n\u0103m qua. Philip Steele th\u00ec say m\u00ea vi\u1ebft v\u1ec1 l\u1ecbch s\u1eed. \u00d4ng l\u00e0 t\u00e1c gi\u1ea3 n\u1ed5i ti\u1ebfng c\u1ee7a h\u01a1n 100 t\u1ef1a s\u00e1ch cho tr\u1ebb em. V\u00e0 Barbara Taylor l\u00e0 t\u00e1c gi\u1ea3 c\u1ee7a h\u01a1n 100 cu\u1ed1n s\u00e1ch ki\u1ebfn th\u1ee9c cho tr\u1ebb em. B\u00e0 \u0111\u00e3 gi\u00e0nh \u0111\u01b0\u1ee3c nhi\u1ec1u gi\u1ea3i th\u01b0\u1edfng, bao g\u1ed3m Gi\u1ea3i th\u01b0\u1edfng vi\u1ebft v\u1ec1 Khoa h\u1ecdc c\u1ee7a H\u1ed9i V\u1eadt l\u00fd Hoa K\u1ef3 n\u0103m 1998, Gi\u1ea3i th\u01b0\u1edfng c\u1ee7a English Association t\u1eeb l\u1ea7n 4 \u0111\u1ebfn l\u1ea7n 11, Gi\u1ea3i v\u00e0ng c\u1ee7a Hi\u1ec7p h\u1ed9i \u0110\u1ecba l\u00fd n\u0103m 1996 v\u00e0 Gi\u1ea3i th\u01b0\u1edfng WOW n\u0103m 2003.<\/p>\n<p>B\u00e1ch khoa tri th\u1ee9c cho tr\u1ebb em &#8211; Kh\u00e1m ph\u00e1 v\u00e0 S\u00e1ng t\u1ea1o l\u00e0 cu\u1ed1n s\u00e1ch bao g\u1ed3m 150 \u0111\u1ec1 t\u00e0i th\u00fa v\u1ecb \u0111\u01b0\u1ee3c chia th\u00e0nh 10 ch\u01b0\u01a1ng t\u1eeb Tr\u00e1i \u0110\u1ea5t c\u1ee7a ch\u00fang ta, Th\u1ef1c v\u1eadt, \u0110\u1ed9ng v\u1eadt, Kh\u1ee7ng long, Con ng\u01b0\u1eddi v\u00e0 c\u00e1c v\u00f9ng \u0111\u1ea5t, Con ng\u01b0\u1eddi qua th\u1eddi gian cho \u0111\u1ebfn C\u01a1 th\u1ec3 t\u00f4i, Khoa h\u1ecdc, Kh\u00f4ng gian v\u00e0 M\u00e1y m\u00f3c; ngo\u00e0i l\u01b0\u1ee3ng th\u00f4ng tin d\u1ed3i d\u00e0o cu\u1ed1n s\u00e1ch c\u00f2n ch\u1ee9a \u0111\u1ef1ng nhi\u1ec1u \u00fd t\u01b0\u1edfng \u0111\u1eb7c bi\u1ec7t khi\u1ebfn c\u00e1c em th\u00edch th\u00fa. B\u00ean c\u1ea1nh ki\u1ebfn th\u1ee9c, c\u00e1c em s\u1ebd t\u00ecm th\u1ea5y trong \u0111\u00e2y nh\u1eefng s\u1ef1 ki\u1ec7n \u0111\u00e1ng kinh ng\u1ea1c, nh\u1eefng c\u00e2u chuy\u1ec7n th\u1ea7n ti\u00ean, nh\u1eefng c\u00e2u h\u1ecfi kh\u00f3 v\u00e0 \u0111\u1eb7c bi\u1ec7t l\u00e0 nh\u1eefng ho\u1ea1t \u0111\u1ed9ng s\u00e1ng t\u1ea1o c\u1ef1c k\u1ef3 th\u00fa v\u1ecb m\u00e0 khi th\u1ec3 hi\u1ec7n s\u1ebd khi\u1ebfn b\u1ea1n b\u00e8 b\u1ea5t ng\u1edd. Nh\u1eefng \u0111i\u1ec1u \u0111\u00f3 n\u1eb1m \u1edf \u00d4 s\u1ef1 ki\u1ec7n, n\u01a1i l\u01b0u gi\u1eef c\u00e1c s\u1ef1 ki\u1ec7n k\u1ef3 l\u1ea1 li\u00ean quan t\u1edbi ch\u1ee7 \u0111\u1ec1 \u0111ang \u0111\u1ec1 c\u1eadp; \u1edf c\u00e1c \u00d4 truy\u1ec7n mang bi\u1ec3u t\u01b0\u1ee3ng h\u00ecnh quy\u1ec3n s\u00e1ch t\u1eadp h\u1ee3p nh\u1eefng truy\u1ec7n th\u1ea7n ti\u00ean, c\u1ed5 t\u00edch tr\u00ean kh\u1eafp th\u1ebf gian; \u1edf h\u1ed9p T\u1eeb v\u1ef1ng- m\u1ed9t cu\u1ed1n t\u1eeb \u0111i\u1ec3n thu nh\u1ecf n\u01a1i gi\u1ea3i ngh\u0129a c\u00e1c t\u1eeb h\u00f3c b\u00faa; \u1edf V\u00f2ng tr\u00f2n c\u00e2u h\u1ecfi &#8211; m\u1ed9t c\u1ea9m nang nh\u1ecf g\u1ed3m c\u00e1c th\u1eafc m\u1eafc k\u1ef3 th\u00fa; \u1edf m\u1ee5c B\u1ea1n c\u00f3 t\u00ecm th\u1ea5y kh\u00f4ng n\u01a1i ki\u1ec3m tra kh\u1ea3 n\u0103ng t\u1eadp l\u00e0m th\u00e1m t\u1eed v\u00e0 v\u00e0 \u1edf G\u00f3c s\u00e1ng t\u1ea1o l\u00e0 ch\u1ed1n cho ph\u00e9p c\u00e1c em th\u1ecfa s\u1ee9c s\u00e1ng t\u1ea1o, th\u1ef1c h\u00e0nh d\u1ef1a tr\u00ean nh\u1eefng g\u1ee3i \u00fd \u0111\u01a1n gi\u1ea3n, l\u00fd th\u00fa. Ngo\u00e0i ra, m\u1ed7i \u0111\u1ec1 t\u00e0i l\u1ea1i k\u00e8m theo m\u1ed9t \u0111\u01b0\u1eddng link t\u1edbi c\u00e1c trang web \u0111\u1ec3 ph\u1ee5 huynh c\u00f9ng c\u00e1c em c\u00f3 th\u1ec3 tham kh\u1ea3o th\u00eam ki\u1ebfn th\u1ee9c tr\u00ean Internet va\u0300 ti\u0300m ki\u00ea\u0301m c\u00e1c th\u00f4ng tin li\u00ean quan.<\/p>\n<p>B\u00ean c\u1ea1nh \u0111\u00f3, v\u1edbi 2.000 minh h\u1ecda \u0111\u1eb9p \u0111\u01b0\u1ee3c th\u1ec3 hi\u1ec7n tr\u00ean t\u1eebng trang s\u00e1ch c\u00f3 n\u1ec1n m\u00e0u kh\u00e1c nhau, cu\u1ed1n B\u00e1ch khoa tri th\u1ee9c cho tr\u1ebb em &#8211; Kh\u00e1m ph\u00e1 v\u00e0 S\u00e1ng t\u1ea1o c\u00f2n t\u1ef1a nh\u01b0 m\u1ed9t t\u1ed5ng t\u1eadp tranh phong ph\u00fa. T\u1eeb c\u00e1c ch\u00fa kh\u1ee7ng long cho \u0111\u1ebfn c\u00e1c lo\u00e0i c\u00e2y l\u1ea1 l\u1eabm, t\u1eeb c\u00e1c n\u1ec1n v\u0103n minh c\u1ed5 \u0111\u1ea1i cho \u0111\u1ebfn c\u00e1c tr\u1ea1m v\u0169 tr\u1ee5 trong kh\u00f4ng gian, t\u1eeb c\u00e1c \u0111\u1ea1i d\u01b0\u01a1ng bao la cho \u0111\u1ebfn nh\u1eefng c\u01a1 quan trong c\u01a1 th\u1ec3, t\u1ea5t c\u1ea3 \u0111\u1ec1u \u0111\u01b0\u1ee3c t\u00e1i hi\u1ec7n l\u1ea1i b\u1eb1ng nh\u1eefng h\u00ecnh \u1ea3nh \u0111\u1eb9p \u0111\u1ebd, ch\u00e2n th\u1ef1c. V\u00ec th\u1ebf, ngay c\u1ea3 khi c\u00f2n ch\u01b0a bi\u1ebft \u0111\u1ecdc, \u0111\u00e2y c\u0169ng l\u00e0 m\u1ed9t th\u1ebf gi\u1edbi m\u00e0u s\u1eafc di\u1ec7u k\u1ef3 \u0111\u1ee3i ch\u1edd c\u00e1c em t\u00ecm hi\u1ec3u. V\u00e0 nh\u1edb r\u1eb1ng, khi mua s\u00e1ch, c\u00e1c em c\u00f2n \u0111\u01b0\u1ee3c m\u1ed9t m\u00f3n qu\u00e0 nh\u1ecf l\u00e0 m\u1ed9t chi\u1ebfc th\u1ebb \u0111\u1ecdc s\u00e1ch xinh xinh \u0111\u1ec3 gi\u00fap \u0111\u1ecdc v\u00e0 ghi nh\u1edb trang d\u1ec5 d\u00e0ng.<\/p>\n<p>N\u00e0o, h\u00e3y c\u00f9ng kh\u00e1m ph\u00e1 v\u00e0 s\u00e1ng t\u1ea1o v\u1edbi B\u00e1ch khoa tri th\u1ee9c cho tr\u1ebb em &#8211; Kh\u00e1m ph\u00e1 v\u00e0 S\u00e1ng t\u1ea1o!<\/p>\n","protected":false},"featured_media":18576,"template":"","meta":{"_acf_changed":false},"product_brand":[],"product_cat":[17,26],"product_tag":[],"class_list":{"0":"post-18577","1":"product","2":"type-product","3":"status-publish","4":"has-post-thumbnail","6":"product_cat-sach-danh-cho-cac-be","7":"product_cat-thieu-nien-11-tuoi-18-tuoi","9":"first","10":"outofstock","11":"taxable","12":"shipping-taxable","13":"purchasable","14":"product-type-simple"},"supplier_id":null,"supplier_sku":"","barcode":null,"atum_controlled":true,"out_stock_date":"2022-12-19 12:58:04","out_stock_threshold":null,"inheritable":false,"inbound_stock":0,"stock_on_hold":0,"sold_today":0,"sales_last_days":0,"reserved_stock":0,"customer_returns":0,"warehouse_damage":0,"lost_in_post":0,"other_logs":0,"out_stock_days":1136,"lost_sales":0,"has_location":false,"update_date":"2026-01-28T23:11:04","atum_locations":[{"id":32,"name":"Helsinki","slug":"helsinki"}],"atum_stock_status":"outofstock","restock_status":false,"low_stock_amount":"","sales_update_date":"2026-01-28T23:11:04","calc_backorders":null,"acf":{"publisher":{"ID":1544,"post_author":"1","post_date":"2021-02-17 01:24:05","post_date_gmt":"2021-02-16 23:24:05","post_content":"","post_title":"\u0110\u00f4ng A","post_excerpt":"","post_status":"publish","comment_status":"closed","ping_status":"closed","post_password":"","post_name":"dong-a","to_ping":"","pinged":"","post_modified":"2021-02-17 01:24:05","post_modified_gmt":"2021-02-16 23:24:05","post_content_filtered":"","post_parent":0,"guid":"https:\/\/sachviet.eu\/nha-phat-hanh\/dong-a\/","menu_order":0,"post_type":"publisher","post_mime_type":"","comment_count":"0","filter":"raw"}},"_links":{"self":[{"href":"https:\/\/sachviet.eu\/en\/wp-json\/wp\/v2\/product\/18577","targetHints":{"allow":["GET"]}}],"collection":[{"href":"https:\/\/sachviet.eu\/en\/wp-json\/wp\/v2\/product"}],"about":[{"href":"https:\/\/sachviet.eu\/en\/wp-json\/wp\/v2\/types\/product"}],"wp:featuredmedia":[{"embeddable":true,"href":"https:\/\/sachviet.eu\/en\/wp-json\/wp\/v2\/media\/18576"}],"wp:attachment":[{"href":"https:\/\/sachviet.eu\/en\/wp-json\/wp\/v2\/media?parent=18577"}],"wp:term":[{"taxonomy":"product_brand","embeddable":true,"href":"https:\/\/sachviet.eu\/en\/wp-json\/wp\/v2\/product_brand?post=18577"},{"taxonomy":"product_cat","embeddable":true,"href":"https:\/\/sachviet.eu\/en\/wp-json\/wp\/v2\/product_cat?post=18577"},{"taxonomy":"product_tag","embeddable":true,"href":"https:\/\/sachviet.eu\/en\/wp-json\/wp\/v2\/product_tag?post=18577"}],"curies":[{"name":"wp","href":"https:\/\/api.w.org\/{rel}","templated":true}]}}