{"id":18575,"date":"2022-04-16T12:58:19","date_gmt":"2022-04-16T09:58:19","guid":{"rendered":"https:\/\/sachviet.eu\/shop\/combo-sach-am-thanh-4-cuon\/"},"modified":"2022-12-19T21:29:47","modified_gmt":"2022-12-19T19:29:47","slug":"combo-sach-am-thanh-4-cuon","status":"publish","type":"product","link":"https:\/\/sachviet.eu\/en\/shop\/combo-sach-am-thanh-4-cuon\/","title":{"rendered":"Combo S\u00e1ch \u00c2m Thanh (4 Cu\u1ed1n)"},"content":{"rendered":"<p>S\u00e1ch \u00c2m thanh l\u00e0 b\u1ed9 s\u00e1ch t\u01b0\u01a1ng t\u00e1c \u00e2m thanh v\u1edbi nh\u1eefng \u01b0u \u0111i\u1ec3m \u0111\u1eb7c bi\u1ec7t gi\u00fap nu\u00f4i d\u01b0\u1ee1ng tr\u00ed t\u01b0\u1edfng t\u01b0\u1ee3ng v\u00e0 t\u0103ng k\u1ef9 n\u0103ng v\u1eadn \u0111\u1ed9ng c\u1ee7a tr\u1ebb.<\/p>\n<p>B\u1ed9 s\u00e1ch l\u00e0 s\u1ea3n ph\u1ea9m h\u1ee3p t\u00e1c c\u1ee7a \u0110inh T\u1ecb c\u00f9ng Wee Gallery &#8211; \u0111\u01a1n v\u1ecb s\u00e1ng t\u1ea1o h\u1ecdc c\u1ee5 cho tr\u1ebb s\u01a1 sinh v\u00e0 tr\u1ebb nh\u1ecf \u0111\u01b0\u1ee3c y\u00eau th\u00edch t\u1ea1i Anh. <\/p>\n<p>5 GI\u00c1 TR\u1eca S\u00c1CH \u00c2M THANH MANG L\u1ea0I<\/p>\n<p>1. M\u1ed7i trang s\u00e1ch c\u00f3 k\u1ebft c\u1ea5u \u0111\u1eb7c bi\u1ec7t v\u1edbi h\u1ec7 th\u1ed1ng chip \u00e2m thanh hi\u1ec7n \u0111\u1ea1i cho hi\u1ec7u \u1ee9ng \u00e2m thanh d\u1ec5 th\u01b0\u01a1ng, ch\u00e2n th\u1ef1c khi\u1ebfn bi\u1ebft bao tr\u1ebb em tr\u00ean th\u1ebf gi\u1edbi c\u01b0\u1eddi th\u00edch th\u00fa.<\/p>\n<p>2. Chu\u1ed7i \u00e2m thanh theo ch\u1ee7 \u0111\u1ec1 c\u00f3 th\u1ec3 bi\u1ebfn t\u1ea5u th\u00e0nh c\u00e2u chuy\u1ec7n b\u1eb1ng s\u1ef1 s\u00e1ng t\u1ea1o c\u1ee7a b\u1ed1 m\u1eb9 gi\u00fap tr\u1ebb c\u00f3 th\u00eam nhi\u1ec1u c\u00e1ch ti\u1ebfp c\u1eadn th\u00fa v\u1ecb v\u1edbi cu\u1ed1n s\u00e1ch.<\/p>\n<p>3. Tranh minh h\u1ecda m\u00e0u s\u1eafc s\u1eafc n\u00e9t, t\u01b0\u01a1i t\u1eafn, \u0111\u01a1n gi\u1ea3n \u0111\u01b0\u1ee3c \u1ee9ng d\u1ee5ng d\u1ef1a tr\u00ean c\u00e1c nghi\u00ean c\u1ee9u khoa h\u1ecdc v\u1ec1 tr\u1ebb nh\u1ecf &#8211; \u0111\u1eb7c bi\u1ec7t th\u00edch h\u1ee3p cho s\u1ef1 nh\u1eadn bi\u1ebft m\u00e0u s\u1eafc c\u1ee7a l\u1ee9a tu\u1ed5i 0-6.<\/p>\n<p>4. B\u1ed9 s\u00e1ch t\u00e1c \u0111\u1ed9ng m\u1ea1nh m\u1ebd \u0111\u1ebfn \u0111a gi\u00e1c quan c\u1ee7a tr\u1ebb, \u0111\u1eb7c bi\u1ec7t l\u00e0 th\u00ednh gi\u00e1c &#8211; m\u1ed9t gi\u00e1c quan k\u1ef3 di\u1ec7u gi\u00fap tr\u1ebb kh\u00e1m ph\u00e1 th\u1ebf gi\u1edbi. Tr\u00ed t\u01b0\u1edfng t\u01b0\u1ee3ng c\u1ee7a tr\u1ebb s\u1ebd chuy\u1ec3n \u0111\u1ed9ng c\u00f9ng nh\u1eefng \u00e2m thanh vui nh\u1ed9n.<\/p>\n<p>5. B\u1ed9 s\u00e1ch l\u00e0 m\u00f3n qu\u00e0 \u0111\u1eb7c bi\u1ec7t c\u1ee7a b\u1ed1 m\u1eb9 m\u00e0 tr\u1ebb s\u1ebd \u1ea5n t\u01b0\u1ee3ng m\u00e3i v\u1ec1 sau n\u00e0y. Khi tr\u01b0\u1edfng th\u00e0nh, nh\u00ecn l\u00ean gi\u00e1 s\u00e1ch thu\u1edf nh\u1ecf, th\u1ea5y cu\u1ed1n s\u00e1ch m thanh n\u1eb1m \u0111\u00f3 v\u00e0 bao ni\u1ec1m vui \u1ea5u th\u01a1 \u0111\u1ecdc s\u00e1ch c\u00f9ng b\u1ed1 m\u1eb9 v\u00e0 c\u01b0\u1eddi gi\u00f2n tan b\u1ed7ng \u00f9a v\u1ec1.<\/p>\n","protected":false},"excerpt":{"rendered":"<p>S\u00e1ch \u00c2m thanh l\u00e0 b\u1ed9 s\u00e1ch t\u01b0\u01a1ng t\u00e1c \u00e2m thanh v\u1edbi nh\u1eefng \u01b0u \u0111i\u1ec3m \u0111\u1eb7c bi\u1ec7t gi\u00fap nu\u00f4i d\u01b0\u1ee1ng tr\u00ed t\u01b0\u1edfng t\u01b0\u1ee3ng v\u00e0 t\u0103ng k\u1ef9 n\u0103ng v\u1eadn \u0111\u1ed9ng c\u1ee7a tr\u1ebb.<\/p>\n<p>B\u1ed9 s\u00e1ch l\u00e0 s\u1ea3n ph\u1ea9m h\u1ee3p t\u00e1c c\u1ee7a \u0110inh T\u1ecb c\u00f9ng Wee Gallery &#8211; \u0111\u01a1n v\u1ecb s\u00e1ng t\u1ea1o h\u1ecdc c\u1ee5 cho tr\u1ebb s\u01a1 sinh v\u00e0 tr\u1ebb nh\u1ecf \u0111\u01b0\u1ee3c y\u00eau th\u00edch t\u1ea1i Anh. <\/p>\n<p>5 GI\u00c1 TR\u1eca S\u00c1CH \u00c2M THANH MANG L\u1ea0I<\/p>\n<p>1. M\u1ed7i trang s\u00e1ch c\u00f3 k\u1ebft c\u1ea5u \u0111\u1eb7c bi\u1ec7t v\u1edbi h\u1ec7 th\u1ed1ng chip \u00e2m thanh hi\u1ec7n \u0111\u1ea1i cho hi\u1ec7u \u1ee9ng \u00e2m thanh d\u1ec5 th\u01b0\u01a1ng, ch\u00e2n th\u1ef1c khi\u1ebfn bi\u1ebft bao tr\u1ebb em tr\u00ean th\u1ebf gi\u1edbi c\u01b0\u1eddi th\u00edch th\u00fa.<\/p>\n<p>2. Chu\u1ed7i \u00e2m thanh theo ch\u1ee7 \u0111\u1ec1 c\u00f3 th\u1ec3 bi\u1ebfn t\u1ea5u th\u00e0nh c\u00e2u chuy\u1ec7n b\u1eb1ng s\u1ef1 s\u00e1ng t\u1ea1o c\u1ee7a b\u1ed1 m\u1eb9 gi\u00fap tr\u1ebb c\u00f3 th\u00eam nhi\u1ec1u c\u00e1ch ti\u1ebfp c\u1eadn th\u00fa v\u1ecb v\u1edbi cu\u1ed1n s\u00e1ch.<\/p>\n<p>3. Tranh minh h\u1ecda m\u00e0u s\u1eafc s\u1eafc n\u00e9t, t\u01b0\u01a1i t\u1eafn, \u0111\u01a1n gi\u1ea3n \u0111\u01b0\u1ee3c \u1ee9ng d\u1ee5ng d\u1ef1a tr\u00ean c\u00e1c nghi\u00ean c\u1ee9u khoa h\u1ecdc v\u1ec1 tr\u1ebb nh\u1ecf &#8211; \u0111\u1eb7c bi\u1ec7t th\u00edch h\u1ee3p cho s\u1ef1 nh\u1eadn bi\u1ebft m\u00e0u s\u1eafc c\u1ee7a l\u1ee9a tu\u1ed5i 0-6.<\/p>\n<p>4. B\u1ed9 s\u00e1ch t\u00e1c \u0111\u1ed9ng m\u1ea1nh m\u1ebd \u0111\u1ebfn \u0111a gi\u00e1c quan c\u1ee7a tr\u1ebb, \u0111\u1eb7c bi\u1ec7t l\u00e0 th\u00ednh gi\u00e1c &#8211; m\u1ed9t gi\u00e1c quan k\u1ef3 di\u1ec7u gi\u00fap tr\u1ebb kh\u00e1m ph\u00e1 th\u1ebf gi\u1edbi. Tr\u00ed t\u01b0\u1edfng t\u01b0\u1ee3ng c\u1ee7a tr\u1ebb s\u1ebd chuy\u1ec3n \u0111\u1ed9ng c\u00f9ng nh\u1eefng \u00e2m thanh vui nh\u1ed9n.<\/p>\n<p>5. B\u1ed9 s\u00e1ch l\u00e0 m\u00f3n qu\u00e0 \u0111\u1eb7c bi\u1ec7t c\u1ee7a b\u1ed1 m\u1eb9 m\u00e0 tr\u1ebb s\u1ebd \u1ea5n t\u01b0\u1ee3ng m\u00e3i v\u1ec1 sau n\u00e0y. Khi tr\u01b0\u1edfng th\u00e0nh, nh\u00ecn l\u00ean gi\u00e1 s\u00e1ch thu\u1edf nh\u1ecf, th\u1ea5y cu\u1ed1n s\u00e1ch m thanh n\u1eb1m \u0111\u00f3 v\u00e0 bao ni\u1ec1m vui \u1ea5u th\u01a1 \u0111\u1ecdc s\u00e1ch c\u00f9ng b\u1ed1 m\u1eb9 v\u00e0 c\u01b0\u1eddi gi\u00f2n tan b\u1ed7ng \u00f9a v\u1ec1.<\/p>\n","protected":false},"featured_media":18574,"template":"","meta":{"_acf_changed":false},"product_brand":[],"product_cat":[24,17],"product_tag":[],"class_list":{"0":"post-18575","1":"product","2":"type-product","3":"status-publish","4":"has-post-thumbnail","6":"product_cat-nha-tre-mau-giao-0-tuoi-6-tuoi","7":"product_cat-sach-danh-cho-cac-be","9":"first","10":"outofstock","11":"taxable","12":"shipping-taxable","13":"purchasable","14":"product-type-simple"},"supplier_id":null,"supplier_sku":"","barcode":null,"atum_controlled":true,"out_stock_date":"2022-12-19 19:29:47","out_stock_threshold":null,"inheritable":false,"inbound_stock":0,"stock_on_hold":0,"sold_today":0,"sales_last_days":0,"reserved_stock":0,"customer_returns":0,"warehouse_damage":0,"lost_in_post":0,"other_logs":0,"out_stock_days":1136,"lost_sales":7788,"has_location":false,"update_date":"2026-01-28T23:11:04","atum_locations":[{"id":32,"name":"Helsinki","slug":"helsinki"}],"atum_stock_status":"outofstock","restock_status":false,"low_stock_amount":"","sales_update_date":"2026-01-28T23:11:04","calc_backorders":null,"acf":{"publisher":{"ID":1470,"post_author":"2","post_date":"2021-02-17 01:12:47","post_date_gmt":"2021-02-16 23:12:47","post_content":"<!-- wp:flatsome\/uxbuilder -->\n<h1 style=\"text-align: center\"><strong>\u0110inh T\u1ecb<\/strong><\/h1>\n[row]\n\n[col span=\"4\" span__sm=\"12\"]\n\n[ux_image id=\"1831\" image_size=\"medium\"]\n\n\n[\/col]\n[col span=\"8\" span__sm=\"12\"]\n\n<p><strong>\u0110inh T\u1ecb Books - Ti\u00ean phong s\u00e1ng t\u1ea1o<\/strong><\/p>\n<p>Th\u00e0nh l\u1eadp n\u0103m 2006, t\u1edbi nay \u0110inh T\u1ecb Books \u0111\u01b0\u1ee3c \u0111\u00e1nh gi\u1ea3 l\u00e0 \u0111\u01a1n v\u1ecb xu\u1ea5t b\u1ea3n uy t\u00edn c\u00f3 t\u1ed1c \u0111\u1ed9 ph\u00e1t tri\u1ec3n nhanh nh\u1ea5t g\u1eafn v\u1edbi th\u00e0nh c\u00f4ng c\u1ee7a hai t\u1ee7 s\u00e1ch l\u1edbn: T\u1ee7 s\u00e1ch Thi\u1ebfu nhi - T\u1ee7 s\u00e1ch V\u0103n h\u1ecdc. Trong \u0111\u00f3 ph\u1ea3i k\u1ec3 t\u1edbi b\u01b0\u1edbc chuy\u1ec3n m\u00ecnh \u0111\u1ea7y \u1ea5n t\u01b0\u1ee3ng, tr\u1edf th\u00e0nh \u0111\u01a1n v\u1ecb ti\u00ean phong s\u00e1ng t\u1ea1o d\u00f2ng S\u00c1CH T\u01af\u01a0NG T\u00c1C thi\u1ebfu nhi. V\u1edbi h\u01a1n 300 t\u1ef1a s\u00e1ch t\u01b0\u01a1ng t\u00e1c \u0111ang l\u01b0u h\u00e0nh, \u0110inh T\u1ecb Books \u0111\u00e3 mang \u0111\u1ebfn nh\u1eefng gi\u00e1 tr\u1ecb tr\u1ea3i nghi\u1ec7m tuy\u1ec7t v\u1eddi, \u0111\u01b0a vi\u1ec7c h\u1ecdc v\u00e0 ch\u01a1i c\u00f9ng s\u00e1ch tr\u1edf n\u00ean hi\u1ec7u qu\u1ea3 h\u01a1n, gi\u00fap tr\u1ebb th\u00f4ng minh, t\u0103ng tr\u01b0\u1edfng c\u00e1c ch\u1ec9 s\u1ed1 IQ, EQ.<\/p>\n<p><strong>Th\u1ebf m\u1ea1nh c\u1ee7a \u0110inh T\u1ecb Books<\/strong><\/p>\n<p>V\u1edbi kinh nghi\u1ec7m nhi\u1ec1u n\u0103m trong ng\u00e0nh xu\u1ea5t b\u1ea3n, \u0110inh T\u1ecb Books tin r\u1eb1ng c\u00e1c b\u1eadc cha m\u1eb9 lu\u00f4n d\u00e0nh nh\u1eefng \u0111i\u1ec1u t\u1ed1t \u0111\u1eb9p nh\u1ea5t cho c\u00e1c con c\u1ee7a m\u00ecnh. \u0110\u1ecdc s\u00e1ch c\u00f9ng con lu\u00f4n l\u00e0 l\u1ef1a ch\u1ecdn h\u00e0ng \u0111\u1ea7u gi\u00fap g\u1eafn k\u1ebft t\u00ecnh y\u00eau th\u01b0\u01a1ng \u0111\u1ed3ng th\u1eddi gi\u00fap con nu\u00f4i d\u01b0\u1ee1ng ni\u1ec1m \u0111am m\u00ea v\u1edbi s\u00e1ch.<\/p>\n\n[\/col]\n\n[\/row]\n<p><strong>T\u00ecnh y\u00eau l\u1edbn d\u00e0nh cho nh\u1eefng cu\u1ed1n s\u00e1ch.<\/strong><\/p>\n<p>Xu\u1ea5t ph\u00e1t t\u1eeb t\u00ecnh y\u00eau v\u1edbi nh\u1eefng cu\u1ed1n s\u00e1ch, l\u00f2ng t\u1eadn t\u00e2m mu\u1ed1n g\u00ecn gi\u1eef nh\u1eefng gi\u00e1 tr\u1ecb v\u0103n h\u00f3a truy\u1ec1n th\u1ed1ng c\u1ee7a Vi\u1ec7t Nam, mong mu\u1ed1n \u0111\u01b0a nh\u1eefng gi\u00e1 tr\u1ecb \u0111\u1eadm ch\u1ea5t Vi\u1ec7t Nam \u0111\u1ebfn v\u1edbi tr\u1ebb em Vi\u1ec7t, c\u00e1c th\u00e0nh vi\u00ean s\u00e1ng t\u1ea1o c\u1ee7a \u0110inh T\u1ecb Books \u0111\u00e3 kh\u00f4ng ng\u1eebng n\u1ed7 l\u1ef1c, t\u00ecm t\u00f2i v\u00e0 h\u1ecdc h\u1ecfi, \u0111\u1ec3 \u0111\u01b0a nh\u1eefng cu\u1ed1n s\u00e1ch \u201c100% made in Vietnam\u201d \u0111\u1ebfn v\u1edbi tr\u1ebb em Vi\u1ec7t. C\u00e1c ki\u1ebfn th\u1ee9c b\u1ed5 \u00edch \u0111\u01b0\u1ee3c truy\u1ec1n t\u1ea3i th\u00f4ng qua nh\u1eefng t\u01b0\u01a1ng t\u00e1c th\u00fa v\u1ecb gi\u00fap tr\u1ebb nh\u1edb l\u00e2u h\u01a1n, h\u1ecdc t\u1ed1t h\u01a1n.<\/p>\n<p>Nh\u1eadn ra \u0111\u01b0\u1ee3c s\u1ee9 m\u1ec7nh v\u00e0 t\u1ea7m nh\u00ecn c\u1ee7a \u0110inh T\u1ecb, <strong>SACHVIET.EU<\/strong> \u0111\u00e3 li\u00ean l\u1ea1c v\u1edbi \u0110inh T\u1ecb \u0111\u1ec3 \u0111\u01b0\u1ee3c h\u1ed7 tr\u1ee3 \u0111\u01b0a nh\u1eefng cu\u1ed1n s\u00e1ch mang gi\u00e1 tr\u1ecb \u0111\u1eadm ch\u1ea5t Vi\u1ec7t Nam \u0111\u1ebfn v\u1edbi tr\u1ebb em Vi\u1ec7t v\u00e0 c\u1ed9ng \u0111\u1ed3ng Vi\u1ec7t s\u1ed1ng t\u1ea1i Ch\u00e2u \u00c2u. SACHVIET.EU \u0111\u1eb7t l\u00f2ng tin \u1edf \u0110inh T\u1ecb s\u1ebd lu\u00f4n \u0111em \u0111\u1ebfn nh\u1eefng gi\u00e1 tr\u1ecb cao qua t\u1eebng trang s\u00e1ch v\u00e0 hy v\u1ecdng \u0111\u1ed9c gi\u1ea3 s\u1ebd lu\u00f4n h\u00e0i l\u00f2ng v\u1edbi ch\u1ea5t l\u01b0\u1ee3ng m\u00e0 \u0110inh T\u1ecb theo \u0111u\u1ed5i bao n\u0103m qua.<\/p>\n\n<!-- \/wp:flatsome\/uxbuilder -->","post_title":"\u0110inh T\u1ecb","post_excerpt":"","post_status":"publish","comment_status":"closed","ping_status":"closed","post_password":"","post_name":"dinh-ti","to_ping":"","pinged":"","post_modified":"2022-12-19 23:15:43","post_modified_gmt":"2022-12-19 21:15:43","post_content_filtered":"","post_parent":0,"guid":"https:\/\/sachviet.eu\/nha-phat-hanh\/dinh-ti\/","menu_order":0,"post_type":"publisher","post_mime_type":"","comment_count":"0","filter":"raw"}},"_links":{"self":[{"href":"https:\/\/sachviet.eu\/en\/wp-json\/wp\/v2\/product\/18575","targetHints":{"allow":["GET"]}}],"collection":[{"href":"https:\/\/sachviet.eu\/en\/wp-json\/wp\/v2\/product"}],"about":[{"href":"https:\/\/sachviet.eu\/en\/wp-json\/wp\/v2\/types\/product"}],"wp:featuredmedia":[{"embeddable":true,"href":"https:\/\/sachviet.eu\/en\/wp-json\/wp\/v2\/media\/18574"}],"wp:attachment":[{"href":"https:\/\/sachviet.eu\/en\/wp-json\/wp\/v2\/media?parent=18575"}],"wp:term":[{"taxonomy":"product_brand","embeddable":true,"href":"https:\/\/sachviet.eu\/en\/wp-json\/wp\/v2\/product_brand?post=18575"},{"taxonomy":"product_cat","embeddable":true,"href":"https:\/\/sachviet.eu\/en\/wp-json\/wp\/v2\/product_cat?post=18575"},{"taxonomy":"product_tag","embeddable":true,"href":"https:\/\/sachviet.eu\/en\/wp-json\/wp\/v2\/product_tag?post=18575"}],"curies":[{"name":"wp","href":"https:\/\/api.w.org\/{rel}","templated":true}]}}