{"id":18573,"date":"2022-04-16T12:58:13","date_gmt":"2022-04-16T09:58:13","guid":{"rendered":"https:\/\/sachviet.eu\/shop\/sach-ehon-nhat-ban-doi-giay-cua-saki\/"},"modified":"2022-12-19T15:03:21","modified_gmt":"2022-12-19T13:03:21","slug":"sach-ehon-nhat-ban-doi-giay-cua-saki","status":"publish","type":"product","link":"https:\/\/sachviet.eu\/en\/shop\/sach-ehon-nhat-ban-doi-giay-cua-saki\/","title":{"rendered":"S\u00e1ch Ehon Nh\u1eadt b\u1ea3n: \u0110\u00f4i gi\u00e0y c\u1ee7a Saki"},"content":{"rendered":"<p>Cu\u1ed1n s\u00e1ch k\u1ec3 v\u1ec1 c\u00e2u chuy\u1ec7n c\u1ee7a b\u1ea1n Saki v\u00e0 \u0111\u00f4i gi\u00e0y nh\u1ecf c\u00f3 t\u00ean l\u00e0 &#8220;\u0111\u00f4i gi\u00e0y b\u00e9 th\u1ecf&#8221; \u0111\u00e3 g\u1eafn b\u00f3 v\u1edbi b\u00e9 t\u1eeb r\u1ea5t l\u00e2u. Khi \u0111\u01b0\u1ee3c m\u1eb9 mua cho \u0111\u00f4i gi\u00e0y m\u1edbi c\u00f3 h\u00ecnh ruy b\u0103ng m\u00e0u h\u1ed3ng, Saki \u0111\u00e3 r\u1ea5t th\u00edch, nh\u01b0ng c\u00f4 b\u00e9 v\u1eabn lu\u00f4n tr\u00e2n tr\u1ecdng v\u00e0 n\u00e2ng niu \u0111\u00f4i gi\u00e0y c\u0169 c\u00f3 h\u00ecnh b\u00e9 th\u1ecf c\u1ee7a m\u00ecnh. B\u1edfi \u0111\u00f4i gi\u00e0y \u0111\u00e3 lu\u00f4n theo b\u01b0\u1edbc Saki \u0111i r\u1ea5t nhi\u1ec1u n\u01a1i, c\u00f9ng Saki tr\u1ea3i qua bao bu\u1ed3n vui, h\u1ea1nh ph\u00fac. V\u00ec r\u1ea5t y\u00eau qu\u00fd \u0111\u00f4i gi\u00e0y n\u00ean Saki \u0111\u00e3 xin m\u1eb9 \u0111\u1eebng v\u1ee9t n\u00f3 \u0111i.<\/p>\n<p>Cu\u1ed1n s\u00e1ch Ehon \u0111\u01a1n gi\u1ea3n m\u00e0 \u00fd ngh\u0129a n\u00e0y s\u1ebd mang \u0111\u1ebfn cho con nhi\u1ec1u b\u00e0i h\u1ecdc b\u1ed5 \u00edch:<br \/>\n+ Kh\u00f4ng v\u00ec c\u00e1i m\u1edbi m\u00e0 l\u00e3ng qu\u00ean c\u00e1i c\u0169.<br \/>\n+ D\u1ea1y con bi\u1ebft tr\u00e2n tr\u1ecdng nh\u1eefng \u0111\u1ed3 v\u1eadt nh\u1ecf xung quanh m\u00ecnh.<br \/>\n+ D\u1ea1y con c\u00e1ch s\u1ed1ng ti\u1ebft ki\u1ec7m.<br \/>\n&#8230;<\/p>\n<p>N\u00e9t v\u1ebd minh h\u1ecda sinh \u0111\u1ed9ng v\u00e0 c\u1ef1c k\u1ef3 c\u00f3 h\u1ed3n s\u1ebd gi\u00fap con \u0111\u01b0\u1ee3c k\u00edch th\u00edch tr\u00ed t\u01b0\u1edfng t\u01b0\u1ee3ng v\u00e0 s\u00e1ng t\u1ea1o, \u0111\u1ed3ng th\u1eddi c\u00f3 h\u1ee9ng th\u00fa \u0111\u1ecdc s\u00e1ch h\u01a1n, h\u00ecnh th\u00e0nh th\u00f3i quen \u0111\u1ecdc.<\/p>\n<p>Ng\u00f4n t\u1eeb trong s\u00e1ng v\u00e0 d\u1ec5 hi\u1ec3u, g\u1ea7n g\u0169i v\u1edbi con nh\u01b0ng \u0111\u1ed3ng th\u1eddi c\u0169ng gi\u00fap con m\u1edf r\u1ed9ng v\u1ed1n t\u1eeb c\u1ee7a m\u00ecnh.<\/p>\n","protected":false},"excerpt":{"rendered":"<p>Cu\u1ed1n s\u00e1ch k\u1ec3 v\u1ec1 c\u00e2u chuy\u1ec7n c\u1ee7a b\u1ea1n Saki v\u00e0 \u0111\u00f4i gi\u00e0y nh\u1ecf c\u00f3 t\u00ean l\u00e0 &#8220;\u0111\u00f4i gi\u00e0y b\u00e9 th\u1ecf&#8221; \u0111\u00e3 g\u1eafn b\u00f3 v\u1edbi b\u00e9 t\u1eeb r\u1ea5t l\u00e2u. Khi \u0111\u01b0\u1ee3c m\u1eb9 mua cho \u0111\u00f4i gi\u00e0y m\u1edbi c\u00f3 h\u00ecnh ruy b\u0103ng m\u00e0u h\u1ed3ng, Saki \u0111\u00e3 r\u1ea5t th\u00edch, nh\u01b0ng c\u00f4 b\u00e9 v\u1eabn lu\u00f4n tr\u00e2n tr\u1ecdng v\u00e0 n\u00e2ng niu \u0111\u00f4i gi\u00e0y c\u0169 c\u00f3 h\u00ecnh b\u00e9 th\u1ecf c\u1ee7a m\u00ecnh. B\u1edfi \u0111\u00f4i gi\u00e0y \u0111\u00e3 lu\u00f4n theo b\u01b0\u1edbc Saki \u0111i r\u1ea5t nhi\u1ec1u n\u01a1i, c\u00f9ng Saki tr\u1ea3i qua bao bu\u1ed3n vui, h\u1ea1nh ph\u00fac. V\u00ec r\u1ea5t y\u00eau qu\u00fd \u0111\u00f4i gi\u00e0y n\u00ean Saki \u0111\u00e3 xin m\u1eb9 \u0111\u1eebng v\u1ee9t n\u00f3 \u0111i.<\/p>\n<p>Cu\u1ed1n s\u00e1ch Ehon \u0111\u01a1n gi\u1ea3n m\u00e0 \u00fd ngh\u0129a n\u00e0y s\u1ebd mang \u0111\u1ebfn cho con nhi\u1ec1u b\u00e0i h\u1ecdc b\u1ed5 \u00edch:<br \/>\n+ Kh\u00f4ng v\u00ec c\u00e1i m\u1edbi m\u00e0 l\u00e3ng qu\u00ean c\u00e1i c\u0169.<br \/>\n+ D\u1ea1y con bi\u1ebft tr\u00e2n tr\u1ecdng nh\u1eefng \u0111\u1ed3 v\u1eadt nh\u1ecf xung quanh m\u00ecnh.<br \/>\n+ D\u1ea1y con c\u00e1ch s\u1ed1ng ti\u1ebft ki\u1ec7m.<br \/>\n&#8230;<\/p>\n<p>N\u00e9t v\u1ebd minh h\u1ecda sinh \u0111\u1ed9ng v\u00e0 c\u1ef1c k\u1ef3 c\u00f3 h\u1ed3n s\u1ebd gi\u00fap con \u0111\u01b0\u1ee3c k\u00edch th\u00edch tr\u00ed t\u01b0\u1edfng t\u01b0\u1ee3ng v\u00e0 s\u00e1ng t\u1ea1o, \u0111\u1ed3ng th\u1eddi c\u00f3 h\u1ee9ng th\u00fa \u0111\u1ecdc s\u00e1ch h\u01a1n, h\u00ecnh th\u00e0nh th\u00f3i quen \u0111\u1ecdc.<\/p>\n<p>Ng\u00f4n t\u1eeb trong s\u00e1ng v\u00e0 d\u1ec5 hi\u1ec3u, g\u1ea7n g\u0169i v\u1edbi con nh\u01b0ng \u0111\u1ed3ng th\u1eddi c\u0169ng gi\u00fap con m\u1edf r\u1ed9ng v\u1ed1n t\u1eeb c\u1ee7a m\u00ecnh.<\/p>\n","protected":false},"featured_media":18572,"template":"","meta":{"_acf_changed":false},"product_brand":[],"product_cat":[25,17],"product_tag":[],"class_list":{"0":"post-18573","1":"product","2":"type-product","3":"status-publish","4":"has-post-thumbnail","6":"product_cat-nhi-dong-6-tuoi-12-tuoi","7":"product_cat-sach-danh-cho-cac-be","9":"first","10":"instock","11":"taxable","12":"shipping-taxable","13":"purchasable","14":"product-type-simple"},"supplier_id":null,"supplier_sku":"","barcode":null,"atum_controlled":true,"out_stock_date":null,"out_stock_threshold":null,"inheritable":false,"inbound_stock":0,"stock_on_hold":0,"sold_today":0,"sales_last_days":0,"reserved_stock":0,"customer_returns":0,"warehouse_damage":0,"lost_in_post":0,"other_logs":0,"out_stock_days":0,"lost_sales":0,"has_location":false,"update_date":"2026-01-28T23:11:04","atum_locations":[{"id":32,"name":"Helsinki","slug":"helsinki"}],"atum_stock_status":"instock","restock_status":false,"low_stock_amount":"","sales_update_date":"2026-01-28T23:11:04","calc_backorders":null,"acf":{"publisher":{"ID":8542,"post_author":"1","post_date":"2021-04-28 14:22:57","post_date_gmt":"2021-04-28 11:22:57","post_content":"","post_title":"Muki","post_excerpt":"","post_status":"publish","comment_status":"closed","ping_status":"closed","post_password":"","post_name":"muki","to_ping":"","pinged":"","post_modified":"2021-04-28 14:22:57","post_modified_gmt":"2021-04-28 11:22:57","post_content_filtered":"","post_parent":0,"guid":"https:\/\/sachviet.eu\/nha-phat-hanh\/muki\/","menu_order":0,"post_type":"publisher","post_mime_type":"","comment_count":"0","filter":"raw"}},"_links":{"self":[{"href":"https:\/\/sachviet.eu\/en\/wp-json\/wp\/v2\/product\/18573","targetHints":{"allow":["GET"]}}],"collection":[{"href":"https:\/\/sachviet.eu\/en\/wp-json\/wp\/v2\/product"}],"about":[{"href":"https:\/\/sachviet.eu\/en\/wp-json\/wp\/v2\/types\/product"}],"wp:featuredmedia":[{"embeddable":true,"href":"https:\/\/sachviet.eu\/en\/wp-json\/wp\/v2\/media\/18572"}],"wp:attachment":[{"href":"https:\/\/sachviet.eu\/en\/wp-json\/wp\/v2\/media?parent=18573"}],"wp:term":[{"taxonomy":"product_brand","embeddable":true,"href":"https:\/\/sachviet.eu\/en\/wp-json\/wp\/v2\/product_brand?post=18573"},{"taxonomy":"product_cat","embeddable":true,"href":"https:\/\/sachviet.eu\/en\/wp-json\/wp\/v2\/product_cat?post=18573"},{"taxonomy":"product_tag","embeddable":true,"href":"https:\/\/sachviet.eu\/en\/wp-json\/wp\/v2\/product_tag?post=18573"}],"curies":[{"name":"wp","href":"https:\/\/api.w.org\/{rel}","templated":true}]}}