{"id":18571,"date":"2022-04-16T12:58:07","date_gmt":"2022-04-16T09:58:07","guid":{"rendered":"https:\/\/sachviet.eu\/shop\/sach-ehon-nhat-ban-vua-dong-ho\/"},"modified":"2022-12-19T15:03:28","modified_gmt":"2022-12-19T13:03:28","slug":"sach-ehon-nhat-ban-vua-dong-ho","status":"publish","type":"product","link":"https:\/\/sachviet.eu\/en\/shop\/sach-ehon-nhat-ban-vua-dong-ho\/","title":{"rendered":"S\u00e1ch Ehon Nh\u1eadt B\u1ea3n &#8211; Vua \u0110\u1ed3ng H\u1ed3"},"content":{"rendered":"<p>Nga\u0300y na\u0300o chu\u0301ng ta cu\u0303ng pha\u0309i th\u01b0\u0323c hi\u00ea\u0323n nh\u01b0\u0303ng c\u00f4ng vi\u00ea\u0323c ma\u0300 mi\u0300nh kh\u00f4ng thi\u0301ch theo chi\u0309 s\u00f4\u0301 cu\u0309a \u0111\u00f4\u0300ng h\u00f4\u0300: 6h th\u01b0\u0301c d\u00e2\u0323y \u0111i \u0111a\u0301nh r\u0103ng, \u0103n sa\u0301ng, \u0111i ho\u0323c, \u0111i la\u0300m; 12h \u0111i \u0103n, \u0111i ngu\u0309, chi\u00ea\u0300u la\u0323i \u0111i ho\u0323c, \u0111i la\u0300m; 18h chu\u0301ng ta \u0103n t\u00f4\u0301i, ch\u01a1i, xem ti vi \u0111\u01b0\u01a1\u0323c co\u0301 ty\u0301 te\u0323o r\u00f4\u0300i la\u0323i \u0111i ngu\u0309 Th\u00e2\u0323t la\u0300 bu\u00f4\u0300n cha\u0301n pha\u0309i kh\u00f4ng? Chu\u0301ng mi\u0300nh th\u01b0\u0309 la\u0300m gi\u00f4\u0301ng nh\u01b0 vua \u0110\u00f4\u0300ng H\u00f4\u0300, gi\u00e2\u0301u kim \u0111\u00f4\u0300ng h\u00f4\u0300 \u0111\u00ea\u0309 kh\u00f4ng co\u0300n bi\u00ea\u0301t th\u01a1\u0300i gian va\u0300 chi\u0309 la\u0300m nh\u01b0\u0303ng vi\u00ea\u0323c mi\u0300nh thi\u0301ch xem sao!<\/p>\n","protected":false},"excerpt":{"rendered":"<p>Nga\u0300y na\u0300o chu\u0301ng ta cu\u0303ng pha\u0309i th\u01b0\u0323c hi\u00ea\u0323n nh\u01b0\u0303ng c\u00f4ng vi\u00ea\u0323c ma\u0300 mi\u0300nh kh\u00f4ng thi\u0301ch theo chi\u0309 s\u00f4\u0301 cu\u0309a \u0111\u00f4\u0300ng h\u00f4\u0300: 6h th\u01b0\u0301c d\u00e2\u0323y \u0111i \u0111a\u0301nh r\u0103ng, \u0103n sa\u0301ng, \u0111i ho\u0323c, \u0111i la\u0300m; 12h \u0111i \u0103n, \u0111i ngu\u0309, chi\u00ea\u0300u la\u0323i \u0111i ho\u0323c, \u0111i la\u0300m; 18h chu\u0301ng ta \u0103n t\u00f4\u0301i, ch\u01a1i, xem ti vi \u0111\u01b0\u01a1\u0323c co\u0301 ty\u0301 te\u0323o r\u00f4\u0300i la\u0323i \u0111i ngu\u0309 Th\u00e2\u0323t la\u0300 bu\u00f4\u0300n cha\u0301n pha\u0309i kh\u00f4ng? Chu\u0301ng mi\u0300nh th\u01b0\u0309 la\u0300m gi\u00f4\u0301ng nh\u01b0 vua \u0110\u00f4\u0300ng H\u00f4\u0300, gi\u00e2\u0301u kim \u0111\u00f4\u0300ng h\u00f4\u0300 \u0111\u00ea\u0309 kh\u00f4ng co\u0300n bi\u00ea\u0301t th\u01a1\u0300i gian va\u0300 chi\u0309 la\u0300m nh\u01b0\u0303ng vi\u00ea\u0323c mi\u0300nh thi\u0301ch xem sao!<\/p>\n","protected":false},"featured_media":18570,"template":"","meta":{"_acf_changed":false},"product_brand":[],"product_cat":[25,17],"product_tag":[],"class_list":{"0":"post-18571","1":"product","2":"type-product","3":"status-publish","4":"has-post-thumbnail","6":"product_cat-nhi-dong-6-tuoi-12-tuoi","7":"product_cat-sach-danh-cho-cac-be","9":"first","10":"outofstock","11":"taxable","12":"shipping-taxable","13":"purchasable","14":"product-type-simple"},"supplier_id":null,"supplier_sku":"","barcode":null,"atum_controlled":true,"out_stock_date":"2022-12-19 12:58:06","out_stock_threshold":null,"inheritable":false,"inbound_stock":0,"stock_on_hold":0,"sold_today":0,"sales_last_days":0,"reserved_stock":0,"customer_returns":0,"warehouse_damage":0,"lost_in_post":0,"other_logs":0,"out_stock_days":1136,"lost_sales":0,"has_location":false,"update_date":"2026-01-28T23:11:04","atum_locations":[{"id":32,"name":"Helsinki","slug":"helsinki"}],"atum_stock_status":"outofstock","restock_status":false,"low_stock_amount":"","sales_update_date":"2026-01-28T23:11:04","calc_backorders":null,"acf":{"publisher":{"ID":8542,"post_author":"1","post_date":"2021-04-28 14:22:57","post_date_gmt":"2021-04-28 11:22:57","post_content":"","post_title":"Muki","post_excerpt":"","post_status":"publish","comment_status":"closed","ping_status":"closed","post_password":"","post_name":"muki","to_ping":"","pinged":"","post_modified":"2021-04-28 14:22:57","post_modified_gmt":"2021-04-28 11:22:57","post_content_filtered":"","post_parent":0,"guid":"https:\/\/sachviet.eu\/nha-phat-hanh\/muki\/","menu_order":0,"post_type":"publisher","post_mime_type":"","comment_count":"0","filter":"raw"}},"_links":{"self":[{"href":"https:\/\/sachviet.eu\/en\/wp-json\/wp\/v2\/product\/18571","targetHints":{"allow":["GET"]}}],"collection":[{"href":"https:\/\/sachviet.eu\/en\/wp-json\/wp\/v2\/product"}],"about":[{"href":"https:\/\/sachviet.eu\/en\/wp-json\/wp\/v2\/types\/product"}],"wp:featuredmedia":[{"embeddable":true,"href":"https:\/\/sachviet.eu\/en\/wp-json\/wp\/v2\/media\/18570"}],"wp:attachment":[{"href":"https:\/\/sachviet.eu\/en\/wp-json\/wp\/v2\/media?parent=18571"}],"wp:term":[{"taxonomy":"product_brand","embeddable":true,"href":"https:\/\/sachviet.eu\/en\/wp-json\/wp\/v2\/product_brand?post=18571"},{"taxonomy":"product_cat","embeddable":true,"href":"https:\/\/sachviet.eu\/en\/wp-json\/wp\/v2\/product_cat?post=18571"},{"taxonomy":"product_tag","embeddable":true,"href":"https:\/\/sachviet.eu\/en\/wp-json\/wp\/v2\/product_tag?post=18571"}],"curies":[{"name":"wp","href":"https:\/\/api.w.org\/{rel}","templated":true}]}}