{"id":18569,"date":"2022-04-16T12:58:00","date_gmt":"2022-04-16T09:58:00","guid":{"rendered":"https:\/\/sachviet.eu\/shop\/vien-ngoc-ke-ben\/"},"modified":"2022-12-19T15:03:35","modified_gmt":"2022-12-19T13:03:35","slug":"vien-ngoc-ke-ben","status":"publish","type":"product","link":"https:\/\/sachviet.eu\/en\/shop\/vien-ngoc-ke-ben\/","title":{"rendered":"Vi\u00ean Ng\u1ecdc K\u1ec1 B\u00ean"},"content":{"rendered":"<p>L\u01b0u Quang v\u1ed1n l\u00e0 m\u1ed9t vi\u00ean ng\u1ecdc c\u00f4 \u0111\u01a1n l\u1ebb loi d\u01b0\u1edbi \u0111\u00e1y bi\u1ec3n s\u00e2u, tr\u1ea3i qua h\u00e0ng ngh\u00ecn n\u0103m m\u1edbi tu luy\u1ec7n th\u00e0nh ng\u01b0\u1eddi, l\u1ea1i \u00f4m m\u1ed9t m\u1ed1i t\u00ecnh \u0111\u01a1n ph\u01b0\u01a1ng v\u1edbi ch\u00ednh ch\u1ee7 nh\u00e2n c\u1ee7a m\u00ecnh. Nh\u01b0ng \u0111\u00e2u ph\u1ea3i t\u00ecnh c\u1ea3m n\u00e0o tr\u00ean \u0111\u1eddi c\u0169ng s\u1ebd \u0111\u01b0\u1ee3c \u0111\u00e1p l\u1ea1i tr\u1ecdn v\u1eb9n t\u1eeb c\u1ea3 hai ph\u00eda, nh\u1ea5t l\u00e0 v\u1edbi m\u1ed9t ng\u01b0\u1eddi kh\u00f4ng \u0111\u1eb7t m\u00ecnh trong t\u00e2m.<\/p>\n<p>V\u00e0 r\u1ed3i ng\u01b0\u1eddi \u1ea5y xu\u1ea5t hi\u1ec7n\u2026 \u0110\u00e0m U &#8211; Nh\u1ecb \u0111i\u1ec7n h\u1ea1 c\u1ee7a thi\u00ean gi\u1edbi, t\u00f4n qu\u00fd ng\u1ea1o m\u1ea1n h\u01a1n ng\u01b0\u1eddi, tr\u00ean tr\u1eddi d\u01b0\u1edbi b\u1ec3 ch\u1eb3ng g\u00ec c\u00f3 th\u1ec3 ng\u0103n c\u1ea3n \u0111\u01b0\u1ee3c h\u1eafn. M\u1ed9t k\u1ebb n\u1ed5i danh ki\u00eau c\u0103ng \u0111\u1ed9c \u00e1c nh\u01b0 h\u1eafn, v\u1eady m\u00e0 l\u1ea1i hao t\u1ed1n c\u1ea3 ng\u00e0n n\u0103m ch\u1ec9 \u0111\u1ec3 t\u00ecm m\u1ed9t L\u01b0u Quang. Con ng\u01b0\u1eddi \u0111\u00f3 ch\u00ednh l\u00e0 nh\u01b0 v\u1eady, h\u1eafn c\u0169ng l\u00e0 m\u1ed9t th\u00e2n x\u00e1c th\u1ecbt, c\u0169ng gi\u1ed1ng h\u1ebft th\u1ea3y ch\u00fang sinh tr\u00ean th\u1ebf gian n\u00e0y, mu\u1ed1n t\u00ecm \u0111\u01b0\u1ee3c m\u1ed9t tri k\u1ef7 b\u1ea7u b\u1ea1n \u0111\u1ec3 v\u01b0\u1ee3t qua n\u1ed7i c\u00f4 \u0111\u01a1n \u0111\u1eb1ng \u0111\u1eb5ng.<\/p>\n<p>Th\u1ebf nh\u01b0ng th\u1ee9 t\u00ecnh c\u1ea3m m\u00e3nh li\u1ec7t \u1ea5y, li\u1ec7u r\u1eb1ng L\u01b0u Quang c\u00f3 th\u1ea5u t\u1ecf? S\u1ef1 \u0111\u1ed9ng t\u00e2m \u0111\u00e3 \u0103n s\u00e2u b\u00e9n r\u1ec5 c\u1ea3 ng\u00e0n n\u0103m, li\u1ec7u r\u1eb1ng L\u01b0u Quang c\u00f3 t\u00edn nhi\u1ec7m? Hay y s\u1ebd ch\u1ec9 s\u1ee3 h\u00e3i, ki\u00eang d\u00e8 v\u00e0 thi\u1ebfu tin t\u01b0\u1edfng m\u00e0 \u0111\u00e1p tr\u1ea3 l\u1ea1i nh\u1eefng l\u01b0u luy\u1ebfn \u0111\u00f3?<\/p>\n<p>H\u00e3y c\u00f9ng \u0111\u00f3n ch\u1edd c\u00e2u chuy\u1ec7n c\u1ee7a h\u1ecd trong \u1ea5n ph\u1ea9m ti\u1ebfp theo c\u1ee7a Kh\u1ed1n \u1ef6 Nguy L\u00e2u \u2013 \u201cVi\u00ean ng\u1ecdc k\u1ec1 b\u00ean\u201d nh\u00e9!<\/p>\n","protected":false},"excerpt":{"rendered":"<p>L\u01b0u Quang v\u1ed1n l\u00e0 m\u1ed9t vi\u00ean ng\u1ecdc c\u00f4 \u0111\u01a1n l\u1ebb loi d\u01b0\u1edbi \u0111\u00e1y bi\u1ec3n s\u00e2u, tr\u1ea3i qua h\u00e0ng ngh\u00ecn n\u0103m m\u1edbi tu luy\u1ec7n th\u00e0nh ng\u01b0\u1eddi, l\u1ea1i \u00f4m m\u1ed9t m\u1ed1i t\u00ecnh \u0111\u01a1n ph\u01b0\u01a1ng v\u1edbi ch\u00ednh ch\u1ee7 nh\u00e2n c\u1ee7a m\u00ecnh. Nh\u01b0ng \u0111\u00e2u ph\u1ea3i t\u00ecnh c\u1ea3m n\u00e0o tr\u00ean \u0111\u1eddi c\u0169ng s\u1ebd \u0111\u01b0\u1ee3c \u0111\u00e1p l\u1ea1i tr\u1ecdn v\u1eb9n t\u1eeb c\u1ea3 hai ph\u00eda, nh\u1ea5t l\u00e0 v\u1edbi m\u1ed9t ng\u01b0\u1eddi kh\u00f4ng \u0111\u1eb7t m\u00ecnh trong t\u00e2m.<\/p>\n<p>V\u00e0 r\u1ed3i ng\u01b0\u1eddi \u1ea5y xu\u1ea5t hi\u1ec7n\u2026 \u0110\u00e0m U &#8211; Nh\u1ecb \u0111i\u1ec7n h\u1ea1 c\u1ee7a thi\u00ean gi\u1edbi, t\u00f4n qu\u00fd ng\u1ea1o m\u1ea1n h\u01a1n ng\u01b0\u1eddi, tr\u00ean tr\u1eddi d\u01b0\u1edbi b\u1ec3 ch\u1eb3ng g\u00ec c\u00f3 th\u1ec3 ng\u0103n c\u1ea3n \u0111\u01b0\u1ee3c h\u1eafn. M\u1ed9t k\u1ebb n\u1ed5i danh ki\u00eau c\u0103ng \u0111\u1ed9c \u00e1c nh\u01b0 h\u1eafn, v\u1eady m\u00e0 l\u1ea1i hao t\u1ed1n c\u1ea3 ng\u00e0n n\u0103m ch\u1ec9 \u0111\u1ec3 t\u00ecm m\u1ed9t L\u01b0u Quang. Con ng\u01b0\u1eddi \u0111\u00f3 ch\u00ednh l\u00e0 nh\u01b0 v\u1eady, h\u1eafn c\u0169ng l\u00e0 m\u1ed9t th\u00e2n x\u00e1c th\u1ecbt, c\u0169ng gi\u1ed1ng h\u1ebft th\u1ea3y ch\u00fang sinh tr\u00ean th\u1ebf gian n\u00e0y, mu\u1ed1n t\u00ecm \u0111\u01b0\u1ee3c m\u1ed9t tri k\u1ef7 b\u1ea7u b\u1ea1n \u0111\u1ec3 v\u01b0\u1ee3t qua n\u1ed7i c\u00f4 \u0111\u01a1n \u0111\u1eb1ng \u0111\u1eb5ng.<\/p>\n<p>Th\u1ebf nh\u01b0ng th\u1ee9 t\u00ecnh c\u1ea3m m\u00e3nh li\u1ec7t \u1ea5y, li\u1ec7u r\u1eb1ng L\u01b0u Quang c\u00f3 th\u1ea5u t\u1ecf? S\u1ef1 \u0111\u1ed9ng t\u00e2m \u0111\u00e3 \u0103n s\u00e2u b\u00e9n r\u1ec5 c\u1ea3 ng\u00e0n n\u0103m, li\u1ec7u r\u1eb1ng L\u01b0u Quang c\u00f3 t\u00edn nhi\u1ec7m? Hay y s\u1ebd ch\u1ec9 s\u1ee3 h\u00e3i, ki\u00eang d\u00e8 v\u00e0 thi\u1ebfu tin t\u01b0\u1edfng m\u00e0 \u0111\u00e1p tr\u1ea3 l\u1ea1i nh\u1eefng l\u01b0u luy\u1ebfn \u0111\u00f3?<\/p>\n<p>H\u00e3y c\u00f9ng \u0111\u00f3n ch\u1edd c\u00e2u chuy\u1ec7n c\u1ee7a h\u1ecd trong \u1ea5n ph\u1ea9m ti\u1ebfp theo c\u1ee7a Kh\u1ed1n \u1ef6 Nguy L\u00e2u \u2013 \u201cVi\u00ean ng\u1ecdc k\u1ec1 b\u00ean\u201d nh\u00e9!<\/p>\n","protected":false},"featured_media":18568,"template":"","meta":{"_acf_changed":false},"product_brand":[],"product_cat":[73,15],"product_tag":[],"class_list":{"0":"post-18569","1":"product","2":"type-product","3":"status-publish","4":"has-post-thumbnail","6":"product_cat-dam-my-ngon-tinh","7":"product_cat-sach-danh-cho-nguoi-lon","9":"first","10":"outofstock","11":"taxable","12":"shipping-taxable","13":"purchasable","14":"product-type-simple"},"supplier_id":null,"supplier_sku":"","barcode":null,"atum_controlled":true,"out_stock_date":"2022-12-19 12:58:06","out_stock_threshold":null,"inheritable":false,"inbound_stock":0,"stock_on_hold":0,"sold_today":0,"sales_last_days":0,"reserved_stock":0,"customer_returns":0,"warehouse_damage":0,"lost_in_post":0,"other_logs":0,"out_stock_days":1136,"lost_sales":0,"has_location":false,"update_date":"2026-01-28T23:11:04","atum_locations":[{"id":32,"name":"Helsinki","slug":"helsinki"}],"atum_stock_status":"outofstock","restock_status":false,"low_stock_amount":"","sales_update_date":"2026-01-28T23:11:04","calc_backorders":null,"acf":{"publisher":{"ID":12625,"post_author":"1","post_date":"2021-06-11 14:39:17","post_date_gmt":"2021-06-11 11:39:17","post_content":"","post_title":"Daisy Books","post_excerpt":"","post_status":"publish","comment_status":"closed","ping_status":"closed","post_password":"","post_name":"daisy-books","to_ping":"","pinged":"","post_modified":"2021-06-11 14:39:17","post_modified_gmt":"2021-06-11 11:39:17","post_content_filtered":"","post_parent":0,"guid":"https:\/\/sachviet.eu\/nha-phat-hanh\/daisy-books\/","menu_order":0,"post_type":"publisher","post_mime_type":"","comment_count":"0","filter":"raw"}},"_links":{"self":[{"href":"https:\/\/sachviet.eu\/en\/wp-json\/wp\/v2\/product\/18569","targetHints":{"allow":["GET"]}}],"collection":[{"href":"https:\/\/sachviet.eu\/en\/wp-json\/wp\/v2\/product"}],"about":[{"href":"https:\/\/sachviet.eu\/en\/wp-json\/wp\/v2\/types\/product"}],"wp:featuredmedia":[{"embeddable":true,"href":"https:\/\/sachviet.eu\/en\/wp-json\/wp\/v2\/media\/18568"}],"wp:attachment":[{"href":"https:\/\/sachviet.eu\/en\/wp-json\/wp\/v2\/media?parent=18569"}],"wp:term":[{"taxonomy":"product_brand","embeddable":true,"href":"https:\/\/sachviet.eu\/en\/wp-json\/wp\/v2\/product_brand?post=18569"},{"taxonomy":"product_cat","embeddable":true,"href":"https:\/\/sachviet.eu\/en\/wp-json\/wp\/v2\/product_cat?post=18569"},{"taxonomy":"product_tag","embeddable":true,"href":"https:\/\/sachviet.eu\/en\/wp-json\/wp\/v2\/product_tag?post=18569"}],"curies":[{"name":"wp","href":"https:\/\/api.w.org\/{rel}","templated":true}]}}