{"id":18567,"date":"2022-04-16T12:57:54","date_gmt":"2022-04-16T09:57:54","guid":{"rendered":"https:\/\/sachviet.eu\/shop\/cat-bui-thoi-gian\/"},"modified":"2023-05-22T13:42:21","modified_gmt":"2023-05-22T10:42:21","slug":"cat-bui-thoi-gian","status":"publish","type":"product","link":"https:\/\/sachviet.eu\/en\/shop\/cat-bui-thoi-gian\/","title":{"rendered":"C\u00e1t B\u1ee5i Th\u1eddi Gian"},"content":{"rendered":"<p>Sidney Sheldon, t\u00e1c gi\u1ea3 c\u1ee7a nhi\u1ec1u cu\u1ed1n ti\u1ec3u thuy\u1ebft thu\u1ed9c h\u00e0ng Best-selling \u0111\u01b0\u1ee3c ng\u01b0\u1eddi \u0111\u1ecdc Vi\u1ec7t Nam y\u00eau th\u00edch nh\u01b0 &#8220;N\u1ebfu c\u00f2n c\u00f3 ng\u00e0y mai&#8221;, \u201c\u00c2m m\u01b0u ng\u00e0y t\u1eadn th\u1ebf\u201d, &#8220;Thi\u00ean th\u1ea7n n\u1ed5i gi\u1eadn&#8221;&#8230;, \u0111\u00e3 t\u1eeb tr\u1ea7n \u1edf tu\u1ed5i 89.<\/p>\n<p>Warren Cowan, m\u1ed9t trong nh\u1eefng c\u1ed1 v\u1ea5n c\u1ee7a Sheldon cho bi\u1ebft nh\u00e0 v\u0103n t\u1eeb tr\u1ea7n v\u00e0o chi\u1ec1u ng\u00e0y 30\/12 t\u1ea1i B\u1ec7nh vi\u1ec7n Eisenhower \u1edf Rancho Mirage (M\u1ef9) v\u00ec b\u1ec7nh vi\u00eam ph\u1ed5i. V\u1ee3 \u00f4ng, b\u00e0 Alexandra, con g\u00e1i Mary Sheldon \u0111\u1ed3ng th\u1eddi c\u0169ng l\u00e0 m\u1ed9t nh\u00e0 v\u0103n, \u0111\u00e3 c\u00f3 m\u1eb7t b\u00ean c\u1ea1nh Sheldon trong l\u00fac l\u00e2m chung. Cowan x\u00fac \u0111\u1ed9ng n\u00f3i: \u201cT\u00f4i \u0111\u00e3 m\u1ea5t m\u1ed9t ng\u01b0\u1eddi b\u1ea1n l\u00e2u n\u0103m v\u00e0 th\u00e2n thi\u1ebft nh\u1ea5t. Trong su\u1ed1t nh\u1eefng n\u0103m th\u00e1ng \u0111\u01b0\u1ee3c l\u00e0m vi\u1ec7c c\u00f9ng Sheldon, t\u00f4i ch\u01b0a bao gi\u1edd nghe th\u1ea5y ai \u0111\u00f3 n\u00f3i m\u1ed9t t\u1eeb kh\u00f4ng hay v\u1ec1 \u00f4ng\u201d. Sidney Sheldon t\u1eebng c\u00f3 th\u1eddi gian l\u00e0m vi\u1ec7c t\u1ea1i Hollywood v\u00e0 l\u00e0 t\u00e1c gi\u1ea3 c\u1ee7a nhi\u1ec1u k\u1ecbch b\u1ea3n phim nh\u1ef1a v\u00e0 phim truy\u1ec1n h\u00ecnh n\u1ed5i ti\u1ebfng.<\/p>\n<p>Tuy nhi\u00ean, b\u01b0\u1edbc sang 50 tu\u1ed5i, t\u1ee9c l\u00e0 v\u00e0o kho\u1ea3ng nh\u1eefng n\u0103m 1967, \u00f4ng l\u1ea1i chuy\u1ec3n sang vi\u1ebft ti\u1ec3u thuy\u1ebft v\u00e0 n\u1ed5i ti\u1ebfng v\u1edbi h\u00e0ng ch\u1ee5c t\u00e1c ph\u1ea9m \u0103n kh\u00e1ch nh\u1ea5t h\u00e0nh tinh, \u0111\u01b0\u1ee3c d\u1ecbch sang nhi\u1ec1u th\u1ee9 ti\u1ebfng kh\u00e1c nhau tr\u00ean to\u00e0n th\u1ebf gi\u1edbi. Nh\u1eefng cu\u1ed1n s\u00e1ch c\u1ee7a Sheldon, nh\u01b0 \u201cThi\u00ean th\u1ea7n n\u1ed5i gi\u1eadn\u201d, \u201cPh\u00eda b\u00ean kia n\u1eeda \u0111\u00eam\u201d, \u201cN\u1ebfu c\u00f2n c\u00f3 ng\u00e0y mai\u201d \u0111\u00e3 khi\u1ebfn t\u00ean tu\u1ed5i c\u1ee7a nh\u00e0 v\u0103n M\u1ef9 lu\u00f4n t\u1ed3n t\u1ea1i trong l\u00f2ng b\u1ea1n \u0111\u1ecdc.<\/p>\n<p>\u00d4ng l\u00e0 m\u1ed9t nh\u00e0 v\u0103n c\u00f3 t\u00e0i th\u1ef1c th\u1ee5. B\u1eb1ng c\u00e1ch vi\u1ebft v\u00e0 di\u1ec5n t\u1ea3 t\u00ecnh ti\u1ebft c\u00e2u chuy\u1ec7n r\u1ea5t ly k\u1ef3 v\u1edbi gi\u1ecdng v\u0103n h\u00f3m h\u1ec9nh nh\u01b0ng \u0111\u1ea7y tr\u00ed tu\u1ec7, nh\u1eefng t\u00e1c ph\u1ea9m c\u1ee7a Sheldon th\u01b0\u1eddng n\u00f3i v\u1ec1 nh\u1eefng nh\u00e2n v\u1eadt th\u00e0nh \u0111\u1ea1t, n\u1ed5i ti\u1ebfng nh\u01b0ng kh\u00f4ng c\u00f3 th\u1eadt v\u00e0 th\u01b0\u1eddng l\u00e0 ph\u1ee5 n\u1eef.<\/p>\n<p>Trong m\u1ed9t cu\u1ed9c ph\u1ecfng v\u1ea5n n\u0103m 1982, Sheldon t\u00e2m s\u1ef1: \u201cT\u00f4i c\u1ed1 g\u1eafng vi\u1ebft nh\u1eefng t\u00e1c ph\u1ea9m \u0111\u1ec3 ng\u01b0\u1eddi \u0111\u1ecdc kh\u00f4ng th\u1ec3 \u0111\u1eb7t ch\u00fang xu\u1ed1ng. T\u00f4i vi\u1ebft \u0111\u1ec3 khi ng\u01b0\u1eddi \u0111\u1ecdc \u0111\u1ecdc t\u1edbi cu\u1ed1i ch\u01b0\u01a1ng, h\u1ecd ph\u1ea3i \u0111\u1ecdc th\u00eam m\u1ed9t ch\u01b0\u01a1ng n\u1eefa\u201d. Gi\u1ea3i th\u00edch l\u00fd do t\u1ea1i sao c\u00f3 qu\u00e1 nhi\u1ec1u ph\u1ee5 n\u1eef l\u00e0 c\u00e1c nh\u00e2n v\u1eadt ch\u00ednh trong c\u00e1c t\u00e1c ph\u1ea9m c\u1ee7a \u00f4ng, Sheldon n\u00f3i: \u201cT\u00f4i th\u00edch vi\u1ebft v\u1ec1 nh\u1eefng ng\u01b0\u1eddi ph\u1ee5 n\u1eef t\u00e0i gi\u1ecfi, v\u00e0 quan tr\u1ecdng h\u01a1n, l\u00e0 h\u1ecd v\u1eabn \u0111\u1ea7y quy\u1ebfn r\u0169, n\u1eef t\u00ednh. Ph\u1ee5 n\u1eef c\u00f3 m\u1ed9t s\u1ee9c m\u1ea1nh v\u00f4 c\u00f9ng to l\u1edbn &#8211; \u0111\u00f3 l\u00e0 n\u00e9t quy\u1ebfn r\u0169 v\u00e0 ng\u01b0\u1eddi \u0111\u00e0n \u00f4ng kh\u00f4ng th\u1ec3 l\u00e0m g\u00ec n\u1ebfu thi\u1ebfu \u0111i\u1ec1u n\u00e0y\u201d. Kh\u00f4ng gi\u1ed1ng nh\u01b0 nh\u1eefng nh\u00e0 v\u0103n kh\u00e1c th\u01b0\u1eddng s\u1eed d\u1ee5ng m\u00e1y ch\u1eef ho\u1eb7c m\u00e1y t\u00ednh \u0111\u1ec3 vi\u1ebft t\u00e1c ph\u1ea9m, Sheldon th\u01b0\u1eddng \u0111\u1ecdc ra 50 trang truy\u1ec7n m\u1ed7i ng\u00e0y cho th\u01b0 k\u00fd hay m\u00e1y thu \u00e2m ghi l\u1ea1i. Sau \u0111\u00f3, \u00f4ng s\u1eeda b\u1ea3n s\u00e1ng t\u00e1c v\u00e0o ng\u00e0y h\u00f4m sau v\u00e0 c\u1ee9 ti\u1ebfp t\u1ee5c c\u00f4ng vi\u1ec7c nh\u01b0 v\u1eady cho t\u1edbi khi t\u00e1c ph\u1ea9m c\u1ee7a \u00f4ng d\u00e0i t\u1eeb 1.200 t\u1edbi 1.500 trang.<\/p>\n<p>Sheldon n\u00f3i: \u201cT\u00f4i \u0111\u1ecdc v\u00e0 s\u1eeda l\u1ea1i b\u1ea3n vi\u1ebft cu\u1ed1i c\u00f9ng t\u1eeb 12 t\u1edbi 15 l\u1ea7n. C\u00f3 th\u1ec3 t\u00f4i ch\u1ec9 d\u00f9ng c\u1ea3 n\u0103m \u0111\u1ec3 s\u1eeda l\u1ea1i b\u1ea3n vi\u1ebft \u0111\u00f3\u201d. Sidney Sheldon sinh ng\u00e0y 11\/2\/1918 t\u1ea1i Chicago, Illinois d\u01b0\u1edbi t\u00ean Sidney Schechtel, trong m\u1ed9t gia \u0111\u00ecnh c\u00f3 b\u1ed1 l\u00e0 ng\u01b0\u1eddi Do Th\u00e1i g\u1ed1c \u0110\u1ee9c, m\u1eb9 l\u00e0 g\u1ed1c Nga. \u00d4ng b\u1eaft \u0111\u1ea7u vi\u1ec7c vi\u1ebft l\u00e1ch ngay t\u1eeb khi c\u00f2n r\u1ea5t nh\u1ecf. L\u00ean 10 tu\u1ed5i, c\u1eadu b\u00e9 Sheldon \u0111\u00e3 ki\u1ebfm \u0111\u01b0\u1ee3c 10 USD cho m\u1ed9t b\u00e0i th\u01a1. Th\u1eddi trai tr\u1ebb, Sheldon t\u1eebng l\u00e0m nhi\u1ec1u ngh\u1ec1 \u0111\u1ec3 ki\u1ebfm s\u1ed1ng trong khi l\u00e0 sinh vi\u00ean t\u1ea1i Northwestern University v\u00e0 tham gia m\u1ed9t nh\u00f3m chuy\u00ean vi\u1ebft nh\u1eefng v\u1edf k\u1ecbch ng\u1eafn.<\/p>\n<p>Sheldon t\u1eebng th\u00fa nh\u1eadn \u00f4ng su\u00fdt t\u1ef1 t\u1eed v\u00e0o n\u0103m 17 tu\u1ed5i. N\u0103m 17 tu\u1ed5i, Sheldon quy\u1ebft \u0111\u1ecbnh th\u1eed v\u1eadn may t\u1ea1i Hollywood. C\u00f4ng vi\u1ec7c ban \u0111\u1ea7u duy nh\u1ea5t m\u00e0 Sheldon nh\u1eadn \u0111\u01b0\u1ee3c l\u00e0 \u0111\u1ecdc k\u1ecbch b\u1ea3n phim t\u1ea1i Universal Studio v\u1edbi gi\u00e1 22 USD\/ tu\u1ea7n. Trong khi \u0111\u00f3, ban \u0111\u00eam \u00f4ng vi\u1ebft k\u1ecbch b\u1ea3n phim ri\u00eang c\u1ee7a m\u00ecnh v\u00e0 b\u00e1n l\u1ea1i cho Universal v\u1edbi gi\u00e1 250 USD. Sau th\u1ebf chi\u1ebfn th\u1ee9 2, t\u1eeb m\u1ed9t phi c\u00f4ng c\u1ee7a L\u1ef1c l\u01b0\u1ee3ng kh\u00f4ng qu\u00e2n M\u1ef9, Sheldon gi\u1ea3i ng\u0169 v\u00e0 v\u1ec1 l\u00e0m vi\u1ec7c cho s\u00e2n kh\u1ea5u k\u1ecbch Broadway &#8211; n\u01a1i \u0111\u00e1nh d\u1ea5u nh\u1eefng b\u01b0\u1edbc \u0111i quan tr\u1ecdng trong s\u1ef1 nghi\u1ec7p vi\u1ebft v\u0103n c\u1ee7a \u00f4ng. C\u0169ng t\u1ea1i \u0111\u00e2y, Sheldon nh\u1eadn gi\u1ea3i Tony award cho k\u1ecbch b\u1ea3n hay nh\u1ea5t cho \u201cRedhead\u201d.<\/p>\n<p>V\u1edbi h\u01a1n 300 tri\u1ec7u \u1ea5n b\u1ea3n \u0111\u01b0\u1ee3c b\u00e1n, Sheldon kh\u00f4ng ch\u1ec9 l\u00e0 m\u1ed9t trong nh\u1eefng nh\u00e0 v\u0103n \u201cl\u00e3o l\u00e0ng\u201d c\u1ee7a M\u1ef9 m\u00e0 c\u00f2n c\u00f3 \u1ea3nh h\u01b0\u1edfng l\u1edbn trong n\u1ec1n v\u0103n h\u1ecdc th\u1ebf gi\u1edbi. \u00d4ng t\u1eebng \u0111o\u1ea1t gi\u1ea3i Oscar v\u1edbi k\u1ecbch b\u1ea3n hay nh\u1ea5t cho phim \u201cThe Bachelor and the Bobby-Soxer\u201d (1957), gi\u1ea3i Tony Award cho v\u1edf nh\u1ea1c k\u1ecbch \u201cRehead\u201d (1957) n\u1ed5i ti\u1ebfng c\u1ee7a s\u00e2n kh\u1ea5u k\u1ecbch Broadway v\u00e0 gi\u1ea3i Emmy cho \u201cDream of Jeannie\u201d (1967) T\u1ea1i Vi\u1ec7t Nam, nhi\u1ec1u t\u00e1c ph\u1ea9m c\u1ee7a Sheldon \u0111\u00e3 \u0111\u01b0\u1ee3c d\u1ecbch v\u00e0 xu\u1ea5t b\u1ea3n nh\u01b0 \u201c\u00c2m m\u01b0u ng\u00e0y t\u1eadn th\u1ebf\u201d, \u201cB\u1ea7u tr\u1eddi s\u1ee5p \u0111\u1ed5\u201d, \u201cNg\u01b0\u1eddi l\u1ea1 trong g\u01b0\u01a1ng\u201d, \u201cPh\u00eda b\u00ean kia n\u1eeda \u0111\u00eam\u201d, \u201cN\u1ebfu c\u00f2n c\u00f3 ng\u00e0y mai\u201d, \u201cK\u1ebf ho\u1ea1ch ho\u00e0n h\u1ea3o\u201d, \u201cC\u00e1t b\u1ee5i th\u1eddi gian\u201d\u2026.<\/p>\n","protected":false},"excerpt":{"rendered":"<p>Sidney Sheldon, t\u00e1c gi\u1ea3 c\u1ee7a nhi\u1ec1u cu\u1ed1n ti\u1ec3u thuy\u1ebft thu\u1ed9c h\u00e0ng Best-selling \u0111\u01b0\u1ee3c ng\u01b0\u1eddi \u0111\u1ecdc Vi\u1ec7t Nam y\u00eau th\u00edch nh\u01b0 &#8220;N\u1ebfu c\u00f2n c\u00f3 ng\u00e0y mai&#8221;, \u201c\u00c2m m\u01b0u ng\u00e0y t\u1eadn th\u1ebf\u201d, &#8220;Thi\u00ean th\u1ea7n n\u1ed5i gi\u1eadn&#8221;&#8230;, \u0111\u00e3 t\u1eeb tr\u1ea7n \u1edf tu\u1ed5i 89.<\/p>\n<p>Warren Cowan, m\u1ed9t trong nh\u1eefng c\u1ed1 v\u1ea5n c\u1ee7a Sheldon cho bi\u1ebft nh\u00e0 v\u0103n t\u1eeb tr\u1ea7n v\u00e0o chi\u1ec1u ng\u00e0y 30\/12 t\u1ea1i B\u1ec7nh vi\u1ec7n Eisenhower \u1edf Rancho Mirage (M\u1ef9) v\u00ec b\u1ec7nh vi\u00eam ph\u1ed5i. V\u1ee3 \u00f4ng, b\u00e0 Alexandra, con g\u00e1i Mary Sheldon \u0111\u1ed3ng th\u1eddi c\u0169ng l\u00e0 m\u1ed9t nh\u00e0 v\u0103n, \u0111\u00e3 c\u00f3 m\u1eb7t b\u00ean c\u1ea1nh Sheldon trong l\u00fac l\u00e2m chung. Cowan x\u00fac \u0111\u1ed9ng n\u00f3i: \u201cT\u00f4i \u0111\u00e3 m\u1ea5t m\u1ed9t ng\u01b0\u1eddi b\u1ea1n l\u00e2u n\u0103m v\u00e0 th\u00e2n thi\u1ebft nh\u1ea5t. Trong su\u1ed1t nh\u1eefng n\u0103m th\u00e1ng \u0111\u01b0\u1ee3c l\u00e0m vi\u1ec7c c\u00f9ng Sheldon, t\u00f4i ch\u01b0a bao gi\u1edd nghe th\u1ea5y ai \u0111\u00f3 n\u00f3i m\u1ed9t t\u1eeb kh\u00f4ng hay v\u1ec1 \u00f4ng\u201d. Sidney Sheldon t\u1eebng c\u00f3 th\u1eddi gian l\u00e0m vi\u1ec7c t\u1ea1i Hollywood v\u00e0 l\u00e0 t\u00e1c gi\u1ea3 c\u1ee7a nhi\u1ec1u k\u1ecbch b\u1ea3n phim nh\u1ef1a v\u00e0 phim truy\u1ec1n h\u00ecnh n\u1ed5i ti\u1ebfng.<\/p>\n<p>Tuy nhi\u00ean, b\u01b0\u1edbc sang 50 tu\u1ed5i, t\u1ee9c l\u00e0 v\u00e0o kho\u1ea3ng nh\u1eefng n\u0103m 1967, \u00f4ng l\u1ea1i chuy\u1ec3n sang vi\u1ebft ti\u1ec3u thuy\u1ebft v\u00e0 n\u1ed5i ti\u1ebfng v\u1edbi h\u00e0ng ch\u1ee5c t\u00e1c ph\u1ea9m \u0103n kh\u00e1ch nh\u1ea5t h\u00e0nh tinh, \u0111\u01b0\u1ee3c d\u1ecbch sang nhi\u1ec1u th\u1ee9 ti\u1ebfng kh\u00e1c nhau tr\u00ean to\u00e0n th\u1ebf gi\u1edbi. Nh\u1eefng cu\u1ed1n s\u00e1ch c\u1ee7a Sheldon, nh\u01b0 \u201cThi\u00ean th\u1ea7n n\u1ed5i gi\u1eadn\u201d, \u201cPh\u00eda b\u00ean kia n\u1eeda \u0111\u00eam\u201d, \u201cN\u1ebfu c\u00f2n c\u00f3 ng\u00e0y mai\u201d \u0111\u00e3 khi\u1ebfn t\u00ean tu\u1ed5i c\u1ee7a nh\u00e0 v\u0103n M\u1ef9 lu\u00f4n t\u1ed3n t\u1ea1i trong l\u00f2ng b\u1ea1n \u0111\u1ecdc.<\/p>\n<p>\u00d4ng l\u00e0 m\u1ed9t nh\u00e0 v\u0103n c\u00f3 t\u00e0i th\u1ef1c th\u1ee5. B\u1eb1ng c\u00e1ch vi\u1ebft v\u00e0 di\u1ec5n t\u1ea3 t\u00ecnh ti\u1ebft c\u00e2u chuy\u1ec7n r\u1ea5t ly k\u1ef3 v\u1edbi gi\u1ecdng v\u0103n h\u00f3m h\u1ec9nh nh\u01b0ng \u0111\u1ea7y tr\u00ed tu\u1ec7, nh\u1eefng t\u00e1c ph\u1ea9m c\u1ee7a Sheldon th\u01b0\u1eddng n\u00f3i v\u1ec1 nh\u1eefng nh\u00e2n v\u1eadt th\u00e0nh \u0111\u1ea1t, n\u1ed5i ti\u1ebfng nh\u01b0ng kh\u00f4ng c\u00f3 th\u1eadt v\u00e0 th\u01b0\u1eddng l\u00e0 ph\u1ee5 n\u1eef.<\/p>\n<p>Trong m\u1ed9t cu\u1ed9c ph\u1ecfng v\u1ea5n n\u0103m 1982, Sheldon t\u00e2m s\u1ef1: \u201cT\u00f4i c\u1ed1 g\u1eafng vi\u1ebft nh\u1eefng t\u00e1c ph\u1ea9m \u0111\u1ec3 ng\u01b0\u1eddi \u0111\u1ecdc kh\u00f4ng th\u1ec3 \u0111\u1eb7t ch\u00fang xu\u1ed1ng. T\u00f4i vi\u1ebft \u0111\u1ec3 khi ng\u01b0\u1eddi \u0111\u1ecdc \u0111\u1ecdc t\u1edbi cu\u1ed1i ch\u01b0\u01a1ng, h\u1ecd ph\u1ea3i \u0111\u1ecdc th\u00eam m\u1ed9t ch\u01b0\u01a1ng n\u1eefa\u201d. Gi\u1ea3i th\u00edch l\u00fd do t\u1ea1i sao c\u00f3 qu\u00e1 nhi\u1ec1u ph\u1ee5 n\u1eef l\u00e0 c\u00e1c nh\u00e2n v\u1eadt ch\u00ednh trong c\u00e1c t\u00e1c ph\u1ea9m c\u1ee7a \u00f4ng, Sheldon n\u00f3i: \u201cT\u00f4i th\u00edch vi\u1ebft v\u1ec1 nh\u1eefng ng\u01b0\u1eddi ph\u1ee5 n\u1eef t\u00e0i gi\u1ecfi, v\u00e0 quan tr\u1ecdng h\u01a1n, l\u00e0 h\u1ecd v\u1eabn \u0111\u1ea7y quy\u1ebfn r\u0169, n\u1eef t\u00ednh. Ph\u1ee5 n\u1eef c\u00f3 m\u1ed9t s\u1ee9c m\u1ea1nh v\u00f4 c\u00f9ng to l\u1edbn &#8211; \u0111\u00f3 l\u00e0 n\u00e9t quy\u1ebfn r\u0169 v\u00e0 ng\u01b0\u1eddi \u0111\u00e0n \u00f4ng kh\u00f4ng th\u1ec3 l\u00e0m g\u00ec n\u1ebfu thi\u1ebfu \u0111i\u1ec1u n\u00e0y\u201d. Kh\u00f4ng gi\u1ed1ng nh\u01b0 nh\u1eefng nh\u00e0 v\u0103n kh\u00e1c th\u01b0\u1eddng s\u1eed d\u1ee5ng m\u00e1y ch\u1eef ho\u1eb7c m\u00e1y t\u00ednh \u0111\u1ec3 vi\u1ebft t\u00e1c ph\u1ea9m, Sheldon th\u01b0\u1eddng \u0111\u1ecdc ra 50 trang truy\u1ec7n m\u1ed7i ng\u00e0y cho th\u01b0 k\u00fd hay m\u00e1y thu \u00e2m ghi l\u1ea1i. Sau \u0111\u00f3, \u00f4ng s\u1eeda b\u1ea3n s\u00e1ng t\u00e1c v\u00e0o ng\u00e0y h\u00f4m sau v\u00e0 c\u1ee9 ti\u1ebfp t\u1ee5c c\u00f4ng vi\u1ec7c nh\u01b0 v\u1eady cho t\u1edbi khi t\u00e1c ph\u1ea9m c\u1ee7a \u00f4ng d\u00e0i t\u1eeb 1.200 t\u1edbi 1.500 trang.<\/p>\n<p>Sheldon n\u00f3i: \u201cT\u00f4i \u0111\u1ecdc v\u00e0 s\u1eeda l\u1ea1i b\u1ea3n vi\u1ebft cu\u1ed1i c\u00f9ng t\u1eeb 12 t\u1edbi 15 l\u1ea7n. C\u00f3 th\u1ec3 t\u00f4i ch\u1ec9 d\u00f9ng c\u1ea3 n\u0103m \u0111\u1ec3 s\u1eeda l\u1ea1i b\u1ea3n vi\u1ebft \u0111\u00f3\u201d. Sidney Sheldon sinh ng\u00e0y 11\/2\/1918 t\u1ea1i Chicago, Illinois d\u01b0\u1edbi t\u00ean Sidney Schechtel, trong m\u1ed9t gia \u0111\u00ecnh c\u00f3 b\u1ed1 l\u00e0 ng\u01b0\u1eddi Do Th\u00e1i g\u1ed1c \u0110\u1ee9c, m\u1eb9 l\u00e0 g\u1ed1c Nga. \u00d4ng b\u1eaft \u0111\u1ea7u vi\u1ec7c vi\u1ebft l\u00e1ch ngay t\u1eeb khi c\u00f2n r\u1ea5t nh\u1ecf. L\u00ean 10 tu\u1ed5i, c\u1eadu b\u00e9 Sheldon \u0111\u00e3 ki\u1ebfm \u0111\u01b0\u1ee3c 10 USD cho m\u1ed9t b\u00e0i th\u01a1. Th\u1eddi trai tr\u1ebb, Sheldon t\u1eebng l\u00e0m nhi\u1ec1u ngh\u1ec1 \u0111\u1ec3 ki\u1ebfm s\u1ed1ng trong khi l\u00e0 sinh vi\u00ean t\u1ea1i Northwestern University v\u00e0 tham gia m\u1ed9t nh\u00f3m chuy\u00ean vi\u1ebft nh\u1eefng v\u1edf k\u1ecbch ng\u1eafn.<\/p>\n<p>Sheldon t\u1eebng th\u00fa nh\u1eadn \u00f4ng su\u00fdt t\u1ef1 t\u1eed v\u00e0o n\u0103m 17 tu\u1ed5i. N\u0103m 17 tu\u1ed5i, Sheldon quy\u1ebft \u0111\u1ecbnh th\u1eed v\u1eadn may t\u1ea1i Hollywood. C\u00f4ng vi\u1ec7c ban \u0111\u1ea7u duy nh\u1ea5t m\u00e0 Sheldon nh\u1eadn \u0111\u01b0\u1ee3c l\u00e0 \u0111\u1ecdc k\u1ecbch b\u1ea3n phim t\u1ea1i Universal Studio v\u1edbi gi\u00e1 22 USD\/ tu\u1ea7n. Trong khi \u0111\u00f3, ban \u0111\u00eam \u00f4ng vi\u1ebft k\u1ecbch b\u1ea3n phim ri\u00eang c\u1ee7a m\u00ecnh v\u00e0 b\u00e1n l\u1ea1i cho Universal v\u1edbi gi\u00e1 250 USD. Sau th\u1ebf chi\u1ebfn th\u1ee9 2, t\u1eeb m\u1ed9t phi c\u00f4ng c\u1ee7a L\u1ef1c l\u01b0\u1ee3ng kh\u00f4ng qu\u00e2n M\u1ef9, Sheldon gi\u1ea3i ng\u0169 v\u00e0 v\u1ec1 l\u00e0m vi\u1ec7c cho s\u00e2n kh\u1ea5u k\u1ecbch Broadway &#8211; n\u01a1i \u0111\u00e1nh d\u1ea5u nh\u1eefng b\u01b0\u1edbc \u0111i quan tr\u1ecdng trong s\u1ef1 nghi\u1ec7p vi\u1ebft v\u0103n c\u1ee7a \u00f4ng. C\u0169ng t\u1ea1i \u0111\u00e2y, Sheldon nh\u1eadn gi\u1ea3i Tony award cho k\u1ecbch b\u1ea3n hay nh\u1ea5t cho \u201cRedhead\u201d.<\/p>\n<p>V\u1edbi h\u01a1n 300 tri\u1ec7u \u1ea5n b\u1ea3n \u0111\u01b0\u1ee3c b\u00e1n, Sheldon kh\u00f4ng ch\u1ec9 l\u00e0 m\u1ed9t trong nh\u1eefng nh\u00e0 v\u0103n \u201cl\u00e3o l\u00e0ng\u201d c\u1ee7a M\u1ef9 m\u00e0 c\u00f2n c\u00f3 \u1ea3nh h\u01b0\u1edfng l\u1edbn trong n\u1ec1n v\u0103n h\u1ecdc th\u1ebf gi\u1edbi. \u00d4ng t\u1eebng \u0111o\u1ea1t gi\u1ea3i Oscar v\u1edbi k\u1ecbch b\u1ea3n hay nh\u1ea5t cho phim \u201cThe Bachelor and the Bobby-Soxer\u201d (1957), gi\u1ea3i Tony Award cho v\u1edf nh\u1ea1c k\u1ecbch \u201cRehead\u201d (1957) n\u1ed5i ti\u1ebfng c\u1ee7a s\u00e2n kh\u1ea5u k\u1ecbch Broadway v\u00e0 gi\u1ea3i Emmy cho \u201cDream of Jeannie\u201d (1967) T\u1ea1i Vi\u1ec7t Nam, nhi\u1ec1u t\u00e1c ph\u1ea9m c\u1ee7a Sheldon \u0111\u00e3 \u0111\u01b0\u1ee3c d\u1ecbch v\u00e0 xu\u1ea5t b\u1ea3n nh\u01b0 \u201c\u00c2m m\u01b0u ng\u00e0y t\u1eadn th\u1ebf\u201d, \u201cB\u1ea7u tr\u1eddi s\u1ee5p \u0111\u1ed5\u201d, \u201cNg\u01b0\u1eddi l\u1ea1 trong g\u01b0\u01a1ng\u201d, \u201cPh\u00eda b\u00ean kia n\u1eeda \u0111\u00eam\u201d, \u201cN\u1ebfu c\u00f2n c\u00f3 ng\u00e0y mai\u201d, \u201cK\u1ebf ho\u1ea1ch ho\u00e0n h\u1ea3o\u201d, \u201cC\u00e1t b\u1ee5i th\u1eddi gian\u201d\u2026.<\/p>\n","protected":false},"featured_media":18566,"template":"","meta":{"_acf_changed":false},"product_brand":[],"product_cat":[15,45],"product_tag":[],"class_list":{"0":"post-18567","1":"product","2":"type-product","3":"status-publish","4":"has-post-thumbnail","6":"product_cat-sach-danh-cho-nguoi-lon","7":"product_cat-tieu-thuyet","9":"first","10":"outofstock","11":"taxable","12":"shipping-taxable","13":"purchasable","14":"product-type-simple"},"supplier_id":null,"supplier_sku":"","barcode":null,"atum_controlled":true,"out_stock_date":"2023-05-22 10:42:21","out_stock_threshold":null,"inheritable":false,"inbound_stock":0,"stock_on_hold":0,"sold_today":0,"sales_last_days":0,"reserved_stock":0,"customer_returns":0,"warehouse_damage":0,"lost_in_post":0,"other_logs":0,"out_stock_days":982,"lost_sales":0,"has_location":false,"update_date":"2026-01-28T23:11:04","atum_locations":[{"id":32,"name":"Helsinki","slug":"helsinki"}],"atum_stock_status":"outofstock","restock_status":false,"low_stock_amount":"","sales_update_date":"2026-01-28T23:11:04","calc_backorders":null,"acf":{"publisher":{"ID":1472,"post_author":"1","post_date":"2021-02-17 01:12:50","post_date_gmt":"2021-02-16 23:12:50","post_content":"","post_title":"Huy Ho\u00e0ng Bookstore","post_excerpt":"","post_status":"publish","comment_status":"closed","ping_status":"closed","post_password":"","post_name":"huy-hoang-bookstore","to_ping":"","pinged":"","post_modified":"2021-02-17 01:12:50","post_modified_gmt":"2021-02-16 23:12:50","post_content_filtered":"","post_parent":0,"guid":"https:\/\/sachviet.eu\/nha-phat-hanh\/huy-hoang-bookstore\/","menu_order":0,"post_type":"publisher","post_mime_type":"","comment_count":"0","filter":"raw"}},"_links":{"self":[{"href":"https:\/\/sachviet.eu\/en\/wp-json\/wp\/v2\/product\/18567","targetHints":{"allow":["GET"]}}],"collection":[{"href":"https:\/\/sachviet.eu\/en\/wp-json\/wp\/v2\/product"}],"about":[{"href":"https:\/\/sachviet.eu\/en\/wp-json\/wp\/v2\/types\/product"}],"wp:featuredmedia":[{"embeddable":true,"href":"https:\/\/sachviet.eu\/en\/wp-json\/wp\/v2\/media\/18566"}],"wp:attachment":[{"href":"https:\/\/sachviet.eu\/en\/wp-json\/wp\/v2\/media?parent=18567"}],"wp:term":[{"taxonomy":"product_brand","embeddable":true,"href":"https:\/\/sachviet.eu\/en\/wp-json\/wp\/v2\/product_brand?post=18567"},{"taxonomy":"product_cat","embeddable":true,"href":"https:\/\/sachviet.eu\/en\/wp-json\/wp\/v2\/product_cat?post=18567"},{"taxonomy":"product_tag","embeddable":true,"href":"https:\/\/sachviet.eu\/en\/wp-json\/wp\/v2\/product_tag?post=18567"}],"curies":[{"name":"wp","href":"https:\/\/api.w.org\/{rel}","templated":true}]}}