{"id":18565,"date":"2022-04-16T12:57:48","date_gmt":"2022-04-16T09:57:48","guid":{"rendered":"https:\/\/sachviet.eu\/shop\/than-thoai-hy-lap-bia-cung\/"},"modified":"2023-04-18T23:14:12","modified_gmt":"2023-04-18T20:14:12","slug":"than-thoai-hy-lap-bia-cung","status":"publish","type":"product","link":"https:\/\/sachviet.eu\/en\/shop\/than-thoai-hy-lap-bia-cung\/","title":{"rendered":"Th\u1ea7n tho\u1ea1i Hy L\u1ea1p &#8211; B\u00eca c\u1ee9ng"},"content":{"rendered":"<p>T\u1eeb bao \u0111\u1eddi nay, th\u1ea7n tho\u1ea1i Hy L\u1ea1p \u0111\u00e3 tr\u1edf th\u00e0nh m\u1ed9t gi\u00e1 tr\u1ecb v\u00f4 c\u00f9ng qu\u00fd b\u00e1u c\u1ee7a gia t\u00e0i v\u0103n h\u00f3a nh\u00e2n lo\u1ea1i. Nh\u1eefng nh\u00e2n v\u1eadt, \u0111i\u1ec3n t\u00edch trong \u0111\u00e2y li\u00ean t\u1ee5c \u0111\u01b0\u1ee3c t\u00e1i sinh, hi\u1ec7n di\u1ec7n, truy\u1ec1n ngu\u1ed3n c\u1ea3m h\u1ee9ng t\u1edbi kh\u1eafp m\u1ecdi n\u01a1i t\u1eeb tri\u1ebft h\u1ecdc, h\u1ed9i h\u1ecda, \u0111i\u1ec7n \u1ea3nh cho \u0111\u1ebfn ki\u1ebfn tr\u00fac, v\u0103n h\u1ecdc, thi ca. Cho d\u00f9 h\u00f4m nay, th\u1eddi \u0111\u1ea1i c\u1ee7a ni\u1ec1m tin v\u00e0 t\u01b0 duy th\u1ea7n tho\u1ea1i \u0111\u00e3 l\u00f9i v\u00e0o qu\u00e1 kh\u1ee9, cung \u0111i\u1ec7n Olympie c\u1ee7a c\u00e1c v\u1ecb th\u1ea7n h\u1eb3n \u0111\u00e3 d\u1eddi \u0111\u1ebfn m\u1ed9t h\u00e0nh tinh n\u00e0o kh\u00e1c xa x\u0103m, th\u00ec nh\u1eefng c\u00e1i t\u00ean nh\u01b0 Zeus, \u00c9ros, H\u00e9racl\u00e8s\u2026 hay Achille v\u1eabn truy\u1ec1n cho lo\u00e0i ng\u01b0\u1eddi nh\u1eefng \u00e2m h\u01b0\u1edfng th\u00e1nh th\u1ea7n \u0111\u1ec3 chinh ph\u1ee5c ng\u00e0y mai.<\/p>\n<p>Th\u1ea7n tho\u1ea1i Hy L\u1ea1p l\u00e0 nh\u1eefng truy\u1ec7n th\u1ea7n tho\u1ea1i c\u1ee7a ng\u01b0\u1eddi Hy L\u1ea1p, bao g\u1ed3m c\u00e1c truy\u1ec1n thuy\u1ebft v\u1ec1 c\u00e1c v\u1ecb th\u1ea7n v\u00e0 c\u00e1c v\u1ecb anh h\u00f9ng c\u1ee7a ng\u01b0\u1eddi Hy L\u1ea1p. Th\u1ea7n tho\u1ea1i Hy L\u1ea1p h\u00ecnh th\u00e0nh trong m\u1ed9t qu\u00e3ng th\u1eddi gian l\u1ecbch s\u1eed kh\u00e1 d\u00e0i. \u0110\u00f3 l\u00e0 m\u1ed9t qu\u00e1 tr\u00ecnh l\u1ecbch s\u1eed t\u1eeb th\u1eddi k\u1ef3 n\u1ec1n v\u0103n minh Myc\u00e8nes (2000 \u2013 1100 TCN) \u0111\u1ebfn nh\u1eefng bu\u1ed5i bi\u1ec3n di\u1ec5n, \u0111\u1ecdc, k\u1ec3 anh h\u00f9ng ca c\u1ee7a Hom\u00e8re trong nh\u1eefng ng\u00e0y h\u1ed9i r\u1ed3i \u0111\u1ebfn h\u1ed9i di\u1ec5n bi k\u1ecbch trong ng\u00e0y h\u1ed9i Dionysos. H\u1ea7u h\u1ebft nh\u1eefng c\u00e2u chuy\u1ec7n th\u1ea7n tho\u1ea1i c\u00f2n l\u1ea1i v\u1edbi ch\u00fang ta ng\u00e0y nay \u0111\u1ec1u do nh\u1eefng nh\u00e0 th\u01a1, nh\u00e0 vi\u1ebft k\u1ecbch k\u1ec3 l\u1ea1i, sau n\u00e0y l\u00e0 c\u00e1c mythographe. Qu\u00e1 tr\u00ecnh k\u1ec3 l\u1ea1i c\u0169ng \u0111\u1ed3ng th\u1eddi l\u00e0 qu\u00e1 tr\u00ecnh s\u1eafp x\u1ebfp, bi\u00ean so\u1ea1n l\u1ea1i, t\u00e1i t\u1ea1o theo m\u1ed9t khuynh h\u01b0\u1edbng n\u00e0o \u0111\u00f3.<\/p>\n","protected":false},"excerpt":{"rendered":"<p>T\u1eeb bao \u0111\u1eddi nay, th\u1ea7n tho\u1ea1i Hy L\u1ea1p \u0111\u00e3 tr\u1edf th\u00e0nh m\u1ed9t gi\u00e1 tr\u1ecb v\u00f4 c\u00f9ng qu\u00fd b\u00e1u c\u1ee7a gia t\u00e0i v\u0103n h\u00f3a nh\u00e2n lo\u1ea1i. Nh\u1eefng nh\u00e2n v\u1eadt, \u0111i\u1ec3n t\u00edch trong \u0111\u00e2y li\u00ean t\u1ee5c \u0111\u01b0\u1ee3c t\u00e1i sinh, hi\u1ec7n di\u1ec7n, truy\u1ec1n ngu\u1ed3n c\u1ea3m h\u1ee9ng t\u1edbi kh\u1eafp m\u1ecdi n\u01a1i t\u1eeb tri\u1ebft h\u1ecdc, h\u1ed9i h\u1ecda, \u0111i\u1ec7n \u1ea3nh cho \u0111\u1ebfn ki\u1ebfn tr\u00fac, v\u0103n h\u1ecdc, thi ca. Cho d\u00f9 h\u00f4m nay, th\u1eddi \u0111\u1ea1i c\u1ee7a ni\u1ec1m tin v\u00e0 t\u01b0 duy th\u1ea7n tho\u1ea1i \u0111\u00e3 l\u00f9i v\u00e0o qu\u00e1 kh\u1ee9, cung \u0111i\u1ec7n Olympie c\u1ee7a c\u00e1c v\u1ecb th\u1ea7n h\u1eb3n \u0111\u00e3 d\u1eddi \u0111\u1ebfn m\u1ed9t h\u00e0nh tinh n\u00e0o kh\u00e1c xa x\u0103m, th\u00ec nh\u1eefng c\u00e1i t\u00ean nh\u01b0 Zeus, \u00c9ros, H\u00e9racl\u00e8s\u2026 hay Achille v\u1eabn truy\u1ec1n cho lo\u00e0i ng\u01b0\u1eddi nh\u1eefng \u00e2m h\u01b0\u1edfng th\u00e1nh th\u1ea7n \u0111\u1ec3 chinh ph\u1ee5c ng\u00e0y mai.<\/p>\n<p>Th\u1ea7n tho\u1ea1i Hy L\u1ea1p l\u00e0 nh\u1eefng truy\u1ec7n th\u1ea7n tho\u1ea1i c\u1ee7a ng\u01b0\u1eddi Hy L\u1ea1p, bao g\u1ed3m c\u00e1c truy\u1ec1n thuy\u1ebft v\u1ec1 c\u00e1c v\u1ecb th\u1ea7n v\u00e0 c\u00e1c v\u1ecb anh h\u00f9ng c\u1ee7a ng\u01b0\u1eddi Hy L\u1ea1p. Th\u1ea7n tho\u1ea1i Hy L\u1ea1p h\u00ecnh th\u00e0nh trong m\u1ed9t qu\u00e3ng th\u1eddi gian l\u1ecbch s\u1eed kh\u00e1 d\u00e0i. \u0110\u00f3 l\u00e0 m\u1ed9t qu\u00e1 tr\u00ecnh l\u1ecbch s\u1eed t\u1eeb th\u1eddi k\u1ef3 n\u1ec1n v\u0103n minh Myc\u00e8nes (2000 \u2013 1100 TCN) \u0111\u1ebfn nh\u1eefng bu\u1ed5i bi\u1ec3n di\u1ec5n, \u0111\u1ecdc, k\u1ec3 anh h\u00f9ng ca c\u1ee7a Hom\u00e8re trong nh\u1eefng ng\u00e0y h\u1ed9i r\u1ed3i \u0111\u1ebfn h\u1ed9i di\u1ec5n bi k\u1ecbch trong ng\u00e0y h\u1ed9i Dionysos. H\u1ea7u h\u1ebft nh\u1eefng c\u00e2u chuy\u1ec7n th\u1ea7n tho\u1ea1i c\u00f2n l\u1ea1i v\u1edbi ch\u00fang ta ng\u00e0y nay \u0111\u1ec1u do nh\u1eefng nh\u00e0 th\u01a1, nh\u00e0 vi\u1ebft k\u1ecbch k\u1ec3 l\u1ea1i, sau n\u00e0y l\u00e0 c\u00e1c mythographe. Qu\u00e1 tr\u00ecnh k\u1ec3 l\u1ea1i c\u0169ng \u0111\u1ed3ng th\u1eddi l\u00e0 qu\u00e1 tr\u00ecnh s\u1eafp x\u1ebfp, bi\u00ean so\u1ea1n l\u1ea1i, t\u00e1i t\u1ea1o theo m\u1ed9t khuynh h\u01b0\u1edbng n\u00e0o \u0111\u00f3.<\/p>\n","protected":false},"featured_media":18564,"template":"","meta":{"_acf_changed":false},"product_brand":[],"product_cat":[15,45],"product_tag":[],"class_list":{"0":"post-18565","1":"product","2":"type-product","3":"status-publish","4":"has-post-thumbnail","6":"product_cat-sach-danh-cho-nguoi-lon","7":"product_cat-tieu-thuyet","9":"first","10":"outofstock","11":"taxable","12":"shipping-taxable","13":"purchasable","14":"product-type-simple"},"supplier_id":null,"supplier_sku":"","barcode":null,"atum_controlled":true,"out_stock_date":"2023-04-18 20:14:12","out_stock_threshold":null,"inheritable":false,"inbound_stock":0,"stock_on_hold":0,"sold_today":0,"sales_last_days":0,"reserved_stock":0,"customer_returns":0,"warehouse_damage":0,"lost_in_post":0,"other_logs":0,"out_stock_days":1016,"lost_sales":0,"has_location":false,"update_date":"2026-01-28T23:11:04","atum_locations":[{"id":32,"name":"Helsinki","slug":"helsinki"}],"atum_stock_status":"outofstock","restock_status":false,"low_stock_amount":"","sales_update_date":"2026-01-28T23:11:04","calc_backorders":null,"acf":{"publisher":{"ID":18563,"post_author":"1","post_date":"2022-04-16 12:57:44","post_date_gmt":"2022-04-16 09:57:44","post_content":"","post_title":"Tuy\u1ec7t \u0110\u1ec9nh","post_excerpt":"","post_status":"publish","comment_status":"closed","ping_status":"closed","post_password":"","post_name":"tuyet-dinh","to_ping":"","pinged":"","post_modified":"2022-04-16 12:57:44","post_modified_gmt":"2022-04-16 09:57:44","post_content_filtered":"","post_parent":0,"guid":"https:\/\/sachviet.eu\/nha-phat-hanh\/tuyet-dinh\/","menu_order":0,"post_type":"publisher","post_mime_type":"","comment_count":"0","filter":"raw"}},"_links":{"self":[{"href":"https:\/\/sachviet.eu\/en\/wp-json\/wp\/v2\/product\/18565","targetHints":{"allow":["GET"]}}],"collection":[{"href":"https:\/\/sachviet.eu\/en\/wp-json\/wp\/v2\/product"}],"about":[{"href":"https:\/\/sachviet.eu\/en\/wp-json\/wp\/v2\/types\/product"}],"wp:featuredmedia":[{"embeddable":true,"href":"https:\/\/sachviet.eu\/en\/wp-json\/wp\/v2\/media\/18564"}],"wp:attachment":[{"href":"https:\/\/sachviet.eu\/en\/wp-json\/wp\/v2\/media?parent=18565"}],"wp:term":[{"taxonomy":"product_brand","embeddable":true,"href":"https:\/\/sachviet.eu\/en\/wp-json\/wp\/v2\/product_brand?post=18565"},{"taxonomy":"product_cat","embeddable":true,"href":"https:\/\/sachviet.eu\/en\/wp-json\/wp\/v2\/product_cat?post=18565"},{"taxonomy":"product_tag","embeddable":true,"href":"https:\/\/sachviet.eu\/en\/wp-json\/wp\/v2\/product_tag?post=18565"}],"curies":[{"name":"wp","href":"https:\/\/api.w.org\/{rel}","templated":true}]}}