{"id":18554,"date":"2022-04-16T12:55:42","date_gmt":"2022-04-16T09:55:42","guid":{"rendered":"https:\/\/sachviet.eu\/shop\/bo-tho-4-cuon-thuy-anh-me-ho-diu-dang-ngay-xua-ngay-nay-nhim-nhim-nhim-nhim-va-vui-cung-tieng-viet\/"},"modified":"2024-12-29T10:24:59","modified_gmt":"2024-12-29T08:24:59","slug":"bo-tho-4-cuon-thuy-anh-me-ho-diu-dang-ngay-xua-ngay-nay-nhim-nhim-nhim-nhim-va-vui-cung-tieng-viet","status":"publish","type":"product","link":"https:\/\/sachviet.eu\/en\/shop\/bo-tho-4-cuon-thuy-anh-me-ho-diu-dang-ngay-xua-ngay-nay-nhim-nhim-nhim-nhim-va-vui-cung-tieng-viet\/","title":{"rendered":"B\u1ed9 th\u01a1 4 cu\u1ed1n Th\u1ee5y Anh : M\u1eb9 h\u1ed5 d\u1ecbu d\u00e0ng, Ng\u00e0y x\u01b0a, ng\u00e0y nay, Nhim nhim nhim nhim v\u00e0 Vui c\u00f9ng ti\u1ebfng Vi\u1ec7t"},"content":{"rendered":"<p>1. Ng\u00e0y x\u01b0a, ng\u00e0y nay, ng\u00e0y sau&#8230;<\/p>\n<p>Nguy\u1ec5n Th\u1ee5y Anh l\u00e0 m\u1ed9t nh\u00e0 s\u01b0 ph\u1ea1m, \u0111\u1ed3ng th\u1eddi c\u0169ng l\u00e0 ng\u01b0\u1eddi vi\u1ebft cho thi\u1ebfu nhi. Nh\u01b0ng tr\u00ean h\u1ebft, ch\u1ecb l\u00e0 m\u1ed9t ng\u01b0\u1eddi m\u1eb9.<br \/>\nB\u1ed9 s\u00e1ch th\u01a1 g\u1ed3m 4 cu\u1ed1n c\u00f3 nh\u1eefng c\u00e1i t\u00ean nh\u1ed9n nh\u1ed9n \u201cNhim nh\u1ec9m nh\u00ecm nhim\u201d, \u201cM\u1eb9 H\u1ed5 d\u1ecbu d\u00e0ng\u201d, \u201cNg\u00e0y x\u01b0a, ng\u00e0y nay, ng\u00e0y sau&#8230;\u201d, \u201cVui c\u00f9ng ti\u1ebfng Vi\u1ec7t\u201d, l\u00e0 nh\u1eefng \u1ea5n ph\u1ea9m m\u1edbi nh\u1ea5t m\u00e0 ch\u1ecb d\u00e0nh t\u1eb7ng cho c\u00e1c \u0111\u1ed9c gi\u1ea3 nh\u1ecf x\u00edu (t\u1eeb 0 \u0111\u1ebfn 7 tu\u1ed5i) v\u00e0o nh\u1eefng ng\u00e0y \u0111\u1ea7u th\u00e1ng 4 hi\u1ec1n h\u1eadu n\u00e0y. Nh\u1eefng b\u00e0i th\u01a1 trong 4 t\u1eadp th\u01a1 n\u00e0y ch\u1ecb b\u1eaft \u0111\u1ea7u vi\u1ebft t\u1eeb nh\u1eefng ng\u00e0y \u0111\u1ea7u ti\u00ean l\u00e0m m\u1eb9, l\u00e0 th\u01a1 c\u1ee7a m\u1eb9 vi\u1ebft cho con, \u0111\u1ec3 d\u1ea1y con, nghe con v\u00e0 c\u00f9ng con l\u1edbn l\u00ean t\u1eebng ng\u00e0y, l\u00e0 nh\u1eefng b\u00e0i th\u01a1 c\u1ee7a m\u1ed9t ng\u01b0\u1eddi y\u00eau tr\u1ebb, c\u00f9ng tr\u1ebb nh\u00ecn cu\u1ed9c s\u1ed1ng v\u1edbi con m\u1eaft h\u1ed3n nhi\u00ean v\u00e0&#8230; hi\u1ec3u bi\u1ebft.<\/p>\n<p>Hai t\u1eadp \u0111\u1ea7u cho tr\u1ebb nh\u1eefng kh\u00e1i ni\u1ec7m \u0111\u1ea7u ti\u00ean v\u1ec1 lo\u00e0i v\u1eadt, x\u00e2y d\u1ef1ng c\u1ea3m x\u00fac th\u00e2n thi\u1ec7n, \u1ea5m \u00e1p v\u1edbi nh\u1eefng con th\u00fa nh\u1ecf l\u00e0 b\u1ea1n c\u1ee7a c\u00e1c em t\u1eeb l\u00fac m\u1edbi ch\u00e0o \u0111\u1eddi. Hai t\u1eadp sau ch\u1ecb vi\u1ebft v\u1ec1 c\u00e1c s\u1ef1 v\u1eadt s\u1ef1 vi\u1ec7c xung quanh em, v\u1ec1 c\u00e1i b\u1ebfp, c\u00e1i nh\u00e0, v\u1ec1 t\u1eebng m\u00f9a thay \u0111\u1ed5i, cho c\u00e1c em c\u1ea3m nh\u1eadn v\u1ec1 kh\u00f4ng gian, th\u1eddi gian, b\u01b0\u1edbc \u0111i d\u00e0i c\u1ee7a m\u1ed7i \u0111\u1ee9a tr\u1ebb t\u1eeb khi ra \u0111\u1eddi \u0111\u1ebfn l\u00fac chu\u1ea9n b\u1ecb \u0111\u1ebfn tr\u01b0\u1eddng, qua t\u1eebng tu\u1ed5i m\u1edbi.<\/p>\n<p>Th\u01a1 d\u00e0nh cho c\u00e1c b\u1ea1n b\u00e9 t\u00ed th\u00ec g\u1ea7n g\u0169i v\u1edbi \u0111\u1ed3ng dao, ng\u1eafn v\u00e0 d\u1ec5 nh\u1edb. Th\u01a1 d\u00e0nh cho \u0111\u1ed9c gi\u1ea3 \u0111\u00e3 l\u1edbn h\u01a1n th\u00ec \u0111\u00e3 h\u01b0\u1edbng t\u1edbi suy t\u01b0, c\u0169ng l\u1ea1i d\u00ed d\u1ee7m, h\u00e0i h\u01b0\u1edbc, khi\u1ebfn c\u1ea3 nh\u00e0 \u0111\u1ec1u c\u00f3 c\u01a1 h\u1ed9i c\u00f9ng ph\u00e1 l\u00ean c\u01b0\u1eddi. Cu\u1ed1i m\u1ed7i t\u1eadp th\u01a1 l\u00e0 m\u1ed9t v\u00e0i trang d\u00e0nh cho tr\u00f2 ch\u01a1i t\u01b0\u01a1ng t\u00e1c c\u00f9ng nh\u1eefng nh\u00e2n v\u1eadt \u0111\u00e3 xu\u1ea5t hi\u1ec7n trong th\u01a1.<\/p>\n<p>2. Vui c\u00f9ng ti\u1ebfng vi\u1ec7t<\/p>\n<p>Nguy\u1ec5n Th\u1ee5y Anh l\u00e0 m\u1ed9t nh\u00e0 s\u01b0 ph\u1ea1m, \u0111\u1ed3ng th\u1eddi c\u0169ng l\u00e0 ng\u01b0\u1eddi vi\u1ebft cho thi\u1ebfu nhi. Nh\u01b0ng tr\u00ean h\u1ebft, ch\u1ecb l\u00e0 m\u1ed9t ng\u01b0\u1eddi m\u1eb9.<\/p>\n<p>B\u1ed9 s\u00e1ch th\u01a1 g\u1ed3m 4 cu\u1ed1n c\u00f3 nh\u1eefng c\u00e1i t\u00ean nh\u1ed9n nh\u1ed9n \u201cNhim nh\u1ec9m nh\u00ecm nhim\u201d, \u201cM\u1eb9 H\u1ed5 d\u1ecbu d\u00e0ng\u201d, \u201cNg\u00e0y x\u01b0a, ng\u00e0y nay, ng\u00e0y sau&#8230;\u201d, \u201cVui c\u00f9ng ti\u1ebfng Vi\u1ec7t\u201d, l\u00e0 nh\u1eefng \u1ea5n ph\u1ea9m m\u1edbi nh\u1ea5t m\u00e0 ch\u1ecb d\u00e0nh t\u1eb7ng cho c\u00e1c \u0111\u1ed9c gi\u1ea3 nh\u1ecf x\u00edu (t\u1eeb 0 \u0111\u1ebfn 7 tu\u1ed5i) v\u00e0o nh\u1eefng ng\u00e0y \u0111\u1ea7u th\u00e1ng 4 hi\u1ec1n h\u1eadu n\u00e0y. Nh\u1eefng b\u00e0i th\u01a1 trong 4 t\u1eadp th\u01a1 n\u00e0y ch\u1ecb b\u1eaft \u0111\u1ea7u vi\u1ebft t\u1eeb nh\u1eefng ng\u00e0y \u0111\u1ea7u ti\u00ean l\u00e0m m\u1eb9, l\u00e0 th\u01a1 c\u1ee7a m\u1eb9 vi\u1ebft cho con, \u0111\u1ec3 d\u1ea1y con, nghe con v\u00e0 c\u00f9ng con l\u1edbn l\u00ean t\u1eebng ng\u00e0y, l\u00e0 nh\u1eefng b\u00e0i th\u01a1 c\u1ee7a m\u1ed9t ng\u01b0\u1eddi y\u00eau tr\u1ebb, c\u00f9ng tr\u1ebb nh\u00ecn cu\u1ed9c s\u1ed1ng v\u1edbi con m\u1eaft h\u1ed3n nhi\u00ean v\u00e0&#8230; hi\u1ec3u bi\u1ebft.<\/p>\n<p>Hai t\u1eadp \u0111\u1ea7u cho tr\u1ebb nh\u1eefng kh\u00e1i ni\u1ec7m \u0111\u1ea7u ti\u00ean v\u1ec1 lo\u00e0i v\u1eadt, x\u00e2y d\u1ef1ng c\u1ea3m x\u00fac th\u00e2n thi\u1ec7n, \u1ea5m \u00e1p v\u1edbi nh\u1eefng con th\u00fa nh\u1ecf l\u00e0 b\u1ea1n c\u1ee7a c\u00e1c em t\u1eeb l\u00fac m\u1edbi ch\u00e0o \u0111\u1eddi. Hai t\u1eadp sau ch\u1ecb vi\u1ebft v\u1ec1 c\u00e1c s\u1ef1 v\u1eadt s\u1ef1 vi\u1ec7c xung quanh em, v\u1ec1 c\u00e1i b\u1ebfp, c\u00e1i nh\u00e0, v\u1ec1 t\u1eebng m\u00f9a thay \u0111\u1ed5i, cho c\u00e1c em c\u1ea3m nh\u1eadn v\u1ec1 kh\u00f4ng gian, th\u1eddi gian, b\u01b0\u1edbc \u0111i d\u00e0i c\u1ee7a m\u1ed7i \u0111\u1ee9a tr\u1ebb t\u1eeb khi ra \u0111\u1eddi \u0111\u1ebfn l\u00fac chu\u1ea9n b\u1ecb \u0111\u1ebfn tr\u01b0\u1eddng, qua t\u1eebng tu\u1ed5i m\u1edbi.<\/p>\n<p>Th\u01a1 d\u00e0nh cho c\u00e1c b\u1ea1n b\u00e9 t\u00ed th\u00ec g\u1ea7n g\u0169i v\u1edbi \u0111\u1ed3ng dao, ng\u1eafn v\u00e0 d\u1ec5 nh\u1edb. Th\u01a1 d\u00e0nh cho \u0111\u1ed9c gi\u1ea3 \u0111\u00e3 l\u1edbn h\u01a1n th\u00ec \u0111\u00e3 h\u01b0\u1edbng t\u1edbi suy t\u01b0, c\u0169ng l\u1ea1i d\u00ed d\u1ee7m, h\u00e0i h\u01b0\u1edbc, khi\u1ebfn c\u1ea3 nh\u00e0 \u0111\u1ec1u c\u00f3 c\u01a1 h\u1ed9i c\u00f9ng ph\u00e1 l\u00ean c\u01b0\u1eddi. Cu\u1ed1i m\u1ed7i t\u1eadp th\u01a1 l\u00e0 m\u1ed9t v\u00e0i trang d\u00e0nh cho tr\u00f2 ch\u01a1i t\u01b0\u01a1ng t\u00e1c c\u00f9ng nh\u1eefng nh\u00e2n v\u1eadt \u0111\u00e3 xu\u1ea5t hi\u1ec7n trong th\u01a1.<\/p>\n<p>3. M\u1eb9 h\u1ed5 d\u1ecbu d\u00e0ng<\/p>\n<p>Nguy\u1ec5n Th\u1ee5y Anh l\u00e0 m\u1ed9t nh\u00e0 s\u01b0 ph\u1ea1m, \u0111\u1ed3ng th\u1eddi c\u0169ng l\u00e0 ng\u01b0\u1eddi vi\u1ebft cho thi\u1ebfu nhi. Nh\u01b0ng tr\u00ean h\u1ebft, ch\u1ecb l\u00e0 m\u1ed9t ng\u01b0\u1eddi m\u1eb9.<\/p>\n<p>B\u1ed9 s\u00e1ch th\u01a1 g\u1ed3m 4 cu\u1ed1n c\u00f3 nh\u1eefng c\u00e1i t\u00ean nh\u1ed9n nh\u1ed9n \u201cNhim nh\u1ec9m nh\u00ecm nhim\u201d, \u201cM\u1eb9 H\u1ed5 d\u1ecbu d\u00e0ng\u201d, \u201cNg\u00e0y x\u01b0a, ng\u00e0y nay, ng\u00e0y sau&#8230;\u201d, \u201cVui c\u00f9ng ti\u1ebfng Vi\u1ec7t\u201d, l\u00e0 nh\u1eefng \u1ea5n ph\u1ea9m m\u1edbi nh\u1ea5t m\u00e0 ch\u1ecb d\u00e0nh t\u1eb7ng cho c\u00e1c \u0111\u1ed9c gi\u1ea3 nh\u1ecf x\u00edu (t\u1eeb 0 \u0111\u1ebfn 7 tu\u1ed5i) v\u00e0o nh\u1eefng ng\u00e0y \u0111\u1ea7u th\u00e1ng 4 hi\u1ec1n h\u1eadu n\u00e0y. Nh\u1eefng b\u00e0i th\u01a1 trong 4 t\u1eadp th\u01a1 n\u00e0y ch\u1ecb b\u1eaft \u0111\u1ea7u vi\u1ebft t\u1eeb nh\u1eefng ng\u00e0y \u0111\u1ea7u ti\u00ean l\u00e0m m\u1eb9, l\u00e0 th\u01a1 c\u1ee7a m\u1eb9 vi\u1ebft cho con, \u0111\u1ec3 d\u1ea1y con, nghe con v\u00e0 c\u00f9ng con l\u1edbn l\u00ean t\u1eebng ng\u00e0y, l\u00e0 nh\u1eefng b\u00e0i th\u01a1 c\u1ee7a m\u1ed9t ng\u01b0\u1eddi y\u00eau tr\u1ebb, c\u00f9ng tr\u1ebb nh\u00ecn cu\u1ed9c s\u1ed1ng v\u1edbi con m\u1eaft h\u1ed3n nhi\u00ean v\u00e0&#8230; hi\u1ec3u bi\u1ebft.<\/p>\n<p>Hai t\u1eadp \u0111\u1ea7u cho tr\u1ebb nh\u1eefng kh\u00e1i ni\u1ec7m \u0111\u1ea7u ti\u00ean v\u1ec1 lo\u00e0i v\u1eadt, x\u00e2y d\u1ef1ng c\u1ea3m x\u00fac th\u00e2n thi\u1ec7n, \u1ea5m \u00e1p v\u1edbi nh\u1eefng con th\u00fa nh\u1ecf l\u00e0 b\u1ea1n c\u1ee7a c\u00e1c em t\u1eeb l\u00fac m\u1edbi ch\u00e0o \u0111\u1eddi. Hai t\u1eadp sau ch\u1ecb vi\u1ebft v\u1ec1 c\u00e1c s\u1ef1 v\u1eadt s\u1ef1 vi\u1ec7c xung quanh em, v\u1ec1 c\u00e1i b\u1ebfp, c\u00e1i nh\u00e0, v\u1ec1 t\u1eebng m\u00f9a thay \u0111\u1ed5i, cho c\u00e1c em c\u1ea3m nh\u1eadn v\u1ec1 kh\u00f4ng gian, th\u1eddi gian, b\u01b0\u1edbc \u0111i d\u00e0i c\u1ee7a m\u1ed7i \u0111\u1ee9a tr\u1ebb t\u1eeb khi ra \u0111\u1eddi \u0111\u1ebfn l\u00fac chu\u1ea9n b\u1ecb \u0111\u1ebfn tr\u01b0\u1eddng, qua t\u1eebng tu\u1ed5i m\u1edbi.<\/p>\n<p>Th\u01a1 d\u00e0nh cho c\u00e1c b\u1ea1n b\u00e9 t\u00ed th\u00ec g\u1ea7n g\u0169i v\u1edbi \u0111\u1ed3ng dao, ng\u1eafn v\u00e0 d\u1ec5 nh\u1edb. Th\u01a1 d\u00e0nh cho \u0111\u1ed9c gi\u1ea3 \u0111\u00e3 l\u1edbn h\u01a1n th\u00ec \u0111\u00e3 h\u01b0\u1edbng t\u1edbi suy t\u01b0, c\u0169ng l\u1ea1i d\u00ed d\u1ee7m, h\u00e0i h\u01b0\u1edbc, khi\u1ebfn c\u1ea3 nh\u00e0 \u0111\u1ec1u c\u00f3 c\u01a1 h\u1ed9i c\u00f9ng ph\u00e1 l\u00ean c\u01b0\u1eddi. Cu\u1ed1i m\u1ed7i t\u1eadp th\u01a1 l\u00e0 m\u1ed9t v\u00e0i trang d\u00e0nh cho tr\u00f2 ch\u01a1i t\u01b0\u01a1ng t\u00e1c c\u00f9ng nh\u1eefng nh\u00e2n v\u1eadt \u0111\u00e3 xu\u1ea5t hi\u1ec7n trong th\u01a1.<\/p>\n<p>4. Nhim nh\u1ec9m nh\u00ecm nhim<\/p>\n<p>Nguy\u1ec5n Th\u1ee5y Anh l\u00e0 m\u1ed9t nh\u00e0 s\u01b0 ph\u1ea1m, \u0111\u1ed3ng th\u1eddi c\u0169ng l\u00e0 ng\u01b0\u1eddi vi\u1ebft cho thi\u1ebfu nhi. Nh\u01b0ng tr\u00ean h\u1ebft, ch\u1ecb l\u00e0 m\u1ed9t ng\u01b0\u1eddi m\u1eb9.<\/p>\n<p>B\u1ed9 s\u00e1ch th\u01a1 g\u1ed3m 4 cu\u1ed1n c\u00f3 nh\u1eefng c\u00e1i t\u00ean nh\u1ed9n nh\u1ed9n \u201cNhim nh\u1ec9m nh\u00ecm nhim\u201d, \u201cM\u1eb9 H\u1ed5 d\u1ecbu d\u00e0ng\u201d, \u201cNg\u00e0y x\u01b0a, ng\u00e0y nay, ng\u00e0y sau&#8230;\u201d, \u201cVui c\u00f9ng ti\u1ebfng Vi\u1ec7t\u201d, l\u00e0 nh\u1eefng \u1ea5n ph\u1ea9m m\u1edbi nh\u1ea5t m\u00e0 ch\u1ecb d\u00e0nh t\u1eb7ng cho c\u00e1c \u0111\u1ed9c gi\u1ea3 nh\u1ecf x\u00edu (t\u1eeb 0 \u0111\u1ebfn 7 tu\u1ed5i) v\u00e0o nh\u1eefng ng\u00e0y \u0111\u1ea7u th\u00e1ng 4 hi\u1ec1n h\u1eadu n\u00e0y. Nh\u1eefng b\u00e0i th\u01a1 trong 4 t\u1eadp th\u01a1 n\u00e0y ch\u1ecb b\u1eaft \u0111\u1ea7u vi\u1ebft t\u1eeb nh\u1eefng ng\u00e0y \u0111\u1ea7u ti\u00ean l\u00e0m m\u1eb9, l\u00e0 th\u01a1 c\u1ee7a m\u1eb9 vi\u1ebft cho con, \u0111\u1ec3 d\u1ea1y con, nghe con v\u00e0 c\u00f9ng con l\u1edbn l\u00ean t\u1eebng ng\u00e0y, l\u00e0 nh\u1eefng b\u00e0i th\u01a1 c\u1ee7a m\u1ed9t ng\u01b0\u1eddi y\u00eau tr\u1ebb, c\u00f9ng tr\u1ebb nh\u00ecn cu\u1ed9c s\u1ed1ng v\u1edbi con m\u1eaft h\u1ed3n nhi\u00ean v\u00e0&#8230; hi\u1ec3u bi\u1ebft.<\/p>\n<p>Hai t\u1eadp \u0111\u1ea7u cho tr\u1ebb nh\u1eefng kh\u00e1i ni\u1ec7m \u0111\u1ea7u ti\u00ean v\u1ec1 lo\u00e0i v\u1eadt, x\u00e2y d\u1ef1ng c\u1ea3m x\u00fac th\u00e2n thi\u1ec7n, \u1ea5m \u00e1p v\u1edbi nh\u1eefng con th\u00fa nh\u1ecf l\u00e0 b\u1ea1n c\u1ee7a c\u00e1c em t\u1eeb l\u00fac m\u1edbi ch\u00e0o \u0111\u1eddi. Hai t\u1eadp sau ch\u1ecb vi\u1ebft v\u1ec1 c\u00e1c s\u1ef1 v\u1eadt s\u1ef1 vi\u1ec7c xung quanh em, v\u1ec1 c\u00e1i b\u1ebfp, c\u00e1i nh\u00e0, v\u1ec1 t\u1eebng m\u00f9a thay \u0111\u1ed5i, cho c\u00e1c em c\u1ea3m nh\u1eadn v\u1ec1 kh\u00f4ng gian, th\u1eddi gian, b\u01b0\u1edbc \u0111i d\u00e0i c\u1ee7a m\u1ed7i \u0111\u1ee9a tr\u1ebb t\u1eeb khi ra \u0111\u1eddi \u0111\u1ebfn l\u00fac chu\u1ea9n b\u1ecb \u0111\u1ebfn tr\u01b0\u1eddng, qua t\u1eebng tu\u1ed5i m\u1edbi.<\/p>\n<p>Th\u01a1 d\u00e0nh cho c\u00e1c b\u1ea1n b\u00e9 t\u00ed th\u00ec g\u1ea7n g\u0169i v\u1edbi \u0111\u1ed3ng dao, ng\u1eafn v\u00e0 d\u1ec5 nh\u1edb. Th\u01a1 d\u00e0nh cho \u0111\u1ed9c gi\u1ea3 \u0111\u00e3 l\u1edbn h\u01a1n th\u00ec \u0111\u00e3 h\u01b0\u1edbng t\u1edbi suy t\u01b0, c\u0169ng l\u1ea1i d\u00ed d\u1ee7m, h\u00e0i h\u01b0\u1edbc, khi\u1ebfn c\u1ea3 nh\u00e0 \u0111\u1ec1u c\u00f3 c\u01a1 h\u1ed9i c\u00f9ng ph\u00e1 l\u00ean c\u01b0\u1eddi. Cu\u1ed1i m\u1ed7i t\u1eadp th\u01a1 l\u00e0 m\u1ed9t v\u00e0i trang d\u00e0nh cho tr\u00f2 ch\u01a1i t\u01b0\u01a1ng t\u00e1c c\u00f9ng nh\u1eefng nh\u00e2n v\u1eadt \u0111\u00e3 xu\u1ea5t hi\u1ec7n trong th\u01a1.<\/p>\n","protected":false},"excerpt":{"rendered":"<p>B\u1ed9 s\u00e1ch th\u01a1 g\u1ed3m 4 cu\u1ed1n c\u00f3 nh\u1eefng c\u00e1i t\u00ean nh\u1ed9n nh\u1ed9n \u201cNhim nh\u1ec9m nh\u00ecm nhim\u201d, \u201cM\u1eb9 H\u1ed5 d\u1ecbu d\u00e0ng\u201d, \u201cNg\u00e0y x\u01b0a, ng\u00e0y nay, ng\u00e0y sau&#8230;\u201d, \u201cVui c\u00f9ng ti\u1ebfng Vi\u1ec7t\u201d, l\u00e0 nh\u1eefng \u1ea5n ph\u1ea9m m\u1edbi nh\u1ea5t m\u00e0 ch\u1ecb d\u00e0nh t\u1eb7ng cho c\u00e1c \u0111\u1ed9c gi\u1ea3 nh\u1ecf x\u00edu (t\u1eeb 0 \u0111\u1ebfn 7 tu\u1ed5i) v\u00e0o nh\u1eefng ng\u00e0y \u0111\u1ea7u th\u00e1ng 4 hi\u1ec1n h\u1eadu n\u00e0y. Nh\u1eefng b\u00e0i th\u01a1 trong 4 t\u1eadp th\u01a1 n\u00e0y ch\u1ecb b\u1eaft \u0111\u1ea7u vi\u1ebft t\u1eeb nh\u1eefng ng\u00e0y \u0111\u1ea7u ti\u00ean l\u00e0m m\u1eb9, l\u00e0 th\u01a1 c\u1ee7a m\u1eb9 vi\u1ebft cho con, \u0111\u1ec3 d\u1ea1y con, nghe con v\u00e0 c\u00f9ng con l\u1edbn l\u00ean t\u1eebng ng\u00e0y, l\u00e0 nh\u1eefng b\u00e0i th\u01a1 c\u1ee7a m\u1ed9t ng\u01b0\u1eddi y\u00eau tr\u1ebb, c\u00f9ng tr\u1ebb nh\u00ecn cu\u1ed9c s\u1ed1ng<\/p>\n","protected":false},"featured_media":18553,"template":"","meta":{"_acf_changed":false},"product_brand":[],"product_cat":[25,17,71,26],"product_tag":[],"class_list":{"0":"post-18554","1":"product","2":"type-product","3":"status-publish","4":"has-post-thumbnail","6":"product_cat-nhi-dong-6-tuoi-12-tuoi","7":"product_cat-sach-danh-cho-cac-be","8":"product_cat-sach-tre-em-thuan-viet","9":"product_cat-thieu-nien-11-tuoi-18-tuoi","11":"first","12":"outofstock","13":"taxable","14":"shipping-taxable","15":"purchasable","16":"product-type-simple"},"supplier_id":null,"supplier_sku":"","barcode":null,"atum_controlled":true,"out_stock_date":"2024-12-29 08:24:59","out_stock_threshold":null,"inheritable":false,"inbound_stock":0,"stock_on_hold":0,"sold_today":0,"sales_last_days":0,"reserved_stock":0,"customer_returns":0,"warehouse_damage":0,"lost_in_post":0,"other_logs":0,"out_stock_days":395,"lost_sales":0,"has_location":true,"update_date":"2026-01-28T23:11:27","atum_locations":[{"id":32,"name":"Helsinki","slug":"helsinki"}],"atum_stock_status":"outofstock","restock_status":false,"low_stock_amount":"","sales_update_date":"2026-01-28T23:11:27","calc_backorders":null,"acf":{"publisher":{"ID":1517,"post_author":"1","post_date":"2021-02-17 01:14:41","post_date_gmt":"2021-02-16 23:14:41","post_content":"","post_title":"NXB Tr\u1ebb","post_excerpt":"","post_status":"publish","comment_status":"closed","ping_status":"closed","post_password":"","post_name":"nxb-tre","to_ping":"","pinged":"","post_modified":"2021-02-17 01:14:41","post_modified_gmt":"2021-02-16 23:14:41","post_content_filtered":"","post_parent":0,"guid":"https:\/\/sachviet.eu\/nha-phat-hanh\/nxb-tre\/","menu_order":0,"post_type":"publisher","post_mime_type":"","comment_count":"0","filter":"raw"}},"_links":{"self":[{"href":"https:\/\/sachviet.eu\/en\/wp-json\/wp\/v2\/product\/18554","targetHints":{"allow":["GET"]}}],"collection":[{"href":"https:\/\/sachviet.eu\/en\/wp-json\/wp\/v2\/product"}],"about":[{"href":"https:\/\/sachviet.eu\/en\/wp-json\/wp\/v2\/types\/product"}],"wp:featuredmedia":[{"embeddable":true,"href":"https:\/\/sachviet.eu\/en\/wp-json\/wp\/v2\/media\/18553"}],"wp:attachment":[{"href":"https:\/\/sachviet.eu\/en\/wp-json\/wp\/v2\/media?parent=18554"}],"wp:term":[{"taxonomy":"product_brand","embeddable":true,"href":"https:\/\/sachviet.eu\/en\/wp-json\/wp\/v2\/product_brand?post=18554"},{"taxonomy":"product_cat","embeddable":true,"href":"https:\/\/sachviet.eu\/en\/wp-json\/wp\/v2\/product_cat?post=18554"},{"taxonomy":"product_tag","embeddable":true,"href":"https:\/\/sachviet.eu\/en\/wp-json\/wp\/v2\/product_tag?post=18554"}],"curies":[{"name":"wp","href":"https:\/\/api.w.org\/{rel}","templated":true}]}}