{"id":18552,"date":"2022-04-16T12:55:34","date_gmt":"2022-04-16T09:55:34","guid":{"rendered":"https:\/\/sachviet.eu\/shop\/tim-kiem-thong-minh-bo-4-quyen\/"},"modified":"2022-12-19T15:07:47","modified_gmt":"2022-12-19T13:07:47","slug":"tim-kiem-thong-minh-bo-4-quyen","status":"publish","type":"product","link":"https:\/\/sachviet.eu\/en\/shop\/tim-kiem-thong-minh-bo-4-quyen\/","title":{"rendered":"T\u00ecm ki\u1ebfm th\u00f4ng minh &#8211; B\u1ed9 4 quy\u1ec3n"},"content":{"rendered":"<p>B\u1ed9 \u201cT\u00ccM KI\u1ebeM TH\u00d4NG MINH PH\u00c1T TRI\u1ec2N KH\u1ea2 N\u0102NG T\u1eacP TRUNG\u201d<\/p>\n<p>Kh\u00f4ng ch\u1ec9 nh\u1eefng \u0111\u1ee9a tr\u1ebb m\u00e0 ngay c\u1ea3 ch\u00fang ta, nh\u1eefng ng\u01b0\u1eddi l\u1edbn c\u0169ng ch\u1ec9 c\u00f3 h\u1ee9ng th\u00fa l\u00e0m nh\u1eefng vi\u1ec7c m\u00e0 m\u00ecnh c\u1ea3m th\u1ea5y th\u00edch th\u00fa. Do v\u1eady, c\u00e1ch \u0111\u1ea1t \u0111\u01b0\u1ee3c s\u1ef1 t\u1eadp trung \u0111\u01a1n gi\u1ea3n nh\u1ea5t \u0111\u1ed1i v\u1edbi tr\u1ebb em l\u00e0 h\u00e3y l\u00e0m c\u00e1ch n\u00e0o \u0111\u00f3 cho c\u00e1c b\u00e9 c\u1ea3m th\u1ea5y h\u1ee9ng th\u00fa.<br \/>\nV\u00e0 th\u1eadt \u0111\u01a1n gi\u1ea3n m\u00e0 l\u1ea1i r\u1ea5t h\u1eefu d\u1ee5ng khi \u0111\u00e3 c\u00f3 b\u1ed9 s\u00e1ch \u201cT\u00ccM KI\u1ebeM TH\u00d4NG MINH PH\u00c1T TRI\u1ec2N KH\u1ea2 N\u0102NG T\u1eacP TRUNG\u201d.<\/p>\n<p>B\u1ed9 s\u00e1ch g\u1ed3m 4 cu\u1ed1n v\u1edbi 4 ch\u1ee7 \u0111\u1ec1 kh\u00e1c nhau nh\u01b0: th\u1ebf gi\u1edbi kh\u1ee7ng long, th\u1ebf gi\u1edbi \u0111\u1ea1i d\u01b0\u01a1ng, th\u1ebf gi\u1edbi \u0111\u1ed9ng v\u1eadt v\u00e0 ph\u01b0\u01a1ng ti\u1ec7n giao th\u00f4ng. M\u1ed7i cu\u1ed1n c\u00f3: 40 b\u1ee9c tranh tuy\u1ec7t \u0111\u1eb9p, h\u01a1n 1000 v\u1eadt ph\u1ea9m c\u1ea7n t\u00ecm ki\u1ebfm, 4 tr\u00f2 ch\u01a1i ph\u00e1t tri\u1ec3n tr\u00ed tu\u1ec7, 3 b\u00e0i hu\u1ea5n luy\u1ec7n t\u1eadp trung, c\u00f9ng r\u1ea5t nhi\u1ec1u th\u00f4ng tin th\u00fa v\u1ecb \u0111\u1ec3 b\u00e9 m\u1edf mang th\u00eam ki\u1ebfn th\u1ee9c.<\/p>\n<p>Xen k\u1ebd v\u1edbi vi\u1ec7c vui ch\u01a1i t\u00ecm ki\u1ebfm, l\u00e0 nh\u1eefng b\u00e0i t\u1eadp k\u1ebft h\u1ee3p c\u00e1c ho\u1ea1t \u0111\u1ed9ng quan s\u00e1t gi\u00fap tr\u1ebb r\u00e8n luy\u1ec7n th\u1ecb gi\u00e1c, b\u1ed3i d\u01b0\u1ee1ng kh\u1ea3 n\u0103ng ph\u00e1t tri\u1ec3n ng\u00f4n ng\u1eef, n\u00e2ng cao kh\u1ea3 n\u0103ng t\u1eadp trung, t\u01b0 duy li\u00ean t\u01b0\u1edfng\u2026 gi\u00fap tr\u1ebb ti\u1ebfp thu ki\u1ebfn th\u1ee9c m\u1ed9t c\u00e1ch h\u00e0o h\u1ee9ng, d\u1ec5 d\u00e0ng, hi\u1ec7u qu\u1ea3, tr\u1edf th\u00e0nh nh\u1eefng \u0111\u1ee9a tr\u1ebb th\u00f4ng minh, \u0111\u00e1ng y\u00eau v\u00e0 c\u00f3 m\u1ed9t tr\u00ed tu\u1ec7 to\u00e0n di\u1ec7n.<\/p>\n<p>Ch\u1ec9 c\u1ea7n m\u1ed9t c\u00e2y b\u00fat ch\u00ec, b\u1ed1 m\u1eb9 c\u00f3 th\u1ec3 c\u00f9ng ch\u01a1i v\u00e0 h\u1ed7 tr\u1ee3 con b\u1eb1ng vi\u1ec7c \u0111\u01b0a ra nh\u1eefng g\u1ee3i \u00fd gi\u00fap b\u00e9 nhanh tay, nhanh m\u1eaft t\u00ecm ki\u1ebfm nh\u00e9!<\/p>\n","protected":false},"excerpt":{"rendered":"<p>B\u1ed9 \u201cT\u00ccM KI\u1ebeM TH\u00d4NG MINH PH\u00c1T TRI\u1ec2N KH\u1ea2 N\u0102NG T\u1eacP TRUNG\u201d<\/p>\n<p>Kh\u00f4ng ch\u1ec9 nh\u1eefng \u0111\u1ee9a tr\u1ebb m\u00e0 ngay c\u1ea3 ch\u00fang ta, nh\u1eefng ng\u01b0\u1eddi l\u1edbn c\u0169ng ch\u1ec9 c\u00f3 h\u1ee9ng th\u00fa l\u00e0m nh\u1eefng vi\u1ec7c m\u00e0 m\u00ecnh c\u1ea3m th\u1ea5y th\u00edch th\u00fa. Do v\u1eady, c\u00e1ch \u0111\u1ea1t \u0111\u01b0\u1ee3c s\u1ef1 t\u1eadp trung \u0111\u01a1n gi\u1ea3n nh\u1ea5t \u0111\u1ed1i v\u1edbi tr\u1ebb em l\u00e0 h\u00e3y l\u00e0m c\u00e1ch n\u00e0o \u0111\u00f3 cho c\u00e1c b\u00e9 c\u1ea3m th\u1ea5y h\u1ee9ng th\u00fa.<br \/>\nV\u00e0 th\u1eadt \u0111\u01a1n gi\u1ea3n m\u00e0 l\u1ea1i r\u1ea5t h\u1eefu d\u1ee5ng khi \u0111\u00e3 c\u00f3 b\u1ed9 s\u00e1ch \u201cT\u00ccM KI\u1ebeM TH\u00d4NG MINH PH\u00c1T TRI\u1ec2N KH\u1ea2 N\u0102NG T\u1eacP TRUNG\u201d.<\/p>\n<p>B\u1ed9 s\u00e1ch g\u1ed3m 4 cu\u1ed1n v\u1edbi 4 ch\u1ee7 \u0111\u1ec1 kh\u00e1c nhau nh\u01b0: th\u1ebf gi\u1edbi kh\u1ee7ng long, th\u1ebf gi\u1edbi \u0111\u1ea1i d\u01b0\u01a1ng, th\u1ebf gi\u1edbi \u0111\u1ed9ng v\u1eadt v\u00e0 ph\u01b0\u01a1ng ti\u1ec7n giao th\u00f4ng. M\u1ed7i cu\u1ed1n c\u00f3: 40 b\u1ee9c tranh tuy\u1ec7t \u0111\u1eb9p, h\u01a1n 1000 v\u1eadt ph\u1ea9m c\u1ea7n t\u00ecm ki\u1ebfm, 4 tr\u00f2 ch\u01a1i ph\u00e1t tri\u1ec3n tr\u00ed tu\u1ec7, 3 b\u00e0i hu\u1ea5n luy\u1ec7n t\u1eadp trung, c\u00f9ng r\u1ea5t nhi\u1ec1u th\u00f4ng tin th\u00fa v\u1ecb \u0111\u1ec3 b\u00e9 m\u1edf mang th\u00eam ki\u1ebfn th\u1ee9c.<\/p>\n<p>Xen k\u1ebd v\u1edbi vi\u1ec7c vui ch\u01a1i t\u00ecm ki\u1ebfm, l\u00e0 nh\u1eefng b\u00e0i t\u1eadp k\u1ebft h\u1ee3p c\u00e1c ho\u1ea1t \u0111\u1ed9ng quan s\u00e1t gi\u00fap tr\u1ebb r\u00e8n luy\u1ec7n th\u1ecb gi\u00e1c, b\u1ed3i d\u01b0\u1ee1ng kh\u1ea3 n\u0103ng ph\u00e1t tri\u1ec3n ng\u00f4n ng\u1eef, n\u00e2ng cao kh\u1ea3 n\u0103ng t\u1eadp trung, t\u01b0 duy li\u00ean t\u01b0\u1edfng\u2026 gi\u00fap tr\u1ebb ti\u1ebfp thu ki\u1ebfn th\u1ee9c m\u1ed9t c\u00e1ch h\u00e0o h\u1ee9ng, d\u1ec5 d\u00e0ng, hi\u1ec7u qu\u1ea3, tr\u1edf th\u00e0nh nh\u1eefng \u0111\u1ee9a tr\u1ebb th\u00f4ng minh, \u0111\u00e1ng y\u00eau v\u00e0 c\u00f3 m\u1ed9t tr\u00ed tu\u1ec7 to\u00e0n di\u1ec7n.<\/p>\n<p>Ch\u1ec9 c\u1ea7n m\u1ed9t c\u00e2y b\u00fat ch\u00ec, b\u1ed1 m\u1eb9 c\u00f3 th\u1ec3 c\u00f9ng ch\u01a1i v\u00e0 h\u1ed7 tr\u1ee3 con b\u1eb1ng vi\u1ec7c \u0111\u01b0a ra nh\u1eefng g\u1ee3i \u00fd gi\u00fap b\u00e9 nhanh tay, nhanh m\u1eaft t\u00ecm ki\u1ebfm nh\u00e9!<\/p>\n","protected":false},"featured_media":18551,"template":"","meta":{"_acf_changed":false},"product_brand":[],"product_cat":[20,25,17,26],"product_tag":[],"class_list":{"0":"post-18552","1":"product","2":"type-product","3":"status-publish","4":"has-post-thumbnail","6":"product_cat-be-vua-hoc-vua-choi","7":"product_cat-nhi-dong-6-tuoi-12-tuoi","8":"product_cat-sach-danh-cho-cac-be","9":"product_cat-thieu-nien-11-tuoi-18-tuoi","11":"first","12":"instock","13":"taxable","14":"shipping-taxable","15":"purchasable","16":"product-type-simple"},"supplier_id":null,"supplier_sku":"","barcode":null,"atum_controlled":true,"out_stock_date":null,"out_stock_threshold":null,"inheritable":false,"inbound_stock":0,"stock_on_hold":0,"sold_today":0,"sales_last_days":0,"reserved_stock":0,"customer_returns":0,"warehouse_damage":0,"lost_in_post":0,"other_logs":0,"out_stock_days":0,"lost_sales":0,"has_location":false,"update_date":"2026-01-28T23:11:04","atum_locations":[{"id":32,"name":"Helsinki","slug":"helsinki"}],"atum_stock_status":"instock","restock_status":false,"low_stock_amount":"","sales_update_date":"2026-01-28T23:11:04","calc_backorders":null,"acf":{"publisher":{"ID":16394,"post_author":"1","post_date":"2021-12-26 17:28:32","post_date_gmt":"2021-12-26 15:28:32","post_content":"","post_title":"Pingbooks","post_excerpt":"","post_status":"publish","comment_status":"closed","ping_status":"closed","post_password":"","post_name":"pingbooks","to_ping":"","pinged":"","post_modified":"2021-12-26 17:28:32","post_modified_gmt":"2021-12-26 15:28:32","post_content_filtered":"","post_parent":0,"guid":"https:\/\/sachviet.eu\/nha-phat-hanh\/pingbooks\/","menu_order":0,"post_type":"publisher","post_mime_type":"","comment_count":"0","filter":"raw"}},"_links":{"self":[{"href":"https:\/\/sachviet.eu\/en\/wp-json\/wp\/v2\/product\/18552","targetHints":{"allow":["GET"]}}],"collection":[{"href":"https:\/\/sachviet.eu\/en\/wp-json\/wp\/v2\/product"}],"about":[{"href":"https:\/\/sachviet.eu\/en\/wp-json\/wp\/v2\/types\/product"}],"wp:featuredmedia":[{"embeddable":true,"href":"https:\/\/sachviet.eu\/en\/wp-json\/wp\/v2\/media\/18551"}],"wp:attachment":[{"href":"https:\/\/sachviet.eu\/en\/wp-json\/wp\/v2\/media?parent=18552"}],"wp:term":[{"taxonomy":"product_brand","embeddable":true,"href":"https:\/\/sachviet.eu\/en\/wp-json\/wp\/v2\/product_brand?post=18552"},{"taxonomy":"product_cat","embeddable":true,"href":"https:\/\/sachviet.eu\/en\/wp-json\/wp\/v2\/product_cat?post=18552"},{"taxonomy":"product_tag","embeddable":true,"href":"https:\/\/sachviet.eu\/en\/wp-json\/wp\/v2\/product_tag?post=18552"}],"curies":[{"name":"wp","href":"https:\/\/api.w.org\/{rel}","templated":true}]}}