{"id":18548,"date":"2022-04-16T12:55:17","date_gmt":"2022-04-16T09:55:17","guid":{"rendered":"https:\/\/sachviet.eu\/shop\/bo-3-cuon-kinh-tung-am-nghia-kinh-kim-cang-kinh-tu-thap-nhi-chuong-kinh-dai-thua-vo-luong-nghia\/"},"modified":"2022-12-19T15:08:00","modified_gmt":"2022-12-19T13:08:00","slug":"bo-3-cuon-kinh-tung-am-nghia-kinh-kim-cang-kinh-tu-thap-nhi-chuong-kinh-dai-thua-vo-luong-nghia","status":"publish","type":"product","link":"https:\/\/sachviet.eu\/en\/shop\/bo-3-cuon-kinh-tung-am-nghia-kinh-kim-cang-kinh-tu-thap-nhi-chuong-kinh-dai-thua-vo-luong-nghia\/","title":{"rendered":"B\u1ed9 3 Cu\u1ed1n Kinh T\u1ee5ng \u00c2m Ngh\u0129a : Kinh Kim Cang + Kinh T\u1ee9 Th\u1eadp Nh\u1ecb Ch\u01b0\u01a1ng + Kinh \u0110\u1ea1i Th\u1eeba V\u00f4 L\u01b0\u1ee3ng Ngh\u0129a"},"content":{"rendered":"<p>&#8220;Th\u00f4ng th\u01b0\u1eddng m\u00e0 n\u00f3i B\u00e1t Nh\u00e3 c\u00f3 ba \u00fd ngh\u0129a. Th\u1ee9 nh\u1ea5t l\u00e0 th\u1ef1c t\u01b0\u1edbng, t\u01b0\u1edbng l\u00e0 t\u01b0\u1edbng tr\u1ea1ng, th\u1ef1c t\u01b0\u1edbng ch\u00ednh l\u00e0 h\u00ecnh \u1ea3nh ch\u00e2n th\u1ef1c. Ngh\u0129a th\u1ee9 hai l\u00e0 qu\u00e1n chi\u1ebfu B\u00e1t Nh\u00e3, c\u0169ng ch\u00ednh l\u00e0 ch\u1ed7 d\u1ee5ng c\u1ee7a th\u1ef1c t\u01b0\u1edbng. Ngh\u0129a th\u1ee9 ba l\u00e0 v\u0103n t\u1ef1 B\u00e1t Nh\u00e3. C\u00f3 th\u1ec3 n\u00f3i to\u00e0n b\u1ed9 v\u0103n t\u1ef1 trong kinh \u0111i\u1ec3n c\u1ee7a kinh Ph\u1eadt \u0111\u1ec1u thu\u1ed9c v\u00e0o lo\u1ea1i v\u0103n t\u1ef1 B\u00e1t Nh\u00e3. Bi\u1ec7t danh c\u1ee7a n\u00f3 r\u1ea5t nhi\u1ec1u, nh\u01b0 trong kinh n\u00f3i ch\u00e2n t\u00e1nh, th\u1ef1c t\u01b0\u1edbng, t\u1ef1 t\u00e1nh, thanh t\u1ecbnh t\u00e2m, Nh\u01b0 Lai T\u00e0ng, nh\u01b0 nh\u01b0, th\u1ef1c t\u1ebf, nh\u1ea5t th\u1eeba, ph\u00e1p t\u00e1nh, th\u1ee7 L\u0103ng Nghi\u00eam, trung \u0111\u1ea1o, t\u1ea5t c\u00e1nh kh\u00f4ng, V\u00ec sao ch\u1ec9 c\u00f3 m\u1ed9t s\u1ef1 vi\u1ec7c m\u00e0 Ph\u1eadt ph\u1ea3i n\u00f3i ra r\u1ea5t nhi\u1ec1u danh t\u1ef1 nh\u01b0 v\u1eady? \u0110\u00e2y l\u00e0 ph\u01b0\u01a1ng ti\u1ec7n thi\u1ec7n x\u1ea3o c\u1ee7a Ph\u1eadt thuy\u1ebft ph\u00e1p. Ph\u1eadt d\u1ea1y ch\u00fang ta, \u0111i\u1ec1u quan tr\u1ecdng nh\u1ea5t l\u00e0 mu\u1ed1n ch\u00fang ta ph\u1ea3i th\u00f4ng hi\u1ec3u ngh\u0129a th\u00fa m\u00e0 Ph\u1eadt thuy\u1ebft ph\u00e1p, kh\u00f4ng n\u00ean ch\u1ea5p tr\u01b0\u1edbc tr\u00ean danh t\u01b0\u1edbng. Danh t\u01b0\u1edbng ch\u1ec9 l\u00e0 c\u00f4ng c\u1ee5, ph\u01b0\u01a1ng ti\u1ec7n m\u00e0 th\u00f4i. V\u00ec th\u1ebf Ph\u1eadt n\u00f3i ra r\u1ea5t nhi\u1ec1u danh t\u1eeb, \u0111\u1ec3 ch\u00fang ta t\u1eeb trong danh t\u01b0\u1edbng \u0111\u00f3 th\u1ec3 h\u1ed9i \u0111\u01b0\u1ee3c ngh\u0129a l\u00fd ch\u00e2n th\u1ef1c.&#8221;<\/p>\n","protected":false},"excerpt":{"rendered":"<p>&#8220;Th\u00f4ng th\u01b0\u1eddng m\u00e0 n\u00f3i B\u00e1t Nh\u00e3 c\u00f3 ba \u00fd ngh\u0129a. Th\u1ee9 nh\u1ea5t l\u00e0 th\u1ef1c t\u01b0\u1edbng, t\u01b0\u1edbng l\u00e0 t\u01b0\u1edbng tr\u1ea1ng, th\u1ef1c t\u01b0\u1edbng ch\u00ednh l\u00e0 h\u00ecnh \u1ea3nh ch\u00e2n th\u1ef1c. Ngh\u0129a th\u1ee9 hai l\u00e0 qu\u00e1n chi\u1ebfu B\u00e1t Nh\u00e3, c\u0169ng ch\u00ednh l\u00e0 ch\u1ed7 d\u1ee5ng c\u1ee7a th\u1ef1c t\u01b0\u1edbng. Ngh\u0129a th\u1ee9 ba l\u00e0 v\u0103n t\u1ef1 B\u00e1t Nh\u00e3. C\u00f3 th\u1ec3 n\u00f3i to\u00e0n b\u1ed9 v\u0103n t\u1ef1 trong kinh \u0111i\u1ec3n c\u1ee7a kinh Ph\u1eadt \u0111\u1ec1u thu\u1ed9c v\u00e0o lo\u1ea1i v\u0103n t\u1ef1 B\u00e1t Nh\u00e3. Bi\u1ec7t danh c\u1ee7a n\u00f3 r\u1ea5t nhi\u1ec1u, nh\u01b0 trong kinh n\u00f3i ch\u00e2n t\u00e1nh, th\u1ef1c t\u01b0\u1edbng, t\u1ef1 t\u00e1nh, thanh t\u1ecbnh t\u00e2m, Nh\u01b0 Lai T\u00e0ng, nh\u01b0 nh\u01b0, th\u1ef1c t\u1ebf, nh\u1ea5t th\u1eeba, ph\u00e1p t\u00e1nh, th\u1ee7 L\u0103ng Nghi\u00eam, trung \u0111\u1ea1o, t\u1ea5t c\u00e1nh kh\u00f4ng, V\u00ec sao ch\u1ec9 c\u00f3 m\u1ed9t s\u1ef1 vi\u1ec7c m\u00e0 Ph\u1eadt ph\u1ea3i n\u00f3i ra r\u1ea5t nhi\u1ec1u danh t\u1ef1 nh\u01b0 v\u1eady? \u0110\u00e2y l\u00e0 ph\u01b0\u01a1ng ti\u1ec7n thi\u1ec7n x\u1ea3o c\u1ee7a Ph\u1eadt thuy\u1ebft ph\u00e1p. Ph\u1eadt d\u1ea1y ch\u00fang ta, \u0111i\u1ec1u quan tr\u1ecdng nh\u1ea5t l\u00e0 mu\u1ed1n ch\u00fang ta ph\u1ea3i th\u00f4ng hi\u1ec3u ngh\u0129a th\u00fa m\u00e0 Ph\u1eadt thuy\u1ebft ph\u00e1p, kh\u00f4ng n\u00ean ch\u1ea5p tr\u01b0\u1edbc tr\u00ean danh t\u01b0\u1edbng. Danh t\u01b0\u1edbng ch\u1ec9 l\u00e0 c\u00f4ng c\u1ee5, ph\u01b0\u01a1ng ti\u1ec7n m\u00e0 th\u00f4i. V\u00ec th\u1ebf Ph\u1eadt n\u00f3i ra r\u1ea5t nhi\u1ec1u danh t\u1eeb, \u0111\u1ec3 ch\u00fang ta t\u1eeb trong danh t\u01b0\u1edbng \u0111\u00f3 th\u1ec3 h\u1ed9i \u0111\u01b0\u1ee3c ngh\u0129a l\u00fd ch\u00e2n th\u1ef1c.&#8221;<\/p>\n","protected":false},"featured_media":18547,"template":"","meta":{"_acf_changed":false},"product_brand":[],"product_cat":[15,76],"product_tag":[],"class_list":{"0":"post-18548","1":"product","2":"type-product","3":"status-publish","4":"has-post-thumbnail","6":"product_cat-sach-danh-cho-nguoi-lon","7":"product_cat-ton-giao-tam-linh","9":"first","10":"outofstock","11":"taxable","12":"shipping-taxable","13":"purchasable","14":"product-type-simple"},"supplier_id":null,"supplier_sku":"","barcode":null,"atum_controlled":true,"out_stock_date":"2022-12-19 12:58:10","out_stock_threshold":null,"inheritable":false,"inbound_stock":0,"stock_on_hold":0,"sold_today":0,"sales_last_days":0,"reserved_stock":0,"customer_returns":0,"warehouse_damage":0,"lost_in_post":0,"other_logs":0,"out_stock_days":1136,"lost_sales":0,"has_location":false,"update_date":"2026-01-28T23:11:04","atum_locations":[{"id":32,"name":"Helsinki","slug":"helsinki"}],"atum_stock_status":"outofstock","restock_status":false,"low_stock_amount":"","sales_update_date":"2026-01-28T23:11:04","calc_backorders":null,"acf":{"publisher":{"ID":18544,"post_author":"1","post_date":"2022-04-16 12:55:08","post_date_gmt":"2022-04-16 09:55:08","post_content":"","post_title":"T\u00f4n gi\u00e1o","post_excerpt":"","post_status":"publish","comment_status":"closed","ping_status":"closed","post_password":"","post_name":"ton-giao","to_ping":"","pinged":"","post_modified":"2022-04-16 12:55:08","post_modified_gmt":"2022-04-16 09:55:08","post_content_filtered":"","post_parent":0,"guid":"https:\/\/sachviet.eu\/nha-phat-hanh\/ton-giao\/","menu_order":0,"post_type":"publisher","post_mime_type":"","comment_count":"0","filter":"raw"}},"_links":{"self":[{"href":"https:\/\/sachviet.eu\/en\/wp-json\/wp\/v2\/product\/18548","targetHints":{"allow":["GET"]}}],"collection":[{"href":"https:\/\/sachviet.eu\/en\/wp-json\/wp\/v2\/product"}],"about":[{"href":"https:\/\/sachviet.eu\/en\/wp-json\/wp\/v2\/types\/product"}],"wp:featuredmedia":[{"embeddable":true,"href":"https:\/\/sachviet.eu\/en\/wp-json\/wp\/v2\/media\/18547"}],"wp:attachment":[{"href":"https:\/\/sachviet.eu\/en\/wp-json\/wp\/v2\/media?parent=18548"}],"wp:term":[{"taxonomy":"product_brand","embeddable":true,"href":"https:\/\/sachviet.eu\/en\/wp-json\/wp\/v2\/product_brand?post=18548"},{"taxonomy":"product_cat","embeddable":true,"href":"https:\/\/sachviet.eu\/en\/wp-json\/wp\/v2\/product_cat?post=18548"},{"taxonomy":"product_tag","embeddable":true,"href":"https:\/\/sachviet.eu\/en\/wp-json\/wp\/v2\/product_tag?post=18548"}],"curies":[{"name":"wp","href":"https:\/\/api.w.org\/{rel}","templated":true}]}}