{"id":18543,"date":"2022-04-16T12:55:04","date_gmt":"2022-04-16T09:55:04","guid":{"rendered":"https:\/\/sachviet.eu\/shop\/noi-chuyen-la-ban-nang-giu-mieng-la-tu-duong-im-lang-la-tri-tue\/"},"modified":"2023-07-17T12:13:10","modified_gmt":"2023-07-17T09:13:10","slug":"noi-chuyen-la-ban-nang-giu-mieng-la-tu-duong-im-lang-la-tri-tue","status":"publish","type":"product","link":"https:\/\/sachviet.eu\/en\/shop\/noi-chuyen-la-ban-nang-giu-mieng-la-tu-duong-im-lang-la-tri-tue\/","title":{"rendered":"N\u00f3i Chuy\u1ec7n L\u00e0 B\u1ea3n N\u0103ng, Gi\u1eef Mi\u1ec7ng L\u00e0 Tu D\u01b0\u1ee1ng, Im L\u1eb7ng L\u00e0 Tr\u00ed Tu\u1ec7"},"content":{"rendered":"<p>Tu\u00e2n T\u1eed n\u00f3i: \u201cN\u00f3i n\u0103ng h\u1ee3p l\u00fd, \u0111\u00f3 g\u1ecdi l\u00e0 hi\u1ec3u bi\u1ebft; im l\u1eb7ng \u0111\u00fang l\u00fac, \u0111\u00f3 c\u0169ng l\u00e0 hi\u1ec3u bi\u1ebft\u201d. Ng\u00f4n ng\u1eef l\u00e0 th\u1ee9 c\u00f3 th\u1ec3 th\u1ec3 hi\u1ec7n r\u00f5 nh\u1ea5t m\u1ee9c \u0111\u1ed9 tu d\u01b0\u1ee1ng c\u1ee7a m\u1ed9t ng\u01b0\u1eddi, n\u00f3i n\u0103ng h\u1ee3p l\u00fd l\u00e0 m\u1ed9t lo\u1ea1i tr\u00ed tu\u1ec7, m\u00e0 im l\u1eb7ng \u0111\u00fang l\u00fac c\u0169ng l\u00e0 m\u1ed9t lo\u1ea1i tr\u00ed tu\u1ec7. N\u1ebfu m\u1ed9t ng\u01b0\u1eddi kh\u00f4ng bi\u1ebft gi\u1eef mi\u1ec7ng, n\u00f3i m\u00e0 kh\u00f4ng suy ngh\u0129, ngh\u0129 g\u00ec n\u00f3i n\u1ea5y, t\u1ea5t nhi\u00ean r\u1ea5t d\u1ec5 khi\u1ebfn ng\u01b0\u1eddi kh\u00e1c ch\u00e1n gh\u00e9t.<\/p>\n<p>N\u1ed9i dung quy\u1ec3n s\u00e1ch n\u00e0y xoay quanh hai v\u1ea5n \u0111\u1ec1 \u0111\u00f3 l\u00e0 \u201cbi\u1ebft c\u00e1ch n\u00f3i chuy\u1ec7n\u201d v\u00e0 \u201cbi\u1ebft gi\u1eef mi\u1ec7ng\u201d, th\u00f4ng qua 12 ch\u01b0\u01a1ng s\u00e1ch n\u00f3i r\u00f5 c\u00e1ch n\u00f3i chuy\u1ec7n v\u1edbi nh\u1eefng ng\u01b0\u1eddi kh\u00e1c nhau, c\u00e1ch n\u00f3i chuy\u1ec7n trong nh\u1eefng tr\u01b0\u1eddng h\u1ee3p kh\u00e1c nhau, l\u00e0m th\u1ebf n\u00e0o \u0111\u1ec3 n\u1eafm v\u1eefng nh\u1eefng k\u1ef9 n\u0103ng v\u00e0 ch\u1eebng m\u1ef1c \u0111\u1ec3 n\u00f3i chuy\u1ec7n cho kh\u00f4n kh\u00e9o, nh\u1eefng ng\u01b0\u1eddi kh\u00f4ng gi\u1ecfi \u0103n n\u00f3i l\u00e0m c\u00e1ch n\u00e0o m\u1edbi c\u00f3 th\u1ec3 n\u00f3i \u0111\u01b0\u1ee3c nh\u1eefng l\u1eddi th\u00edch h\u1ee3p v\u1edbi \u0111\u00fang ng\u01b0\u1eddi v\u00e0 \u0111\u00fang th\u1eddi \u0111i\u1ec3m, \u0111\u1ec3 c\u00f3 th\u1ec3 \u1ee9ng ph\u00f3 v\u1edbi nh\u1eefng tr\u01b0\u1eddng h\u1ee3p kh\u00e1c nhau trong giao ti\u1ebfp.<\/p>\n<p>Ng\u01b0\u1eddi bi\u1ebft n\u00f3i chuy\u1ec7n, \u1ea9n sau con ng\u01b0\u1eddi h\u1ecd l\u00e0 l\u00f2ng t\u1ed1t \u0111\u00e3 kh\u1eafc s\u00e2u v\u00e0o x\u01b0\u01a1ng t\u1ee7y, l\u00e0 s\u1ef1 t\u00f4n tr\u1ecdng \u0111\u1ebfn t\u1eeb vi\u1ec7c \u0111\u1eb7t m\u00ecnh v\u00e0o v\u1ecb tr\u00ed c\u1ee7a ng\u01b0\u1eddi kh\u00e1c, l\u00e0 tr\u00ed tu\u1ec7 s\u00e2u s\u1eafc, \u0111\u1ed9c \u0111\u00e1o v\u00e0 l\u00f2ng ki\u00ean nh\u1eabn kh\u00f4ng ng\u1ea1i phi\u1ec1n h\u00e0. H\u1ecd ch\u01b0a h\u1eb3n l\u00e0 nh\u1eefng ng\u01b0\u1eddi gi\u1ecfi \u0103n n\u00f3i, nh\u01b0ng m\u1ed7i khi n\u00f3i \u0111\u1ec1u l\u00e0m ng\u01b0\u1eddi kh\u00e1c nh\u01b0 \u0111\u01b0\u1ee3c t\u1eafm trong gi\u00f3 xu\u00e2n, v\u1eeba m\u1edf mi\u1ec7ng l\u00e0 \u0111\u00e3 to\u00e1t l\u00ean kh\u00ed ch\u1ea5t h\u01a1n ng\u01b0\u1eddi.<\/p>\n<p>Ng\u01b0\u1eddi bi\u1ebft gi\u1eef mi\u1ec7ng, b\u1ea5t k\u1ec3 trong tr\u01b0\u1eddng h\u1ee3p n\u00e0o, h\u1ecd \u0111\u1ec1u c\u00f3 th\u1ec3 l\u1eadp t\u1ee9c nh\u00ecn th\u1ea5u c\u1ea3m x\u00fac c\u1ee7a ng\u01b0\u1eddi kh\u00e1c, quan t\u00e2m \u0111\u1ebfn c\u1ea3m gi\u00e1c c\u1ee7a \u0111\u1ed1i ph\u01b0\u01a1ng, n\u00f3i n\u0103ng c\u00f3 ch\u1eebng m\u1ef1c, l\u00e0m g\u00ec c\u0169ng ch\u1eeba l\u1ea1i \u0111\u01b0\u1eddng lui cho m\u00ecnh v\u00e0 ng\u01b0\u1eddi kh\u00e1c. V\u1eeba m\u1edf mi\u1ec7ng l\u00e0 c\u00f3 th\u1ec3 l\u00e0m y\u00ean l\u00f2ng ng\u01b0\u1eddi kh\u00e1c, t\u1ef1 nhi\u00ean \u0111i t\u1edbi \u0111\u00e2u c\u0169ng s\u1ebd \u0111\u01b0\u1ee3c ch\u00e0o \u0111\u00f3n.<br \/>\nBi\u1ebft gi\u1eef im l\u1eb7ng th\u00ec cu\u1ed9c s\u1ed1ng s\u1ebd d\u1ec5 ch\u1ecbu h\u01a1n, h\u1ecdc c\u00e1ch gi\u1eef mi\u1ec7ng th\u00ec cu\u1ed9c \u0111\u1eddi n\u00e0y s\u1ebd kh\u00f4ng c\u00f2n \u0111i\u1ec1u g\u00ec ph\u1ea3i h\u1ed1i h\u1eadn. \u0110i\u1ec1u kh\u00f4ng n\u00ean n\u00f3i th\u00ec kh\u00f4ng n\u00f3i, \u0111i\u1ec1u kh\u00f4ng n\u00ean h\u1ecfi th\u00ec kh\u00f4ng h\u1ecfi, hi\u1ec3u \u00fd m\u00e0 kh\u00f4ng v\u1ea1ch tr\u1ea7n, nh\u00ecn th\u1ea5u m\u00e0 kh\u00f4ng n\u00f3i ra, \u0111\u00f3 l\u00e0 b\u1eadc \u0111\u1ea1i tr\u00ed.<\/p>\n<p>\u0110\u00f4i n\u00e9t v\u1ec1 t\u00e1c gi\u1ea3:<\/p>\n<p>Tr\u01b0\u01a1ng Ti\u1ebfu H\u1eb1ng l\u00e0 m\u1ed9t t\u00e1c gia\u0309 \u0111\u1ed3ng th\u1eddi l\u00e0 m\u1ed9t nh\u00e0 s\u1ea3n xu\u1ea5t. \u00d4ng t\u1eebng l\u00e0 m\u1ed9t nh\u00e2n vi\u00ean b\u00ecnh th\u01b0\u1eddng, t\u1eebng l\u00e0m b\u00e1n h\u00e0ng r\u1ed3i t\u1ef1 m\u1edf c\u00f4ng ty, \u00f4ng \u0111\u00e3 \u0111i nhi\u1ec1u n\u01a1i, \u0111\u1ecdc s\u00e1ch, s\u00e1ng t\u00e1c, t\u00ecm hi\u1ec3u v\u1ec1 cu\u00f4\u0323c s\u00f4\u0301ng. V\u1ed1n s\u1ed1ng phong ph\u00fa, b\u00fat ph\u00e1p tinh t\u1ebf c\u00f9ng l\u1ed1i vi\u1ebft \u0111i th\u1eb3ng v\u00e0o tr\u1ecdng t\u00e2m lu\u00f4n mang l\u1ea1i cho \u0111\u1ed9c gi\u1ea3 c\u1ea3m gi\u00e1c s\u1ea3ng kho\u00e1i khi \u0111\u1ecdc t\u00e1c ph\u1ea9m c\u1ee7a \u00f4ng. M\u1ed9t s\u1ed1 t\u00e1c ph\u1ea9m c\u1ee7a \u00f4ng \u0111\u00e3 \u0111\u01b0\u1ee3c xu\u1ea5t b\u1ea3n nh\u01b0 \u201cKhoa tri\u1ebft h\u1ecdc \u0110\u1ea1i h\u1ecdc B\u1eafc Kinh\u201d, \u201cEQ cao ch\u00ednh l\u00e0 bi\u1ebft c\u00e1ch n\u00f3i chuy\u1ec7n\u201d.<\/p>\n","protected":false},"excerpt":{"rendered":"<p>Tu\u00e2n T\u1eed n\u00f3i: \u201cN\u00f3i n\u0103ng h\u1ee3p l\u00fd, \u0111\u00f3 g\u1ecdi l\u00e0 hi\u1ec3u bi\u1ebft; im l\u1eb7ng \u0111\u00fang l\u00fac, \u0111\u00f3 c\u0169ng l\u00e0 hi\u1ec3u bi\u1ebft\u201d. Ng\u00f4n ng\u1eef l\u00e0 th\u1ee9 c\u00f3 th\u1ec3 th\u1ec3 hi\u1ec7n r\u00f5 nh\u1ea5t m\u1ee9c \u0111\u1ed9 tu d\u01b0\u1ee1ng c\u1ee7a m\u1ed9t ng\u01b0\u1eddi, n\u00f3i n\u0103ng h\u1ee3p l\u00fd l\u00e0 m\u1ed9t lo\u1ea1i tr\u00ed tu\u1ec7, m\u00e0 im l\u1eb7ng \u0111\u00fang l\u00fac c\u0169ng l\u00e0 m\u1ed9t lo\u1ea1i tr\u00ed tu\u1ec7. N\u1ebfu m\u1ed9t ng\u01b0\u1eddi kh\u00f4ng bi\u1ebft gi\u1eef mi\u1ec7ng, n\u00f3i m\u00e0 kh\u00f4ng suy ngh\u0129, ngh\u0129 g\u00ec n\u00f3i n\u1ea5y, t\u1ea5t nhi\u00ean r\u1ea5t d\u1ec5 khi\u1ebfn ng\u01b0\u1eddi kh\u00e1c ch\u00e1n gh\u00e9t.<\/p>\n<p>N\u1ed9i dung quy\u1ec3n s\u00e1ch n\u00e0y xoay quanh hai v\u1ea5n \u0111\u1ec1 \u0111\u00f3 l\u00e0 \u201cbi\u1ebft c\u00e1ch n\u00f3i chuy\u1ec7n\u201d v\u00e0 \u201cbi\u1ebft gi\u1eef mi\u1ec7ng\u201d, th\u00f4ng qua 12 ch\u01b0\u01a1ng s\u00e1ch n\u00f3i r\u00f5 c\u00e1ch n\u00f3i chuy\u1ec7n v\u1edbi nh\u1eefng ng\u01b0\u1eddi kh\u00e1c nhau, c\u00e1ch n\u00f3i chuy\u1ec7n trong nh\u1eefng tr\u01b0\u1eddng h\u1ee3p kh\u00e1c nhau, l\u00e0m th\u1ebf n\u00e0o \u0111\u1ec3 n\u1eafm v\u1eefng nh\u1eefng k\u1ef9 n\u0103ng v\u00e0 ch\u1eebng m\u1ef1c \u0111\u1ec3 n\u00f3i chuy\u1ec7n cho kh\u00f4n kh\u00e9o, nh\u1eefng ng\u01b0\u1eddi kh\u00f4ng gi\u1ecfi \u0103n n\u00f3i l\u00e0m c\u00e1ch n\u00e0o m\u1edbi c\u00f3 th\u1ec3 n\u00f3i \u0111\u01b0\u1ee3c nh\u1eefng l\u1eddi th\u00edch h\u1ee3p v\u1edbi \u0111\u00fang ng\u01b0\u1eddi v\u00e0 \u0111\u00fang th\u1eddi \u0111i\u1ec3m, \u0111\u1ec3 c\u00f3 th\u1ec3 \u1ee9ng ph\u00f3 v\u1edbi nh\u1eefng tr\u01b0\u1eddng h\u1ee3p kh\u00e1c nhau trong giao ti\u1ebfp.<\/p>\n<p>Ng\u01b0\u1eddi bi\u1ebft n\u00f3i chuy\u1ec7n, \u1ea9n sau con ng\u01b0\u1eddi h\u1ecd l\u00e0 l\u00f2ng t\u1ed1t \u0111\u00e3 kh\u1eafc s\u00e2u v\u00e0o x\u01b0\u01a1ng t\u1ee7y, l\u00e0 s\u1ef1 t\u00f4n tr\u1ecdng \u0111\u1ebfn t\u1eeb vi\u1ec7c \u0111\u1eb7t m\u00ecnh v\u00e0o v\u1ecb tr\u00ed c\u1ee7a ng\u01b0\u1eddi kh\u00e1c, l\u00e0 tr\u00ed tu\u1ec7 s\u00e2u s\u1eafc, \u0111\u1ed9c \u0111\u00e1o v\u00e0 l\u00f2ng ki\u00ean nh\u1eabn kh\u00f4ng ng\u1ea1i phi\u1ec1n h\u00e0. H\u1ecd ch\u01b0a h\u1eb3n l\u00e0 nh\u1eefng ng\u01b0\u1eddi gi\u1ecfi \u0103n n\u00f3i, nh\u01b0ng m\u1ed7i khi n\u00f3i \u0111\u1ec1u l\u00e0m ng\u01b0\u1eddi kh\u00e1c nh\u01b0 \u0111\u01b0\u1ee3c t\u1eafm trong gi\u00f3 xu\u00e2n, v\u1eeba m\u1edf mi\u1ec7ng l\u00e0 \u0111\u00e3 to\u00e1t l\u00ean kh\u00ed ch\u1ea5t h\u01a1n ng\u01b0\u1eddi.<\/p>\n<p>Ng\u01b0\u1eddi bi\u1ebft gi\u1eef mi\u1ec7ng, b\u1ea5t k\u1ec3 trong tr\u01b0\u1eddng h\u1ee3p n\u00e0o, h\u1ecd \u0111\u1ec1u c\u00f3 th\u1ec3 l\u1eadp t\u1ee9c nh\u00ecn th\u1ea5u c\u1ea3m x\u00fac c\u1ee7a ng\u01b0\u1eddi kh\u00e1c, quan t\u00e2m \u0111\u1ebfn c\u1ea3m gi\u00e1c c\u1ee7a \u0111\u1ed1i ph\u01b0\u01a1ng, n\u00f3i n\u0103ng c\u00f3 ch\u1eebng m\u1ef1c, l\u00e0m g\u00ec c\u0169ng ch\u1eeba l\u1ea1i \u0111\u01b0\u1eddng lui cho m\u00ecnh v\u00e0 ng\u01b0\u1eddi kh\u00e1c. V\u1eeba m\u1edf mi\u1ec7ng l\u00e0 c\u00f3 th\u1ec3 l\u00e0m y\u00ean l\u00f2ng ng\u01b0\u1eddi kh\u00e1c, t\u1ef1 nhi\u00ean \u0111i t\u1edbi \u0111\u00e2u c\u0169ng s\u1ebd \u0111\u01b0\u1ee3c ch\u00e0o \u0111\u00f3n.<br \/>\nBi\u1ebft gi\u1eef im l\u1eb7ng th\u00ec cu\u1ed9c s\u1ed1ng s\u1ebd d\u1ec5 ch\u1ecbu h\u01a1n, h\u1ecdc c\u00e1ch gi\u1eef mi\u1ec7ng th\u00ec cu\u1ed9c \u0111\u1eddi n\u00e0y s\u1ebd kh\u00f4ng c\u00f2n \u0111i\u1ec1u g\u00ec ph\u1ea3i h\u1ed1i h\u1eadn. \u0110i\u1ec1u kh\u00f4ng n\u00ean n\u00f3i th\u00ec kh\u00f4ng n\u00f3i, \u0111i\u1ec1u kh\u00f4ng n\u00ean h\u1ecfi th\u00ec kh\u00f4ng h\u1ecfi, hi\u1ec3u \u00fd m\u00e0 kh\u00f4ng v\u1ea1ch tr\u1ea7n, nh\u00ecn th\u1ea5u m\u00e0 kh\u00f4ng n\u00f3i ra, \u0111\u00f3 l\u00e0 b\u1eadc \u0111\u1ea1i tr\u00ed.<\/p>\n","protected":false},"featured_media":18542,"template":"","meta":{"_acf_changed":false},"product_brand":[],"product_cat":[15,46],"product_tag":[],"class_list":{"0":"post-18543","1":"product","2":"type-product","3":"status-publish","4":"has-post-thumbnail","6":"product_cat-sach-danh-cho-nguoi-lon","7":"product_cat-ky-nang-song","9":"first","10":"outofstock","11":"taxable","12":"shipping-taxable","13":"purchasable","14":"product-type-simple"},"supplier_id":null,"supplier_sku":"","barcode":null,"atum_controlled":true,"out_stock_date":"2023-07-17 09:13:10","out_stock_threshold":null,"inheritable":false,"inbound_stock":0,"stock_on_hold":0,"sold_today":0,"sales_last_days":0,"reserved_stock":0,"customer_returns":0,"warehouse_damage":0,"lost_in_post":0,"other_logs":0,"out_stock_days":926,"lost_sales":0,"has_location":true,"update_date":"2026-01-28T23:11:03","atum_locations":[{"id":32,"name":"Helsinki","slug":"helsinki"}],"atum_stock_status":"outofstock","restock_status":false,"low_stock_amount":"","sales_update_date":"2026-01-28T23:11:03","calc_backorders":null,"acf":{"publisher":{"ID":1785,"post_author":"1","post_date":"2021-02-17 01:54:46","post_date_gmt":"2021-02-16 23:54:46","post_content":"<!-- wp:flatsome\/uxbuilder -->\n<h1 style=\"text-align: center;\"><strong>AZ VIETNAM<\/strong><\/h1>\n[row]\n\n[col span=\"8\" span__sm=\"12\"]\n\n<p>Th\u00e0nh l\u1eadp n\u0103m: 2015<br \/>V\u1ed1n \u0111\u1ea7u t\u01b0: 4,000,000,000 \u0111\u1ed3ng<br \/><strong>L\u0129nh v\u1ef1c:<\/strong><br \/>- Xu\u1ea5t b\u1ea3n v\u00e0 ph\u00e1t h\u00e0nh v\u0103n h\u00f3a ph\u1ea9m<br \/>- Cung c\u1ea5p v\u0103n h\u00f3a ph\u1ea9m, c\u00e1c s\u1ea3n ph\u1ea9m cho in \u1ea5n, trang thi\u1ebft b\u1ecb cho c\u00e1c th\u01b0 vi\u1ec7n v\u00e0 trung t\u00e2m s\u00e1ch tr\u00ean c\u1ea3 n\u01b0\u1edbc.<br \/>- Th\u1eddi trang v\u00e0 c\u00e1c s\u1ea3n ph\u1ea9m li\u00ean quan \u0111\u1ebfn l\u0129nh v\u1ef1c th\u1eddi trang<br \/>- Xu\u1ea5t nh\u1eadp kh\u1ea9u c\u00e1c s\u1ea3n ph\u1ea9m v\u0103n h\u00f3a<\/p>\n<p><strong>Quy m\u00f4:<\/strong> 60 nh\u00e2n vi\u00ean<br \/>Kh\u1edfi ngu\u1ed3n c\u1ee7a AZ Vi\u1ec7t Nam ng\u00e0y nay l\u00e0 C\u00f4ng ty TNHH Trung t\u00e2m S\u00e1ch v\u00e0 Thi\u1ebft b\u1ecb Th\u01b0 vi\u1ec7n, v\u1edbi ho\u1ea1t \u0111\u1ed9ng \u0111\u1ea7u ti\u00ean l\u00e0 cung c\u1ea5p s\u00e1ch, trang thi\u1ebft b\u1ecb, v\u0103n h\u00f3a ph\u1ea9m cho c\u00e1c th\u01b0 vi\u1ec7n v\u00e0 trung t\u00e2m s\u00e1ch tr\u00ean c\u1ea3 n\u01b0\u1edbc. T\u1eeb cu\u1ed1i n\u0103m 2010 \u0111\u1ebfn nay, ch\u00fang t\u00f4i \u0111\u00e3 kh\u00f4ng ng\u1eebng n\u1ed7 l\u1ef1c khai ph\u00e1 v\u00e0 ph\u00e1t tri\u1ec3n c\u00e1c d\u00f2ng s\u1ea3n ph\u1ea9m m\u1edbi v\u1edbi 8 th\u01b0\u01a1ng hi\u1ec7u uy t\u00edn. \u0110\u1ec3 \u0111\u00e1p \u1ee9ng nhu c\u1ea7u ph\u00e1t tri\u1ec3n ng\u00e0y m\u1ed9t l\u1edbn m\u1ea1nh v\u00e0 t\u1eadp h\u1ee3p c\u00e1c th\u01b0\u01a1ng hi\u1ec7u \u0111\u00e3 \u0111\u01b0\u1ee3c ch\u00fang t\u00f4i x\u00e2y d\u1ef1ng, 2015 C\u00f4ng ty TNHH AZ Vi\u1ec7t Nam \u0111\u00e3 ra \u0111\u1eddi v\u1edbi s\u1ee9 m\u1ec7nh mang \u0111\u1ebfn nhi\u1ec1u h\u01a1n n\u1eefa nh\u1eefng gi\u00e1 tr\u1ecb tinh th\u1ea7n, tri th\u1ee9c ti\u00ean ti\u1ebfn cho ng\u01b0\u1eddi ti\u00eau d\u00f9ng b\u1eb1ng vi\u1ec7c cung c\u1ea5p nh\u1eefng s\u1ea3n ph\u1ea9m c\u00f3 ch\u1ea5t l\u01b0\u1ee3ng.<\/p>\n\n[\/col]\n[col span=\"4\" span__sm=\"12\"]\n\n[ux_image id=\"1836\" image_size=\"medium\"]\n\n\n[\/col]\n\n[\/row]\n\n<!-- \/wp:flatsome\/uxbuilder -->","post_title":"AZ Vi\u1ec7t Nam","post_excerpt":"","post_status":"publish","comment_status":"closed","ping_status":"closed","post_password":"","post_name":"az-viet-nam","to_ping":"","pinged":"","post_modified":"2021-02-17 22:07:10","post_modified_gmt":"2021-02-17 20:07:10","post_content_filtered":"","post_parent":0,"guid":"https:\/\/sachviet.eu\/nha-phat-hanh\/az-viet-nam\/","menu_order":0,"post_type":"publisher","post_mime_type":"","comment_count":"0","filter":"raw"}},"_links":{"self":[{"href":"https:\/\/sachviet.eu\/en\/wp-json\/wp\/v2\/product\/18543","targetHints":{"allow":["GET"]}}],"collection":[{"href":"https:\/\/sachviet.eu\/en\/wp-json\/wp\/v2\/product"}],"about":[{"href":"https:\/\/sachviet.eu\/en\/wp-json\/wp\/v2\/types\/product"}],"wp:featuredmedia":[{"embeddable":true,"href":"https:\/\/sachviet.eu\/en\/wp-json\/wp\/v2\/media\/18542"}],"wp:attachment":[{"href":"https:\/\/sachviet.eu\/en\/wp-json\/wp\/v2\/media?parent=18543"}],"wp:term":[{"taxonomy":"product_brand","embeddable":true,"href":"https:\/\/sachviet.eu\/en\/wp-json\/wp\/v2\/product_brand?post=18543"},{"taxonomy":"product_cat","embeddable":true,"href":"https:\/\/sachviet.eu\/en\/wp-json\/wp\/v2\/product_cat?post=18543"},{"taxonomy":"product_tag","embeddable":true,"href":"https:\/\/sachviet.eu\/en\/wp-json\/wp\/v2\/product_tag?post=18543"}],"curies":[{"name":"wp","href":"https:\/\/api.w.org\/{rel}","templated":true}]}}